{"id":656,"date":"2022-03-29T22:37:23","date_gmt":"2022-03-29T20:37:23","guid":{"rendered":"https:\/\/new-stsindustrie.com\/?page_id=656"},"modified":"2024-07-09T10:16:37","modified_gmt":"2024-07-09T08:16:37","slug":"contact","status":"publish","type":"page","link":"https:\/\/stsindustrie.com\/en\/contact\/","title":{"rendered":"Contact"},"content":{"rendered":"<h1>Contact<\/h1>\n<h2>Contactez-nous<\/h2>\n<ul>\n<li>\n<p>        <img decoding=\"async\" src=\"\/wp-content\/uploads\/2022\/05\/Plan-de-travail-1.png\" alt=\"\"><\/p>\n<div>C\u00e9dric Orteu<\/div>\n<p>COO<\/p>\n<div>\n<p>D\u00e9partement technique<\/p>\n<\/div>\n<\/li>\n<li>\n<p>        <img decoding=\"async\" src=\"\/wp-content\/uploads\/2022\/03\/claudelinkedin.png\" alt=\"\"><\/p>\n<div>Claude Gm\u00fcnder<\/div>\n<p>CEO<\/p>\n<div>\n<p>Ventes et Marketing<\/p>\n<\/div>\n<\/li>\n<li>\n<p>        <img decoding=\"async\" src=\"\/wp-content\/uploads\/2022\/05\/Plan-de-travail-2.png\" alt=\"\"><\/p>\n<div>Patrick Schopfer<\/div>\n<p>CTO<\/p>\n<div>\n<p>D\u00e9partement technique<\/p>\n<\/div>\n<\/li>\n<li>\n<p>        <img decoding=\"async\" src=\"\/wp-content\/uploads\/2022\/05\/emery.png\" alt=\"\"><\/p>\n<div>Etienne Emery<\/div>\n<div>\n<p>Service apr\u00e8s ventes<\/p>\n<\/div>\n<\/li>\n<li>\n<p>        <img decoding=\"async\" src=\"\/wp-content\/uploads\/2022\/05\/Plan-de-travail-11.png\" alt=\"\"><\/p>\n<div>Anne-Catherine Bloesch<\/div>\n<div>\n<p><span>Administration &amp; Finance<\/span><\/p>\n<\/div>\n<\/li>\n<li>\n<p>        <img decoding=\"async\" src=\"\/wp-content\/uploads\/2024\/02\/sephanbillat.png\" alt=\"\"><\/p>\n<div>St\u00e9phane Bilat<\/div>\n<div>\n<p class=\"p1\">Vente\/chef de projet<\/p>\n<h5><\/h5>\n<\/div>\n<\/li>\n<\/ul>\n<h4>Retrouvez-nous ici<\/h4>\n<div>\n<p>    <iframe src=\"https:\/\/www.google.com\/maps\/embed?pb=!1m14!1m8!1m3!1d87400.76623971826!2d6.691372890343395!3d46.79890939999999!3m2!1i1024!2i768!4f13.1!3m3!1m2!1s0x0%3A0x78c9db6eb6b414bf!2sSTS%20Industrie%20S.A.!5e0!3m2!1sfr!2sfr!4v1664287174344!5m2!1sfr!2sfr\" width=\"100%\" height=\"450\" style=\"border:0;\" allowfullscreen=\"\" loading=\"lazy\" referrerpolicy=\"no-referrer-when-downgrade\"><\/iframe>\n<\/div>\n<p><!--more--><br \/>\n<!-- {\"name\":\"Trainers\",\"type\":\"layout\",\"children\":[{\"type\":\"section\",\"props\":{\"height\":\"section\",\"height_offset_top\":true,\"image\":\"wp-content\\\/uploads\\\/2024\\\/03\\\/DJI_0395.jpg\",\"image_position\":\"center-center\",\"image_size\":\"width-1-1\",\"media_overlay\":\"rgba(0, 0, 0, 0.4)\",\"style\":\"default\",\"title_breakpoint\":\"xl\",\"title_position\":\"top-left\",\"title_rotation\":\"left\",\"vertical_align\":\"middle\",\"width\":\"default\"},\"children\":[{\"type\":\"row\",\"children\":[{\"type\":\"column\",\"props\":{\"image_position\":\"center-center\",\"position_sticky_breakpoint\":\"m\"},\"children\":[{\"type\":\"headline\",\"props\":{\"content\":\"Contact\",\"text_align\":\"center\",\"title_color\":\"warning\",\"title_element\":\"h1\",\"title_style\":\"h1\"}}]}]}],\"name\":\"HEADER PAGE SECONDAIRE\"},{\"type\":\"section\",\"props\":{\"image_position\":\"center-center\",\"style\":\"default\",\"title\":\"Notre \\u00e9quipe de contact\",\"title_breakpoint\":\"xl\",\"title_position\":\"top-left\",\"title_rotation\":\"left\",\"vertical_align\":\"middle\",\"width\":\"default\"},\"children\":[{\"type\":\"row\",\"children\":[{\"type\":\"column\",\"props\":{\"image_position\":\"center-center\",\"position_sticky_breakpoint\":\"m\"},\"children\":[{\"type\":\"headline\",\"props\":{\"content\":\"Contactez-nous\",\"margin_remove_bottom\":false,\"margin_remove_top\":false,\"title_decoration\":\"divider\",\"title_element\":\"h2\",\"title_style\":\"h2\"}},{\"path\":\"elements\",\"name\":\"Grid Center Columns\",\"type\":\"grid\",\"props\":{\"block_align\":\"center\",\"content_column_breakpoint\":\"m\",\"filter_align\":\"left\",\"filter_all\":true,\"filter_grid_breakpoint\":\"m\",\"filter_grid_width\":\"auto\",\"filter_position\":\"top\",\"filter_style\":\"tab\",\"grid_column_align\":true,\"grid_column_gap\":\"large\",\"grid_default\":\"1\",\"grid_medium\":\"3\",\"grid_row_gap\":\"large\",\"grid_small\":\"2\",\"icon_width\":80,\"id\":\"grid-center-columns\",\"image_align\":\"top\",\"image_border\":\"circle\",\"image_grid_breakpoint\":\"m\",\"image_grid_width\":\"1-2\",\"image_svg_color\":\"emphasis\",\"image_width\":\"350\",\"item_animation\":true,\"link_style\":\"default\",\"link_text\":\"Read more\",\"margin\":\"\",\"meta_align\":\"below-title\",\"meta_color\":\"muted\",\"meta_element\":\"div\",\"meta_margin\":\"remove\",\"meta_style\":\"h5\",\"parallax_easing\":\"1\",\"show_content\":true,\"show_image\":true,\"show_link\":true,\"show_meta\":true,\"show_title\":true,\"text_align\":\"center\",\"title_align\":\"top\",\"title_element\":\"div\",\"title_grid_breakpoint\":\"m\",\"title_grid_width\":\"1-2\",\"title_hover_style\":\"reset\",\"title_link\":false},\"children\":[{\"type\":\"grid_item\",\"props\":{\"content\":\"\n\n<p>D\\u00e9partement technique<\\\/p>\",\"image\":\"wp-content\\\/uploads\\\/2022\\\/05\\\/Plan-de-travail-1.png\",\"meta\":\"COO\",\"title\":\"C\\u00e9dric Orteu\"}},{\"type\":\"grid_item\",\"props\":{\"content\":\"\n\n<p>Ventes et Marketing<\\\/p>\",\"image\":\"wp-content\\\/uploads\\\/2022\\\/03\\\/claudelinkedin.png\",\"meta\":\"CEO\",\"title\":\"Claude Gm\\u00fcnder\"}},{\"type\":\"grid_item\",\"props\":{\"content\":\"\n\n<p>D\\u00e9partement technique<\\\/p>\",\"image\":\"wp-content\\\/uploads\\\/2022\\\/05\\\/Plan-de-travail-2.png\",\"meta\":\"CTO\",\"title\":\"Patrick Schopfer\"}},{\"type\":\"grid_item\",\"props\":{\"content\":\"\n\n<p>Service apr\\u00e8s ventes<\\\/p>\",\"image\":\"wp-content\\\/uploads\\\/2022\\\/05\\\/emery.png\",\"meta\":\"\",\"title\":\"Etienne Emery\"}},{\"type\":\"grid_item\",\"props\":{\"content\":\"\n\n<p><span>Administration &amp; Finance<\\\/span><\\\/p>\",\"image\":\"wp-content\\\/uploads\\\/2022\\\/05\\\/Plan-de-travail-11.png\",\"meta\":\"\",\"title\":\"Anne-Catherine Bloesch\"}},{\"type\":\"grid_item\",\"props\":{\"content\":\"\n\n<p class=\\\"p1\\\">Vente\\\/chef de projet<\\\/p>\\n\n\n<h5><\\\/h5>\",\"image\":\"wp-content\\\/uploads\\\/2024\\\/02\\\/sephanbillat.png\",\"meta\":\"\",\"title\":\"St\\u00e9phane Bilat\"}}],\"meta\":{\"type\":\"grid\",\"website\":\"elements\",\"image\":\"https:\\\/\\\/downloads-yootheme.storage.googleapis.com\\\/library\\\/elements\\\/elements\\\/grid-center-columns.jpg\"},\"images\":[{\"src\":\"wp-content\\\/uploads\\\/grid-center-columns-01.jpg\",\"md5\":\"1ac04e33c79af08d4504436f288f6822\"},{\"src\":\"wp-content\\\/uploads\\\/grid-center-columns-02.jpg\",\"md5\":\"04dca3733865ee67f813f7a585b2856c\"},{\"src\":\"wp-content\\\/uploads\\\/grid-center-columns-03.jpg\",\"md5\":\"a3c660a2deac6b044ad67195eb17b5f0\"},{\"src\":\"wp-content\\\/uploads\\\/grid-center-columns-04.jpg\",\"md5\":\"d09742be6392d9d17bced795e88028b3\"},{\"src\":\"wp-content\\\/uploads\\\/grid-center-columns-05.jpg\",\"md5\":\"4c0f5526b666d85175d06f6b4c82aff8\"},{\"src\":\"wp-content\\\/uploads\\\/grid-center-columns-06.jpg\",\"md5\":\"ebcfe0e2a3228822c2a85e10397cc79b\"},{\"src\":\"wp-content\\\/uploads\\\/grid-center-columns-07.jpg\",\"md5\":\"06acf1f14b046b735ee18b42fbecaf82\"}]}]}]}]},{\"type\":\"section\",\"props\":{\"image_position\":\"center-center\",\"style\":\"default\",\"title_breakpoint\":\"xl\",\"title_position\":\"top-left\",\"title_rotation\":\"left\",\"vertical_align\":\"middle\",\"width\":\"default\"},\"children\":[{\"type\":\"row\",\"children\":[{\"type\":\"column\",\"props\":{\"image_position\":\"center-center\",\"position_sticky_breakpoint\":\"m\"},\"children\":[{\"type\":\"headline\",\"props\":{\"content\":\"Retrouvez-nous ici\",\"title_element\":\"h4\",\"title_style\":\"h2\"}},{\"type\":\"html\",\"props\":{\"content\":\"<iframe src=\\\"https:\\\/\\\/www.google.com\\\/maps\\\/embed?pb=!1m14!1m8!1m3!1d87400.76623971826!2d6.691372890343395!3d46.79890939999999!3m2!1i1024!2i768!4f13.1!3m3!1m2!1s0x0%3A0x78c9db6eb6b414bf!2sSTS%20Industrie%20S.A.!5e0!3m2!1sfr!2sfr!4v1664287174344!5m2!1sfr!2sfr\\\" width=\\\"100%\\\" height=\\\"450\\\" style=\\\"border:0;\\\" allowfullscreen=\\\"\\\" loading=\\\"lazy\\\" referrerpolicy=\\\"no-referrer-when-downgrade\\\"><\\\/iframe>\"}}]}]}]}],\"version\":\"4.3.3\"} --><\/p>\n","protected":false},"excerpt":{"rendered":"<p>Contact Us Contact us C\u00e9dric Orteu COO Technical Department Claude Gm\u00fcnder CEO Sales &amp; Marketing Patrick Schopfer CTO Technical Department Etienne Emery After Sales Service Anne-Catherine Bloesch Administration &amp; Finance St\u00e9phane Bilat Sales\/Project Manager Find us here<\/p>","protected":false},"author":6,"featured_media":0,"parent":0,"menu_order":0,"comment_status":"closed","ping_status":"closed","template":"","meta":{"footnotes":""},"class_list":["post-656","page","type-page","status-publish","hentry"],"yoast_head":"<!-- This site is optimized with the Yoast SEO plugin v27.3 - https:\/\/yoast.com\/product\/yoast-seo-wordpress\/ -->\n<title>Contact - stsindustrie.com<\/title>\n<meta name=\"robots\" content=\"index, follow, max-snippet:-1, max-image-preview:large, max-video-preview:-1\" \/>\n<link rel=\"canonical\" href=\"https:\/\/stsindustrie.com\/en\/contact\/\" \/>\n<meta property=\"og:locale\" content=\"en_GB\" \/>\n<meta property=\"og:type\" content=\"article\" \/>\n<meta property=\"og:title\" content=\"Contact - stsindustrie.com\" \/>\n<meta property=\"og:description\" content=\"Contact Contactez-nous C\u00e9dric Orteu COO D\u00e9partement technique Claude Gm\u00fcnder CEO Ventes et Marketing Patrick Schopfer CTO D\u00e9partement technique Etienne Emery Service apr\u00e8s ventes Anne-Catherine Bloesch Administration &amp; Finance St\u00e9phane Bilat Vente\/chef de projet Retrouvez-nous ici\" \/>\n<meta property=\"og:url\" content=\"https:\/\/stsindustrie.com\/en\/contact\/\" \/>\n<meta property=\"og:site_name\" content=\"stsindustrie.com\" \/>\n<meta property=\"article:modified_time\" content=\"2024-07-09T08:16:37+00:00\" \/>\n<meta name=\"twitter:card\" content=\"summary_large_image\" \/>\n<script type=\"application\/ld+json\" class=\"yoast-schema-graph\">{\"@context\":\"https:\\\/\\\/schema.org\",\"@graph\":[{\"@type\":\"WebPage\",\"@id\":\"https:\\\/\\\/stsindustrie.com\\\/contact\\\/\",\"url\":\"https:\\\/\\\/stsindustrie.com\\\/contact\\\/\",\"name\":\"Contact - stsindustrie.com\",\"isPartOf\":{\"@id\":\"https:\\\/\\\/stsindustrie.com\\\/#website\"},\"datePublished\":\"2022-03-29T20:37:23+00:00\",\"dateModified\":\"2024-07-09T08:16:37+00:00\",\"breadcrumb\":{\"@id\":\"https:\\\/\\\/stsindustrie.com\\\/contact\\\/#breadcrumb\"},\"inLanguage\":\"en-GB\",\"potentialAction\":[{\"@type\":\"ReadAction\",\"target\":[\"https:\\\/\\\/stsindustrie.com\\\/contact\\\/\"]}]},{\"@type\":\"BreadcrumbList\",\"@id\":\"https:\\\/\\\/stsindustrie.com\\\/contact\\\/#breadcrumb\",\"itemListElement\":[{\"@type\":\"ListItem\",\"position\":1,\"name\":\"Accueil\",\"item\":\"https:\\\/\\\/stsindustrie.com\\\/\"},{\"@type\":\"ListItem\",\"position\":2,\"name\":\"Contact\"}]},{\"@type\":\"WebSite\",\"@id\":\"https:\\\/\\\/stsindustrie.com\\\/#website\",\"url\":\"https:\\\/\\\/stsindustrie.com\\\/\",\"name\":\"stsindustrie.com\",\"description\":\"\",\"publisher\":{\"@id\":\"https:\\\/\\\/stsindustrie.com\\\/#organization\"},\"potentialAction\":[{\"@type\":\"SearchAction\",\"target\":{\"@type\":\"EntryPoint\",\"urlTemplate\":\"https:\\\/\\\/stsindustrie.com\\\/?s={search_term_string}\"},\"query-input\":{\"@type\":\"PropertyValueSpecification\",\"valueRequired\":true,\"valueName\":\"search_term_string\"}}],\"inLanguage\":\"en-GB\"},{\"@type\":\"Organization\",\"@id\":\"https:\\\/\\\/stsindustrie.com\\\/#organization\",\"name\":\"STS Industrie SA\",\"url\":\"https:\\\/\\\/stsindustrie.com\\\/\",\"logo\":{\"@type\":\"ImageObject\",\"inLanguage\":\"en-GB\",\"@id\":\"https:\\\/\\\/stsindustrie.com\\\/#\\\/schema\\\/logo\\\/image\\\/\",\"url\":\"https:\\\/\\\/stsindustrie.com\\\/wp-content\\\/uploads\\\/2022\\\/02\\\/logoflavicon.png\",\"contentUrl\":\"https:\\\/\\\/stsindustrie.com\\\/wp-content\\\/uploads\\\/2022\\\/02\\\/logoflavicon.png\",\"width\":150,\"height\":150,\"caption\":\"STS Industrie SA\"},\"image\":{\"@id\":\"https:\\\/\\\/stsindustrie.com\\\/#\\\/schema\\\/logo\\\/image\\\/\"},\"sameAs\":[\"https:\\\/\\\/www.linkedin.com\\\/company\\\/sts-industrie-sa\\\/\"]}]}<\/script>\n<!-- \/ Yoast SEO plugin. -->","yoast_head_json":{"title":"Contact - stsindustrie.com","robots":{"index":"index","follow":"follow","max-snippet":"max-snippet:-1","max-image-preview":"max-image-preview:large","max-video-preview":"max-video-preview:-1"},"canonical":"https:\/\/stsindustrie.com\/en\/contact\/","og_locale":"en_GB","og_type":"article","og_title":"Contact - stsindustrie.com","og_description":"Contact Contactez-nous C\u00e9dric Orteu COO D\u00e9partement technique Claude Gm\u00fcnder CEO Ventes et Marketing Patrick Schopfer CTO D\u00e9partement technique Etienne Emery Service apr\u00e8s ventes Anne-Catherine Bloesch Administration &amp; Finance St\u00e9phane Bilat Vente\/chef de projet Retrouvez-nous ici","og_url":"https:\/\/stsindustrie.com\/en\/contact\/","og_site_name":"stsindustrie.com","article_modified_time":"2024-07-09T08:16:37+00:00","twitter_card":"summary_large_image","schema":{"@context":"https:\/\/schema.org","@graph":[{"@type":"WebPage","@id":"https:\/\/stsindustrie.com\/contact\/","url":"https:\/\/stsindustrie.com\/contact\/","name":"Contact - stsindustrie.com","isPartOf":{"@id":"https:\/\/stsindustrie.com\/#website"},"datePublished":"2022-03-29T20:37:23+00:00","dateModified":"2024-07-09T08:16:37+00:00","breadcrumb":{"@id":"https:\/\/stsindustrie.com\/contact\/#breadcrumb"},"inLanguage":"en-GB","potentialAction":[{"@type":"ReadAction","target":["https:\/\/stsindustrie.com\/contact\/"]}]},{"@type":"BreadcrumbList","@id":"https:\/\/stsindustrie.com\/contact\/#breadcrumb","itemListElement":[{"@type":"ListItem","position":1,"name":"Accueil","item":"https:\/\/stsindustrie.com\/"},{"@type":"ListItem","position":2,"name":"Contact"}]},{"@type":"WebSite","@id":"https:\/\/stsindustrie.com\/#website","url":"https:\/\/stsindustrie.com\/","name":"stsindustrie.com","description":"","publisher":{"@id":"https:\/\/stsindustrie.com\/#organization"},"potentialAction":[{"@type":"SearchAction","target":{"@type":"EntryPoint","urlTemplate":"https:\/\/stsindustrie.com\/?s={search_term_string}"},"query-input":{"@type":"PropertyValueSpecification","valueRequired":true,"valueName":"search_term_string"}}],"inLanguage":"en-GB"},{"@type":"Organization","@id":"https:\/\/stsindustrie.com\/#organization","name":"STS Industrie SA","url":"https:\/\/stsindustrie.com\/","logo":{"@type":"ImageObject","inLanguage":"en-GB","@id":"https:\/\/stsindustrie.com\/#\/schema\/logo\/image\/","url":"https:\/\/stsindustrie.com\/wp-content\/uploads\/2022\/02\/logoflavicon.png","contentUrl":"https:\/\/stsindustrie.com\/wp-content\/uploads\/2022\/02\/logoflavicon.png","width":150,"height":150,"caption":"STS Industrie SA"},"image":{"@id":"https:\/\/stsindustrie.com\/#\/schema\/logo\/image\/"},"sameAs":["https:\/\/www.linkedin.com\/company\/sts-industrie-sa\/"]}]}},"_links":{"self":[{"href":"https:\/\/stsindustrie.com\/en\/wp-json\/wp\/v2\/pages\/656","targetHints":{"allow":["GET"]}}],"collection":[{"href":"https:\/\/stsindustrie.com\/en\/wp-json\/wp\/v2\/pages"}],"about":[{"href":"https:\/\/stsindustrie.com\/en\/wp-json\/wp\/v2\/types\/page"}],"author":[{"embeddable":true,"href":"https:\/\/stsindustrie.com\/en\/wp-json\/wp\/v2\/users\/6"}],"replies":[{"embeddable":true,"href":"https:\/\/stsindustrie.com\/en\/wp-json\/wp\/v2\/comments?post=656"}],"version-history":[{"count":38,"href":"https:\/\/stsindustrie.com\/en\/wp-json\/wp\/v2\/pages\/656\/revisions"}],"predecessor-version":[{"id":2257,"href":"https:\/\/stsindustrie.com\/en\/wp-json\/wp\/v2\/pages\/656\/revisions\/2257"}],"wp:attachment":[{"href":"https:\/\/stsindustrie.com\/en\/wp-json\/wp\/v2\/media?parent=656"}],"curies":[{"name":"wp","href":"https:\/\/api.w.org\/{rel}","templated":true}]}}