{"id":335,"date":"2022-02-01T13:10:47","date_gmt":"2022-02-01T12:10:47","guid":{"rendered":"https:\/\/new-stsindustrie.com\/?page_id=335"},"modified":"2025-10-03T17:33:51","modified_gmt":"2025-10-03T15:33:51","slug":"secteurs","status":"publish","type":"page","link":"https:\/\/stsindustrie.com\/en\/secteurs\/","title":{"rendered":"Sectors"},"content":{"rendered":"<hr>\n<h1>SECTEURS D\u2019ACTIVIT\u00c9S<\/h1>\n<hr>\n<h2>\n<h2>Nos secteurs d&rsquo;activit\u00e9s<\/h2>\n<\/h2>\n<hr>\n<div>\n<p style=\"text-align: left;\">Nous cr\u00e9ons des lignes de traitements de surface et les concevons afin qu\u2019elles r\u00e9pondent aux demandes sp\u00e9cifiques de diff\u00e9rents secteurs. Nos machines r\u00e9pondent aux besoins d&rsquo;une multitude de domaines tels que l\u2019horlogerie et le luxe, le m\u00e9dical, l\u2019\u00e9lectronique ainsi que la connectique.<\/p>\n<p>STS Industrie SA travaille en partenariat avec chaque client, afin de r\u00e9aliser ensemble des solutions optimales correspondant aux besoins de production. Nous fournissons une solution compl\u00e8te, du concept \u00e0 l\u2019acceptation finale.<\/p>\n<p>Nos lignes de traitements de surface sont con\u00e7ues pour garantir un r\u00e9sultat optimal en fonction des produits \u00e0 traiter et des produits chimiques. L\u2019automation et la visualisation permettent de surveiller et de garantir les param\u00e8tres essentiels, ceci afin d\u2019atteindre les objectifs de production.<\/p>\n<\/div>\n<hr>\n<ul>\n<li>\n<p>        <img decoding=\"async\" src=\"\/wp-content\/uploads\/2023\/08\/1-e1692184123711.jpg\" alt=\"\"><\/p>\n<h3>M\u00e9dical <\/h3>\n<p><a href=\"\/medical\/\">En savoir plus<\/a><\/p>\n<\/li>\n<li>\n<p>        <img decoding=\"async\" src=\"\/wp-content\/uploads\/2022\/11\/brian-wangenheim-OKWgnUqwBl0-unsplash.jpg\" alt=\"\"><\/p>\n<h3>Electronique<\/h3>\n<p><a href=\"\/electronique\/\">En savoir plus<\/a><\/p>\n<\/li>\n<li>\n<p>        <img decoding=\"async\" src=\"\/wp-content\/uploads\/2024\/01\/montrepouristewerb-2-scaled.jpg\" alt=\"\"><\/p>\n<h3>Horlogerie et luxe<\/h3>\n<p><a href=\"\/horlogerie-et-luxe\/\">En savoir plus<\/a><\/p>\n<\/li>\n<li>\n<p>        <img decoding=\"async\" src=\"\/wp-content\/uploads\/2022\/11\/DSC08775-scaled.jpg\" alt=\"\"><\/p>\n<h3>Connectique<\/h3>\n<p><a href=\"\/connectique\/\">En savoir plus<\/a><\/p>\n<\/li>\n<\/ul>\n<hr>\n<h1>\n<h2 style=\"text-align: center;\">Une demande sp\u00e9cifique ? Parlons-en.<\/h2>\n<\/h1>\n<div>\n<p>Nous accompagnons les entreprises dans la cr\u00e9ation de leurs \u00e9quipements de production depuis 1975. Nos sp\u00e9cialistes sauront vous conseiller au mieux afin de cr\u00e9er la machine qu\u2019il vous faut pour les ann\u00e9es \u00e0 venir.<\/p>\n<\/div>\n<p>\n    <a href=\"\/contact\/\">contactez-nous<\/a>\n<\/p>\n<p><!--more--><br \/>\n<!-- {\"type\":\"layout\",\"children\":[{\"name\":\"Hero\",\"type\":\"section\",\"props\":{\"animation\":\"slide-bottom-small\",\"header_overlay\":\"light\",\"height\":\"section\",\"height_offset_top\":true,\"height_viewport\":true,\"image_position\":\"center-center\",\"image_size\":\"cover\",\"image_width\":\"1920\",\"media\":\"images\\\/home-header.jpg\",\"media_advanced\":true,\"media_background\":\"#fff\",\"media_overlay\":\"rgba(0, 0, 0, 0.25)\",\"style\":\"default\",\"text_color\":\"light\",\"title_breakpoint\":\"xl\",\"title_position\":\"top-left\",\"title_rotation\":\"left\",\"vertical_align\":\"middle\",\"video\":\"wp-content\\\/uploads\\\/2024\\\/01\\\/poststsvidecourte.mp4\",\"width\":\"default\"},\"children\":[{\"type\":\"row\",\"props\":{\"margin\":\"default\"},\"children\":[{\"type\":\"column\",\"props\":{\"image_position\":\"center-center\",\"position_sticky_breakpoint\":\"m\",\"width_medium\":\"1-1\"},\"children\":[{\"type\":\"divider\",\"props\":{\"divider_element\":\"hr\",\"divider_style\":\"vertical\"}},{\"type\":\"headline\",\"props\":{\"content\":\"SECTEURS D\\u2019ACTIVIT\\u00c9S\",\"margin\":\"medium\",\"margin_remove_top\":false,\"text_align\":\"center\",\"title_element\":\"h1\"}},{\"type\":\"divider\",\"props\":{\"divider_element\":\"hr\",\"divider_style\":\"vertical\"}}]}]}]},{\"type\":\"section\",\"props\":{\"animation\":\"fade\",\"image_position\":\"center-center\",\"padding_remove_top\":false,\"style\":\"default\",\"title_breakpoint\":\"xl\",\"title_position\":\"top-left\",\"title_rotation\":\"left\",\"vertical_align\":\"middle\",\"width\":\"default\"},\"children\":[{\"type\":\"row\",\"children\":[{\"type\":\"column\",\"props\":{\"image_position\":\"center-center\",\"position_sticky_breakpoint\":\"m\"},\"children\":[{\"type\":\"headline\",\"props\":{\"content\":\"\n\n<h2>Nos secteurs d'activit\\u00e9s<\\\/h2>\",\"text_align\":\"center\",\"title_color\":\"primary\",\"title_element\":\"h2\",\"title_style\":\"heading-medium\"}},{\"type\":\"divider\",\"props\":{\"divider_element\":\"hr\",\"divider_style\":\"small\"}},{\"type\":\"text\",\"props\":{\"block_align\":\"center\",\"column_breakpoint\":\"m\",\"content\":\"\n\n<p style=\\\"text-align: left;\\\">Nous cr\\u00e9ons des lignes de traitements de surface et les concevons afin qu\\u2019elles r\\u00e9pondent aux demandes sp\\u00e9cifiques de diff\\u00e9rents secteurs. Nos machines r\\u00e9pondent aux besoins d'une multitude de domaines tels que l\\u2019horlogerie et le luxe, le m\\u00e9dical, l\\u2019\\u00e9lectronique ainsi que la connectique.<\\\/p>\\n\n\n<p>STS Industrie SA travaille en partenariat avec chaque client, afin de r\\u00e9aliser ensemble des solutions optimales correspondant aux besoins de production. Nous fournissons une solution compl\\u00e8te, du concept \\u00e0 l\\u2019acceptation finale.<\\\/p>\\n\n\n<p>Nos lignes de traitements de surface sont con\\u00e7ues pour garantir un r\\u00e9sultat optimal en fonction des produits \\u00e0 traiter et des produits chimiques. L\\u2019automation et la visualisation permettent de surveiller et de garantir les param\\u00e8tres essentiels, ceci afin d\\u2019atteindre les objectifs de production.<\\\/p>\",\"margin\":\"default\",\"text_align\":\"justify\"}},{\"type\":\"divider\",\"props\":{\"divider_align\":\"center\",\"divider_element\":\"hr\",\"divider_style\":\"icon\"}}]}]},{\"type\":\"row\",\"children\":[{\"type\":\"column\",\"props\":{\"image_position\":\"center-center\",\"position_sticky_breakpoint\":\"m\"},\"children\":[{\"type\":\"grid\",\"props\":{\"animation\":\"none\",\"class\":\"uk-grid-margin-small\",\"content_column_breakpoint\":\"m\",\"filter\":false,\"filter_align\":\"left\",\"filter_all\":true,\"filter_grid_breakpoint\":\"m\",\"filter_grid_width\":\"auto\",\"filter_position\":\"top\",\"filter_style\":\"tab\",\"grid_default\":\"1\",\"grid_medium\":\"\",\"grid_small\":\"2\",\"icon_width\":80,\"image_align\":\"top\",\"image_grid_breakpoint\":\"m\",\"image_grid_width\":\"1-2\",\"image_svg_color\":\"emphasis\",\"image_width\":\"820\",\"item_animation\":true,\"lightbox\":false,\"link_style\":\"default\",\"link_text\":\"En savoir plus\",\"margin\":\"\",\"meta_align\":\"below-title\",\"meta_element\":\"div\",\"meta_style\":\"text-meta\",\"panel_padding\":\"default\",\"panel_style\":\"card-default\",\"parallax_easing\":\"1\",\"show_content\":true,\"show_image\":true,\"show_link\":true,\"show_meta\":true,\"show_title\":true,\"text_align\":\"center\",\"title_align\":\"top\",\"title_color\":\"primary\",\"title_element\":\"h3\",\"title_grid_breakpoint\":\"m\",\"title_grid_width\":\"1-2\",\"title_hover_style\":\"reset\"},\"children\":[{\"type\":\"grid_item\",\"props\":{\"image\":\"wp-content\\\/uploads\\\/2023\\\/08\\\/1-e1692184123711.jpg\",\"link\":\"medical\\\/\",\"title\":\"M\\u00e9dical \"}},{\"type\":\"grid_item\",\"props\":{\"image\":\"wp-content\\\/uploads\\\/2022\\\/11\\\/brian-wangenheim-OKWgnUqwBl0-unsplash.jpg\",\"link\":\"electronique\\\/\",\"title\":\"Electronique\"}},{\"type\":\"grid_item\",\"props\":{\"image\":\"wp-content\\\/uploads\\\/2024\\\/01\\\/montrepouristewerb-2-scaled.jpg\",\"link\":\"horlogerie-et-luxe\\\/\",\"title\":\"Horlogerie et luxe\"}},{\"type\":\"grid_item\",\"props\":{\"image\":\"wp-content\\\/uploads\\\/2022\\\/11\\\/DSC08775-scaled.jpg\",\"link\":\"connectique\\\/\",\"title\":\"Connectique\"}}]}]}]}],\"name\":\"secteurfinal\",\"modified\":\"2022-05-09T20:43:28.568Z\"},{\"type\":\"section\",\"props\":{\"image_position\":\"center-center\",\"style\":\"default\",\"title_breakpoint\":\"xl\",\"title_position\":\"top-left\",\"title_rotation\":\"left\",\"vertical_align\":\"middle\",\"width\":\"default\"},\"children\":[{\"type\":\"row\",\"children\":[{\"type\":\"column\",\"props\":{\"image_position\":\"center-center\",\"position_sticky_breakpoint\":\"m\"},\"children\":[{\"type\":\"divider\",\"props\":{\"divider_element\":\"hr\",\"divider_style\":\"icon\"}},{\"type\":\"headline\",\"props\":{\"content\":\"\n\n<h2 style=\\\"text-align: center;\\\">Une demande sp\\u00e9cifique ? Parlons-en.<\\\/h2>\",\"text_align\":\"center\",\"title_element\":\"h1\"}},{\"type\":\"text\",\"props\":{\"column_breakpoint\":\"m\",\"content\":\"\n\n<p>Nous accompagnons les entreprises dans la cr\\u00e9ation de leurs \\u00e9quipements de production depuis 1975. Nos sp\\u00e9cialistes sauront vous conseiller au mieux afin de cr\\u00e9er la machine qu\\u2019il vous faut pour les ann\\u00e9es \\u00e0 venir.<\\\/p>\",\"margin\":\"default\",\"text_align\":\"center\"}},{\"type\":\"button\",\"props\":{\"grid_column_gap\":\"small\",\"grid_row_gap\":\"small\",\"margin\":\"default\",\"text_align\":\"center\"},\"children\":[{\"type\":\"button_item\",\"props\":{\"button_style\":\"default\",\"content\":\"contactez-nous\",\"icon_align\":\"left\",\"link\":\"contact\\\/\"}}]}]}]}],\"name\":\"call to action contact final\"}],\"version\":\"4.3.3\"} --><\/p>\n","protected":false},"excerpt":{"rendered":"<p>SECTEURS D\u2019ACTIVIT\u00c9S Nos secteurs d&rsquo;activit\u00e9s Nous cr\u00e9ons des lignes de traitements de surface et les concevons afin qu\u2019elles r\u00e9pondent aux demandes sp\u00e9cifiques de diff\u00e9rents secteurs. Nos machines r\u00e9pondent aux besoins d&rsquo;une multitude de domaines tels que l\u2019horlogerie et le luxe, le m\u00e9dical, l\u2019\u00e9lectronique ainsi que la connectique. STS Industrie SA travaille en partenariat avec chaque [&hellip;]<\/p>\n","protected":false},"author":6,"featured_media":0,"parent":0,"menu_order":0,"comment_status":"closed","ping_status":"closed","template":"","meta":{"footnotes":""},"class_list":["post-335","page","type-page","status-publish","hentry"],"yoast_head":"<!-- This site is optimized with the Yoast SEO plugin v27.4 - https:\/\/yoast.com\/product\/yoast-seo-wordpress\/ -->\n<title>Secteurs - stsindustrie.com<\/title>\n<meta name=\"robots\" content=\"index, follow, max-snippet:-1, max-image-preview:large, max-video-preview:-1\" \/>\n<link rel=\"canonical\" href=\"https:\/\/stsindustrie.com\/en\/secteurs\/\" \/>\n<meta property=\"og:locale\" content=\"en_GB\" \/>\n<meta property=\"og:type\" content=\"article\" \/>\n<meta property=\"og:title\" content=\"Secteurs - stsindustrie.com\" \/>\n<meta property=\"og:description\" content=\"SECTEURS D\u2019ACTIVIT\u00c9S Nos secteurs d&rsquo;activit\u00e9s Nous cr\u00e9ons des lignes de traitements de surface et les concevons afin qu\u2019elles r\u00e9pondent aux demandes sp\u00e9cifiques de diff\u00e9rents secteurs. Nos machines r\u00e9pondent aux besoins d&rsquo;une multitude de domaines tels que l\u2019horlogerie et le luxe, le m\u00e9dical, l\u2019\u00e9lectronique ainsi que la connectique. STS Industrie SA travaille en partenariat avec chaque [&hellip;]\" \/>\n<meta property=\"og:url\" content=\"https:\/\/stsindustrie.com\/en\/secteurs\/\" \/>\n<meta property=\"og:site_name\" content=\"stsindustrie.com\" \/>\n<meta property=\"article:modified_time\" content=\"2025-10-03T15:33:51+00:00\" \/>\n<meta name=\"twitter:card\" content=\"summary_large_image\" \/>\n<script type=\"application\/ld+json\" class=\"yoast-schema-graph\">{\"@context\":\"https:\\\/\\\/schema.org\",\"@graph\":[{\"@type\":\"WebPage\",\"@id\":\"https:\\\/\\\/stsindustrie.com\\\/secteurs\\\/\",\"url\":\"https:\\\/\\\/stsindustrie.com\\\/secteurs\\\/\",\"name\":\"Secteurs - stsindustrie.com\",\"isPartOf\":{\"@id\":\"https:\\\/\\\/stsindustrie.com\\\/#website\"},\"datePublished\":\"2022-02-01T12:10:47+00:00\",\"dateModified\":\"2025-10-03T15:33:51+00:00\",\"breadcrumb\":{\"@id\":\"https:\\\/\\\/stsindustrie.com\\\/secteurs\\\/#breadcrumb\"},\"inLanguage\":\"en-GB\",\"potentialAction\":[{\"@type\":\"ReadAction\",\"target\":[\"https:\\\/\\\/stsindustrie.com\\\/secteurs\\\/\"]}]},{\"@type\":\"BreadcrumbList\",\"@id\":\"https:\\\/\\\/stsindustrie.com\\\/secteurs\\\/#breadcrumb\",\"itemListElement\":[{\"@type\":\"ListItem\",\"position\":1,\"name\":\"Accueil\",\"item\":\"https:\\\/\\\/stsindustrie.com\\\/\"},{\"@type\":\"ListItem\",\"position\":2,\"name\":\"Secteurs\"}]},{\"@type\":\"WebSite\",\"@id\":\"https:\\\/\\\/stsindustrie.com\\\/#website\",\"url\":\"https:\\\/\\\/stsindustrie.com\\\/\",\"name\":\"stsindustrie.com\",\"description\":\"\",\"publisher\":{\"@id\":\"https:\\\/\\\/stsindustrie.com\\\/#organization\"},\"potentialAction\":[{\"@type\":\"SearchAction\",\"target\":{\"@type\":\"EntryPoint\",\"urlTemplate\":\"https:\\\/\\\/stsindustrie.com\\\/?s={search_term_string}\"},\"query-input\":{\"@type\":\"PropertyValueSpecification\",\"valueRequired\":true,\"valueName\":\"search_term_string\"}}],\"inLanguage\":\"en-GB\"},{\"@type\":\"Organization\",\"@id\":\"https:\\\/\\\/stsindustrie.com\\\/#organization\",\"name\":\"STS Industrie SA\",\"url\":\"https:\\\/\\\/stsindustrie.com\\\/\",\"logo\":{\"@type\":\"ImageObject\",\"inLanguage\":\"en-GB\",\"@id\":\"https:\\\/\\\/stsindustrie.com\\\/#\\\/schema\\\/logo\\\/image\\\/\",\"url\":\"https:\\\/\\\/stsindustrie.com\\\/wp-content\\\/uploads\\\/2022\\\/02\\\/logoflavicon.png\",\"contentUrl\":\"https:\\\/\\\/stsindustrie.com\\\/wp-content\\\/uploads\\\/2022\\\/02\\\/logoflavicon.png\",\"width\":150,\"height\":150,\"caption\":\"STS Industrie SA\"},\"image\":{\"@id\":\"https:\\\/\\\/stsindustrie.com\\\/#\\\/schema\\\/logo\\\/image\\\/\"},\"sameAs\":[\"https:\\\/\\\/www.linkedin.com\\\/company\\\/sts-industrie-sa\\\/\"]}]}<\/script>\n<!-- \/ Yoast SEO plugin. -->","yoast_head_json":{"title":"Secteurs - stsindustrie.com","robots":{"index":"index","follow":"follow","max-snippet":"max-snippet:-1","max-image-preview":"max-image-preview:large","max-video-preview":"max-video-preview:-1"},"canonical":"https:\/\/stsindustrie.com\/en\/secteurs\/","og_locale":"en_GB","og_type":"article","og_title":"Secteurs - stsindustrie.com","og_description":"SECTEURS D\u2019ACTIVIT\u00c9S Nos secteurs d&rsquo;activit\u00e9s Nous cr\u00e9ons des lignes de traitements de surface et les concevons afin qu\u2019elles r\u00e9pondent aux demandes sp\u00e9cifiques de diff\u00e9rents secteurs. Nos machines r\u00e9pondent aux besoins d&rsquo;une multitude de domaines tels que l\u2019horlogerie et le luxe, le m\u00e9dical, l\u2019\u00e9lectronique ainsi que la connectique. STS Industrie SA travaille en partenariat avec chaque [&hellip;]","og_url":"https:\/\/stsindustrie.com\/en\/secteurs\/","og_site_name":"stsindustrie.com","article_modified_time":"2025-10-03T15:33:51+00:00","twitter_card":"summary_large_image","schema":{"@context":"https:\/\/schema.org","@graph":[{"@type":"WebPage","@id":"https:\/\/stsindustrie.com\/secteurs\/","url":"https:\/\/stsindustrie.com\/secteurs\/","name":"Secteurs - stsindustrie.com","isPartOf":{"@id":"https:\/\/stsindustrie.com\/#website"},"datePublished":"2022-02-01T12:10:47+00:00","dateModified":"2025-10-03T15:33:51+00:00","breadcrumb":{"@id":"https:\/\/stsindustrie.com\/secteurs\/#breadcrumb"},"inLanguage":"en-GB","potentialAction":[{"@type":"ReadAction","target":["https:\/\/stsindustrie.com\/secteurs\/"]}]},{"@type":"BreadcrumbList","@id":"https:\/\/stsindustrie.com\/secteurs\/#breadcrumb","itemListElement":[{"@type":"ListItem","position":1,"name":"Accueil","item":"https:\/\/stsindustrie.com\/"},{"@type":"ListItem","position":2,"name":"Secteurs"}]},{"@type":"WebSite","@id":"https:\/\/stsindustrie.com\/#website","url":"https:\/\/stsindustrie.com\/","name":"stsindustrie.com","description":"","publisher":{"@id":"https:\/\/stsindustrie.com\/#organization"},"potentialAction":[{"@type":"SearchAction","target":{"@type":"EntryPoint","urlTemplate":"https:\/\/stsindustrie.com\/?s={search_term_string}"},"query-input":{"@type":"PropertyValueSpecification","valueRequired":true,"valueName":"search_term_string"}}],"inLanguage":"en-GB"},{"@type":"Organization","@id":"https:\/\/stsindustrie.com\/#organization","name":"STS Industrie SA","url":"https:\/\/stsindustrie.com\/","logo":{"@type":"ImageObject","inLanguage":"en-GB","@id":"https:\/\/stsindustrie.com\/#\/schema\/logo\/image\/","url":"https:\/\/stsindustrie.com\/wp-content\/uploads\/2022\/02\/logoflavicon.png","contentUrl":"https:\/\/stsindustrie.com\/wp-content\/uploads\/2022\/02\/logoflavicon.png","width":150,"height":150,"caption":"STS Industrie SA"},"image":{"@id":"https:\/\/stsindustrie.com\/#\/schema\/logo\/image\/"},"sameAs":["https:\/\/www.linkedin.com\/company\/sts-industrie-sa\/"]}]}},"_links":{"self":[{"href":"https:\/\/stsindustrie.com\/en\/wp-json\/wp\/v2\/pages\/335","targetHints":{"allow":["GET"]}}],"collection":[{"href":"https:\/\/stsindustrie.com\/en\/wp-json\/wp\/v2\/pages"}],"about":[{"href":"https:\/\/stsindustrie.com\/en\/wp-json\/wp\/v2\/types\/page"}],"author":[{"embeddable":true,"href":"https:\/\/stsindustrie.com\/en\/wp-json\/wp\/v2\/users\/6"}],"replies":[{"embeddable":true,"href":"https:\/\/stsindustrie.com\/en\/wp-json\/wp\/v2\/comments?post=335"}],"version-history":[{"count":32,"href":"https:\/\/stsindustrie.com\/en\/wp-json\/wp\/v2\/pages\/335\/revisions"}],"predecessor-version":[{"id":2301,"href":"https:\/\/stsindustrie.com\/en\/wp-json\/wp\/v2\/pages\/335\/revisions\/2301"}],"wp:attachment":[{"href":"https:\/\/stsindustrie.com\/en\/wp-json\/wp\/v2\/media?parent=335"}],"curies":[{"name":"wp","href":"https:\/\/api.w.org\/{rel}","templated":true}]}}