{"id":1816,"date":"2024-02-13T11:05:52","date_gmt":"2024-02-13T10:05:52","guid":{"rendered":"https:\/\/new-stsindustrie.com\/?page_id=1816"},"modified":"2024-02-13T11:10:28","modified_gmt":"2024-02-13T10:10:28","slug":"home-2","status":"publish","type":"page","link":"https:\/\/stsindustrie.com\/en\/home-2\/","title":{"rendered":"Home"},"content":{"rendered":"<h1>\n<p><strong>STS INDUSTRIE SA<\/strong><\/p>\n<\/h1>\n<h1>\n<h2 style=\"text-align: center;\"><strong>SURFACE TECHNOLOGIE SOLUTION<\/strong><\/h2>\n<\/h1>\n<hr>\n<div>\n<p><b>STS INDUSTRIE\u00a0 SA<\/b>\u00a0plant und realisiert Oberfl\u00e4chenbehandlungsanlagen und massgeschneiderte Kundenl\u00f6sungen im Bereich der Galvanotechnik.<\/p>\n<\/div>\n<p><a href=\"#Welcome\">[chevron-down]<\/a><\/p>\n<h1>\n<p>WELCOME TO KNOW-HOW<\/p>\n<\/h1>\n<h5>\n<h2>Notre philosophie &amp; objectifs<\/h2>\n<\/h5>\n<hr>\n<div>\n<p class=\"p1\">Nous travaillons en partenariat avec nos clients pour r\u00e9aliser des solutions de traitement de surface sur mesure, modulaires, \u00e9volutives et adapt\u00e9es aux exigences des produits \u00e0 traiter. Ceci en int\u00e9grant les nouvelles technologies, une maintenabilit\u00e9 durable dans une conscience environnementale constante.<\/p>\n<p class=\"p1\">STS Industrie SA propose des \u00e9quipements automatis\u00e9s, du concept \u00e0 la fabrication, de la programmation \u00e0 la mise en service et de la mise en production jusqu\u2019au service apr\u00e8s-vente.<\/p>\n<\/div>\n<p>\n    <a href=\"\/sts-industrie\/\">En savoir plus<\/a>\n<\/p>\n<p><img decoding=\"async\" src=\"\/wp-content\/uploads\/2022\/03\/DSC09179.png\" alt=\"\"><\/p>\n<h2>\n<h2 style=\"text-align: right;\">Nos prestations et services<\/h2>\n<\/h2>\n<hr>\n<div>\n<p>Profitez de notre savoir-faire pour vous aider \u00e0 mettre en \u0153uvre des solutions novatrices selon vos besoins industriels. Tous les projets que nous r\u00e9alisons vous permettrons de b\u00e9n\u00e9ficier des derni\u00e8res technologies de notre secteur. Vous pourrez ainsi aborder vos futurs challenges dans les meilleures conditions possibles.<\/p>\n<\/div>\n<ul>\n<li>\n<p>        <img decoding=\"async\" src=\"\/wp-content\/uploads\/2022\/11\/DSC08720.jpg\" alt=\"\"><\/p>\n<div>\n<h3 style=\"text-align: center;\">installations<\/h3>\n<\/div>\n<p><a href=\"\/installations\/\">En savoir plus<\/a><\/p>\n<\/li>\n<li>\n<p>        <img decoding=\"async\" src=\"\/wp-content\/uploads\/2022\/11\/DSC07282-scaled.jpg\" alt=\"\"><\/p>\n<div>\n<h3 style=\"text-align: center;\">Produits STS<\/h3>\n<\/div>\n<p><a href=\"\/produits\/\">En savoir plus<\/a><\/p>\n<\/li>\n<li>\n<p>        <img decoding=\"async\" src=\"\/wp-content\/uploads\/2022\/03\/DSC05265.png\" alt=\"\"><\/p>\n<div>\n<h3 style=\"text-align: center;\">Services<\/h3>\n<\/div>\n<p><a href=\"\/services\/\">En savoir plus<\/a><\/p>\n<\/li>\n<\/ul>\n<hr>\n<hr>\n<hr>\n<h2>\n<h2 style=\"text-align: center;\">Secteurs d&rsquo;activit\u00e9s<\/h2>\n<\/h2>\n<hr>\n<ul>\n<li>\n<p>        <img decoding=\"async\" src=\"\/wp-content\/uploads\/2023\/08\/1-e1692184123711.jpg\" alt=\"\"><\/p>\n<h3>M\u00e9dical <\/h3>\n<p><a href=\"\/medical\/\">En savoir plus<\/a><\/p>\n<\/li>\n<li>\n<p>        <img decoding=\"async\" src=\"\/wp-content\/uploads\/2022\/11\/brian-wangenheim-OKWgnUqwBl0-unsplash.jpg\" alt=\"\"><\/p>\n<h3>\u00c9lectronique<\/h3>\n<p><a href=\"\/electronique\/\">En savoir plus<\/a><\/p>\n<\/li>\n<li>\n<p>        <img decoding=\"async\" src=\"\/wp-content\/uploads\/2024\/01\/montrepouristewerb-2-scaled.jpg\" alt=\"\"><\/p>\n<h3>Horlogerie et luxe<\/h3>\n<p><a href=\"\/horlogerie-et-luxe\/\">En savoir plus<\/a><\/p>\n<\/li>\n<li>\n<p>        <img decoding=\"async\" src=\"\/wp-content\/uploads\/2022\/11\/DSC08775-scaled.jpg\" alt=\"\"><\/p>\n<h3>Connectique<\/h3>\n<p><a href=\"\/connectique\/\">En savoir plus<\/a><\/p>\n<\/li>\n<\/ul>\n<hr>\n<h1>\n<h2 style=\"text-align: center;\">Une demande sp\u00e9cifique ? Parlons-en.<\/h2>\n<\/h1>\n<div>\n<p class=\"p1\">Nous accompagnons les entreprises dans la cr\u00e9ation de leurs \u00e9quipements de production depuis 1975. Nos sp\u00e9cialistes sauront vous conseiller au mieux afin de cr\u00e9er la machine qu\u2019il vous faut pour les ann\u00e9es \u00e0 venir.<\/p>\n<\/div>\n<p>\n    <a href=\"\/contact\/\">contactez-nous<\/a>\n<\/p>\n<p><!--more--><br \/>\n<!-- {\"type\":\"layout\",\"children\":[{\"name\":\"hautdepagefinal\",\"type\":\"section\",\"props\":{\"animation\":\"slide-bottom-small\",\"header_overlay\":\"light\",\"height\":\"full\",\"height_viewport\":true,\"image_position\":\"center-center\",\"image_size\":\"cover\",\"image_width\":\"1920\",\"media\":\"images\\\/home-header.jpg\",\"media_advanced\":true,\"media_background\":\"rgba(255, 255, 255, 0)\",\"media_overlay\":\"rgba(0, 0, 0, 0)\",\"style\":\"default\",\"title_breakpoint\":\"xl\",\"title_position\":\"top-left\",\"title_rotation\":\"left\",\"vertical_align\":\"middle\",\"video\":\"wp-content\\\/uploads\\\/2024\\\/01\\\/accueil.mp4\",\"width\":\"default\"},\"children\":[{\"type\":\"row\",\"props\":{\"margin\":\"default\"},\"children\":[{\"type\":\"column\",\"props\":{\"image_position\":\"center-center\",\"position_sticky_breakpoint\":\"m\",\"width_medium\":\"1-1\"},\"children\":[{\"type\":\"headline\",\"props\":{\"content\":\"\n\n<p><strong>STS INDUSTRIE SA<\\\/strong><\\\/p>\",\"margin\":\"remove-vertical\",\"margin_remove_bottom\":false,\"margin_remove_top\":false,\"text_align\":\"center\",\"title_color\":\"warning\",\"title_element\":\"h1\",\"title_style\":\"h1\"}},{\"type\":\"headline\",\"props\":{\"content\":\"\n\n<h2 style=\\\"text-align: center;\\\"><strong>SURFACE TECHNOLOGIE SOLUTION<\\\/strong><\\\/h2>\",\"margin\":\"medium\",\"margin_remove_top\":true,\"text_align\":\"center\",\"title_color\":\"secondary\",\"title_element\":\"h1\",\"title_style\":\"heading-xlarge\"}},{\"type\":\"divider\",\"props\":{\"divider_element\":\"hr\",\"divider_style\":\"icon\",\"margin\":\"default\"}},{\"type\":\"text\",\"props\":{\"column_breakpoint\":\"m\",\"content\":\"\n\n<p><b>STS INDUSTRIE\\u00a0 SA<\\\/b>\\u00a0plant und realisiert Oberfl\\u00e4chenbehandlungsanlagen und massgeschneiderte Kundenl\\u00f6sungen im Bereich der Galvanotechnik.<\\\/p>\",\"margin\":\"default\",\"text_align\":\"center\",\"text_color\":\"warning\",\"text_style\":\"large\"}},{\"type\":\"icon\",\"props\":{\"icon\":\"chevron-down\",\"icon_color\":\"primary\",\"icon_width\":\"100\",\"link\":\"#Welcome\",\"link_style\":\"button\",\"margin\":\"xlarge\",\"text_align\":\"center\"}}]}]}],\"modified\":\"2022-05-09T20:24:03.043Z\"},{\"type\":\"section\",\"props\":{\"animation\":\"fade\",\"id\":\"Welcome\",\"image_position\":\"center-center\",\"padding\":\"small\",\"padding_remove_bottom\":false,\"padding_remove_top\":false,\"style\":\"default\",\"title_breakpoint\":\"xl\",\"title_position\":\"top-left\",\"title_rotation\":\"left\",\"vertical_align\":\"middle\",\"width\":\"default\"},\"children\":[{\"type\":\"row\",\"children\":[{\"type\":\"column\",\"props\":{\"image_position\":\"center-center\",\"position_sticky_breakpoint\":\"m\"},\"children\":[{\"type\":\"headline\",\"props\":{\"content\":\"\n\n<p>WELCOME TO KNOW-HOW<\\\/p>\",\"margin\":\"default\",\"margin_remove_bottom\":false,\"margin_remove_top\":false,\"text_align\":\"center\",\"title_color\":\"primary\",\"title_element\":\"h1\",\"title_style\":\"heading-large\"}}]}]}]},{\"type\":\"section\",\"props\":{\"id\":\"lol\",\"image_position\":\"center-center\",\"padding_remove_bottom\":false,\"padding_remove_top\":false,\"style\":\"primary\",\"title_breakpoint\":\"xl\",\"title_position\":\"top-left\",\"title_rotation\":\"left\",\"vertical_align\":\"middle\",\"width\":\"default\"},\"children\":[{\"type\":\"row\",\"props\":{\"layout\":\"3-5,2-5\",\"margin\":\"large\"},\"children\":[{\"type\":\"column\",\"props\":{\"image_position\":\"center-center\",\"position_sticky_breakpoint\":\"m\",\"width_medium\":\"3-5\"},\"children\":[{\"type\":\"headline\",\"props\":{\"content\":\"\n\n<h2>Notre philosophie &amp; objectifs<\\\/h2>\",\"text_align\":\"left\",\"title_color\":\"muted\",\"title_element\":\"h5\",\"title_style\":\"heading-medium\"}},{\"type\":\"divider\",\"props\":{\"divider_align\":\"left\",\"divider_element\":\"hr\",\"divider_style\":\"small\"}},{\"type\":\"text\",\"props\":{\"column_breakpoint\":\"m\",\"content\":\"\n\n<p class=\\\"p1\\\">Nous travaillons en partenariat avec nos clients pour r\\u00e9aliser des solutions de traitement de surface sur mesure, modulaires, \\u00e9volutives et adapt\\u00e9es aux exigences des produits \\u00e0 traiter. Ceci en int\\u00e9grant les nouvelles technologies, une maintenabilit\\u00e9 durable dans une conscience environnementale constante.<\\\/p>\\n\n\n<p class=\\\"p1\\\">STS Industrie SA propose des \\u00e9quipements automatis\\u00e9s, du concept \\u00e0 la fabrication, de la programmation \\u00e0 la mise en service et de la mise en production jusqu\\u2019au service apr\\u00e8s-vente.<\\\/p>\",\"margin\":\"default\",\"maxwidth\":\"2xlarge\",\"maxwidth_breakpoint\":\"l\",\"text_align\":\"left\",\"text_color\":\"warning\"}},{\"type\":\"button\",\"props\":{\"animation\":\"slide-bottom-small\",\"grid_column_gap\":\"small\",\"grid_row_gap\":\"small\",\"margin\":\"medium\",\"text_align\":\"left\"},\"children\":[{\"type\":\"button_item\",\"props\":{\"button_style\":\"danger\",\"content\":\"En savoir plus\",\"icon_align\":\"left\",\"link\":\"sts-industrie\\\/\"}}]}]},{\"type\":\"column\",\"props\":{\"image_position\":\"center-center\",\"position_sticky_breakpoint\":\"m\",\"width_medium\":\"2-5\"},\"children\":[{\"type\":\"image\",\"props\":{\"image\":\"wp-content\\\/uploads\\\/2022\\\/03\\\/DSC09179.png\",\"image_height\":\"750\",\"image_svg_color\":\"emphasis\",\"image_width\":\"750\",\"margin\":\"default\"}}]}]}],\"modified\":\"2022-02-08T11:14:26.953Z\",\"name\":\"photo \\u00e0 droite\"},{\"type\":\"section\",\"props\":{\"animation\":\"fade\",\"image_position\":\"center-center\",\"padding_remove_bottom\":false,\"padding_remove_top\":false,\"style\":\"default\",\"title_breakpoint\":\"xl\",\"title_position\":\"top-left\",\"title_rotation\":\"left\",\"vertical_align\":\"middle\",\"width\":\"default\"},\"children\":[{\"type\":\"row\",\"props\":{\"column_gap\":\"large\",\"width\":\"large\"},\"children\":[{\"type\":\"column\",\"props\":{\"image_position\":\"center-center\",\"position_sticky_breakpoint\":\"m\"},\"children\":[{\"type\":\"headline\",\"props\":{\"content\":\"\n\n<h2 style=\\\"text-align: right;\\\">Nos prestations et services<\\\/h2>\",\"text_align\":\"right\",\"title_color\":\"primary\",\"title_element\":\"h2\",\"title_style\":\"heading-medium\"}},{\"type\":\"divider\",\"props\":{\"divider_align\":\"right\",\"divider_element\":\"hr\",\"divider_style\":\"small\"}},{\"type\":\"text\",\"props\":{\"block_align\":\"right\",\"column_breakpoint\":\"m\",\"content\":\"\n\n<p>Profitez de notre savoir-faire pour vous aider \\u00e0 mettre en \\u0153uvre des solutions novatrices selon vos besoins industriels. Tous les projets que nous r\\u00e9alisons vous permettrons de b\\u00e9n\\u00e9ficier des derni\\u00e8res technologies de notre secteur. Vous pourrez ainsi aborder vos futurs challenges dans les meilleures conditions possibles.<\\\/p>\",\"margin\":\"default\",\"maxwidth\":\"2xlarge\",\"maxwidth_breakpoint\":\"l\",\"text_align\":\"right\"}}]}]},{\"type\":\"row\",\"props\":{\"margin\":\"large\",\"width\":\"large\"},\"children\":[{\"type\":\"column\",\"props\":{\"image_position\":\"center-center\",\"position_sticky_breakpoint\":\"m\"},\"children\":[{\"type\":\"grid\",\"props\":{\"animation\":\"none\",\"class\":\"uk-grid-margin-small\",\"content_column_breakpoint\":\"m\",\"filter_align\":\"left\",\"filter_all\":true,\"filter_grid_breakpoint\":\"m\",\"filter_grid_width\":\"auto\",\"filter_position\":\"top\",\"filter_style\":\"tab\",\"grid_column_gap\":\"small\",\"grid_default\":\"1\",\"grid_medium\":\"\",\"grid_row_gap\":\"small\",\"grid_small\":\"3\",\"icon_width\":80,\"image_align\":\"top\",\"image_grid_breakpoint\":\"m\",\"image_grid_width\":\"1-2\",\"image_svg_color\":\"emphasis\",\"image_width\":\"820\",\"item_animation\":true,\"link_fullwidth\":true,\"link_style\":\"default\",\"link_text\":\"En savoir plus\",\"margin\":\"\",\"meta_align\":\"below-title\",\"meta_element\":\"div\",\"meta_style\":\"text-meta\",\"panel_padding\":\"default\",\"panel_style\":\"card-default\",\"parallax_easing\":\"1\",\"show_content\":true,\"show_image\":true,\"show_link\":true,\"show_meta\":true,\"show_title\":true,\"title_align\":\"top\",\"title_color\":\"primary\",\"title_element\":\"h3\",\"title_grid_breakpoint\":\"m\",\"title_grid_width\":\"1-2\",\"title_hover_style\":\"reset\",\"title_link\":false},\"children\":[{\"type\":\"grid_item\",\"props\":{\"content\":\"\n\n<h3 style=\\\"text-align: center;\\\">installations<\\\/h3>\",\"image\":\"wp-content\\\/uploads\\\/2022\\\/11\\\/DSC08720.jpg\",\"link\":\"installations\\\/\",\"link_text\":\"En savoir plus\",\"meta\":\"\",\"title\":\"\"}},{\"type\":\"grid_item\",\"props\":{\"content\":\"\n\n<h3 style=\\\"text-align: center;\\\">Produits STS<\\\/h3>\",\"image\":\"wp-content\\\/uploads\\\/2022\\\/11\\\/DSC07282-scaled.jpg\",\"link\":\"produits\\\/\",\"link_text\":\"En savoir plus\",\"title\":\"\"}},{\"type\":\"grid_item\",\"props\":{\"content\":\"\n\n<h3 style=\\\"text-align: center;\\\">Services<\\\/h3>\",\"image\":\"wp-content\\\/uploads\\\/2022\\\/03\\\/DSC05265.png\",\"link\":\"services\\\/\",\"link_text\":\"En savoir plus\",\"title\":\"\"}}]}]}]}],\"name\":\"prestationfinal\",\"modified\":\"2022-05-09T20:26:58.144Z\"},{\"type\":\"section\",\"props\":{\"image\":\"wp-content\\\/uploads\\\/2023\\\/12\\\/DSC08872.jpg\",\"image_effect\":\"fixed\",\"image_height\":\"700\",\"image_parallax_bgx\":\"0,0\",\"image_parallax_bgy\":\"300,0\",\"image_parallax_easing\":\"0.6\",\"image_position\":\"center-center\",\"image_size\":\"cover\",\"media_overlay\":\"rgba(0, 0, 0, 0.4)\",\"style\":\"default\",\"title_breakpoint\":\"xl\",\"title_position\":\"top-left\",\"title_rotation\":\"left\",\"vertical_align\":\"middle\",\"width\":\"default\"},\"children\":[{\"type\":\"row\",\"children\":[{\"type\":\"column\",\"props\":{\"image_position\":\"center-center\",\"position_sticky_breakpoint\":\"m\"},\"children\":[{\"type\":\"divider\",\"props\":{\"divider_element\":\"hr\",\"divider_style\":\"vertical\"}},{\"type\":\"divider\",\"props\":{\"divider_element\":\"hr\",\"divider_style\":\"vertical\"}},{\"type\":\"divider\",\"props\":{\"divider_element\":\"hr\",\"divider_style\":\"vertical\"}}]}]}]},{\"type\":\"section\",\"props\":{\"animation\":\"fade\",\"image_position\":\"center-center\",\"padding_remove_top\":false,\"style\":\"default\",\"title_breakpoint\":\"xl\",\"title_position\":\"top-left\",\"title_rotation\":\"left\",\"vertical_align\":\"middle\",\"width\":\"default\"},\"children\":[{\"type\":\"row\",\"children\":[{\"type\":\"column\",\"props\":{\"image_position\":\"center-center\",\"position_sticky_breakpoint\":\"m\"},\"children\":[{\"type\":\"headline\",\"props\":{\"content\":\"\n\n<h2 style=\\\"text-align: center;\\\">Secteurs d'activit\\u00e9s<\\\/h2>\",\"text_align\":\"center\",\"title_color\":\"primary\",\"title_element\":\"h2\",\"title_style\":\"heading-medium\"}},{\"type\":\"divider\",\"props\":{\"divider_align\":\"center\",\"divider_element\":\"hr\",\"divider_style\":\"small\"}}]}]},{\"type\":\"row\",\"children\":[{\"type\":\"column\",\"props\":{\"image_position\":\"center-center\",\"position_sticky_breakpoint\":\"m\"},\"children\":[{\"type\":\"grid\",\"props\":{\"animation\":\"none\",\"class\":\"uk-grid-margin-small\",\"content_column_breakpoint\":\"m\",\"filter\":false,\"filter_align\":\"left\",\"filter_all\":true,\"filter_grid_breakpoint\":\"m\",\"filter_grid_width\":\"auto\",\"filter_position\":\"top\",\"filter_style\":\"tab\",\"grid_default\":\"1\",\"grid_medium\":\"\",\"grid_small\":\"2\",\"icon_width\":80,\"image_align\":\"top\",\"image_grid_breakpoint\":\"m\",\"image_grid_width\":\"1-2\",\"image_svg_color\":\"emphasis\",\"image_width\":\"820\",\"item_animation\":true,\"lightbox\":false,\"link_style\":\"default\",\"link_text\":\"En savoir plus\",\"margin\":\"\",\"meta_align\":\"below-title\",\"meta_element\":\"div\",\"meta_style\":\"text-meta\",\"panel_padding\":\"default\",\"panel_style\":\"card-default\",\"parallax_easing\":\"1\",\"show_content\":true,\"show_image\":true,\"show_link\":true,\"show_meta\":true,\"show_title\":true,\"text_align\":\"center\",\"title_align\":\"top\",\"title_color\":\"primary\",\"title_element\":\"h3\",\"title_grid_breakpoint\":\"m\",\"title_grid_width\":\"1-2\",\"title_hover_style\":\"reset\"},\"children\":[{\"type\":\"grid_item\",\"props\":{\"image\":\"wp-content\\\/uploads\\\/2023\\\/08\\\/1-e1692184123711.jpg\",\"link\":\"medical\\\/\",\"title\":\"M\\u00e9dical \"}},{\"type\":\"grid_item\",\"props\":{\"image\":\"wp-content\\\/uploads\\\/2022\\\/11\\\/brian-wangenheim-OKWgnUqwBl0-unsplash.jpg\",\"link\":\"electronique\\\/\",\"title\":\"\\u00c9lectronique\"}},{\"type\":\"grid_item\",\"props\":{\"image\":\"wp-content\\\/uploads\\\/2024\\\/01\\\/montrepouristewerb-2-scaled.jpg\",\"link\":\"horlogerie-et-luxe\\\/\",\"title\":\"Horlogerie et luxe\"}},{\"type\":\"grid_item\",\"props\":{\"image\":\"wp-content\\\/uploads\\\/2022\\\/11\\\/DSC08775-scaled.jpg\",\"link\":\"connectique\\\/\",\"title\":\"Connectique\"}}]}]}]}],\"name\":\"Kitchen\"},{\"type\":\"section\",\"props\":{\"image_position\":\"center-center\",\"style\":\"default\",\"title_breakpoint\":\"xl\",\"title_position\":\"top-left\",\"title_rotation\":\"left\",\"vertical_align\":\"middle\",\"width\":\"default\"},\"children\":[{\"type\":\"row\",\"children\":[{\"type\":\"column\",\"props\":{\"image_position\":\"center-center\",\"position_sticky_breakpoint\":\"m\"},\"children\":[{\"type\":\"divider\",\"props\":{\"divider_element\":\"hr\",\"divider_style\":\"icon\"}},{\"type\":\"headline\",\"props\":{\"content\":\"\n\n<h2 style=\\\"text-align: center;\\\">Une demande sp\\u00e9cifique ? Parlons-en.<\\\/h2>\",\"text_align\":\"center\",\"title_element\":\"h1\"}},{\"type\":\"text\",\"props\":{\"column_breakpoint\":\"m\",\"content\":\"\n\n<p class=\\\"p1\\\">Nous accompagnons les entreprises dans la cr\\u00e9ation de leurs \\u00e9quipements de production depuis 1975. Nos sp\\u00e9cialistes sauront vous conseiller au mieux afin de cr\\u00e9er la machine qu\\u2019il vous faut pour les ann\\u00e9es \\u00e0 venir.<\\\/p>\",\"margin\":\"default\",\"text_align\":\"center\"}},{\"type\":\"button\",\"props\":{\"grid_column_gap\":\"small\",\"grid_row_gap\":\"small\",\"margin\":\"default\",\"text_align\":\"center\"},\"children\":[{\"type\":\"button_item\",\"props\":{\"button_style\":\"default\",\"content\":\"contactez-nous\",\"icon_align\":\"left\",\"link\":\"contact\\\/\"}}]}]}]}],\"name\":\"Call to action contact\"}],\"version\":\"4.2.13\"} --><\/p>\n","protected":false},"excerpt":{"rendered":"<p>STS INDUSTRIE SA SURFACE TECHNOLOGIE SOLUTION STS INDUSTRIE\u00a0 SA\u00a0plant und realisiert Oberfl\u00e4chenbehandlungsanlagen und massgeschneiderte Kundenl\u00f6sungen im Bereich der Galvanotechnik. [chevron-down] WELCOME TO KNOW-HOW Notre philosophie &amp; objectifs Nous travaillons en partenariat avec nos clients pour r\u00e9aliser des solutions de traitement de surface sur mesure, modulaires, \u00e9volutives et adapt\u00e9es aux exigences des produits \u00e0 traiter. Ceci [&hellip;]<\/p>\n","protected":false},"author":6,"featured_media":0,"parent":0,"menu_order":0,"comment_status":"closed","ping_status":"closed","template":"","meta":{"footnotes":""},"class_list":["post-1816","page","type-page","status-publish","hentry"],"yoast_head":"<!-- This site is optimized with the Yoast SEO plugin v27.4 - https:\/\/yoast.com\/product\/yoast-seo-wordpress\/ -->\n<title>Home - stsindustrie.com<\/title>\n<meta name=\"robots\" content=\"index, follow, max-snippet:-1, max-image-preview:large, max-video-preview:-1\" \/>\n<link rel=\"canonical\" href=\"https:\/\/stsindustrie.com\/en\/home-2\/\" \/>\n<meta property=\"og:locale\" content=\"en_GB\" \/>\n<meta property=\"og:type\" content=\"article\" \/>\n<meta property=\"og:title\" content=\"Home - stsindustrie.com\" \/>\n<meta property=\"og:description\" content=\"STS INDUSTRIE SA SURFACE TECHNOLOGIE SOLUTION STS INDUSTRIE\u00a0 SA\u00a0plant und realisiert Oberfl\u00e4chenbehandlungsanlagen und massgeschneiderte Kundenl\u00f6sungen im Bereich der Galvanotechnik. [chevron-down] WELCOME TO KNOW-HOW Notre philosophie &amp; objectifs Nous travaillons en partenariat avec nos clients pour r\u00e9aliser des solutions de traitement de surface sur mesure, modulaires, \u00e9volutives et adapt\u00e9es aux exigences des produits \u00e0 traiter. Ceci [&hellip;]\" \/>\n<meta property=\"og:url\" content=\"https:\/\/stsindustrie.com\/en\/home-2\/\" \/>\n<meta property=\"og:site_name\" content=\"stsindustrie.com\" \/>\n<meta property=\"article:modified_time\" content=\"2024-02-13T10:10:28+00:00\" \/>\n<meta name=\"twitter:card\" content=\"summary_large_image\" \/>\n<meta name=\"twitter:label1\" content=\"Estimated reading time\" \/>\n\t<meta name=\"twitter:data1\" content=\"1 minute\" \/>\n<script type=\"application\/ld+json\" class=\"yoast-schema-graph\">{\"@context\":\"https:\\\/\\\/schema.org\",\"@graph\":[{\"@type\":\"WebPage\",\"@id\":\"https:\\\/\\\/stsindustrie.com\\\/home-2\\\/\",\"url\":\"https:\\\/\\\/stsindustrie.com\\\/home-2\\\/\",\"name\":\"Home - stsindustrie.com\",\"isPartOf\":{\"@id\":\"https:\\\/\\\/stsindustrie.com\\\/#website\"},\"datePublished\":\"2024-02-13T10:05:52+00:00\",\"dateModified\":\"2024-02-13T10:10:28+00:00\",\"breadcrumb\":{\"@id\":\"https:\\\/\\\/stsindustrie.com\\\/home-2\\\/#breadcrumb\"},\"inLanguage\":\"en-GB\",\"potentialAction\":[{\"@type\":\"ReadAction\",\"target\":[\"https:\\\/\\\/stsindustrie.com\\\/home-2\\\/\"]}]},{\"@type\":\"BreadcrumbList\",\"@id\":\"https:\\\/\\\/stsindustrie.com\\\/home-2\\\/#breadcrumb\",\"itemListElement\":[{\"@type\":\"ListItem\",\"position\":1,\"name\":\"Accueil\",\"item\":\"https:\\\/\\\/stsindustrie.com\\\/\"},{\"@type\":\"ListItem\",\"position\":2,\"name\":\"Home\"}]},{\"@type\":\"WebSite\",\"@id\":\"https:\\\/\\\/stsindustrie.com\\\/#website\",\"url\":\"https:\\\/\\\/stsindustrie.com\\\/\",\"name\":\"stsindustrie.com\",\"description\":\"\",\"publisher\":{\"@id\":\"https:\\\/\\\/stsindustrie.com\\\/#organization\"},\"potentialAction\":[{\"@type\":\"SearchAction\",\"target\":{\"@type\":\"EntryPoint\",\"urlTemplate\":\"https:\\\/\\\/stsindustrie.com\\\/?s={search_term_string}\"},\"query-input\":{\"@type\":\"PropertyValueSpecification\",\"valueRequired\":true,\"valueName\":\"search_term_string\"}}],\"inLanguage\":\"en-GB\"},{\"@type\":\"Organization\",\"@id\":\"https:\\\/\\\/stsindustrie.com\\\/#organization\",\"name\":\"STS Industrie SA\",\"url\":\"https:\\\/\\\/stsindustrie.com\\\/\",\"logo\":{\"@type\":\"ImageObject\",\"inLanguage\":\"en-GB\",\"@id\":\"https:\\\/\\\/stsindustrie.com\\\/#\\\/schema\\\/logo\\\/image\\\/\",\"url\":\"https:\\\/\\\/stsindustrie.com\\\/wp-content\\\/uploads\\\/2022\\\/02\\\/logoflavicon.png\",\"contentUrl\":\"https:\\\/\\\/stsindustrie.com\\\/wp-content\\\/uploads\\\/2022\\\/02\\\/logoflavicon.png\",\"width\":150,\"height\":150,\"caption\":\"STS Industrie SA\"},\"image\":{\"@id\":\"https:\\\/\\\/stsindustrie.com\\\/#\\\/schema\\\/logo\\\/image\\\/\"},\"sameAs\":[\"https:\\\/\\\/www.linkedin.com\\\/company\\\/sts-industrie-sa\\\/\"]}]}<\/script>\n<!-- \/ Yoast SEO plugin. -->","yoast_head_json":{"title":"Home - stsindustrie.com","robots":{"index":"index","follow":"follow","max-snippet":"max-snippet:-1","max-image-preview":"max-image-preview:large","max-video-preview":"max-video-preview:-1"},"canonical":"https:\/\/stsindustrie.com\/en\/home-2\/","og_locale":"en_GB","og_type":"article","og_title":"Home - stsindustrie.com","og_description":"STS INDUSTRIE SA SURFACE TECHNOLOGIE SOLUTION STS INDUSTRIE\u00a0 SA\u00a0plant und realisiert Oberfl\u00e4chenbehandlungsanlagen und massgeschneiderte Kundenl\u00f6sungen im Bereich der Galvanotechnik. [chevron-down] WELCOME TO KNOW-HOW Notre philosophie &amp; objectifs Nous travaillons en partenariat avec nos clients pour r\u00e9aliser des solutions de traitement de surface sur mesure, modulaires, \u00e9volutives et adapt\u00e9es aux exigences des produits \u00e0 traiter. Ceci [&hellip;]","og_url":"https:\/\/stsindustrie.com\/en\/home-2\/","og_site_name":"stsindustrie.com","article_modified_time":"2024-02-13T10:10:28+00:00","twitter_card":"summary_large_image","twitter_misc":{"Estimated reading time":"1 minute"},"schema":{"@context":"https:\/\/schema.org","@graph":[{"@type":"WebPage","@id":"https:\/\/stsindustrie.com\/home-2\/","url":"https:\/\/stsindustrie.com\/home-2\/","name":"Home - stsindustrie.com","isPartOf":{"@id":"https:\/\/stsindustrie.com\/#website"},"datePublished":"2024-02-13T10:05:52+00:00","dateModified":"2024-02-13T10:10:28+00:00","breadcrumb":{"@id":"https:\/\/stsindustrie.com\/home-2\/#breadcrumb"},"inLanguage":"en-GB","potentialAction":[{"@type":"ReadAction","target":["https:\/\/stsindustrie.com\/home-2\/"]}]},{"@type":"BreadcrumbList","@id":"https:\/\/stsindustrie.com\/home-2\/#breadcrumb","itemListElement":[{"@type":"ListItem","position":1,"name":"Accueil","item":"https:\/\/stsindustrie.com\/"},{"@type":"ListItem","position":2,"name":"Home"}]},{"@type":"WebSite","@id":"https:\/\/stsindustrie.com\/#website","url":"https:\/\/stsindustrie.com\/","name":"stsindustrie.com","description":"","publisher":{"@id":"https:\/\/stsindustrie.com\/#organization"},"potentialAction":[{"@type":"SearchAction","target":{"@type":"EntryPoint","urlTemplate":"https:\/\/stsindustrie.com\/?s={search_term_string}"},"query-input":{"@type":"PropertyValueSpecification","valueRequired":true,"valueName":"search_term_string"}}],"inLanguage":"en-GB"},{"@type":"Organization","@id":"https:\/\/stsindustrie.com\/#organization","name":"STS Industrie SA","url":"https:\/\/stsindustrie.com\/","logo":{"@type":"ImageObject","inLanguage":"en-GB","@id":"https:\/\/stsindustrie.com\/#\/schema\/logo\/image\/","url":"https:\/\/stsindustrie.com\/wp-content\/uploads\/2022\/02\/logoflavicon.png","contentUrl":"https:\/\/stsindustrie.com\/wp-content\/uploads\/2022\/02\/logoflavicon.png","width":150,"height":150,"caption":"STS Industrie SA"},"image":{"@id":"https:\/\/stsindustrie.com\/#\/schema\/logo\/image\/"},"sameAs":["https:\/\/www.linkedin.com\/company\/sts-industrie-sa\/"]}]}},"_links":{"self":[{"href":"https:\/\/stsindustrie.com\/en\/wp-json\/wp\/v2\/pages\/1816","targetHints":{"allow":["GET"]}}],"collection":[{"href":"https:\/\/stsindustrie.com\/en\/wp-json\/wp\/v2\/pages"}],"about":[{"href":"https:\/\/stsindustrie.com\/en\/wp-json\/wp\/v2\/types\/page"}],"author":[{"embeddable":true,"href":"https:\/\/stsindustrie.com\/en\/wp-json\/wp\/v2\/users\/6"}],"replies":[{"embeddable":true,"href":"https:\/\/stsindustrie.com\/en\/wp-json\/wp\/v2\/comments?post=1816"}],"version-history":[{"count":2,"href":"https:\/\/stsindustrie.com\/en\/wp-json\/wp\/v2\/pages\/1816\/revisions"}],"predecessor-version":[{"id":1820,"href":"https:\/\/stsindustrie.com\/en\/wp-json\/wp\/v2\/pages\/1816\/revisions\/1820"}],"wp:attachment":[{"href":"https:\/\/stsindustrie.com\/en\/wp-json\/wp\/v2\/media?parent=1816"}],"curies":[{"name":"wp","href":"https:\/\/api.w.org\/{rel}","templated":true}]}}