{"id":1382,"date":"2022-10-20T11:28:27","date_gmt":"2022-10-20T09:28:27","guid":{"rendered":"https:\/\/new-stsindustrie.com\/?page_id=1382"},"modified":"2024-02-21T14:40:58","modified_gmt":"2024-02-21T13:40:58","slug":"automation-software","status":"publish","type":"page","link":"https:\/\/stsindustrie.com\/en\/installations-et-services\/services\/automation-software\/","title":{"rendered":"Automation \/ Software"},"content":{"rendered":"<h1>\n<p class=\"jeremy\">Automation \/ Software<\/p>\n<\/h1>\n<h5>\n<h2 class=\"jeremy\">Automation \/ Software<\/h2>\n<ul><\/ul>\n<\/h5>\n<div>\n<p>STS fournit une prestation compl\u00e8te comprenant l\u2018ing\u00e9nierie, la ligne de traitements de surfaces, l\u2018armoire \u00e9lectrique, l\u2018automation, le logiciel de pilotage et de supervision (bas\u00e9 sur le logiciel de\u00a0<a title=\"Opens external link in new window\" href=\"http:\/\/www.vkvision.ch\/\" target=\"_blank\" rel=\"noopener\">VK Vision SA<\/a>), ainsi que la mise en service et l\u2018entretien de la machine. Le pilotage de la ligne de galvanoplastie est r\u00e9alis\u00e9 sur mesure\u00a0selon les besoins du client, ais\u00e9 \u00e0 utiliser et flexible.<\/p>\n<h4>\u00a0L\u2018automation STS offre les avantages suivants :<\/h4>\n<ul>\n<li>Exp\u00e9rience bas\u00e9e sur plus de 1\u2018000 machines install\u00e9es dans le monde entier.<\/li>\n<li>Interface utilisateur sous Windows.<\/li>\n<li>Repr\u00e9sentation graphique claire et d\u00e9taill\u00e9e des \u00e9l\u00e9ments install\u00e9s sur la machine (cuves, transporteurs,\u00a0etc.).<\/li>\n<li>Base de donn\u00e9es pour la gestion des articles et des s\u00e9quences de production.<\/li>\n<li>Code-barres au poste de chargement \/ d\u00e9chargement.<\/li>\n<li>Production en mode prioritaire (chargement al\u00e9atoire) ou diagramme.<\/li>\n<li>Edition libre des s\u00e9quences de production en mode prioritaire.<\/li>\n<li>Possibilit\u00e9 de panachage des s\u00e9quences de production.<\/li>\n<li>Surveillance permanente des param\u00e8tres (chimie, valeur pH, temp\u00e9rature, dosage, MTO, conductivit\u00e9,\u00a0d\u00e9bit d\u2018eau et d\u2018air, etc.).<\/li>\n<li>Pilotage des redresseurs ( DC et Pulse Reverse).<\/li>\n<li>Possibilit\u00e9 de surveiller les param\u00e8tres depuis un poste distant ou un PC portable<\/li>\n<li>Service de diagnostic \/ support STS \u00e0 distance par modem \/ internet.<\/li>\n<li>Logiciel simplifi\u00e9 Touch Panel<\/li>\n<\/ul>\n<\/div>\n<p><img decoding=\"async\" src=\"\/wp-content\/uploads\/2022\/10\/Software4.png\" alt=\"\"><br \/>\n<img decoding=\"async\" src=\"\/wp-content\/uploads\/2022\/10\/Software2.png\" alt=\"\"><br \/>\n<img decoding=\"async\" src=\"\/wp-content\/uploads\/2022\/10\/Software1.png\" alt=\"\"><\/p>\n<hr>\n<h1>\n<h2 style=\"text-align: center;\">Une demande sp\u00e9cifique ? Parlons-en.<\/h2>\n<\/h1>\n<div>\n<p class=\"p1\">Nous accompagnons les entreprises dans la cr\u00e9ation de leurs \u00e9quipements de production depuis 1975. Nos sp\u00e9cialistes sauront vous conseiller au mieux afin de cr\u00e9er la machine qu\u2019il vous faut pour les ann\u00e9es \u00e0 venir.<\/p>\n<\/div>\n<p>\n    <a href=\"\/contact\/\">contactez-nous<\/a>\n<\/p>\n<p><!--more--><br \/>\n<!-- {\"type\":\"layout\",\"children\":[{\"type\":\"section\",\"props\":{\"height\":\"section\",\"height_offset_top\":true,\"image\":\"wp-content\\\/uploads\\\/2022\\\/11\\\/brian-wangenheim-OKWgnUqwBl0-unsplash.jpg\",\"image_position\":\"center-center\",\"image_size\":\"width-1-1\",\"media_overlay\":\"rgba(0, 0, 0, 0.4)\",\"style\":\"default\",\"title_breakpoint\":\"xl\",\"title_position\":\"top-left\",\"title_rotation\":\"left\",\"vertical_align\":\"middle\",\"width\":\"default\"},\"children\":[{\"type\":\"row\",\"children\":[{\"type\":\"column\",\"props\":{\"image_position\":\"center-center\",\"position_sticky_breakpoint\":\"m\"},\"children\":[{\"type\":\"headline\",\"props\":{\"content\":\"\n\n<p class=\\\"jeremy\\\">Automation \\\/ Software<\\\/p>\",\"text_align\":\"center\",\"title_color\":\"warning\",\"title_element\":\"h1\",\"title_style\":\"h1\"}}]}]}],\"name\":\"HEADER PAGE SECONDAIRE\"},{\"type\":\"section\",\"props\":{\"image_position\":\"center-center\",\"padding\":\"small\",\"padding_remove_top\":false,\"style\":\"default\",\"title_breakpoint\":\"xl\",\"title_position\":\"top-left\",\"title_rotation\":\"left\",\"vertical_align\":\"middle\",\"width\":\"default\"},\"children\":[{\"type\":\"row\",\"children\":[{\"type\":\"column\",\"props\":{\"image_position\":\"center-center\",\"position_sticky_breakpoint\":\"m\",\"width_medium\":\"2-3\"},\"children\":[{\"type\":\"headline\",\"props\":{\"content\":\"\n\n<h2 class=\\\"jeremy\\\">Automation \\\/ Software<\\\/h2>\\n\n\n<ul><\\\/ul>\",\"text_align\":\"left\",\"title_element\":\"h5\",\"title_style\":\"h4\"}},{\"type\":\"text\",\"props\":{\"column_breakpoint\":\"m\",\"content\":\"\n\n<p>STS fournit une prestation compl\\u00e8te comprenant l\\u2018ing\\u00e9nierie, la ligne de traitements de surfaces, l\\u2018armoire \\u00e9lectrique, l\\u2018automation, le logiciel de pilotage et de supervision (bas\\u00e9 sur le logiciel de\\u00a0<a title=\\\"Opens external link in new window\\\" href=\\\"http:\\\/\\\/www.vkvision.ch\\\/\\\" target=\\\"_blank\\\" rel=\\\"noopener\\\">VK Vision SA<\\\/a>), ainsi que la mise en service et l\\u2018entretien de la machine. Le pilotage de la ligne de galvanoplastie est r\\u00e9alis\\u00e9 sur mesure\\u00a0selon les besoins du client, ais\\u00e9 \\u00e0 utiliser et flexible.<\\\/p>\\n\n\n<h4>\\u00a0L\\u2018automation STS offre les avantages suivants :<\\\/h4>\\n\n\n<ul>\\n\n\n<li>Exp\\u00e9rience bas\\u00e9e sur plus de 1\\u2018000 machines install\\u00e9es dans le monde entier.<\\\/li>\\n\n\n<li>Interface utilisateur sous Windows.<\\\/li>\\n\n\n<li>Repr\\u00e9sentation graphique claire et d\\u00e9taill\\u00e9e des \\u00e9l\\u00e9ments install\\u00e9s sur la machine (cuves, transporteurs,\\u00a0etc.).<\\\/li>\\n\n\n<li>Base de donn\\u00e9es pour la gestion des articles et des s\\u00e9quences de production.<\\\/li>\\n\n\n<li>Code-barres au poste de chargement \\\/ d\\u00e9chargement.<\\\/li>\\n\n\n<li>Production en mode prioritaire (chargement al\\u00e9atoire) ou diagramme.<\\\/li>\\n\n\n<li>Edition libre des s\\u00e9quences de production en mode prioritaire.<\\\/li>\\n\n\n<li>Possibilit\\u00e9 de panachage des s\\u00e9quences de production.<\\\/li>\\n\n\n<li>Surveillance permanente des param\\u00e8tres (chimie, valeur pH, temp\\u00e9rature, dosage, MTO, conductivit\\u00e9,\\u00a0d\\u00e9bit d\\u2018eau et d\\u2018air, etc.).<\\\/li>\\n\n\n<li>Pilotage des redresseurs ( DC et Pulse Reverse).<\\\/li>\\n\n\n<li>Possibilit\\u00e9 de surveiller les param\\u00e8tres depuis un poste distant ou un PC portable<\\\/li>\\n\n\n<li>Service de diagnostic \\\/ support STS \\u00e0 distance par modem \\\/ internet.<\\\/li>\\n\n\n<li>Logiciel simplifi\\u00e9 Touch Panel<\\\/li>\\n<\\\/ul>\",\"margin\":\"default\",\"text_align\":\"left\"}}]},{\"type\":\"column\",\"props\":{\"image_position\":\"center-center\",\"position_sticky_breakpoint\":\"m\",\"width_medium\":\"1-3\"},\"children\":[{\"type\":\"image\",\"props\":{\"image\":\"wp-content\\\/uploads\\\/2022\\\/10\\\/Software4.png\",\"image_svg_color\":\"emphasis\",\"margin\":\"default\"}},{\"type\":\"image\",\"props\":{\"image\":\"wp-content\\\/uploads\\\/2022\\\/10\\\/Software2.png\",\"image_svg_color\":\"emphasis\",\"margin\":\"default\"}},{\"type\":\"image\",\"props\":{\"image\":\"wp-content\\\/uploads\\\/2022\\\/10\\\/Software1.png\",\"image_svg_color\":\"emphasis\",\"margin\":\"default\"}}]}],\"props\":{\"layout\":\"2-3,1-3\"}},{\"type\":\"row\",\"children\":[{\"type\":\"column\",\"props\":{\"image_position\":\"center-center\",\"position_sticky_breakpoint\":\"m\"}}]}],\"modified\":\"2022-03-02T13:55:47.959Z\",\"name\":\"texte avec puce\"},{\"type\":\"section\",\"props\":{\"image\":\"wp-content\\\/uploads\\\/2023\\\/12\\\/DSC08739.jpg\",\"image_effect\":\"fixed\",\"image_position\":\"center-center\",\"image_size\":\"cover\",\"media_overlay\":\"rgba(0, 0, 0, 0.25)\",\"style\":\"default\",\"title_breakpoint\":\"xl\",\"title_position\":\"top-left\",\"title_rotation\":\"left\",\"vertical_align\":\"middle\",\"width\":\"expand\"},\"children\":[{\"type\":\"row\",\"children\":[{\"type\":\"column\",\"props\":{\"image_position\":\"center-center\",\"position_sticky_breakpoint\":\"m\"}}]}]},{\"type\":\"section\",\"props\":{\"image_position\":\"center-center\",\"style\":\"default\",\"title_breakpoint\":\"xl\",\"title_position\":\"top-left\",\"title_rotation\":\"left\",\"vertical_align\":\"middle\",\"width\":\"default\"},\"children\":[{\"type\":\"row\",\"children\":[{\"type\":\"column\",\"props\":{\"image_position\":\"center-center\",\"position_sticky_breakpoint\":\"m\"},\"children\":[{\"type\":\"divider\",\"props\":{\"divider_element\":\"hr\",\"divider_style\":\"icon\"}},{\"type\":\"headline\",\"props\":{\"content\":\"\n\n<h2 style=\\\"text-align: center;\\\">Une demande sp\\u00e9cifique ? Parlons-en.<\\\/h2>\",\"text_align\":\"center\",\"title_element\":\"h1\"}},{\"type\":\"text\",\"props\":{\"column_breakpoint\":\"m\",\"content\":\"\n\n<p class=\\\"p1\\\">Nous accompagnons les entreprises dans la cr\\u00e9ation de leurs \\u00e9quipements de production depuis 1975. Nos sp\\u00e9cialistes sauront vous conseiller au mieux afin de cr\\u00e9er la machine qu\\u2019il vous faut pour les ann\\u00e9es \\u00e0 venir.<\\\/p>\",\"margin\":\"default\",\"text_align\":\"center\"}},{\"type\":\"button\",\"props\":{\"grid_column_gap\":\"small\",\"grid_row_gap\":\"small\",\"margin\":\"default\",\"text_align\":\"center\"},\"children\":[{\"type\":\"button_item\",\"props\":{\"button_style\":\"default\",\"content\":\"contactez-nous\",\"icon_align\":\"left\",\"link\":\"contact\\\/\"}}]}]}]}],\"name\":\"call to action contact final\"}],\"version\":\"4.3.3\"} --><\/p>\n","protected":false},"excerpt":{"rendered":"<p>Automation \/ Software Automation \/ Software STS fournit une prestation compl\u00e8te comprenant l\u2018ing\u00e9nierie, la ligne de traitements de surfaces, l\u2018armoire \u00e9lectrique, l\u2018automation, le logiciel de pilotage et de supervision (bas\u00e9 sur le logiciel de\u00a0VK Vision SA), ainsi que la mise en service et l\u2018entretien de la machine. Le pilotage de la ligne de galvanoplastie est [&hellip;]<\/p>\n","protected":false},"author":6,"featured_media":0,"parent":447,"menu_order":0,"comment_status":"closed","ping_status":"closed","template":"","meta":{"footnotes":""},"class_list":["post-1382","page","type-page","status-publish","hentry"],"yoast_head":"<!-- This site is optimized with the Yoast SEO plugin v27.4 - https:\/\/yoast.com\/product\/yoast-seo-wordpress\/ -->\n<title>Automation \/ Software - stsindustrie.com<\/title>\n<meta name=\"robots\" content=\"index, follow, max-snippet:-1, max-image-preview:large, max-video-preview:-1\" \/>\n<link rel=\"canonical\" href=\"https:\/\/stsindustrie.com\/en\/installations-et-services\/services\/automation-software\/\" \/>\n<meta property=\"og:locale\" content=\"en_GB\" \/>\n<meta property=\"og:type\" content=\"article\" \/>\n<meta property=\"og:title\" content=\"Automation \/ Software - stsindustrie.com\" \/>\n<meta property=\"og:description\" content=\"Automation \/ Software Automation \/ Software STS fournit une prestation compl\u00e8te comprenant l\u2018ing\u00e9nierie, la ligne de traitements de surfaces, l\u2018armoire \u00e9lectrique, l\u2018automation, le logiciel de pilotage et de supervision (bas\u00e9 sur le logiciel de\u00a0VK Vision SA), ainsi que la mise en service et l\u2018entretien de la machine. Le pilotage de la ligne de galvanoplastie est [&hellip;]\" \/>\n<meta property=\"og:url\" content=\"https:\/\/stsindustrie.com\/en\/installations-et-services\/services\/automation-software\/\" \/>\n<meta property=\"og:site_name\" content=\"stsindustrie.com\" \/>\n<meta property=\"article:modified_time\" content=\"2024-02-21T13:40:58+00:00\" \/>\n<meta name=\"twitter:card\" content=\"summary_large_image\" \/>\n<script type=\"application\/ld+json\" class=\"yoast-schema-graph\">{\"@context\":\"https:\\\/\\\/schema.org\",\"@graph\":[{\"@type\":\"WebPage\",\"@id\":\"https:\\\/\\\/stsindustrie.com\\\/installations-et-services\\\/services\\\/automation-software\\\/\",\"url\":\"https:\\\/\\\/stsindustrie.com\\\/installations-et-services\\\/services\\\/automation-software\\\/\",\"name\":\"Automation \\\/ Software - stsindustrie.com\",\"isPartOf\":{\"@id\":\"https:\\\/\\\/stsindustrie.com\\\/#website\"},\"datePublished\":\"2022-10-20T09:28:27+00:00\",\"dateModified\":\"2024-02-21T13:40:58+00:00\",\"breadcrumb\":{\"@id\":\"https:\\\/\\\/stsindustrie.com\\\/installations-et-services\\\/services\\\/automation-software\\\/#breadcrumb\"},\"inLanguage\":\"en-GB\",\"potentialAction\":[{\"@type\":\"ReadAction\",\"target\":[\"https:\\\/\\\/stsindustrie.com\\\/installations-et-services\\\/services\\\/automation-software\\\/\"]}]},{\"@type\":\"BreadcrumbList\",\"@id\":\"https:\\\/\\\/stsindustrie.com\\\/installations-et-services\\\/services\\\/automation-software\\\/#breadcrumb\",\"itemListElement\":[{\"@type\":\"ListItem\",\"position\":1,\"name\":\"Accueil\",\"item\":\"https:\\\/\\\/stsindustrie.com\\\/\"},{\"@type\":\"ListItem\",\"position\":2,\"name\":\"Installations et services\",\"item\":\"https:\\\/\\\/stsindustrie.com\\\/installations-et-services\\\/\"},{\"@type\":\"ListItem\",\"position\":3,\"name\":\"Services\",\"item\":\"https:\\\/\\\/stsindustrie.com\\\/installations-et-services\\\/services\\\/\"},{\"@type\":\"ListItem\",\"position\":4,\"name\":\"Automation \\\/ Software\"}]},{\"@type\":\"WebSite\",\"@id\":\"https:\\\/\\\/stsindustrie.com\\\/#website\",\"url\":\"https:\\\/\\\/stsindustrie.com\\\/\",\"name\":\"stsindustrie.com\",\"description\":\"\",\"publisher\":{\"@id\":\"https:\\\/\\\/stsindustrie.com\\\/#organization\"},\"potentialAction\":[{\"@type\":\"SearchAction\",\"target\":{\"@type\":\"EntryPoint\",\"urlTemplate\":\"https:\\\/\\\/stsindustrie.com\\\/?s={search_term_string}\"},\"query-input\":{\"@type\":\"PropertyValueSpecification\",\"valueRequired\":true,\"valueName\":\"search_term_string\"}}],\"inLanguage\":\"en-GB\"},{\"@type\":\"Organization\",\"@id\":\"https:\\\/\\\/stsindustrie.com\\\/#organization\",\"name\":\"STS Industrie SA\",\"url\":\"https:\\\/\\\/stsindustrie.com\\\/\",\"logo\":{\"@type\":\"ImageObject\",\"inLanguage\":\"en-GB\",\"@id\":\"https:\\\/\\\/stsindustrie.com\\\/#\\\/schema\\\/logo\\\/image\\\/\",\"url\":\"https:\\\/\\\/stsindustrie.com\\\/wp-content\\\/uploads\\\/2022\\\/02\\\/logoflavicon.png\",\"contentUrl\":\"https:\\\/\\\/stsindustrie.com\\\/wp-content\\\/uploads\\\/2022\\\/02\\\/logoflavicon.png\",\"width\":150,\"height\":150,\"caption\":\"STS Industrie SA\"},\"image\":{\"@id\":\"https:\\\/\\\/stsindustrie.com\\\/#\\\/schema\\\/logo\\\/image\\\/\"},\"sameAs\":[\"https:\\\/\\\/www.linkedin.com\\\/company\\\/sts-industrie-sa\\\/\"]}]}<\/script>\n<!-- \/ Yoast SEO plugin. -->","yoast_head_json":{"title":"Automation \/ Software - stsindustrie.com","robots":{"index":"index","follow":"follow","max-snippet":"max-snippet:-1","max-image-preview":"max-image-preview:large","max-video-preview":"max-video-preview:-1"},"canonical":"https:\/\/stsindustrie.com\/en\/installations-et-services\/services\/automation-software\/","og_locale":"en_GB","og_type":"article","og_title":"Automation \/ Software - stsindustrie.com","og_description":"Automation \/ Software Automation \/ Software STS fournit une prestation compl\u00e8te comprenant l\u2018ing\u00e9nierie, la ligne de traitements de surfaces, l\u2018armoire \u00e9lectrique, l\u2018automation, le logiciel de pilotage et de supervision (bas\u00e9 sur le logiciel de\u00a0VK Vision SA), ainsi que la mise en service et l\u2018entretien de la machine. Le pilotage de la ligne de galvanoplastie est [&hellip;]","og_url":"https:\/\/stsindustrie.com\/en\/installations-et-services\/services\/automation-software\/","og_site_name":"stsindustrie.com","article_modified_time":"2024-02-21T13:40:58+00:00","twitter_card":"summary_large_image","schema":{"@context":"https:\/\/schema.org","@graph":[{"@type":"WebPage","@id":"https:\/\/stsindustrie.com\/installations-et-services\/services\/automation-software\/","url":"https:\/\/stsindustrie.com\/installations-et-services\/services\/automation-software\/","name":"Automation \/ Software - stsindustrie.com","isPartOf":{"@id":"https:\/\/stsindustrie.com\/#website"},"datePublished":"2022-10-20T09:28:27+00:00","dateModified":"2024-02-21T13:40:58+00:00","breadcrumb":{"@id":"https:\/\/stsindustrie.com\/installations-et-services\/services\/automation-software\/#breadcrumb"},"inLanguage":"en-GB","potentialAction":[{"@type":"ReadAction","target":["https:\/\/stsindustrie.com\/installations-et-services\/services\/automation-software\/"]}]},{"@type":"BreadcrumbList","@id":"https:\/\/stsindustrie.com\/installations-et-services\/services\/automation-software\/#breadcrumb","itemListElement":[{"@type":"ListItem","position":1,"name":"Accueil","item":"https:\/\/stsindustrie.com\/"},{"@type":"ListItem","position":2,"name":"Installations et services","item":"https:\/\/stsindustrie.com\/installations-et-services\/"},{"@type":"ListItem","position":3,"name":"Services","item":"https:\/\/stsindustrie.com\/installations-et-services\/services\/"},{"@type":"ListItem","position":4,"name":"Automation \/ Software"}]},{"@type":"WebSite","@id":"https:\/\/stsindustrie.com\/#website","url":"https:\/\/stsindustrie.com\/","name":"stsindustrie.com","description":"","publisher":{"@id":"https:\/\/stsindustrie.com\/#organization"},"potentialAction":[{"@type":"SearchAction","target":{"@type":"EntryPoint","urlTemplate":"https:\/\/stsindustrie.com\/?s={search_term_string}"},"query-input":{"@type":"PropertyValueSpecification","valueRequired":true,"valueName":"search_term_string"}}],"inLanguage":"en-GB"},{"@type":"Organization","@id":"https:\/\/stsindustrie.com\/#organization","name":"STS Industrie SA","url":"https:\/\/stsindustrie.com\/","logo":{"@type":"ImageObject","inLanguage":"en-GB","@id":"https:\/\/stsindustrie.com\/#\/schema\/logo\/image\/","url":"https:\/\/stsindustrie.com\/wp-content\/uploads\/2022\/02\/logoflavicon.png","contentUrl":"https:\/\/stsindustrie.com\/wp-content\/uploads\/2022\/02\/logoflavicon.png","width":150,"height":150,"caption":"STS Industrie SA"},"image":{"@id":"https:\/\/stsindustrie.com\/#\/schema\/logo\/image\/"},"sameAs":["https:\/\/www.linkedin.com\/company\/sts-industrie-sa\/"]}]}},"_links":{"self":[{"href":"https:\/\/stsindustrie.com\/en\/wp-json\/wp\/v2\/pages\/1382","targetHints":{"allow":["GET"]}}],"collection":[{"href":"https:\/\/stsindustrie.com\/en\/wp-json\/wp\/v2\/pages"}],"about":[{"href":"https:\/\/stsindustrie.com\/en\/wp-json\/wp\/v2\/types\/page"}],"author":[{"embeddable":true,"href":"https:\/\/stsindustrie.com\/en\/wp-json\/wp\/v2\/users\/6"}],"replies":[{"embeddable":true,"href":"https:\/\/stsindustrie.com\/en\/wp-json\/wp\/v2\/comments?post=1382"}],"version-history":[{"count":10,"href":"https:\/\/stsindustrie.com\/en\/wp-json\/wp\/v2\/pages\/1382\/revisions"}],"predecessor-version":[{"id":1875,"href":"https:\/\/stsindustrie.com\/en\/wp-json\/wp\/v2\/pages\/1382\/revisions\/1875"}],"up":[{"embeddable":true,"href":"https:\/\/stsindustrie.com\/en\/wp-json\/wp\/v2\/pages\/447"}],"wp:attachment":[{"href":"https:\/\/stsindustrie.com\/en\/wp-json\/wp\/v2\/media?parent=1382"}],"curies":[{"name":"wp","href":"https:\/\/api.w.org\/{rel}","templated":true}]}}