{"id":1299,"date":"2022-10-05T19:41:21","date_gmt":"2022-10-05T17:41:21","guid":{"rendered":"https:\/\/new-stsindustrie.com\/?page_id=1299"},"modified":"2024-04-05T16:20:58","modified_gmt":"2024-04-05T14:20:58","slug":"vibrobot","status":"publish","type":"page","link":"https:\/\/stsindustrie.com\/en\/installations-et-services\/installations\/vibrobot\/","title":{"rendered":"VIBROBOT \u00ae"},"content":{"rendered":"<h1>\n<p class=\"jeremy\"><strong>VIBROBOT<sup>\u00a0\u00ae<\/sup><\/strong><\/p>\n<\/h1>\n<h5>\n<p>VIBROBOT<sup><span>\u00a0<\/span>\u00ae<\/sup><\/p>\n<ul><\/ul>\n<\/h5>\n<div>\n<p class=\"bodytext\">D\u00e9velopp\u00e9 il y a plus de 30 ans, le VIBROBOT\u00ae a \u00e9t\u00e9 continuellement am\u00e9lior\u00e9. 2 techniques cl\u00e9s d\u00e9finissent le \u00ae VIBROBOT .<\/p>\n<ul>\n<li>Le transfert des \u00e9lectrolytes dans une cuve de traitement unique.<\/li>\n<li>L&rsquo;agitation des pi\u00e8ces par vibration.<\/li>\n<\/ul>\n<p class=\"bodytext\">La combinaison de ces deux fonctions fait du VIBROBOT\u00ae un \u00e9quipement compact, puissant, fiable et \u00e9cologique.<\/p>\n<h4>Description de nos VIBROBOT\u00ae<\/h4>\n<ul>\n<li>Une seule cuve de traitement.<\/li>\n<li>4 ou 8 cuves de bain.<\/li>\n<li>1 anode fixe et jusqu&rsquo;\u00e0 2 anodes mobiles.<\/li>\n<li>Entr\u00e9e et sortie d&rsquo;eau pour le syst\u00e8me de rin\u00e7age.<\/li>\n<li>Vibrateur avec technologie de r\u00e9gulation automatique.<\/li>\n<li>Interface homme-machine claire et facile \u00e0 comprendre.<\/li>\n<\/ul>\n<h4>Les fonctions cl\u00e9 de nos VIBROBOT\u00ae<\/h4>\n<h4>Le transfert de bain<\/h4>\n<p class=\"bodytext\">Les diff\u00e9rents liquides de bain sont stock\u00e9s dans des cuves s\u00e9par\u00e9es situ\u00e9es sous la cuve de traitement. Leur conception en mat\u00e9riau totalement herm\u00e9tique emp\u00eache l&rsquo;\u00e9vaporation des solutions dans l&rsquo;atmosph\u00e8re. Le transfert entre bains d&rsquo;une cuve de bain vers la cuve de traitement est effectu\u00e9 par injection d&rsquo;air comprim\u00e9 dans la cuve de bain. Le bain est conduit par un syst\u00e8me de siphon appropri\u00e9. En fin de processus, le bain reflue de la m\u00eame mani\u00e8re par gravit\u00e9. Pendant tout ce processus, le bain dans la cuve de traitement est d\u00e9plac\u00e9 de haut en bas afin de renouveler l&rsquo;\u00e9lectrolyte.<\/p>\n<\/div>\n<p><img decoding=\"async\" src=\"\/wp-content\/uploads\/2023\/11\/DSC09154.jpg\" alt=\"\"><\/p>\n<hr>\n<p><img decoding=\"async\" src=\"\/wp-content\/uploads\/2023\/11\/DSC09161.jpg\" alt=\"\"><\/p>\n<hr>\n<p><video src=\"\/wp-content\/uploads\/2023\/11\/sts_johnson.mov\" poster=\"\"><\/video><\/p>\n<hr>\n<h1>\n<h2 style=\"text-align: center;\">Une demande sp\u00e9cifique ? Parlons-en.<\/h2>\n<\/h1>\n<div>\n<p class=\"p1\">Nous accompagnons les entreprises dans la cr\u00e9ation de leurs \u00e9quipements de production depuis 1975. Nos sp\u00e9cialistes sauront vous conseiller au mieux afin de cr\u00e9er la machine qu\u2019il vous faut pour les ann\u00e9es \u00e0 venir.<\/p>\n<\/div>\n<p>\n    <a href=\"\/contact\/\">contactez-nous<\/a>\n<\/p>\n<p><!--more--><br \/>\n<!-- {\"type\":\"layout\",\"children\":[{\"type\":\"section\",\"props\":{\"height\":\"section\",\"height_offset_top\":true,\"image\":\"wp-content\\\/uploads\\\/2023\\\/11\\\/DSC09100.jpg\",\"image_position\":\"center-center\",\"image_size\":\"width-1-1\",\"media_overlay\":\"rgba(0, 0, 0, 0.4)\",\"style\":\"default\",\"title_breakpoint\":\"xl\",\"title_position\":\"top-left\",\"title_rotation\":\"left\",\"vertical_align\":\"middle\",\"width\":\"default\"},\"children\":[{\"type\":\"row\",\"children\":[{\"type\":\"column\",\"props\":{\"image_position\":\"center-center\",\"position_sticky_breakpoint\":\"m\"},\"children\":[{\"type\":\"headline\",\"props\":{\"content\":\"\n\n<p class=\\\"jeremy\\\"><strong>VIBROBOT<sup>\\u00a0\\u00ae<\\\/sup><\\\/strong><\\\/p>\",\"text_align\":\"center\",\"title_color\":\"warning\",\"title_element\":\"h1\"}}]}]}],\"name\":\"HEADER PAGE SECONDAIRE\"},{\"type\":\"section\",\"props\":{\"image_position\":\"center-center\",\"padding\":\"small\",\"padding_remove_top\":false,\"style\":\"default\",\"title_breakpoint\":\"xl\",\"title_position\":\"top-left\",\"title_rotation\":\"left\",\"vertical_align\":\"middle\",\"width\":\"default\"},\"children\":[{\"type\":\"row\",\"children\":[{\"type\":\"column\",\"props\":{\"image_position\":\"center-center\",\"position_sticky_breakpoint\":\"m\",\"width_medium\":\"1-2\"},\"children\":[{\"type\":\"headline\",\"props\":{\"content\":\"\n\n<p>VIBROBOT<sup><span>\\u00a0<\\\/span>\\u00ae<\\\/sup><\\\/p>\\n\n\n<ul><\\\/ul>\",\"text_align\":\"left\",\"title_element\":\"h5\",\"title_style\":\"h4\"}},{\"type\":\"text\",\"props\":{\"column_breakpoint\":\"m\",\"content\":\"\n\n<p class=\\\"bodytext\\\">D\\u00e9velopp\\u00e9 il y a plus de 30 ans, le VIBROBOT\\u00ae a \\u00e9t\\u00e9 continuellement am\\u00e9lior\\u00e9. 2 techniques cl\\u00e9s d\\u00e9finissent le \\u00ae VIBROBOT .<\\\/p>\\n\n\n<ul>\\n\n\n<li>Le transfert des \\u00e9lectrolytes dans une cuve de traitement unique.<\\\/li>\\n\n\n<li>L'agitation des pi\\u00e8ces par vibration.<\\\/li>\\n<\\\/ul>\\n\n\n<p class=\\\"bodytext\\\">La combinaison de ces deux fonctions fait du VIBROBOT\\u00ae un \\u00e9quipement compact, puissant, fiable et \\u00e9cologique.<\\\/p>\\n\n\n<h4>Description de nos VIBROBOT\\u00ae<\\\/h4>\\n\n\n<ul>\\n\n\n<li>Une seule cuve de traitement.<\\\/li>\\n\n\n<li>4 ou 8 cuves de bain.<\\\/li>\\n\n\n<li>1 anode fixe et jusqu'\\u00e0 2 anodes mobiles.<\\\/li>\\n\n\n<li>Entr\\u00e9e et sortie d'eau pour le syst\\u00e8me de rin\\u00e7age.<\\\/li>\\n\n\n<li>Vibrateur avec technologie de r\\u00e9gulation automatique.<\\\/li>\\n\n\n<li>Interface homme-machine claire et facile \\u00e0 comprendre.<\\\/li>\\n<\\\/ul>\\n\n\n<h4>Les fonctions cl\\u00e9 de nos VIBROBOT\\u00ae<\\\/h4>\\n\n\n<h4>Le transfert de bain<\\\/h4>\\n\n\n<p class=\\\"bodytext\\\">Les diff\\u00e9rents liquides de bain sont stock\\u00e9s dans des cuves s\\u00e9par\\u00e9es situ\\u00e9es sous la cuve de traitement. Leur conception en mat\\u00e9riau totalement herm\\u00e9tique emp\\u00eache l'\\u00e9vaporation des solutions dans l'atmosph\\u00e8re. Le transfert entre bains d'une cuve de bain vers la cuve de traitement est effectu\\u00e9 par injection d'air comprim\\u00e9 dans la cuve de bain. Le bain est conduit par un syst\\u00e8me de siphon appropri\\u00e9. En fin de processus, le bain reflue de la m\\u00eame mani\\u00e8re par gravit\\u00e9. Pendant tout ce processus, le bain dans la cuve de traitement est d\\u00e9plac\\u00e9 de haut en bas afin de renouveler l'\\u00e9lectrolyte.<\\\/p>\",\"margin\":\"default\",\"text_align\":\"left\"}}]},{\"type\":\"column\",\"props\":{\"image_position\":\"center-center\",\"position_sticky_breakpoint\":\"m\",\"width_medium\":\"1-2\"},\"children\":[{\"type\":\"image\",\"props\":{\"image\":\"wp-content\\\/uploads\\\/2023\\\/11\\\/DSC09154.jpg\",\"image_svg_color\":\"emphasis\",\"margin\":\"default\"}},{\"type\":\"divider\",\"props\":{\"divider_element\":\"hr\",\"divider_style\":\"vertical\"}},{\"type\":\"image\",\"props\":{\"image\":\"wp-content\\\/uploads\\\/2023\\\/11\\\/DSC09161.jpg\",\"image_svg_color\":\"emphasis\",\"margin\":\"default\"}}]}],\"props\":{\"layout\":\"1-2,1-2\"}}],\"modified\":\"2022-03-02T13:55:47.959Z\",\"name\":\"texte avec puce\"},{\"type\":\"section\",\"props\":{\"image\":\"wp-content\\\/uploads\\\/2023\\\/11\\\/DSC09080.jpg\",\"image_effect\":\"fixed\",\"image_position\":\"center-center\",\"media_overlay\":\"rgba(0, 0, 0, 0.25)\",\"style\":\"default\",\"title_breakpoint\":\"xl\",\"title_position\":\"top-left\",\"title_rotation\":\"left\",\"vertical_align\":\"middle\",\"width\":\"default\"},\"children\":[{\"type\":\"row\",\"children\":[{\"type\":\"column\",\"props\":{\"image_position\":\"center-center\",\"position_sticky_breakpoint\":\"m\"},\"children\":[{\"type\":\"divider\",\"props\":{\"divider_element\":\"hr\",\"divider_style\":\"vertical\"}}]}]}]},{\"type\":\"section\",\"props\":{\"image_position\":\"center-center\",\"style\":\"default\",\"title_breakpoint\":\"xl\",\"title_position\":\"top-left\",\"title_rotation\":\"left\",\"vertical_align\":\"middle\",\"width\":\"default\"},\"children\":[{\"type\":\"row\",\"children\":[{\"type\":\"column\",\"props\":{\"image_position\":\"center-center\",\"position_sticky_breakpoint\":\"m\"},\"children\":[{\"type\":\"video\",\"props\":{\"margin\":\"default\",\"video\":\"wp-content\\\/uploads\\\/2023\\\/11\\\/sts_johnson.mov\",\"video_controls\":true}}]}]}]},{\"type\":\"section\",\"props\":{\"image_position\":\"center-center\",\"style\":\"default\",\"title_breakpoint\":\"xl\",\"title_position\":\"top-left\",\"title_rotation\":\"left\",\"vertical_align\":\"middle\",\"width\":\"default\"},\"children\":[{\"type\":\"row\",\"children\":[{\"type\":\"column\",\"props\":{\"image_position\":\"center-center\",\"position_sticky_breakpoint\":\"m\"},\"children\":[{\"type\":\"divider\",\"props\":{\"divider_element\":\"hr\",\"divider_style\":\"icon\"}},{\"type\":\"headline\",\"props\":{\"content\":\"\n\n<h2 style=\\\"text-align: center;\\\">Une demande sp\\u00e9cifique ? Parlons-en.<\\\/h2>\",\"text_align\":\"center\",\"title_element\":\"h1\"}},{\"type\":\"text\",\"props\":{\"column_breakpoint\":\"m\",\"content\":\"\n\n<p class=\\\"p1\\\">Nous accompagnons les entreprises dans la cr\\u00e9ation de leurs \\u00e9quipements de production depuis 1975. Nos sp\\u00e9cialistes sauront vous conseiller au mieux afin de cr\\u00e9er la machine qu\\u2019il vous faut pour les ann\\u00e9es \\u00e0 venir.<\\\/p>\",\"margin\":\"default\",\"text_align\":\"center\"}},{\"type\":\"button\",\"props\":{\"grid_column_gap\":\"small\",\"grid_row_gap\":\"small\",\"margin\":\"default\",\"text_align\":\"center\"},\"children\":[{\"type\":\"button_item\",\"props\":{\"button_style\":\"default\",\"content\":\"contactez-nous\",\"icon_align\":\"left\",\"link\":\"contact\\\/\"}}]}]}]}],\"name\":\"call to action contact final\"}],\"version\":\"4.3.3\"} --><\/p>\n","protected":false},"excerpt":{"rendered":"<p>VIBROBOT\u00a0\u00ae VIBROBOT\u00a0\u00ae D\u00e9velopp\u00e9 il y a plus de 30 ans, le VIBROBOT\u00ae a \u00e9t\u00e9 continuellement am\u00e9lior\u00e9. 2 techniques cl\u00e9s d\u00e9finissent le \u00ae VIBROBOT . Le transfert des \u00e9lectrolytes dans une cuve de traitement unique. L&rsquo;agitation des pi\u00e8ces par vibration. La combinaison de ces deux fonctions fait du VIBROBOT\u00ae un \u00e9quipement compact, puissant, fiable et \u00e9cologique. [&hellip;]<\/p>\n","protected":false},"author":6,"featured_media":0,"parent":396,"menu_order":0,"comment_status":"closed","ping_status":"closed","template":"","meta":{"footnotes":""},"class_list":["post-1299","page","type-page","status-publish","hentry"],"yoast_head":"<!-- This site is optimized with the Yoast SEO plugin v27.4 - https:\/\/yoast.com\/product\/yoast-seo-wordpress\/ -->\n<title>VIBROBOT \u00ae - stsindustrie.com<\/title>\n<meta name=\"robots\" content=\"index, follow, max-snippet:-1, max-image-preview:large, max-video-preview:-1\" \/>\n<link rel=\"canonical\" href=\"https:\/\/stsindustrie.com\/en\/installations-et-services\/installations\/vibrobot\/\" \/>\n<meta property=\"og:locale\" content=\"en_GB\" \/>\n<meta property=\"og:type\" content=\"article\" \/>\n<meta property=\"og:title\" content=\"VIBROBOT \u00ae - stsindustrie.com\" \/>\n<meta property=\"og:description\" content=\"VIBROBOT\u00a0\u00ae VIBROBOT\u00a0\u00ae D\u00e9velopp\u00e9 il y a plus de 30 ans, le VIBROBOT\u00ae a \u00e9t\u00e9 continuellement am\u00e9lior\u00e9. 2 techniques cl\u00e9s d\u00e9finissent le \u00ae VIBROBOT . Le transfert des \u00e9lectrolytes dans une cuve de traitement unique. L&rsquo;agitation des pi\u00e8ces par vibration. La combinaison de ces deux fonctions fait du VIBROBOT\u00ae un \u00e9quipement compact, puissant, fiable et \u00e9cologique. [&hellip;]\" \/>\n<meta property=\"og:url\" content=\"https:\/\/stsindustrie.com\/en\/installations-et-services\/installations\/vibrobot\/\" \/>\n<meta property=\"og:site_name\" content=\"stsindustrie.com\" \/>\n<meta property=\"article:modified_time\" content=\"2024-04-05T14:20:58+00:00\" \/>\n<meta name=\"twitter:card\" content=\"summary_large_image\" \/>\n<script type=\"application\/ld+json\" class=\"yoast-schema-graph\">{\"@context\":\"https:\\\/\\\/schema.org\",\"@graph\":[{\"@type\":\"WebPage\",\"@id\":\"https:\\\/\\\/stsindustrie.com\\\/installations-et-services\\\/installations\\\/vibrobot\\\/\",\"url\":\"https:\\\/\\\/stsindustrie.com\\\/installations-et-services\\\/installations\\\/vibrobot\\\/\",\"name\":\"VIBROBOT \u00ae - stsindustrie.com\",\"isPartOf\":{\"@id\":\"https:\\\/\\\/stsindustrie.com\\\/#website\"},\"datePublished\":\"2022-10-05T17:41:21+00:00\",\"dateModified\":\"2024-04-05T14:20:58+00:00\",\"breadcrumb\":{\"@id\":\"https:\\\/\\\/stsindustrie.com\\\/installations-et-services\\\/installations\\\/vibrobot\\\/#breadcrumb\"},\"inLanguage\":\"en-GB\",\"potentialAction\":[{\"@type\":\"ReadAction\",\"target\":[\"https:\\\/\\\/stsindustrie.com\\\/installations-et-services\\\/installations\\\/vibrobot\\\/\"]}]},{\"@type\":\"BreadcrumbList\",\"@id\":\"https:\\\/\\\/stsindustrie.com\\\/installations-et-services\\\/installations\\\/vibrobot\\\/#breadcrumb\",\"itemListElement\":[{\"@type\":\"ListItem\",\"position\":1,\"name\":\"Accueil\",\"item\":\"https:\\\/\\\/stsindustrie.com\\\/\"},{\"@type\":\"ListItem\",\"position\":2,\"name\":\"Installations et services\",\"item\":\"https:\\\/\\\/stsindustrie.com\\\/installations-et-services\\\/\"},{\"@type\":\"ListItem\",\"position\":3,\"name\":\"Installations\",\"item\":\"https:\\\/\\\/stsindustrie.com\\\/installations-et-services\\\/installations\\\/\"},{\"@type\":\"ListItem\",\"position\":4,\"name\":\"VIBROBOT \u00ae\"}]},{\"@type\":\"WebSite\",\"@id\":\"https:\\\/\\\/stsindustrie.com\\\/#website\",\"url\":\"https:\\\/\\\/stsindustrie.com\\\/\",\"name\":\"stsindustrie.com\",\"description\":\"\",\"publisher\":{\"@id\":\"https:\\\/\\\/stsindustrie.com\\\/#organization\"},\"potentialAction\":[{\"@type\":\"SearchAction\",\"target\":{\"@type\":\"EntryPoint\",\"urlTemplate\":\"https:\\\/\\\/stsindustrie.com\\\/?s={search_term_string}\"},\"query-input\":{\"@type\":\"PropertyValueSpecification\",\"valueRequired\":true,\"valueName\":\"search_term_string\"}}],\"inLanguage\":\"en-GB\"},{\"@type\":\"Organization\",\"@id\":\"https:\\\/\\\/stsindustrie.com\\\/#organization\",\"name\":\"STS Industrie SA\",\"url\":\"https:\\\/\\\/stsindustrie.com\\\/\",\"logo\":{\"@type\":\"ImageObject\",\"inLanguage\":\"en-GB\",\"@id\":\"https:\\\/\\\/stsindustrie.com\\\/#\\\/schema\\\/logo\\\/image\\\/\",\"url\":\"https:\\\/\\\/stsindustrie.com\\\/wp-content\\\/uploads\\\/2022\\\/02\\\/logoflavicon.png\",\"contentUrl\":\"https:\\\/\\\/stsindustrie.com\\\/wp-content\\\/uploads\\\/2022\\\/02\\\/logoflavicon.png\",\"width\":150,\"height\":150,\"caption\":\"STS Industrie SA\"},\"image\":{\"@id\":\"https:\\\/\\\/stsindustrie.com\\\/#\\\/schema\\\/logo\\\/image\\\/\"},\"sameAs\":[\"https:\\\/\\\/www.linkedin.com\\\/company\\\/sts-industrie-sa\\\/\"]}]}<\/script>\n<!-- \/ Yoast SEO plugin. -->","yoast_head_json":{"title":"VIBROBOT \u00ae - stsindustrie.com","robots":{"index":"index","follow":"follow","max-snippet":"max-snippet:-1","max-image-preview":"max-image-preview:large","max-video-preview":"max-video-preview:-1"},"canonical":"https:\/\/stsindustrie.com\/en\/installations-et-services\/installations\/vibrobot\/","og_locale":"en_GB","og_type":"article","og_title":"VIBROBOT \u00ae - stsindustrie.com","og_description":"VIBROBOT\u00a0\u00ae VIBROBOT\u00a0\u00ae D\u00e9velopp\u00e9 il y a plus de 30 ans, le VIBROBOT\u00ae a \u00e9t\u00e9 continuellement am\u00e9lior\u00e9. 2 techniques cl\u00e9s d\u00e9finissent le \u00ae VIBROBOT . Le transfert des \u00e9lectrolytes dans une cuve de traitement unique. L&rsquo;agitation des pi\u00e8ces par vibration. La combinaison de ces deux fonctions fait du VIBROBOT\u00ae un \u00e9quipement compact, puissant, fiable et \u00e9cologique. [&hellip;]","og_url":"https:\/\/stsindustrie.com\/en\/installations-et-services\/installations\/vibrobot\/","og_site_name":"stsindustrie.com","article_modified_time":"2024-04-05T14:20:58+00:00","twitter_card":"summary_large_image","schema":{"@context":"https:\/\/schema.org","@graph":[{"@type":"WebPage","@id":"https:\/\/stsindustrie.com\/installations-et-services\/installations\/vibrobot\/","url":"https:\/\/stsindustrie.com\/installations-et-services\/installations\/vibrobot\/","name":"VIBROBOT \u00ae - stsindustrie.com","isPartOf":{"@id":"https:\/\/stsindustrie.com\/#website"},"datePublished":"2022-10-05T17:41:21+00:00","dateModified":"2024-04-05T14:20:58+00:00","breadcrumb":{"@id":"https:\/\/stsindustrie.com\/installations-et-services\/installations\/vibrobot\/#breadcrumb"},"inLanguage":"en-GB","potentialAction":[{"@type":"ReadAction","target":["https:\/\/stsindustrie.com\/installations-et-services\/installations\/vibrobot\/"]}]},{"@type":"BreadcrumbList","@id":"https:\/\/stsindustrie.com\/installations-et-services\/installations\/vibrobot\/#breadcrumb","itemListElement":[{"@type":"ListItem","position":1,"name":"Accueil","item":"https:\/\/stsindustrie.com\/"},{"@type":"ListItem","position":2,"name":"Installations et services","item":"https:\/\/stsindustrie.com\/installations-et-services\/"},{"@type":"ListItem","position":3,"name":"Installations","item":"https:\/\/stsindustrie.com\/installations-et-services\/installations\/"},{"@type":"ListItem","position":4,"name":"VIBROBOT \u00ae"}]},{"@type":"WebSite","@id":"https:\/\/stsindustrie.com\/#website","url":"https:\/\/stsindustrie.com\/","name":"stsindustrie.com","description":"","publisher":{"@id":"https:\/\/stsindustrie.com\/#organization"},"potentialAction":[{"@type":"SearchAction","target":{"@type":"EntryPoint","urlTemplate":"https:\/\/stsindustrie.com\/?s={search_term_string}"},"query-input":{"@type":"PropertyValueSpecification","valueRequired":true,"valueName":"search_term_string"}}],"inLanguage":"en-GB"},{"@type":"Organization","@id":"https:\/\/stsindustrie.com\/#organization","name":"STS Industrie SA","url":"https:\/\/stsindustrie.com\/","logo":{"@type":"ImageObject","inLanguage":"en-GB","@id":"https:\/\/stsindustrie.com\/#\/schema\/logo\/image\/","url":"https:\/\/stsindustrie.com\/wp-content\/uploads\/2022\/02\/logoflavicon.png","contentUrl":"https:\/\/stsindustrie.com\/wp-content\/uploads\/2022\/02\/logoflavicon.png","width":150,"height":150,"caption":"STS Industrie SA"},"image":{"@id":"https:\/\/stsindustrie.com\/#\/schema\/logo\/image\/"},"sameAs":["https:\/\/www.linkedin.com\/company\/sts-industrie-sa\/"]}]}},"_links":{"self":[{"href":"https:\/\/stsindustrie.com\/en\/wp-json\/wp\/v2\/pages\/1299","targetHints":{"allow":["GET"]}}],"collection":[{"href":"https:\/\/stsindustrie.com\/en\/wp-json\/wp\/v2\/pages"}],"about":[{"href":"https:\/\/stsindustrie.com\/en\/wp-json\/wp\/v2\/types\/page"}],"author":[{"embeddable":true,"href":"https:\/\/stsindustrie.com\/en\/wp-json\/wp\/v2\/users\/6"}],"replies":[{"embeddable":true,"href":"https:\/\/stsindustrie.com\/en\/wp-json\/wp\/v2\/comments?post=1299"}],"version-history":[{"count":16,"href":"https:\/\/stsindustrie.com\/en\/wp-json\/wp\/v2\/pages\/1299\/revisions"}],"predecessor-version":[{"id":2149,"href":"https:\/\/stsindustrie.com\/en\/wp-json\/wp\/v2\/pages\/1299\/revisions\/2149"}],"up":[{"embeddable":true,"href":"https:\/\/stsindustrie.com\/en\/wp-json\/wp\/v2\/pages\/396"}],"wp:attachment":[{"href":"https:\/\/stsindustrie.com\/en\/wp-json\/wp\/v2\/media?parent=1299"}],"curies":[{"name":"wp","href":"https:\/\/api.w.org\/{rel}","templated":true}]}}