{"id":1238,"date":"2022-10-05T18:59:11","date_gmt":"2022-10-05T16:59:11","guid":{"rendered":"https:\/\/new-stsindustrie.com\/?page_id=1238"},"modified":"2024-04-05T16:38:10","modified_gmt":"2024-04-05T14:38:10","slug":"reel-to-reel","status":"publish","type":"page","link":"https:\/\/stsindustrie.com\/en\/installations-et-services\/installations\/reel-to-reel\/","title":{"rendered":"Reel to Reel"},"content":{"rendered":"<h1>\n<p><strong>REEL TO REEL<\/strong><\/p>\n<\/h1>\n<h5>\n<h2>Reel to Reel<\/h2>\n<ul><\/ul>\n<\/h5>\n<div>\n<p>La gamme d&rsquo;\u00e9quipements de placage s\u00e9lectif en continu \u00ab\u00a0S-MODULE\u00a0\u00bb, \u00e0 un ou deux brins, allie flexibilit\u00e9 et fiabilit\u00e9 pour une production optimale de haute qualit\u00e9. Cet \u00e9quipement a \u00e9t\u00e9 con\u00e7u pour r\u00e9pondre aux exigences de traitement de surface des fabricants de connecteurs et de semi-conducteurs d&rsquo;aujourd&rsquo;hui. Gr\u00e2ce \u00e0 sa conception modulaire, le changement de pi\u00e8ces ou de technologie de placage peut \u00eatre effectu\u00e9 rapidement et simplement.<\/p>\n<p>Dans le syst\u00e8me de cellules de traitement polyvalentes, une large gamme d&rsquo;accessoires et de t\u00eates de placage interchangeables est disponible, notamment pour le placage global, le placage \u00e0 grande vitesse, l&rsquo;immersion partielle, la cascade d&rsquo;ondes lat\u00e9rales, le placage \u00e0 la brosse et de nombreuses autres t\u00eates de placage con\u00e7ues sur mesure.<\/p>\n<p>Les unit\u00e9s de placage par points et de placage par bandes peuvent \u00e9galement \u00eatre fournies sous forme de modules autonomes facilement interchangeables et adaptables \u00e0 la plupart des \u00e9quipements de placage du march\u00e9.<\/p>\n<\/div>\n<h5>\n<h2>Spotter\u00a0Technology<\/h2>\n<ul><\/ul>\n<\/h5>\n<div>\n<p><strong>Spotter VT<\/strong><\/p>\n<p>Le SPOTTER-VT permet la m\u00e9tallisation de cadres semi-conducteurs plats ou de bornes de contact form\u00e9es avec des possibilit\u00e9s telles que la m\u00e9tallisation par points ou par bandes sur une ou deux faces simultan\u00e9ment, la m\u00e9tallisation pr\u00e9cise et exclusive Est\/Ouest des bords de contact ou la m\u00e9tallisation Nord\/Sud en ins\u00e9rant des formes de masquage en silicone entre les bornes de contact. (Plus d&rsquo;informations)<\/p>\n<p><strong>Spotter HS<\/strong><\/p>\n<p>Sur la version \u00ab\u00a0HSW\u00a0\u00bb, gr\u00e2ce \u00e0 un syst\u00e8me d&rsquo;entra\u00eenement nouvellement d\u00e9velopp\u00e9, les leadframes tr\u00e8s larges et fragiles, d&rsquo;une largeur allant jusqu&rsquo;\u00e0 160 mm, peuvent facilement \u00eatre plaqu\u00e9s par points sans d\u00e9formation gr\u00e2ce \u00e0 la force de traction. Le nouveau syst\u00e8me d&rsquo;entra\u00eenement du SPOTTER-HSW est compos\u00e9 de deux courroies de transport en titane munies de grips en caoutchouc et plac\u00e9es sous la cha\u00eene des maillons de masquage. Les courroies de transport et la courroie de masquage arri\u00e8re en caoutchouc sont entra\u00een\u00e9es simultan\u00e9ment \u00e0 la m\u00eame vitesse, ce qui permet d&rsquo;obtenir une plus grande pr\u00e9cision des points &#8211; pas de force de friction &#8211; et une pression de scellement des points plus \u00e9lev\u00e9e.\u00a0 (Plus d&rsquo;informations)<\/p>\n<p><strong>Masking Chain<\/strong><\/p>\n<p>D\u00e9velopp\u00e9 pour la gamme d&rsquo;\u00e9quipements SPOTTER, EESA pr\u00e9sente l&rsquo;outil de masquage de haute pr\u00e9cision pour le placage \u00e0 grande vitesse en mouvement continu sur des bandes de connecteurs ou des cadres de semi-conducteurs plats ou form\u00e9s en 3D.\u00a0 (Plus d&rsquo;informations)<\/p>\n<p><strong>Rainbow Cell<\/strong><\/p>\n<p>La cellule RAINBOW-CELL est sp\u00e9cialement con\u00e7ue pour traiter les bandes \u00e9paisses ayant un grand rayon de courbure qui ne peuvent pas \u00eatre charg\u00e9es autour des rouleaux de guidage d&rsquo;une unit\u00e9 de placage conventionnelle de type \u00ab\u00a0Wheel\u00a0\u00bb.\u00a0\u00a0 (Plus d&rsquo;informations)<\/p>\n<p><strong>Combi Cell<\/strong><\/p>\n<p>La *COMBI-CELL* est une unit\u00e9 de m\u00e9tallisation flexible pour la production de divers types de terminaux de connecteurs, qui n\u00e9cessitent une grande s\u00e9lectivit\u00e9 de m\u00e9tallisation et un temps de changement d&rsquo;outillage rapide. (Plus d&rsquo;information)<\/p>\n<p><strong>Spotter CS<\/strong><\/p>\n<p>EESA pr\u00e9sente le SPOTTER-CS, la derni\u00e8re cellule de m\u00e9tallisation s\u00e9lective *spot* pour le d\u00e9p\u00f4t en mouvement continu sur des leadframes en bande coup\u00e9e ou des composants en vrac. Le SPOTTER-CS est utilis\u00e9 dans la gamme d&rsquo;\u00e9quipements de m\u00e9tallisation \u00ab\u00a0LPP 1\/U\u00a0\u00bb.\u00a0 (Plus d&rsquo;informations)<\/p>\n<\/div>\n<ul>\n<li>\n<p>        <img decoding=\"async\" src=\"\/wp-content\/uploads\/2022\/10\/Capture-de%CC%81cran-2022-10-05-a%CC%80-19.04.14-scaled.jpg\" alt=\"\"><\/p>\n<\/li>\n<li>\n<p>        <img decoding=\"async\" src=\"\/wp-content\/uploads\/2022\/10\/Capture-de%CC%81cran-2022-10-05-a%CC%80-19.03.51-scaled.jpg\" alt=\"\"><\/p>\n<\/li>\n<li>\n<p>        <img decoding=\"async\" src=\"\/wp-content\/uploads\/2022\/10\/Capture-de%CC%81cran-2022-10-05-a%CC%80-19.04.26-scaled.jpg\" alt=\"\"><\/p>\n<\/li>\n<li>\n<p>        <img decoding=\"async\" src=\"\/wp-content\/uploads\/2022\/10\/Capture-de%CC%81cran-2022-10-05-a%CC%80-19.04.36-scaled.jpg\" alt=\"\"><\/p>\n<\/li>\n<\/ul>\n<hr>\n<h1>\n<h2 style=\"text-align: center;\">Une demande sp\u00e9cifique ? Parlons-en.<\/h2>\n<\/h1>\n<div>\n<p class=\"p1\">Nous accompagnons les entreprises dans la cr\u00e9ation de leurs \u00e9quipements de production depuis 1975. Nos sp\u00e9cialistes sauront vous conseiller au mieux afin de cr\u00e9er la machine qu\u2019il vous faut pour les ann\u00e9es \u00e0 venir.<\/p>\n<\/div>\n<p>\n    <a href=\"\/contact\/\">contactez-nous<\/a>\n<\/p>\n<p><!--more--><br \/>\n<!-- {\"type\":\"layout\",\"children\":[{\"type\":\"section\",\"props\":{\"height\":\"section\",\"height_offset_top\":true,\"image\":\"wp-content\\\/uploads\\\/2022\\\/10\\\/Capture-de\\u0301cran-2022-10-05-a\\u0300-19.04.14-scaled.jpg\",\"image_position\":\"center-center\",\"image_size\":\"width-1-1\",\"media_overlay\":\"rgba(0, 0, 0, 0.4)\",\"style\":\"default\",\"title_breakpoint\":\"xl\",\"title_position\":\"top-left\",\"title_rotation\":\"left\",\"vertical_align\":\"middle\",\"width\":\"default\"},\"children\":[{\"type\":\"row\",\"children\":[{\"type\":\"column\",\"props\":{\"image_position\":\"center-center\",\"position_sticky_breakpoint\":\"m\"},\"children\":[{\"type\":\"headline\",\"props\":{\"content\":\"\n\n<p><strong>REEL TO REEL<\\\/strong><\\\/p>\",\"text_align\":\"center\",\"title_color\":\"warning\",\"title_element\":\"h1\"}}]}]}],\"name\":\"HEADER PAGE SECONDAIRE\"},{\"type\":\"section\",\"props\":{\"image_position\":\"center-center\",\"padding\":\"small\",\"padding_remove_top\":false,\"style\":\"default\",\"title_breakpoint\":\"xl\",\"title_position\":\"top-left\",\"title_rotation\":\"left\",\"vertical_align\":\"middle\",\"width\":\"default\"},\"children\":[{\"type\":\"row\",\"children\":[{\"type\":\"column\",\"props\":{\"image_position\":\"center-center\",\"position_sticky_breakpoint\":\"m\"},\"children\":[{\"type\":\"headline\",\"props\":{\"content\":\"\n\n<h2>Reel to Reel<\\\/h2>\\n\n\n<ul><\\\/ul>\",\"text_align\":\"left\",\"title_element\":\"h5\",\"title_style\":\"h4\"}},{\"type\":\"text\",\"props\":{\"column_breakpoint\":\"m\",\"content\":\"\n\n<p>La gamme d'\\u00e9quipements de placage s\\u00e9lectif en continu \\\"S-MODULE\\\", \\u00e0 un ou deux brins, allie flexibilit\\u00e9 et fiabilit\\u00e9 pour une production optimale de haute qualit\\u00e9. Cet \\u00e9quipement a \\u00e9t\\u00e9 con\\u00e7u pour r\\u00e9pondre aux exigences de traitement de surface des fabricants de connecteurs et de semi-conducteurs d'aujourd'hui. Gr\\u00e2ce \\u00e0 sa conception modulaire, le changement de pi\\u00e8ces ou de technologie de placage peut \\u00eatre effectu\\u00e9 rapidement et simplement.<\\\/p>\\n\n\n<p>Dans le syst\\u00e8me de cellules de traitement polyvalentes, une large gamme d'accessoires et de t\\u00eates de placage interchangeables est disponible, notamment pour le placage global, le placage \\u00e0 grande vitesse, l'immersion partielle, la cascade d'ondes lat\\u00e9rales, le placage \\u00e0 la brosse et de nombreuses autres t\\u00eates de placage con\\u00e7ues sur mesure.<\\\/p>\\n\n\n<p>Les unit\\u00e9s de placage par points et de placage par bandes peuvent \\u00e9galement \\u00eatre fournies sous forme de modules autonomes facilement interchangeables et adaptables \\u00e0 la plupart des \\u00e9quipements de placage du march\\u00e9.<\\\/p>\",\"margin\":\"default\",\"text_align\":\"left\"}},{\"type\":\"headline\",\"props\":{\"content\":\"\n\n<h2>Spotter\\u00a0Technology<\\\/h2>\\n\n\n<ul><\\\/ul>\",\"text_align\":\"left\",\"title_element\":\"h5\",\"title_style\":\"h4\"}},{\"type\":\"text\",\"props\":{\"column_breakpoint\":\"m\",\"content\":\"\n\n<p><strong>Spotter VT<\\\/strong><\\\/p>\\n\n\n<p>Le SPOTTER-VT permet la m\\u00e9tallisation de cadres semi-conducteurs plats ou de bornes de contact form\\u00e9es avec des possibilit\\u00e9s telles que la m\\u00e9tallisation par points ou par bandes sur une ou deux faces simultan\\u00e9ment, la m\\u00e9tallisation pr\\u00e9cise et exclusive Est\\\/Ouest des bords de contact ou la m\\u00e9tallisation Nord\\\/Sud en ins\\u00e9rant des formes de masquage en silicone entre les bornes de contact. (Plus d'informations)<\\\/p>\\n\n\n<p><strong>Spotter HS<\\\/strong><\\\/p>\\n\n\n<p>Sur la version \\\"HSW\\\", gr\\u00e2ce \\u00e0 un syst\\u00e8me d'entra\\u00eenement nouvellement d\\u00e9velopp\\u00e9, les leadframes tr\\u00e8s larges et fragiles, d'une largeur allant jusqu'\\u00e0 160 mm, peuvent facilement \\u00eatre plaqu\\u00e9s par points sans d\\u00e9formation gr\\u00e2ce \\u00e0 la force de traction. Le nouveau syst\\u00e8me d'entra\\u00eenement du SPOTTER-HSW est compos\\u00e9 de deux courroies de transport en titane munies de grips en caoutchouc et plac\\u00e9es sous la cha\\u00eene des maillons de masquage. Les courroies de transport et la courroie de masquage arri\\u00e8re en caoutchouc sont entra\\u00een\\u00e9es simultan\\u00e9ment \\u00e0 la m\\u00eame vitesse, ce qui permet d'obtenir une plus grande pr\\u00e9cision des points - pas de force de friction - et une pression de scellement des points plus \\u00e9lev\\u00e9e.\\u00a0 (Plus d'informations)<\\\/p>\\n\n\n<p><strong>Masking Chain<\\\/strong><\\\/p>\\n\n\n<p>D\\u00e9velopp\\u00e9 pour la gamme d'\\u00e9quipements SPOTTER, EESA pr\\u00e9sente l'outil de masquage de haute pr\\u00e9cision pour le placage \\u00e0 grande vitesse en mouvement continu sur des bandes de connecteurs ou des cadres de semi-conducteurs plats ou form\\u00e9s en 3D.\\u00a0 (Plus d'informations)<\\\/p>\\n\n\n<p><strong>Rainbow Cell<\\\/strong><\\\/p>\\n\n\n<p>La cellule RAINBOW-CELL est sp\\u00e9cialement con\\u00e7ue pour traiter les bandes \\u00e9paisses ayant un grand rayon de courbure qui ne peuvent pas \\u00eatre charg\\u00e9es autour des rouleaux de guidage d'une unit\\u00e9 de placage conventionnelle de type \\\"Wheel\\\".\\u00a0\\u00a0 (Plus d'informations)<\\\/p>\\n\n\n<p><strong>Combi Cell<\\\/strong><\\\/p>\\n\n\n<p>La *COMBI-CELL* est une unit\\u00e9 de m\\u00e9tallisation flexible pour la production de divers types de terminaux de connecteurs, qui n\\u00e9cessitent une grande s\\u00e9lectivit\\u00e9 de m\\u00e9tallisation et un temps de changement d'outillage rapide. (Plus d'information)<\\\/p>\\n\n\n<p><strong>Spotter CS<\\\/strong><\\\/p>\\n\n\n<p>EESA pr\\u00e9sente le SPOTTER-CS, la derni\\u00e8re cellule de m\\u00e9tallisation s\\u00e9lective *spot* pour le d\\u00e9p\\u00f4t en mouvement continu sur des leadframes en bande coup\\u00e9e ou des composants en vrac. Le SPOTTER-CS est utilis\\u00e9 dans la gamme d'\\u00e9quipements de m\\u00e9tallisation \\\"LPP 1\\\/U\\\".\\u00a0 (Plus d'informations)<\\\/p>\",\"margin\":\"default\",\"text_align\":\"left\"}},{\"type\":\"slideshow\",\"props\":{\"link_style\":\"default\",\"link_text\":\"Read more\",\"margin\":\"default\",\"meta_align\":\"below-title\",\"meta_element\":\"div\",\"meta_style\":\"text-meta\",\"nav\":\"dotnav\",\"nav_align\":\"center\",\"nav_breakpoint\":\"s\",\"nav_position\":\"bottom-center\",\"nav_position_margin\":\"medium\",\"overlay_animation\":\"parallax\",\"overlay_position\":\"center-left\",\"show_content\":true,\"show_link\":true,\"show_meta\":true,\"show_thumbnail\":true,\"show_title\":true,\"slidenav\":\"default\",\"slidenav_breakpoint\":\"s\",\"slidenav_margin\":\"medium\",\"slidenav_outside_breakpoint\":\"xl\",\"slideshow_autoplay\":true,\"slideshow_autoplay_interval\":\"10\",\"slideshow_autoplay_pause\":true,\"slideshow_min_height\":300,\"thumbnav_height\":\"75\",\"thumbnav_svg_color\":\"emphasis\",\"thumbnav_width\":\"100\",\"title_element\":\"h3\"},\"children\":[{\"type\":\"slideshow_item\",\"props\":{\"image\":\"wp-content\\\/uploads\\\/2022\\\/10\\\/Capture-de\\u0301cran-2022-10-05-a\\u0300-19.04.14-scaled.jpg\"}},{\"type\":\"slideshow_item\",\"props\":{\"image\":\"wp-content\\\/uploads\\\/2022\\\/10\\\/Capture-de\\u0301cran-2022-10-05-a\\u0300-19.03.51-scaled.jpg\"}},{\"type\":\"slideshow_item\",\"props\":{\"image\":\"wp-content\\\/uploads\\\/2022\\\/10\\\/Capture-de\\u0301cran-2022-10-05-a\\u0300-19.04.26-scaled.jpg\"}},{\"type\":\"slideshow_item\",\"props\":{\"image\":\"wp-content\\\/uploads\\\/2022\\\/10\\\/Capture-de\\u0301cran-2022-10-05-a\\u0300-19.04.36-scaled.jpg\"}}]}]}]}],\"modified\":\"2022-03-02T13:55:47.959Z\",\"name\":\"texte avec puce\"},{\"type\":\"section\",\"props\":{\"image_position\":\"center-center\",\"style\":\"default\",\"title_breakpoint\":\"xl\",\"title_position\":\"top-left\",\"title_rotation\":\"left\",\"vertical_align\":\"middle\",\"width\":\"default\"},\"children\":[{\"type\":\"row\",\"children\":[{\"type\":\"column\",\"props\":{\"image_position\":\"center-center\",\"position_sticky_breakpoint\":\"m\"},\"children\":[{\"type\":\"divider\",\"props\":{\"divider_element\":\"hr\",\"divider_style\":\"icon\"}},{\"type\":\"headline\",\"props\":{\"content\":\"\n\n<h2 style=\\\"text-align: center;\\\">Une demande sp\\u00e9cifique ? Parlons-en.<\\\/h2>\",\"text_align\":\"center\",\"title_element\":\"h1\"}},{\"type\":\"text\",\"props\":{\"column_breakpoint\":\"m\",\"content\":\"\n\n<p class=\\\"p1\\\">Nous accompagnons les entreprises dans la cr\\u00e9ation de leurs \\u00e9quipements de production depuis 1975. Nos sp\\u00e9cialistes sauront vous conseiller au mieux afin de cr\\u00e9er la machine qu\\u2019il vous faut pour les ann\\u00e9es \\u00e0 venir.<\\\/p>\",\"margin\":\"default\",\"text_align\":\"center\"}},{\"type\":\"button\",\"props\":{\"grid_column_gap\":\"small\",\"grid_row_gap\":\"small\",\"margin\":\"default\",\"text_align\":\"center\"},\"children\":[{\"type\":\"button_item\",\"props\":{\"button_style\":\"default\",\"content\":\"contactez-nous\",\"icon_align\":\"left\",\"link\":\"contact\\\/\"}}]}]}]}],\"name\":\"call to action contact final\"}],\"version\":\"4.3.3\"} --><\/p>\n","protected":false},"excerpt":{"rendered":"<p>REEL TO REEL Reel to Reel La gamme d&rsquo;\u00e9quipements de placage s\u00e9lectif en continu \u00ab\u00a0S-MODULE\u00a0\u00bb, \u00e0 un ou deux brins, allie flexibilit\u00e9 et fiabilit\u00e9 pour une production optimale de haute qualit\u00e9. Cet \u00e9quipement a \u00e9t\u00e9 con\u00e7u pour r\u00e9pondre aux exigences de traitement de surface des fabricants de connecteurs et de semi-conducteurs d&rsquo;aujourd&rsquo;hui. Gr\u00e2ce \u00e0 sa [&hellip;]<\/p>\n","protected":false},"author":6,"featured_media":0,"parent":396,"menu_order":0,"comment_status":"closed","ping_status":"closed","template":"","meta":{"footnotes":""},"class_list":["post-1238","page","type-page","status-publish","hentry"],"yoast_head":"<!-- This site is optimized with the Yoast SEO plugin v27.3 - https:\/\/yoast.com\/product\/yoast-seo-wordpress\/ -->\n<title>Reel to Reel - stsindustrie.com<\/title>\n<meta name=\"robots\" content=\"index, follow, max-snippet:-1, max-image-preview:large, max-video-preview:-1\" \/>\n<link rel=\"canonical\" href=\"https:\/\/stsindustrie.com\/en\/installations-et-services\/installations\/reel-to-reel\/\" \/>\n<meta property=\"og:locale\" content=\"en_GB\" \/>\n<meta property=\"og:type\" content=\"article\" \/>\n<meta property=\"og:title\" content=\"Reel to Reel - stsindustrie.com\" \/>\n<meta property=\"og:description\" content=\"REEL TO REEL Reel to Reel La gamme d&rsquo;\u00e9quipements de placage s\u00e9lectif en continu \u00ab\u00a0S-MODULE\u00a0\u00bb, \u00e0 un ou deux brins, allie flexibilit\u00e9 et fiabilit\u00e9 pour une production optimale de haute qualit\u00e9. Cet \u00e9quipement a \u00e9t\u00e9 con\u00e7u pour r\u00e9pondre aux exigences de traitement de surface des fabricants de connecteurs et de semi-conducteurs d&rsquo;aujourd&rsquo;hui. Gr\u00e2ce \u00e0 sa [&hellip;]\" \/>\n<meta property=\"og:url\" content=\"https:\/\/stsindustrie.com\/en\/installations-et-services\/installations\/reel-to-reel\/\" \/>\n<meta property=\"og:site_name\" content=\"stsindustrie.com\" \/>\n<meta property=\"article:modified_time\" content=\"2024-04-05T14:38:10+00:00\" \/>\n<meta name=\"twitter:card\" content=\"summary_large_image\" \/>\n<script type=\"application\/ld+json\" class=\"yoast-schema-graph\">{\"@context\":\"https:\\\/\\\/schema.org\",\"@graph\":[{\"@type\":\"WebPage\",\"@id\":\"https:\\\/\\\/stsindustrie.com\\\/installations-et-services\\\/installations\\\/reel-to-reel\\\/\",\"url\":\"https:\\\/\\\/stsindustrie.com\\\/installations-et-services\\\/installations\\\/reel-to-reel\\\/\",\"name\":\"Reel to Reel - stsindustrie.com\",\"isPartOf\":{\"@id\":\"https:\\\/\\\/stsindustrie.com\\\/#website\"},\"datePublished\":\"2022-10-05T16:59:11+00:00\",\"dateModified\":\"2024-04-05T14:38:10+00:00\",\"breadcrumb\":{\"@id\":\"https:\\\/\\\/stsindustrie.com\\\/installations-et-services\\\/installations\\\/reel-to-reel\\\/#breadcrumb\"},\"inLanguage\":\"en-GB\",\"potentialAction\":[{\"@type\":\"ReadAction\",\"target\":[\"https:\\\/\\\/stsindustrie.com\\\/installations-et-services\\\/installations\\\/reel-to-reel\\\/\"]}]},{\"@type\":\"BreadcrumbList\",\"@id\":\"https:\\\/\\\/stsindustrie.com\\\/installations-et-services\\\/installations\\\/reel-to-reel\\\/#breadcrumb\",\"itemListElement\":[{\"@type\":\"ListItem\",\"position\":1,\"name\":\"Accueil\",\"item\":\"https:\\\/\\\/stsindustrie.com\\\/\"},{\"@type\":\"ListItem\",\"position\":2,\"name\":\"Installations et services\",\"item\":\"https:\\\/\\\/stsindustrie.com\\\/installations-et-services\\\/\"},{\"@type\":\"ListItem\",\"position\":3,\"name\":\"Installations\",\"item\":\"https:\\\/\\\/stsindustrie.com\\\/installations-et-services\\\/installations\\\/\"},{\"@type\":\"ListItem\",\"position\":4,\"name\":\"Reel to Reel\"}]},{\"@type\":\"WebSite\",\"@id\":\"https:\\\/\\\/stsindustrie.com\\\/#website\",\"url\":\"https:\\\/\\\/stsindustrie.com\\\/\",\"name\":\"stsindustrie.com\",\"description\":\"\",\"publisher\":{\"@id\":\"https:\\\/\\\/stsindustrie.com\\\/#organization\"},\"potentialAction\":[{\"@type\":\"SearchAction\",\"target\":{\"@type\":\"EntryPoint\",\"urlTemplate\":\"https:\\\/\\\/stsindustrie.com\\\/?s={search_term_string}\"},\"query-input\":{\"@type\":\"PropertyValueSpecification\",\"valueRequired\":true,\"valueName\":\"search_term_string\"}}],\"inLanguage\":\"en-GB\"},{\"@type\":\"Organization\",\"@id\":\"https:\\\/\\\/stsindustrie.com\\\/#organization\",\"name\":\"STS Industrie SA\",\"url\":\"https:\\\/\\\/stsindustrie.com\\\/\",\"logo\":{\"@type\":\"ImageObject\",\"inLanguage\":\"en-GB\",\"@id\":\"https:\\\/\\\/stsindustrie.com\\\/#\\\/schema\\\/logo\\\/image\\\/\",\"url\":\"https:\\\/\\\/stsindustrie.com\\\/wp-content\\\/uploads\\\/2022\\\/02\\\/logoflavicon.png\",\"contentUrl\":\"https:\\\/\\\/stsindustrie.com\\\/wp-content\\\/uploads\\\/2022\\\/02\\\/logoflavicon.png\",\"width\":150,\"height\":150,\"caption\":\"STS Industrie SA\"},\"image\":{\"@id\":\"https:\\\/\\\/stsindustrie.com\\\/#\\\/schema\\\/logo\\\/image\\\/\"},\"sameAs\":[\"https:\\\/\\\/www.linkedin.com\\\/company\\\/sts-industrie-sa\\\/\"]}]}<\/script>\n<!-- \/ Yoast SEO plugin. -->","yoast_head_json":{"title":"Reel to Reel - stsindustrie.com","robots":{"index":"index","follow":"follow","max-snippet":"max-snippet:-1","max-image-preview":"max-image-preview:large","max-video-preview":"max-video-preview:-1"},"canonical":"https:\/\/stsindustrie.com\/en\/installations-et-services\/installations\/reel-to-reel\/","og_locale":"en_GB","og_type":"article","og_title":"Reel to Reel - stsindustrie.com","og_description":"REEL TO REEL Reel to Reel La gamme d&rsquo;\u00e9quipements de placage s\u00e9lectif en continu \u00ab\u00a0S-MODULE\u00a0\u00bb, \u00e0 un ou deux brins, allie flexibilit\u00e9 et fiabilit\u00e9 pour une production optimale de haute qualit\u00e9. Cet \u00e9quipement a \u00e9t\u00e9 con\u00e7u pour r\u00e9pondre aux exigences de traitement de surface des fabricants de connecteurs et de semi-conducteurs d&rsquo;aujourd&rsquo;hui. Gr\u00e2ce \u00e0 sa [&hellip;]","og_url":"https:\/\/stsindustrie.com\/en\/installations-et-services\/installations\/reel-to-reel\/","og_site_name":"stsindustrie.com","article_modified_time":"2024-04-05T14:38:10+00:00","twitter_card":"summary_large_image","schema":{"@context":"https:\/\/schema.org","@graph":[{"@type":"WebPage","@id":"https:\/\/stsindustrie.com\/installations-et-services\/installations\/reel-to-reel\/","url":"https:\/\/stsindustrie.com\/installations-et-services\/installations\/reel-to-reel\/","name":"Reel to Reel - stsindustrie.com","isPartOf":{"@id":"https:\/\/stsindustrie.com\/#website"},"datePublished":"2022-10-05T16:59:11+00:00","dateModified":"2024-04-05T14:38:10+00:00","breadcrumb":{"@id":"https:\/\/stsindustrie.com\/installations-et-services\/installations\/reel-to-reel\/#breadcrumb"},"inLanguage":"en-GB","potentialAction":[{"@type":"ReadAction","target":["https:\/\/stsindustrie.com\/installations-et-services\/installations\/reel-to-reel\/"]}]},{"@type":"BreadcrumbList","@id":"https:\/\/stsindustrie.com\/installations-et-services\/installations\/reel-to-reel\/#breadcrumb","itemListElement":[{"@type":"ListItem","position":1,"name":"Accueil","item":"https:\/\/stsindustrie.com\/"},{"@type":"ListItem","position":2,"name":"Installations et services","item":"https:\/\/stsindustrie.com\/installations-et-services\/"},{"@type":"ListItem","position":3,"name":"Installations","item":"https:\/\/stsindustrie.com\/installations-et-services\/installations\/"},{"@type":"ListItem","position":4,"name":"Reel to Reel"}]},{"@type":"WebSite","@id":"https:\/\/stsindustrie.com\/#website","url":"https:\/\/stsindustrie.com\/","name":"stsindustrie.com","description":"","publisher":{"@id":"https:\/\/stsindustrie.com\/#organization"},"potentialAction":[{"@type":"SearchAction","target":{"@type":"EntryPoint","urlTemplate":"https:\/\/stsindustrie.com\/?s={search_term_string}"},"query-input":{"@type":"PropertyValueSpecification","valueRequired":true,"valueName":"search_term_string"}}],"inLanguage":"en-GB"},{"@type":"Organization","@id":"https:\/\/stsindustrie.com\/#organization","name":"STS Industrie SA","url":"https:\/\/stsindustrie.com\/","logo":{"@type":"ImageObject","inLanguage":"en-GB","@id":"https:\/\/stsindustrie.com\/#\/schema\/logo\/image\/","url":"https:\/\/stsindustrie.com\/wp-content\/uploads\/2022\/02\/logoflavicon.png","contentUrl":"https:\/\/stsindustrie.com\/wp-content\/uploads\/2022\/02\/logoflavicon.png","width":150,"height":150,"caption":"STS Industrie SA"},"image":{"@id":"https:\/\/stsindustrie.com\/#\/schema\/logo\/image\/"},"sameAs":["https:\/\/www.linkedin.com\/company\/sts-industrie-sa\/"]}]}},"_links":{"self":[{"href":"https:\/\/stsindustrie.com\/en\/wp-json\/wp\/v2\/pages\/1238","targetHints":{"allow":["GET"]}}],"collection":[{"href":"https:\/\/stsindustrie.com\/en\/wp-json\/wp\/v2\/pages"}],"about":[{"href":"https:\/\/stsindustrie.com\/en\/wp-json\/wp\/v2\/types\/page"}],"author":[{"embeddable":true,"href":"https:\/\/stsindustrie.com\/en\/wp-json\/wp\/v2\/users\/6"}],"replies":[{"embeddable":true,"href":"https:\/\/stsindustrie.com\/en\/wp-json\/wp\/v2\/comments?post=1238"}],"version-history":[{"count":14,"href":"https:\/\/stsindustrie.com\/en\/wp-json\/wp\/v2\/pages\/1238\/revisions"}],"predecessor-version":[{"id":2160,"href":"https:\/\/stsindustrie.com\/en\/wp-json\/wp\/v2\/pages\/1238\/revisions\/2160"}],"up":[{"embeddable":true,"href":"https:\/\/stsindustrie.com\/en\/wp-json\/wp\/v2\/pages\/396"}],"wp:attachment":[{"href":"https:\/\/stsindustrie.com\/en\/wp-json\/wp\/v2\/media?parent=1238"}],"curies":[{"name":"wp","href":"https:\/\/api.w.org\/{rel}","templated":true}]}}