{"id":1161,"date":"2022-09-29T15:42:32","date_gmt":"2022-09-29T13:42:32","guid":{"rendered":"https:\/\/new-stsindustrie.com\/?page_id=1161"},"modified":"2026-02-26T16:11:34","modified_gmt":"2026-02-26T15:11:34","slug":"robarrel","status":"publish","type":"page","link":"https:\/\/stsindustrie.com\/en\/produits\/robarrel\/","title":{"rendered":"Barrel"},"content":{"rendered":"<h1>\n<p class=\"jeremy\"><strong>Tonneau<\/strong><\/p>\n<\/h1>\n<h2>\n<h4><span>Tonneaux rotatifs pour l\u2018horlogerie et la micro-m\u00e9canique, la connectique<\/span><\/h4>\n<\/h2>\n<div>\n<ul>\n<li class=\"\"><span>Traitement de surface pour pi\u00e8ces difficiles et pi\u00e8ces de petite taille<\/span><span><\/span><\/li>\n<li class=\"\"><span>Bain de pr\u00e9paration<\/span><span><span>\u00a0<\/span>et bains de m\u00e9taux pr\u00e9cieux<\/span><span><\/span><\/li>\n<li class=\"\"><span>Ligne de traitement manuelle ou automatique<\/span><span><\/span><\/li>\n<li class=\"\"><span>Les pi\u00e8ces \u00e0 traiter sont charg\u00e9es d\u00e9licatement dans un<span>\u00a0<\/span><span>tonneau.<\/span><\/span><span><\/span><\/li>\n<li class=\"\"><span>l&rsquo;unit\u00e9 de commande VR2020, permet de surveiller avec pr\u00e9cision les mouvements rotatifs du tonneau<\/span><span><\/span><\/li>\n<li class=\"\"><span>Gr\u00e2ce \u00e0 un syst\u00e8me de d\u00e9tection magn\u00e9tique qui contr\u00f4le la rotation, les fonctions suivantes sont possibles<\/span><span><\/span>\n<ul type=\"circle\">\n<li class=\"\"><span>Contr\u00f4le de rotation<\/span><span><\/span><\/li>\n<li class=\"\"><span>Variation de la vitesse de rotation<\/span><span><\/span><\/li>\n<li class=\"\"><span>Changement de sens de rotation<\/span><span><\/span><\/li>\n<li class=\"\"><span>Arr\u00eat des redresseurs en cas de probl\u00e8mes de rotation<\/span><\/li>\n<\/ul>\n<\/li>\n<\/ul>\n<\/div>\n<ul>\n<li>\n<p>        <img decoding=\"async\" src=\"\/wp-content\/uploads\/2026\/02\/1770878466962.jpg\" alt=\"\"><\/p>\n<\/li>\n<li>\n<p>        <img decoding=\"async\" src=\"\/wp-content\/uploads\/2026\/02\/tonneau2.png\" alt=\"\"><\/p>\n<\/li>\n<li>\n<p>        <img decoding=\"async\" src=\"\/wp-content\/uploads\/2026\/02\/1770878465487.jpg\" alt=\"\"><\/p>\n<\/li>\n<li>\n<p>        <img decoding=\"async\" src=\"\/wp-content\/uploads\/2026\/02\/tonneau1.png\" alt=\"\"><\/p>\n<\/li>\n<\/ul>\n<hr>\n<hr>\n<h1>\n<h2 style=\"text-align: center;\">Une demande sp\u00e9cifique ? Parlons-en.<\/h2>\n<\/h1>\n<div>\n<p>Nous accompagnons les entreprises dans la cr\u00e9ation de leurs \u00e9quipements de production depuis 1975. Nos sp\u00e9cialistes sauront vous conseiller au mieux afin de cr\u00e9er la machine qu\u2019il vous faut pour les ann\u00e9es \u00e0 venir.<\/p>\n<\/div>\n<p>\n    <a href=\"\/contact\/\">contactez-nous<\/a>\n<\/p>\n<p><!--more--><br \/>\n<!-- {\"type\":\"layout\",\"children\":[{\"type\":\"section\",\"props\":{\"height\":\"section\",\"height_offset_top\":true,\"image\":\"wp-content\\\/uploads\\\/2022\\\/05\\\/stspposts444-4.png\",\"image_position\":\"center-center\",\"image_size\":\"width-1-1\",\"media_overlay\":\"rgba(0, 0, 0, 0.4)\",\"style\":\"default\",\"title_breakpoint\":\"xl\",\"title_position\":\"top-left\",\"title_rotation\":\"left\",\"vertical_align\":\"middle\",\"width\":\"default\"},\"children\":[{\"type\":\"row\",\"children\":[{\"type\":\"column\",\"props\":{\"image_position\":\"center-center\",\"position_sticky_breakpoint\":\"m\"},\"children\":[{\"type\":\"headline\",\"props\":{\"content\":\"\n\n<p class=\\\"jeremy\\\"><strong>Tonneau<\\\/strong><\\\/p>\",\"text_align\":\"center\",\"title_color\":\"warning\",\"title_element\":\"h1\"}}]}]}],\"name\":\"HEADER PAGE SECONDAIRE\"},{\"type\":\"section\",\"props\":{\"image_position\":\"center-center\",\"padding\":\"small\",\"padding_remove_top\":false,\"style\":\"default\",\"title_breakpoint\":\"xl\",\"title_position\":\"top-left\",\"title_rotation\":\"left\",\"vertical_align\":\"middle\",\"width\":\"default\"},\"children\":[{\"type\":\"row\",\"children\":[{\"type\":\"column\",\"props\":{\"image_position\":\"center-center\",\"position_sticky_breakpoint\":\"m\"},\"children\":[{\"type\":\"headline\",\"props\":{\"content\":\"\n\n<h4><span>Tonneaux rotatifs pour l\\u2018horlogerie et la micro-m\\u00e9canique, la connectique<\\\/span><\\\/h4>\",\"text_align\":\"left\",\"title_element\":\"h2\",\"title_style\":\"h2\"}}]}]},{\"type\":\"row\",\"children\":[{\"type\":\"column\",\"props\":{\"image_position\":\"center-center\",\"position_sticky_breakpoint\":\"m\",\"width_medium\":\"1-2\"},\"children\":[{\"type\":\"text\",\"props\":{\"column_breakpoint\":\"m\",\"content\":\"\n\n<ul>\\n\n\n<li class=\\\"\\\"><span>Traitement de surface pour pi\\u00e8ces difficiles et pi\\u00e8ces de petite taille<\\\/span><span><\\\/span><\\\/li>\\n\n\n<li class=\\\"\\\"><span>Bain de pr\\u00e9paration<\\\/span><span><span>\\u00a0<\\\/span>et bains de m\\u00e9taux pr\\u00e9cieux<\\\/span><span><\\\/span><\\\/li>\\n\n\n<li class=\\\"\\\"><span>Ligne de traitement manuelle ou automatique<\\\/span><span><\\\/span><\\\/li>\\n\n\n<li class=\\\"\\\"><span>Les pi\\u00e8ces \\u00e0 traiter sont charg\\u00e9es d\\u00e9licatement dans un<span>\\u00a0<\\\/span><span>tonneau.<\\\/span><\\\/span><span><\\\/span><\\\/li>\\n\n\n<li class=\\\"\\\"><span>l'unit\\u00e9 de commande VR2020, permet de surveiller avec pr\\u00e9cision les mouvements rotatifs du tonneau<\\\/span><span><\\\/span><\\\/li>\\n\n\n<li class=\\\"\\\"><span>Gr\\u00e2ce \\u00e0 un syst\\u00e8me de d\\u00e9tection magn\\u00e9tique qui contr\\u00f4le la rotation, les fonctions suivantes sont possibles<\\\/span><span><\\\/span>\\n\n\n<ul type=\\\"circle\\\">\\n\n\n<li class=\\\"\\\"><span>Contr\\u00f4le de rotation<\\\/span><span><\\\/span><\\\/li>\\n\n\n<li class=\\\"\\\"><span>Variation de la vitesse de rotation<\\\/span><span><\\\/span><\\\/li>\\n\n\n<li class=\\\"\\\"><span>Changement de sens de rotation<\\\/span><span><\\\/span><\\\/li>\\n\n\n<li class=\\\"\\\"><span>Arr\\u00eat des redresseurs en cas de probl\\u00e8mes de rotation<\\\/span><\\\/li>\\n<\\\/ul>\\n<\\\/li>\\n<\\\/ul>\",\"margin\":\"default\",\"text_align\":\"left\"}}]},{\"type\":\"column\",\"props\":{\"image_position\":\"center-center\",\"position_sticky_breakpoint\":\"m\",\"width_medium\":\"1-2\"},\"children\":[{\"type\":\"slideshow\",\"props\":{\"link_style\":\"default\",\"link_text\":\"Read more\",\"margin\":\"default\",\"meta_align\":\"below-title\",\"meta_element\":\"div\",\"meta_style\":\"text-meta\",\"nav\":\"dotnav\",\"nav_align\":\"center\",\"nav_breakpoint\":\"s\",\"nav_position\":\"bottom-center\",\"nav_position_margin\":\"medium\",\"overlay_animation\":\"parallax\",\"overlay_position\":\"center-left\",\"show_content\":true,\"show_link\":true,\"show_meta\":true,\"show_thumbnail\":true,\"show_title\":true,\"slidenav\":\"default\",\"slidenav_breakpoint\":\"s\",\"slidenav_margin\":\"medium\",\"slidenav_outside_breakpoint\":\"xl\",\"slideshow_autoplay\":true,\"slideshow_autoplay_interval\":\"5\",\"slideshow_autoplay_pause\":true,\"slideshow_min_height\":300,\"thumbnav_height\":\"75\",\"thumbnav_svg_color\":\"emphasis\",\"thumbnav_width\":\"100\",\"title_element\":\"h3\"},\"children\":[{\"type\":\"slideshow_item\",\"props\":{\"image\":\"wp-content\\\/uploads\\\/2026\\\/02\\\/1770878466962.jpg\"}},{\"type\":\"slideshow_item\",\"props\":{\"image\":\"wp-content\\\/uploads\\\/2026\\\/02\\\/tonneau2.png\"}},{\"type\":\"slideshow_item\",\"props\":{\"image\":\"wp-content\\\/uploads\\\/2026\\\/02\\\/1770878465487.jpg\"}},{\"type\":\"slideshow_item\",\"props\":{\"image\":\"wp-content\\\/uploads\\\/2026\\\/02\\\/tonneau1.png\"}}]}]}],\"props\":{\"layout\":\"1-2,1-2\"}}],\"modified\":\"2022-03-02T13:55:47.959Z\",\"name\":\"texte avec puce\"},{\"type\":\"section\",\"props\":{\"image\":\"wp-content\\\/uploads\\\/2022\\\/05\\\/DSC05131-1.png\",\"image_effect\":\"fixed\",\"image_position\":\"center-center\",\"media_overlay\":\"rgba(0, 0, 0, 0.25)\",\"style\":\"default\",\"title_breakpoint\":\"xl\",\"title_position\":\"top-left\",\"title_rotation\":\"left\",\"vertical_align\":\"middle\",\"width\":\"default\"},\"children\":[{\"type\":\"row\",\"children\":[{\"type\":\"column\",\"props\":{\"image_position\":\"center-center\",\"position_sticky_breakpoint\":\"m\"},\"children\":[{\"type\":\"divider\",\"props\":{\"divider_element\":\"hr\",\"divider_style\":\"vertical\"}}]}]}]},{\"type\":\"section\",\"props\":{\"image_position\":\"center-center\",\"style\":\"default\",\"title_breakpoint\":\"xl\",\"title_position\":\"top-left\",\"title_rotation\":\"left\",\"vertical_align\":\"middle\",\"width\":\"default\"},\"children\":[{\"type\":\"row\",\"children\":[{\"type\":\"column\",\"props\":{\"image_position\":\"center-center\",\"position_sticky_breakpoint\":\"m\"},\"children\":[{\"type\":\"divider\",\"props\":{\"divider_element\":\"hr\",\"divider_style\":\"icon\"}},{\"type\":\"headline\",\"props\":{\"content\":\"\n\n<h2 style=\\\"text-align: center;\\\">Une demande sp\\u00e9cifique ? Parlons-en.<\\\/h2>\",\"text_align\":\"center\",\"title_element\":\"h1\"}},{\"type\":\"text\",\"props\":{\"column_breakpoint\":\"m\",\"content\":\"\n\n<p>Nous accompagnons les entreprises dans la cr\\u00e9ation de leurs \\u00e9quipements de production depuis 1975. Nos sp\\u00e9cialistes sauront vous conseiller au mieux afin de cr\\u00e9er la machine qu\\u2019il vous faut pour les ann\\u00e9es \\u00e0 venir.<\\\/p>\",\"margin\":\"default\",\"text_align\":\"center\"}},{\"type\":\"button\",\"props\":{\"grid_column_gap\":\"small\",\"grid_row_gap\":\"small\",\"margin\":\"default\",\"text_align\":\"center\"},\"children\":[{\"type\":\"button_item\",\"props\":{\"button_style\":\"default\",\"content\":\"contactez-nous\",\"icon_align\":\"left\",\"link\":\"contact\\\/\"}}]}]}]}],\"name\":\"call to action contact final\"}],\"version\":\"4.3.3\"} --><\/p>\n","protected":false},"excerpt":{"rendered":"<p>Tonneau Tonneaux rotatifs pour l\u2018horlogerie et la micro-m\u00e9canique, la connectique Traitement de surface pour pi\u00e8ces difficiles et pi\u00e8ces de petite taille Bain de pr\u00e9paration\u00a0et bains de m\u00e9taux pr\u00e9cieux Ligne de traitement manuelle ou automatique Les pi\u00e8ces \u00e0 traiter sont charg\u00e9es d\u00e9licatement dans un\u00a0tonneau. l&rsquo;unit\u00e9 de commande VR2020, permet de surveiller avec pr\u00e9cision les mouvements rotatifs [&hellip;]<\/p>\n","protected":false},"author":6,"featured_media":0,"parent":412,"menu_order":0,"comment_status":"closed","ping_status":"closed","template":"","meta":{"footnotes":""},"class_list":["post-1161","page","type-page","status-publish","hentry"],"yoast_head":"<!-- This site is optimized with the Yoast SEO plugin v27.3 - https:\/\/yoast.com\/product\/yoast-seo-wordpress\/ -->\n<title>TONNEAU - stsindustrie.com<\/title>\n<meta name=\"robots\" content=\"index, follow, max-snippet:-1, max-image-preview:large, max-video-preview:-1\" \/>\n<link rel=\"canonical\" href=\"https:\/\/stsindustrie.com\/en\/produits\/robarrel\/\" \/>\n<meta property=\"og:locale\" content=\"en_GB\" \/>\n<meta property=\"og:type\" content=\"article\" \/>\n<meta property=\"og:title\" content=\"TONNEAU - stsindustrie.com\" \/>\n<meta property=\"og:description\" content=\"Tonneau Tonneaux rotatifs pour l\u2018horlogerie et la micro-m\u00e9canique, la connectique Traitement de surface pour pi\u00e8ces difficiles et pi\u00e8ces de petite taille Bain de pr\u00e9paration\u00a0et bains de m\u00e9taux pr\u00e9cieux Ligne de traitement manuelle ou automatique Les pi\u00e8ces \u00e0 traiter sont charg\u00e9es d\u00e9licatement dans un\u00a0tonneau. l&rsquo;unit\u00e9 de commande VR2020, permet de surveiller avec pr\u00e9cision les mouvements rotatifs [&hellip;]\" \/>\n<meta property=\"og:url\" content=\"https:\/\/stsindustrie.com\/en\/produits\/robarrel\/\" \/>\n<meta property=\"og:site_name\" content=\"stsindustrie.com\" \/>\n<meta property=\"article:modified_time\" content=\"2026-02-26T15:11:34+00:00\" \/>\n<meta name=\"twitter:card\" content=\"summary_large_image\" \/>\n<meta name=\"twitter:label1\" content=\"Estimated reading time\" \/>\n\t<meta name=\"twitter:data1\" content=\"2 minutes\" \/>\n<script type=\"application\/ld+json\" class=\"yoast-schema-graph\">{\"@context\":\"https:\\\/\\\/schema.org\",\"@graph\":[{\"@type\":\"WebPage\",\"@id\":\"https:\\\/\\\/stsindustrie.com\\\/produits\\\/robarrel\\\/\",\"url\":\"https:\\\/\\\/stsindustrie.com\\\/produits\\\/robarrel\\\/\",\"name\":\"TONNEAU - stsindustrie.com\",\"isPartOf\":{\"@id\":\"https:\\\/\\\/stsindustrie.com\\\/#website\"},\"datePublished\":\"2022-09-29T13:42:32+00:00\",\"dateModified\":\"2026-02-26T15:11:34+00:00\",\"breadcrumb\":{\"@id\":\"https:\\\/\\\/stsindustrie.com\\\/produits\\\/robarrel\\\/#breadcrumb\"},\"inLanguage\":\"en-GB\",\"potentialAction\":[{\"@type\":\"ReadAction\",\"target\":[\"https:\\\/\\\/stsindustrie.com\\\/produits\\\/robarrel\\\/\"]}]},{\"@type\":\"BreadcrumbList\",\"@id\":\"https:\\\/\\\/stsindustrie.com\\\/produits\\\/robarrel\\\/#breadcrumb\",\"itemListElement\":[{\"@type\":\"ListItem\",\"position\":1,\"name\":\"Accueil\",\"item\":\"https:\\\/\\\/stsindustrie.com\\\/\"},{\"@type\":\"ListItem\",\"position\":2,\"name\":\"Produits\",\"item\":\"https:\\\/\\\/stsindustrie.com\\\/produits\\\/\"},{\"@type\":\"ListItem\",\"position\":3,\"name\":\"TONNEAU\"}]},{\"@type\":\"WebSite\",\"@id\":\"https:\\\/\\\/stsindustrie.com\\\/#website\",\"url\":\"https:\\\/\\\/stsindustrie.com\\\/\",\"name\":\"stsindustrie.com\",\"description\":\"\",\"publisher\":{\"@id\":\"https:\\\/\\\/stsindustrie.com\\\/#organization\"},\"potentialAction\":[{\"@type\":\"SearchAction\",\"target\":{\"@type\":\"EntryPoint\",\"urlTemplate\":\"https:\\\/\\\/stsindustrie.com\\\/?s={search_term_string}\"},\"query-input\":{\"@type\":\"PropertyValueSpecification\",\"valueRequired\":true,\"valueName\":\"search_term_string\"}}],\"inLanguage\":\"en-GB\"},{\"@type\":\"Organization\",\"@id\":\"https:\\\/\\\/stsindustrie.com\\\/#organization\",\"name\":\"STS Industrie SA\",\"url\":\"https:\\\/\\\/stsindustrie.com\\\/\",\"logo\":{\"@type\":\"ImageObject\",\"inLanguage\":\"en-GB\",\"@id\":\"https:\\\/\\\/stsindustrie.com\\\/#\\\/schema\\\/logo\\\/image\\\/\",\"url\":\"https:\\\/\\\/stsindustrie.com\\\/wp-content\\\/uploads\\\/2022\\\/02\\\/logoflavicon.png\",\"contentUrl\":\"https:\\\/\\\/stsindustrie.com\\\/wp-content\\\/uploads\\\/2022\\\/02\\\/logoflavicon.png\",\"width\":150,\"height\":150,\"caption\":\"STS Industrie SA\"},\"image\":{\"@id\":\"https:\\\/\\\/stsindustrie.com\\\/#\\\/schema\\\/logo\\\/image\\\/\"},\"sameAs\":[\"https:\\\/\\\/www.linkedin.com\\\/company\\\/sts-industrie-sa\\\/\"]}]}<\/script>\n<!-- \/ Yoast SEO plugin. -->","yoast_head_json":{"title":"TONNEAU - stsindustrie.com","robots":{"index":"index","follow":"follow","max-snippet":"max-snippet:-1","max-image-preview":"max-image-preview:large","max-video-preview":"max-video-preview:-1"},"canonical":"https:\/\/stsindustrie.com\/en\/produits\/robarrel\/","og_locale":"en_GB","og_type":"article","og_title":"TONNEAU - stsindustrie.com","og_description":"Tonneau Tonneaux rotatifs pour l\u2018horlogerie et la micro-m\u00e9canique, la connectique Traitement de surface pour pi\u00e8ces difficiles et pi\u00e8ces de petite taille Bain de pr\u00e9paration\u00a0et bains de m\u00e9taux pr\u00e9cieux Ligne de traitement manuelle ou automatique Les pi\u00e8ces \u00e0 traiter sont charg\u00e9es d\u00e9licatement dans un\u00a0tonneau. l&rsquo;unit\u00e9 de commande VR2020, permet de surveiller avec pr\u00e9cision les mouvements rotatifs [&hellip;]","og_url":"https:\/\/stsindustrie.com\/en\/produits\/robarrel\/","og_site_name":"stsindustrie.com","article_modified_time":"2026-02-26T15:11:34+00:00","twitter_card":"summary_large_image","twitter_misc":{"Estimated reading time":"2 minutes"},"schema":{"@context":"https:\/\/schema.org","@graph":[{"@type":"WebPage","@id":"https:\/\/stsindustrie.com\/produits\/robarrel\/","url":"https:\/\/stsindustrie.com\/produits\/robarrel\/","name":"TONNEAU - stsindustrie.com","isPartOf":{"@id":"https:\/\/stsindustrie.com\/#website"},"datePublished":"2022-09-29T13:42:32+00:00","dateModified":"2026-02-26T15:11:34+00:00","breadcrumb":{"@id":"https:\/\/stsindustrie.com\/produits\/robarrel\/#breadcrumb"},"inLanguage":"en-GB","potentialAction":[{"@type":"ReadAction","target":["https:\/\/stsindustrie.com\/produits\/robarrel\/"]}]},{"@type":"BreadcrumbList","@id":"https:\/\/stsindustrie.com\/produits\/robarrel\/#breadcrumb","itemListElement":[{"@type":"ListItem","position":1,"name":"Accueil","item":"https:\/\/stsindustrie.com\/"},{"@type":"ListItem","position":2,"name":"Produits","item":"https:\/\/stsindustrie.com\/produits\/"},{"@type":"ListItem","position":3,"name":"TONNEAU"}]},{"@type":"WebSite","@id":"https:\/\/stsindustrie.com\/#website","url":"https:\/\/stsindustrie.com\/","name":"stsindustrie.com","description":"","publisher":{"@id":"https:\/\/stsindustrie.com\/#organization"},"potentialAction":[{"@type":"SearchAction","target":{"@type":"EntryPoint","urlTemplate":"https:\/\/stsindustrie.com\/?s={search_term_string}"},"query-input":{"@type":"PropertyValueSpecification","valueRequired":true,"valueName":"search_term_string"}}],"inLanguage":"en-GB"},{"@type":"Organization","@id":"https:\/\/stsindustrie.com\/#organization","name":"STS Industrie SA","url":"https:\/\/stsindustrie.com\/","logo":{"@type":"ImageObject","inLanguage":"en-GB","@id":"https:\/\/stsindustrie.com\/#\/schema\/logo\/image\/","url":"https:\/\/stsindustrie.com\/wp-content\/uploads\/2022\/02\/logoflavicon.png","contentUrl":"https:\/\/stsindustrie.com\/wp-content\/uploads\/2022\/02\/logoflavicon.png","width":150,"height":150,"caption":"STS Industrie SA"},"image":{"@id":"https:\/\/stsindustrie.com\/#\/schema\/logo\/image\/"},"sameAs":["https:\/\/www.linkedin.com\/company\/sts-industrie-sa\/"]}]}},"_links":{"self":[{"href":"https:\/\/stsindustrie.com\/en\/wp-json\/wp\/v2\/pages\/1161","targetHints":{"allow":["GET"]}}],"collection":[{"href":"https:\/\/stsindustrie.com\/en\/wp-json\/wp\/v2\/pages"}],"about":[{"href":"https:\/\/stsindustrie.com\/en\/wp-json\/wp\/v2\/types\/page"}],"author":[{"embeddable":true,"href":"https:\/\/stsindustrie.com\/en\/wp-json\/wp\/v2\/users\/6"}],"replies":[{"embeddable":true,"href":"https:\/\/stsindustrie.com\/en\/wp-json\/wp\/v2\/comments?post=1161"}],"version-history":[{"count":18,"href":"https:\/\/stsindustrie.com\/en\/wp-json\/wp\/v2\/pages\/1161\/revisions"}],"predecessor-version":[{"id":2320,"href":"https:\/\/stsindustrie.com\/en\/wp-json\/wp\/v2\/pages\/1161\/revisions\/2320"}],"up":[{"embeddable":true,"href":"https:\/\/stsindustrie.com\/en\/wp-json\/wp\/v2\/pages\/412"}],"wp:attachment":[{"href":"https:\/\/stsindustrie.com\/en\/wp-json\/wp\/v2\/media?parent=1161"}],"curies":[{"name":"wp","href":"https:\/\/api.w.org\/{rel}","templated":true}]}}