{"id":1132,"date":"2022-09-29T15:09:44","date_gmt":"2022-09-29T13:09:44","guid":{"rendered":"https:\/\/new-stsindustrie.com\/?page_id=1132"},"modified":"2024-04-05T16:19:20","modified_gmt":"2024-04-05T14:19:20","slug":"vibarrel-303","status":"publish","type":"page","link":"https:\/\/stsindustrie.com\/en\/produits\/vibarrel\/vibarrel-303\/","title":{"rendered":"Vibarrel\u00ae 303"},"content":{"rendered":"<h1>\n<p class=\"jeremy\"><strong>VIBARREL<sup>\u00ae<\/sup> 303<\/strong><\/p>\n<\/h1>\n<p>\n    <a href=\"\/produits\/vibarrel-101\/\">Vibarrel\u00ae 101<\/a>\n<\/p>\n<p>\n    <a href=\"\/produits\/vibarrel-203\/\">Vibarrel\u00ae 203<\/a>\n<\/p>\n<p>\n    <a href=\"\/produits\/vibarrel-303\/\">Vibarrel\u00ae 303<\/a>\n<\/p>\n<p>\n    <a href=\"\/produits\/vibarrel-453\/\">Vibarrel\u00ae 453<\/a>\n<\/p>\n<h2>\n<h2 class=\"jeremy\">VIBARREL<sup>\u00ae <\/sup>303<\/h2>\n<\/h2>\n<h5>\n<p>Donn\u00e9es techniques<\/p>\n<\/h5>\n<div>\n<p>Le VIBARREL\u00ae 303 permet le traitement manuel d\u2019environ 4.0 dm3<\/p>\n<p><b>Paniers disponibles:\u00a0<\/b>diam\u00e8tre 160, 200, 250 et 315 mm<br \/><b>Suivant les produits chimiques utilis\u00e9s, ex\u00e9cution en:\u00a0<\/b>PP ou PVDF<br \/><b>Courant cathodique maximum:\u00a0<\/b>350\u00a0Amp\u00e8res<br \/><b>Raccordement:<\/b>24VDC<br \/><b>Poids:\u00a0<\/b>50.0 kg<br \/><b>Hauteur totale\u00a0:\u00a0<\/b>675 mm, longueur : 758 mm, largeur : 450 mm<\/p>\n<\/div>\n<h5>\n<p>Avantages de la solution STS<\/p>\n<ul><\/ul>\n<\/h5>\n<div>\n<ul>\n<li>Echange de paniers simple et facile gr\u00e2ce au syst\u00e8me de fixation rapide.<\/li>\n<li>Excellente r\u00e9partition du courant\u00a0assurant une\u00a0excellente uniformit\u00e9.<\/li>\n<li>Transport de cuve en cuve manuel par palan ou automatique avec un syst\u00e8me de transporteur.<\/li>\n<\/ul>\n<\/div>\n<ul>\n<li>\n<p>        <img decoding=\"async\" src=\"\/wp-content\/uploads\/2022\/11\/DSC07276-scaled.jpg\" alt=\"\"><\/p>\n<\/li>\n<li>\n<p>        <img decoding=\"async\" src=\"\/wp-content\/uploads\/2022\/11\/DSC07282-scaled.jpg\" alt=\"\"><\/p>\n<\/li>\n<\/ul>\n<p>\n    <a href=\"\/wp-content\/uploads\/2022\/11\/flyersts303453.pdf\">T\u00e9l\u00e9charger la documentation<\/a>\n<\/p>\n<p>\n    <a href=\"\/pieces-detachees\/\">Pi\u00e8ces d\u00e9tach\u00e9es<\/a>\n<\/p>\n<h5>\n<p>G\u00e9n\u00e9rateur de fr\u00e9quence avec r\u00e9gulation automatique pour paniers vibrants VR2020 \u2013 une nouvelle technologie pour de meilleurs r\u00e9sultats<\/p>\n<ul><\/ul>\n<\/h5>\n<div>\n<p>Une des phases les plus critiques lors du traitement de petites pi\u00e8ces dans un panier vibrant est de trouver le bon ratio puissance\/fr\u00e9quence pour tous les traitements. Par exemple, un r\u00e9glage qui fonctionne bien avec un bain de pr\u00e9paration ou de rin\u00e7age, ne fonctionnera pas forc\u00e9ment correctement avec un bain de Nickel, ceci de par le fait que la densit\u00e9 du bain de Nickel est diff\u00e9rente. Cela signifie donc que vous devrez surveiller le processus et corriger les r\u00e9glages manuellement si n\u00e9cessaire.<\/p>\n<p>Cette contrainte de r\u00e9glage manuel n\u2019est plus d\u2019actualit\u00e9 avec notre nouveau g\u00e9n\u00e9rateur de fr\u00e9quence avec r\u00e9gulation automatique, le g\u00e9n\u00e9rateur est \u00e9galement connect\u00e9 \u00e0 distance avec l&rsquo;IHM. STS Industrie SA a d\u00e9velopp\u00e9 un nouveau syst\u00e8me permettant le r\u00e9glage automatique de la vibration en fonction de la densit\u00e9 du bain. Dans le futur, il vous faudra uniquement r\u00e9gler le ratio puissance\/fr\u00e9quence apr\u00e8s le chargement. Le g\u00e9n\u00e9rateur de fr\u00e9quence se chargera de r\u00e9gler la puissance automatiquement et durant tout le proc\u00e9d\u00e9, ceci afin de toujours conserver la vibration s\u00e9lectionn\u00e9e. La qualit\u00e9 de votre production sera meilleure, les d\u00e9fauts seront \u00e9limin\u00e9s et vous gagnerez du temps puisque vous ne devrez plus faire de corrections manuelles.<\/p>\n<\/div>\n<h5>\n<p>Option<\/p>\n<ul><\/ul>\n<\/h5>\n<div>\n<p><span>Les paniers peuvent \u00eatre \u00e9quip\u00e9s d\u2019un couvercle avec une fine maille \u00e9vitant que les pi\u00e8ces l\u00e9g\u00e8res flottent et sortent du panier.<\/span><\/p>\n<\/div>\n<p><video src=\"\/wp-content\/uploads\/2022\/05\/stsvibarrelfinal.mp4\" poster=\"\"><\/video><\/p>\n<hr>\n<h1>\n<h2 style=\"text-align: center;\">Une demande sp\u00e9cifique ? Parlons-en.<\/h2>\n<\/h1>\n<div>\n<p class=\"p1\">Nous accompagnons les entreprises dans la cr\u00e9ation de leurs \u00e9quipements de production depuis 1975. Nos sp\u00e9cialistes sauront vous conseiller au mieux afin de cr\u00e9er la machine qu\u2019il vous faut pour les ann\u00e9es \u00e0 venir.<\/p>\n<\/div>\n<p>\n    <a href=\"\/contact\/\">contactez-nous<\/a>\n<\/p>\n<p><!--more--><br \/>\n<!-- {\"type\":\"layout\",\"children\":[{\"type\":\"section\",\"props\":{\"height\":\"section\",\"height_offset_top\":true,\"image\":\"wp-content\\\/uploads\\\/2022\\\/05\\\/DSC07290.png\",\"image_position\":\"center-center\",\"image_size\":\"width-1-1\",\"media_overlay\":\"rgba(0, 0, 0, 0.4)\",\"style\":\"default\",\"title_breakpoint\":\"xl\",\"title_position\":\"top-left\",\"title_rotation\":\"left\",\"vertical_align\":\"middle\",\"width\":\"default\"},\"children\":[{\"type\":\"row\",\"children\":[{\"type\":\"column\",\"props\":{\"image_position\":\"center-center\",\"position_sticky_breakpoint\":\"m\"},\"children\":[{\"type\":\"headline\",\"props\":{\"content\":\"\n\n<p class=\\\"jeremy\\\"><strong>VIBARREL<sup>\\u00ae<\\\/sup> 303<\\\/strong><\\\/p>\",\"text_align\":\"center\",\"title_color\":\"warning\",\"title_element\":\"h1\"}}]}]}],\"name\":\"HEADER PAGE SECONDAIRE\"},{\"type\":\"section\",\"props\":{\"image_position\":\"center-center\",\"padding\":\"small\",\"padding_remove_top\":false,\"style\":\"default\",\"title_breakpoint\":\"xl\",\"title_position\":\"top-left\",\"title_rotation\":\"left\",\"vertical_align\":\"middle\",\"width\":\"default\"},\"children\":[{\"type\":\"row\",\"props\":{\"layout\":\"1-4,1-4,1-4,1-4|1-2,1-2,1-2,1-2\"},\"children\":[{\"type\":\"column\",\"props\":{\"image_position\":\"center-center\",\"position_sticky_breakpoint\":\"m\",\"width_medium\":\"1-4\",\"width_small\":\"1-2\"},\"children\":[{\"type\":\"button\",\"props\":{\"fullwidth\":true,\"grid_column_gap\":\"small\",\"grid_row_gap\":\"small\",\"margin\":\"default\",\"text_align\":\"center\"},\"children\":[{\"type\":\"button_item\",\"props\":{\"button_style\":\"primary\",\"content\":\"Vibarrel\\u00ae 101\",\"icon_align\":\"left\",\"link\":\"produits\\\/vibarrel-101\\\/\"}}]}]},{\"type\":\"column\",\"props\":{\"image_position\":\"center-center\",\"position_sticky_breakpoint\":\"m\",\"width_medium\":\"1-4\",\"width_small\":\"1-2\"},\"children\":[{\"type\":\"button\",\"props\":{\"fullwidth\":true,\"grid_column_gap\":\"small\",\"grid_row_gap\":\"small\",\"margin\":\"default\",\"text_align\":\"center\"},\"children\":[{\"type\":\"button_item\",\"props\":{\"button_style\":\"primary\",\"content\":\"Vibarrel\\u00ae 203\",\"icon_align\":\"left\",\"link\":\"produits\\\/vibarrel-203\\\/\"}}]}]},{\"type\":\"column\",\"props\":{\"image_position\":\"center-center\",\"position_sticky_breakpoint\":\"m\",\"width_medium\":\"1-4\",\"width_small\":\"1-2\"},\"children\":[{\"type\":\"button\",\"props\":{\"fullwidth\":true,\"grid_column_gap\":\"small\",\"grid_row_gap\":\"small\",\"margin\":\"default\",\"text_align\":\"center\"},\"children\":[{\"type\":\"button_item\",\"props\":{\"button_style\":\"primary\",\"content\":\"Vibarrel\\u00ae 303\",\"icon_align\":\"left\",\"link\":\"produits\\\/vibarrel-303\\\/\"}}]}]},{\"type\":\"column\",\"props\":{\"image_position\":\"center-center\",\"position_sticky_breakpoint\":\"m\",\"width_medium\":\"1-4\",\"width_small\":\"1-2\"},\"children\":[{\"type\":\"button\",\"props\":{\"fullwidth\":true,\"grid_column_gap\":\"small\",\"grid_row_gap\":\"small\",\"margin\":\"default\",\"text_align\":\"center\"},\"children\":[{\"type\":\"button_item\",\"props\":{\"button_style\":\"primary\",\"content\":\"Vibarrel\\u00ae 453\",\"icon_align\":\"left\",\"link\":\"produits\\\/vibarrel-453\\\/\"}}]}]}]},{\"type\":\"row\",\"children\":[{\"type\":\"column\",\"props\":{\"image_position\":\"center-center\",\"position_sticky_breakpoint\":\"m\"},\"children\":[{\"type\":\"headline\",\"props\":{\"content\":\"\n\n<h2 class=\\\"jeremy\\\">VIBARREL<sup>\\u00ae <\\\/sup>303<\\\/h2>\",\"text_align\":\"left\",\"title_element\":\"h2\",\"title_style\":\"h2\"}}]}]},{\"type\":\"row\",\"children\":[{\"type\":\"column\",\"props\":{\"image_position\":\"center-center\",\"position_sticky_breakpoint\":\"m\",\"width_medium\":\"1-2\"},\"children\":[{\"type\":\"headline\",\"props\":{\"content\":\"\n\n<p>Donn\\u00e9es techniques<\\\/p>\",\"text_align\":\"left\",\"title_element\":\"h5\",\"title_style\":\"h4\"}},{\"type\":\"text\",\"props\":{\"column_breakpoint\":\"m\",\"content\":\"\n\n<p>Le VIBARREL\\u00ae 303 permet le traitement manuel d\\u2019environ 4.0 dm3<\\\/p>\\n\n\n<p><b>Paniers disponibles:\\u00a0<\\\/b>diam\\u00e8tre 160, 200, 250 et 315 mm<br \\\/><b>Suivant les produits chimiques utilis\\u00e9s, ex\\u00e9cution en:\\u00a0<\\\/b>PP ou PVDF<br \\\/><b>Courant cathodique maximum:\\u00a0<\\\/b>350\\u00a0Amp\\u00e8res<br \\\/><b>Raccordement:<\\\/b>24VDC<br \\\/><b>Poids:\\u00a0<\\\/b>50.0 kg<br \\\/><b>Hauteur totale\\u00a0:\\u00a0<\\\/b>675 mm, longueur : 758 mm, largeur : 450 mm<\\\/p>\",\"margin\":\"default\",\"text_align\":\"left\"}},{\"type\":\"headline\",\"props\":{\"content\":\"\n\n<p>Avantages de la solution STS<\\\/p>\\n\n\n<ul><\\\/ul>\",\"text_align\":\"left\",\"title_element\":\"h5\",\"title_style\":\"h4\"}},{\"type\":\"text\",\"props\":{\"column_breakpoint\":\"m\",\"content\":\"\n\n<ul>\\n\n\n<li>Echange de paniers simple et facile gr\\u00e2ce au syst\\u00e8me de fixation rapide.<\\\/li>\\n\n\n<li>Excellente r\\u00e9partition du courant\\u00a0assurant une\\u00a0excellente uniformit\\u00e9.<\\\/li>\\n\n\n<li>Transport de cuve en cuve manuel par palan ou automatique avec un syst\\u00e8me de transporteur.<\\\/li>\\n<\\\/ul>\",\"margin\":\"default\",\"text_align\":\"left\"}}]},{\"type\":\"column\",\"props\":{\"image_position\":\"center-center\",\"position_sticky_breakpoint\":\"m\",\"width_medium\":\"1-2\"},\"children\":[{\"type\":\"slideshow\",\"props\":{\"link_style\":\"default\",\"link_text\":\"Read more\",\"margin\":\"default\",\"meta_align\":\"below-title\",\"meta_element\":\"div\",\"meta_style\":\"text-meta\",\"nav\":\"dotnav\",\"nav_align\":\"center\",\"nav_breakpoint\":\"s\",\"nav_position\":\"bottom-center\",\"nav_position_margin\":\"medium\",\"overlay_animation\":\"parallax\",\"overlay_position\":\"center-left\",\"show_content\":true,\"show_link\":true,\"show_meta\":true,\"show_thumbnail\":true,\"show_title\":true,\"slidenav\":\"default\",\"slidenav_breakpoint\":\"s\",\"slidenav_margin\":\"medium\",\"slidenav_outside_breakpoint\":\"xl\",\"slideshow_autoplay\":true,\"slideshow_autoplay_interval\":\"6\",\"slideshow_autoplay_pause\":true,\"slideshow_min_height\":\"\",\"thumbnav_height\":\"75\",\"thumbnav_svg_color\":\"emphasis\",\"thumbnav_width\":\"100\",\"title_element\":\"h3\"},\"children\":[{\"type\":\"slideshow_item\",\"props\":{\"image\":\"wp-content\\\/uploads\\\/2022\\\/11\\\/DSC07276-scaled.jpg\"}},{\"type\":\"slideshow_item\",\"props\":{\"image\":\"wp-content\\\/uploads\\\/2022\\\/11\\\/DSC07282-scaled.jpg\"}}]},{\"type\":\"button\",\"props\":{\"fullwidth\":true,\"grid_column_gap\":\"small\",\"grid_row_gap\":\"small\",\"margin\":\"default\",\"text_align\":\"center\"},\"children\":[{\"type\":\"button_item\",\"props\":{\"button_style\":\"primary\",\"content\":\"T\\u00e9l\\u00e9charger la documentation\",\"icon_align\":\"left\",\"link\":\"wp-content\\\/uploads\\\/2022\\\/11\\\/flyersts303453.pdf\",\"link_target\":\"blank\"}}]},{\"type\":\"button\",\"props\":{\"fullwidth\":true,\"grid_column_gap\":\"small\",\"grid_row_gap\":\"small\",\"margin\":\"default\",\"text_align\":\"center\"},\"children\":[{\"type\":\"button_item\",\"props\":{\"button_style\":\"primary\",\"content\":\"Pi\\u00e8ces d\\u00e9tach\\u00e9es\",\"icon_align\":\"left\",\"link\":\"pieces-detachees\\\/\",\"link_target\":\"blank\"}}]}]}],\"props\":{\"layout\":\"1-2,1-2\"}},{\"type\":\"row\",\"children\":[{\"type\":\"column\",\"props\":{\"image_position\":\"center-center\",\"position_sticky_breakpoint\":\"m\"},\"children\":[{\"type\":\"headline\",\"props\":{\"content\":\"\n\n<p>G\\u00e9n\\u00e9rateur de fr\\u00e9quence avec r\\u00e9gulation automatique pour paniers vibrants VR2020 \\u2013 une nouvelle technologie pour de meilleurs r\\u00e9sultats<\\\/p>\\n\n\n<ul><\\\/ul>\",\"text_align\":\"left\",\"title_element\":\"h5\",\"title_style\":\"h4\"}},{\"type\":\"text\",\"props\":{\"column_breakpoint\":\"m\",\"content\":\"\n\n<p>Une des phases les plus critiques lors du traitement de petites pi\\u00e8ces dans un panier vibrant est de trouver le bon ratio puissance\\\/fr\\u00e9quence pour tous les traitements. Par exemple, un r\\u00e9glage qui fonctionne bien avec un bain de pr\\u00e9paration ou de rin\\u00e7age, ne fonctionnera pas forc\\u00e9ment correctement avec un bain de Nickel, ceci de par le fait que la densit\\u00e9 du bain de Nickel est diff\\u00e9rente. Cela signifie donc que vous devrez surveiller le processus et corriger les r\\u00e9glages manuellement si n\\u00e9cessaire.<\\\/p>\\n\n\n<p>Cette contrainte de r\\u00e9glage manuel n\\u2019est plus d\\u2019actualit\\u00e9 avec notre nouveau g\\u00e9n\\u00e9rateur de fr\\u00e9quence avec r\\u00e9gulation automatique, le g\\u00e9n\\u00e9rateur est \\u00e9galement connect\\u00e9 \\u00e0 distance avec l'IHM. STS Industrie SA a d\\u00e9velopp\\u00e9 un nouveau syst\\u00e8me permettant le r\\u00e9glage automatique de la vibration en fonction de la densit\\u00e9 du bain. Dans le futur, il vous faudra uniquement r\\u00e9gler le ratio puissance\\\/fr\\u00e9quence apr\\u00e8s le chargement. Le g\\u00e9n\\u00e9rateur de fr\\u00e9quence se chargera de r\\u00e9gler la puissance automatiquement et durant tout le proc\\u00e9d\\u00e9, ceci afin de toujours conserver la vibration s\\u00e9lectionn\\u00e9e. La qualit\\u00e9 de votre production sera meilleure, les d\\u00e9fauts seront \\u00e9limin\\u00e9s et vous gagnerez du temps puisque vous ne devrez plus faire de corrections manuelles.<\\\/p>\",\"margin\":\"default\",\"text_align\":\"left\"}},{\"type\":\"headline\",\"props\":{\"content\":\"\n\n<p>Option<\\\/p>\\n\n\n<ul><\\\/ul>\",\"text_align\":\"left\",\"title_element\":\"h5\",\"title_style\":\"h4\"}},{\"type\":\"text\",\"props\":{\"column_breakpoint\":\"m\",\"content\":\"\n\n<p><span>Les paniers peuvent \\u00eatre \\u00e9quip\\u00e9s d\\u2019un couvercle avec une fine maille \\u00e9vitant que les pi\\u00e8ces l\\u00e9g\\u00e8res flottent et sortent du panier.<\\\/span><\\\/p>\",\"margin\":\"default\",\"text_align\":\"left\"}}]}]},{\"type\":\"row\",\"children\":[{\"type\":\"column\",\"props\":{\"image_position\":\"center-center\",\"position_sticky_breakpoint\":\"m\"},\"children\":[{\"type\":\"video\",\"props\":{\"margin\":\"default\",\"text_align\":\"center\",\"video\":\"wp-content\\\/uploads\\\/2022\\\/05\\\/stsvibarrelfinal.mp4\",\"video_controls\":true}}]}]}],\"modified\":\"2022-03-02T13:55:47.959Z\",\"name\":\"texte avec puce\"},{\"type\":\"section\",\"props\":{\"image_position\":\"center-center\",\"style\":\"default\",\"title_breakpoint\":\"xl\",\"title_position\":\"top-left\",\"title_rotation\":\"left\",\"vertical_align\":\"middle\",\"width\":\"default\"},\"children\":[{\"type\":\"row\",\"children\":[{\"type\":\"column\",\"props\":{\"image_position\":\"center-center\",\"position_sticky_breakpoint\":\"m\"},\"children\":[{\"type\":\"divider\",\"props\":{\"divider_element\":\"hr\",\"divider_style\":\"icon\"}},{\"type\":\"headline\",\"props\":{\"content\":\"\n\n<h2 style=\\\"text-align: center;\\\">Une demande sp\\u00e9cifique ? Parlons-en.<\\\/h2>\",\"text_align\":\"center\",\"title_element\":\"h1\"}},{\"type\":\"text\",\"props\":{\"column_breakpoint\":\"m\",\"content\":\"\n\n<p class=\\\"p1\\\">Nous accompagnons les entreprises dans la cr\\u00e9ation de leurs \\u00e9quipements de production depuis 1975. Nos sp\\u00e9cialistes sauront vous conseiller au mieux afin de cr\\u00e9er la machine qu\\u2019il vous faut pour les ann\\u00e9es \\u00e0 venir.<\\\/p>\",\"margin\":\"default\",\"text_align\":\"center\"}},{\"type\":\"button\",\"props\":{\"grid_column_gap\":\"small\",\"grid_row_gap\":\"small\",\"margin\":\"default\",\"text_align\":\"center\"},\"children\":[{\"type\":\"button_item\",\"props\":{\"button_style\":\"default\",\"content\":\"contactez-nous\",\"icon_align\":\"left\",\"link\":\"contact\\\/\"}}]}]}]}],\"name\":\"call to action contact final\"}],\"version\":\"4.3.3\"} --><\/p>\n","protected":false},"excerpt":{"rendered":"<p>VIBARREL\u00ae 303 Vibarrel\u00ae 101 Vibarrel\u00ae 203 Vibarrel\u00ae 303 Vibarrel\u00ae 453 VIBARREL\u00ae 303 Donn\u00e9es techniques Le VIBARREL\u00ae 303 permet le traitement manuel d\u2019environ 4.0 dm3 Paniers disponibles:\u00a0diam\u00e8tre 160, 200, 250 et 315 mmSuivant les produits chimiques utilis\u00e9s, ex\u00e9cution en:\u00a0PP ou PVDFCourant cathodique maximum:\u00a0350\u00a0Amp\u00e8resRaccordement:24VDCPoids:\u00a050.0 kgHauteur totale\u00a0:\u00a0675 mm, longueur : 758 mm, largeur : 450 mm Avantages de [&hellip;]<\/p>\n","protected":false},"author":6,"featured_media":0,"parent":1089,"menu_order":0,"comment_status":"closed","ping_status":"closed","template":"","meta":{"footnotes":""},"class_list":["post-1132","page","type-page","status-publish","hentry"],"yoast_head":"<!-- This site is optimized with the Yoast SEO plugin v27.3 - https:\/\/yoast.com\/product\/yoast-seo-wordpress\/ -->\n<title>Vibarrel\u00ae 303 - stsindustrie.com<\/title>\n<meta name=\"robots\" content=\"index, follow, max-snippet:-1, max-image-preview:large, max-video-preview:-1\" \/>\n<link rel=\"canonical\" href=\"https:\/\/stsindustrie.com\/en\/produits\/vibarrel\/vibarrel-303\/\" \/>\n<meta property=\"og:locale\" content=\"en_GB\" \/>\n<meta property=\"og:type\" content=\"article\" \/>\n<meta property=\"og:title\" content=\"Vibarrel\u00ae 303 - stsindustrie.com\" \/>\n<meta property=\"og:description\" content=\"VIBARREL\u00ae 303 Vibarrel\u00ae 101 Vibarrel\u00ae 203 Vibarrel\u00ae 303 Vibarrel\u00ae 453 VIBARREL\u00ae 303 Donn\u00e9es techniques Le VIBARREL\u00ae 303 permet le traitement manuel d\u2019environ 4.0 dm3 Paniers disponibles:\u00a0diam\u00e8tre 160, 200, 250 et 315 mmSuivant les produits chimiques utilis\u00e9s, ex\u00e9cution en:\u00a0PP ou PVDFCourant cathodique maximum:\u00a0350\u00a0Amp\u00e8resRaccordement:24VDCPoids:\u00a050.0 kgHauteur totale\u00a0:\u00a0675 mm, longueur : 758 mm, largeur : 450 mm Avantages de [&hellip;]\" \/>\n<meta property=\"og:url\" content=\"https:\/\/stsindustrie.com\/en\/produits\/vibarrel\/vibarrel-303\/\" \/>\n<meta property=\"og:site_name\" content=\"stsindustrie.com\" \/>\n<meta property=\"article:modified_time\" content=\"2024-04-05T14:19:20+00:00\" \/>\n<meta name=\"twitter:card\" content=\"summary_large_image\" \/>\n<script type=\"application\/ld+json\" class=\"yoast-schema-graph\">{\"@context\":\"https:\\\/\\\/schema.org\",\"@graph\":[{\"@type\":\"WebPage\",\"@id\":\"https:\\\/\\\/stsindustrie.com\\\/produits\\\/vibarrel\\\/vibarrel-303\\\/\",\"url\":\"https:\\\/\\\/stsindustrie.com\\\/produits\\\/vibarrel\\\/vibarrel-303\\\/\",\"name\":\"Vibarrel\u00ae 303 - stsindustrie.com\",\"isPartOf\":{\"@id\":\"https:\\\/\\\/stsindustrie.com\\\/#website\"},\"datePublished\":\"2022-09-29T13:09:44+00:00\",\"dateModified\":\"2024-04-05T14:19:20+00:00\",\"breadcrumb\":{\"@id\":\"https:\\\/\\\/stsindustrie.com\\\/produits\\\/vibarrel\\\/vibarrel-303\\\/#breadcrumb\"},\"inLanguage\":\"en-GB\",\"potentialAction\":[{\"@type\":\"ReadAction\",\"target\":[\"https:\\\/\\\/stsindustrie.com\\\/produits\\\/vibarrel\\\/vibarrel-303\\\/\"]}]},{\"@type\":\"BreadcrumbList\",\"@id\":\"https:\\\/\\\/stsindustrie.com\\\/produits\\\/vibarrel\\\/vibarrel-303\\\/#breadcrumb\",\"itemListElement\":[{\"@type\":\"ListItem\",\"position\":1,\"name\":\"Accueil\",\"item\":\"https:\\\/\\\/stsindustrie.com\\\/\"},{\"@type\":\"ListItem\",\"position\":2,\"name\":\"Produits\",\"item\":\"https:\\\/\\\/stsindustrie.com\\\/produits\\\/\"},{\"@type\":\"ListItem\",\"position\":3,\"name\":\"VIBARREL\u00ae\",\"item\":\"https:\\\/\\\/stsindustrie.com\\\/produits\\\/vibarrel\\\/\"},{\"@type\":\"ListItem\",\"position\":4,\"name\":\"Vibarrel\u00ae 303\"}]},{\"@type\":\"WebSite\",\"@id\":\"https:\\\/\\\/stsindustrie.com\\\/#website\",\"url\":\"https:\\\/\\\/stsindustrie.com\\\/\",\"name\":\"stsindustrie.com\",\"description\":\"\",\"publisher\":{\"@id\":\"https:\\\/\\\/stsindustrie.com\\\/#organization\"},\"potentialAction\":[{\"@type\":\"SearchAction\",\"target\":{\"@type\":\"EntryPoint\",\"urlTemplate\":\"https:\\\/\\\/stsindustrie.com\\\/?s={search_term_string}\"},\"query-input\":{\"@type\":\"PropertyValueSpecification\",\"valueRequired\":true,\"valueName\":\"search_term_string\"}}],\"inLanguage\":\"en-GB\"},{\"@type\":\"Organization\",\"@id\":\"https:\\\/\\\/stsindustrie.com\\\/#organization\",\"name\":\"STS Industrie SA\",\"url\":\"https:\\\/\\\/stsindustrie.com\\\/\",\"logo\":{\"@type\":\"ImageObject\",\"inLanguage\":\"en-GB\",\"@id\":\"https:\\\/\\\/stsindustrie.com\\\/#\\\/schema\\\/logo\\\/image\\\/\",\"url\":\"https:\\\/\\\/stsindustrie.com\\\/wp-content\\\/uploads\\\/2022\\\/02\\\/logoflavicon.png\",\"contentUrl\":\"https:\\\/\\\/stsindustrie.com\\\/wp-content\\\/uploads\\\/2022\\\/02\\\/logoflavicon.png\",\"width\":150,\"height\":150,\"caption\":\"STS Industrie SA\"},\"image\":{\"@id\":\"https:\\\/\\\/stsindustrie.com\\\/#\\\/schema\\\/logo\\\/image\\\/\"},\"sameAs\":[\"https:\\\/\\\/www.linkedin.com\\\/company\\\/sts-industrie-sa\\\/\"]}]}<\/script>\n<!-- \/ Yoast SEO plugin. -->","yoast_head_json":{"title":"Vibarrel\u00ae 303 - stsindustrie.com","robots":{"index":"index","follow":"follow","max-snippet":"max-snippet:-1","max-image-preview":"max-image-preview:large","max-video-preview":"max-video-preview:-1"},"canonical":"https:\/\/stsindustrie.com\/en\/produits\/vibarrel\/vibarrel-303\/","og_locale":"en_GB","og_type":"article","og_title":"Vibarrel\u00ae 303 - stsindustrie.com","og_description":"VIBARREL\u00ae 303 Vibarrel\u00ae 101 Vibarrel\u00ae 203 Vibarrel\u00ae 303 Vibarrel\u00ae 453 VIBARREL\u00ae 303 Donn\u00e9es techniques Le VIBARREL\u00ae 303 permet le traitement manuel d\u2019environ 4.0 dm3 Paniers disponibles:\u00a0diam\u00e8tre 160, 200, 250 et 315 mmSuivant les produits chimiques utilis\u00e9s, ex\u00e9cution en:\u00a0PP ou PVDFCourant cathodique maximum:\u00a0350\u00a0Amp\u00e8resRaccordement:24VDCPoids:\u00a050.0 kgHauteur totale\u00a0:\u00a0675 mm, longueur : 758 mm, largeur : 450 mm Avantages de [&hellip;]","og_url":"https:\/\/stsindustrie.com\/en\/produits\/vibarrel\/vibarrel-303\/","og_site_name":"stsindustrie.com","article_modified_time":"2024-04-05T14:19:20+00:00","twitter_card":"summary_large_image","schema":{"@context":"https:\/\/schema.org","@graph":[{"@type":"WebPage","@id":"https:\/\/stsindustrie.com\/produits\/vibarrel\/vibarrel-303\/","url":"https:\/\/stsindustrie.com\/produits\/vibarrel\/vibarrel-303\/","name":"Vibarrel\u00ae 303 - stsindustrie.com","isPartOf":{"@id":"https:\/\/stsindustrie.com\/#website"},"datePublished":"2022-09-29T13:09:44+00:00","dateModified":"2024-04-05T14:19:20+00:00","breadcrumb":{"@id":"https:\/\/stsindustrie.com\/produits\/vibarrel\/vibarrel-303\/#breadcrumb"},"inLanguage":"en-GB","potentialAction":[{"@type":"ReadAction","target":["https:\/\/stsindustrie.com\/produits\/vibarrel\/vibarrel-303\/"]}]},{"@type":"BreadcrumbList","@id":"https:\/\/stsindustrie.com\/produits\/vibarrel\/vibarrel-303\/#breadcrumb","itemListElement":[{"@type":"ListItem","position":1,"name":"Accueil","item":"https:\/\/stsindustrie.com\/"},{"@type":"ListItem","position":2,"name":"Produits","item":"https:\/\/stsindustrie.com\/produits\/"},{"@type":"ListItem","position":3,"name":"VIBARREL\u00ae","item":"https:\/\/stsindustrie.com\/produits\/vibarrel\/"},{"@type":"ListItem","position":4,"name":"Vibarrel\u00ae 303"}]},{"@type":"WebSite","@id":"https:\/\/stsindustrie.com\/#website","url":"https:\/\/stsindustrie.com\/","name":"stsindustrie.com","description":"","publisher":{"@id":"https:\/\/stsindustrie.com\/#organization"},"potentialAction":[{"@type":"SearchAction","target":{"@type":"EntryPoint","urlTemplate":"https:\/\/stsindustrie.com\/?s={search_term_string}"},"query-input":{"@type":"PropertyValueSpecification","valueRequired":true,"valueName":"search_term_string"}}],"inLanguage":"en-GB"},{"@type":"Organization","@id":"https:\/\/stsindustrie.com\/#organization","name":"STS Industrie SA","url":"https:\/\/stsindustrie.com\/","logo":{"@type":"ImageObject","inLanguage":"en-GB","@id":"https:\/\/stsindustrie.com\/#\/schema\/logo\/image\/","url":"https:\/\/stsindustrie.com\/wp-content\/uploads\/2022\/02\/logoflavicon.png","contentUrl":"https:\/\/stsindustrie.com\/wp-content\/uploads\/2022\/02\/logoflavicon.png","width":150,"height":150,"caption":"STS Industrie SA"},"image":{"@id":"https:\/\/stsindustrie.com\/#\/schema\/logo\/image\/"},"sameAs":["https:\/\/www.linkedin.com\/company\/sts-industrie-sa\/"]}]}},"_links":{"self":[{"href":"https:\/\/stsindustrie.com\/en\/wp-json\/wp\/v2\/pages\/1132","targetHints":{"allow":["GET"]}}],"collection":[{"href":"https:\/\/stsindustrie.com\/en\/wp-json\/wp\/v2\/pages"}],"about":[{"href":"https:\/\/stsindustrie.com\/en\/wp-json\/wp\/v2\/types\/page"}],"author":[{"embeddable":true,"href":"https:\/\/stsindustrie.com\/en\/wp-json\/wp\/v2\/users\/6"}],"replies":[{"embeddable":true,"href":"https:\/\/stsindustrie.com\/en\/wp-json\/wp\/v2\/comments?post=1132"}],"version-history":[{"count":22,"href":"https:\/\/stsindustrie.com\/en\/wp-json\/wp\/v2\/pages\/1132\/revisions"}],"predecessor-version":[{"id":2140,"href":"https:\/\/stsindustrie.com\/en\/wp-json\/wp\/v2\/pages\/1132\/revisions\/2140"}],"up":[{"embeddable":true,"href":"https:\/\/stsindustrie.com\/en\/wp-json\/wp\/v2\/pages\/1089"}],"wp:attachment":[{"href":"https:\/\/stsindustrie.com\/en\/wp-json\/wp\/v2\/media?parent=1132"}],"curies":[{"name":"wp","href":"https:\/\/api.w.org\/{rel}","templated":true}]}}