{"id":686,"date":"2022-03-30T00:22:12","date_gmt":"2022-03-29T22:22:12","guid":{"rendered":"https:\/\/new-stsindustrie.com\/?page_id=686"},"modified":"2026-01-19T01:19:44","modified_gmt":"2026-01-19T00:19:44","slug":"news","status":"publish","type":"page","link":"https:\/\/stsindustrie.com\/de\/sts\/news\/","title":{"rendered":"News"},"content":{"rendered":"<h1>News<\/h1>\n<h1>\n<h2>Nos nouveaux produits<\/h2>\n<\/h1>\n<ul>\n<li>\n<p>        <img decoding=\"async\" src=\"\/wp-content\/uploads\/2022\/09\/Capture-de%CC%81cran-2022-09-29-a%CC%80-14.38.54-e1667663619153.png\" alt=\"\"><\/p>\n<h3>Vibarrel 101<\/h3>\n<p><a href=\"\/produits\/vibarrel\/vibarrel-101\/\"><\/a><\/p>\n<\/li>\n<li>\n<p>        <img decoding=\"async\" src=\"\/wp-content\/uploads\/2022\/11\/DSC09799.jpg\" alt=\"\"><\/p>\n<h3>Vibarrel 203<\/h3>\n<p><a href=\"\/produits\/vibarrel\/vibarrel-203\/\"><\/a><\/p>\n<\/li>\n<li>\n<p>        <img decoding=\"async\" src=\"\/wp-content\/uploads\/2022\/11\/DSC07282-scaled.jpg\" alt=\"\"><\/p>\n<h3>Vibarrel 303<\/h3>\n<p><a href=\"\/produits\/vibarrel\/vibarrel-303\/\"><\/a><\/p>\n<\/li>\n<li>\n<p>        <img decoding=\"async\" src=\"\/wp-content\/uploads\/2022\/11\/DSC08749-scaled.jpg\" alt=\"\"><\/p>\n<h3>Vibarrel 453<\/h3>\n<p><a href=\"#\"><\/a><\/p>\n<\/li>\n<\/ul>\n<h1>\n<h2>Nos \u00e9v\u00e9nements<\/h2>\n<\/h1>\n<ul>\n<li>\n<h6>Surface Technology \u00e0 Stuttgart<\/h6>\n<p>5-7.5.2026<\/p>\n<div>\n<p>Lien web : <a href=\"https:\/\/www.surface-technology-germany.de\/en\/\">https:\/\/www.surface-technology-germany.de\/en\/<\/a><\/p>\n<\/div>\n<\/li>\n<li>\n<h6>SUR\/FIN show \u00e0 Rosemont<\/h6>\n<p>2-4.6.2026<\/p>\n<div>\n<p><span>lien web : <a href=\"https:\/\/rosemont.com\/desconvention\/event\/sur-fin-2026\/\">https:\/\/rosemont.com\/desconvention\/event\/sur-fin-2026\/<\/a><\/span><\/p>\n<\/div>\n<\/li>\n<\/ul>\n<p><img decoding=\"async\" src=\"\/wp-content\/uploads\/2025\/10\/logo_sitweb-8.png\" alt=\"\"><\/p>\n<h1><strong data-start=\"123\" data-end=\"166\">50 ans d\u2019innovation et d\u2019excellence<\/strong><\/h1>\n<div>\n<p>Depuis cinq d\u00e9cennies, STS Industrie s\u2019engage \u00e0 repousser les limites de la technologie et \u00e0 accompagner ses clients dans leur r\u00e9ussite. Merci \u00e0 tous ceux qui font partie de cette aventure l\u2019histoire continue.<\/p>\n<\/div>\n<p><!--more--><br \/>\n<!-- {\"type\":\"layout\",\"children\":[{\"type\":\"section\",\"props\":{\"height\":\"pixels\",\"height_offset_top\":true,\"image\":\"wp-content\\\/uploads\\\/2022\\\/03\\\/DJI_0026.png\",\"image_position\":\"center-center\",\"image_size\":\"width-1-1\",\"media_overlay\":\"rgba(0, 0, 0, 0.4)\",\"style\":\"default\",\"title_breakpoint\":\"xl\",\"title_position\":\"top-left\",\"title_rotation\":\"left\",\"vertical_align\":\"middle\",\"width\":\"default\"},\"children\":[{\"type\":\"row\",\"children\":[{\"type\":\"column\",\"props\":{\"image_position\":\"center-center\",\"position_sticky_breakpoint\":\"m\"},\"children\":[{\"type\":\"headline\",\"props\":{\"content\":\"News\",\"text_align\":\"center\",\"title_color\":\"warning\",\"title_element\":\"h1\",\"title_style\":\"h1\"}}]}]}]},{\"type\":\"section\",\"props\":{\"image_position\":\"center-center\",\"style\":\"default\",\"title_breakpoint\":\"xl\",\"title_position\":\"top-left\",\"title_rotation\":\"left\",\"vertical_align\":\"middle\",\"width\":\"xlarge\"},\"children\":[{\"type\":\"row\",\"children\":[{\"type\":\"column\",\"props\":{\"image_position\":\"center-center\",\"position_sticky_breakpoint\":\"m\",\"width_medium\":\"1-2\"},\"children\":[{\"type\":\"headline\",\"props\":{\"content\":\"\n\n<h2>Nos nouveaux produits<\\\/h2>\",\"title_element\":\"h1\"}},{\"path\":\"elements\",\"name\":\"Panel Slider Card Default\",\"type\":\"panel-slider\",\"props\":{\"container_padding_remove\":true,\"content_column_breakpoint\":\"m\",\"content_margin\":\"remove\",\"icon_width\":80,\"id\":\"panel-slider-card-default\",\"image_align\":\"top\",\"image_grid_breakpoint\":\"m\",\"image_grid_width\":\"1-2\",\"image_link\":true,\"image_svg_color\":\"emphasis\",\"image_transition\":\"scale-down\",\"image_width\":\"610\",\"link_style\":\"default\",\"link_text\":\"\",\"margin\":\"default\",\"meta_align\":\"below-title\",\"meta_element\":\"div\",\"meta_margin\":\"remove\",\"meta_style\":\"text-meta\",\"nav\":\"dotnav\",\"nav_align\":\"center\",\"nav_breakpoint\":\"\",\"nav_margin\":\"medium\",\"panel_card_offset\":true,\"panel_image_no_padding\":true,\"panel_link\":false,\"panel_match\":true,\"panel_padding\":\"default\",\"panel_style\":\"card-default\",\"show_content\":true,\"show_image\":true,\"show_link\":true,\"show_meta\":true,\"show_title\":true,\"slidenav\":\"\",\"slidenav_breakpoint\":\"xl\",\"slidenav_margin\":\"medium\",\"slidenav_outside_breakpoint\":\"xl\",\"slider_autoplay_pause\":true,\"slider_center\":false,\"slider_divider\":false,\"slider_gap\":\"default\",\"slider_width\":\"fixed\",\"slider_width_default\":\"1-1\",\"slider_width_medium\":\"1-3\",\"slider_width_small\":\"1-2\",\"title_align\":\"top\",\"title_element\":\"h3\",\"title_grid_breakpoint\":\"m\",\"title_grid_width\":\"1-2\",\"title_hover_style\":\"reset\",\"title_link\":true,\"title_margin\":\"remove\",\"title_style\":\"h6\"},\"children\":[{\"type\":\"panel-slider_item\",\"props\":{\"image\":\"wp-content\\\/uploads\\\/2022\\\/09\\\/Capture-de\\u0301cran-2022-09-29-a\\u0300-14.38.54-e1667663619153.png\",\"link\":\"produits\\\/vibarrel\\\/vibarrel-101\\\/\",\"meta\":\"\",\"title\":\"Vibarrel 101\"}},{\"type\":\"panel-slider_item\",\"props\":{\"image\":\"wp-content\\\/uploads\\\/2022\\\/11\\\/DSC09799.jpg\",\"link\":\"produits\\\/vibarrel\\\/vibarrel-203\\\/\",\"meta\":\"\",\"title\":\"Vibarrel 203\"}},{\"type\":\"panel-slider_item\",\"props\":{\"image\":\"wp-content\\\/uploads\\\/2022\\\/11\\\/DSC07282-scaled.jpg\",\"link\":\"produits\\\/vibarrel\\\/vibarrel-303\\\/\",\"meta\":\"\",\"title\":\"Vibarrel 303\"}},{\"type\":\"panel-slider_item\",\"props\":{\"image\":\"wp-content\\\/uploads\\\/2022\\\/11\\\/DSC08749-scaled.jpg\",\"link\":\"#\",\"meta\":\"\",\"title\":\"Vibarrel 453\"}}],\"meta\":{\"type\":\"panel-slider\",\"website\":\"elements\",\"image\":\"https:\\\/\\\/downloads-yootheme.storage.googleapis.com\\\/library\\\/elements\\\/elements\\\/panel-slider-card-default.jpg\"},\"images\":[{\"src\":\"wp-content\\\/uploads\\\/panel-slider-card-default-01.jpg\",\"md5\":\"733693db2b0909031550093f8d546e84\"},{\"src\":\"wp-content\\\/uploads\\\/panel-slider-card-default-02.jpg\",\"md5\":\"764953a523db0c8ec4f774821a4449d9\"},{\"src\":\"wp-content\\\/uploads\\\/panel-slider-card-default-03.jpg\",\"md5\":\"b545dc28467e0a7fe9e4c2fdf80857f9\"},{\"src\":\"wp-content\\\/uploads\\\/panel-slider-card-default-04.jpg\",\"md5\":\"f642466351efaeb1b3b3f49fc1252a73\"},{\"src\":\"wp-content\\\/uploads\\\/panel-slider-card-default-05.jpg\",\"md5\":\"5609602293d133724e2c6f289a7ed430\"},{\"src\":\"wp-content\\\/uploads\\\/panel-slider-card-default-06.jpg\",\"md5\":\"ced6935ced8f6f00b4109b42b84fb970\"}]}]},{\"type\":\"column\",\"props\":{\"image_position\":\"center-center\",\"position_sticky_breakpoint\":\"m\",\"width_medium\":\"1-2\"},\"children\":[{\"type\":\"headline\",\"props\":{\"content\":\"\n\n<h2>Nos \\u00e9v\\u00e9nements<\\\/h2>\",\"title_element\":\"h1\"}},{\"type\":\"switcher\",\"props\":{\"content_column_breakpoint\":\"m\",\"image_align\":\"top\",\"image_grid_breakpoint\":\"m\",\"image_grid_width\":\"1-2\",\"image_svg_color\":\"emphasis\",\"link_style\":\"default\",\"link_text\":\"Read more\",\"margin\":\"default\",\"meta_align\":\"below-title\",\"meta_element\":\"div\",\"meta_style\":\"text-meta\",\"nav\":\"tab\",\"nav_align\":\"left\",\"nav_grid_breakpoint\":\"m\",\"nav_grid_width\":\"auto\",\"nav_position\":\"top\",\"show_content\":true,\"show_image\":true,\"show_label\":true,\"show_link\":true,\"show_meta\":true,\"show_thumbnail\":true,\"show_title\":true,\"switcher_animation\":\"fade\",\"switcher_height\":true,\"thumbnav_height\":\"75\",\"thumbnav_svg_color\":\"emphasis\",\"thumbnav_width\":\"100\",\"title_align\":\"top\",\"title_element\":\"h6\",\"title_grid_breakpoint\":\"m\",\"title_grid_width\":\"1-2\"},\"children\":[{\"type\":\"switcher_item\",\"props\":{\"content\":\"\n\n<p>Lien web : <a href=\\\"https:\\\/\\\/www.surface-technology-germany.de\\\/en\\\/\\\">https:\\\/\\\/www.surface-technology-germany.de\\\/en\\\/<\\\/a><\\\/p>\",\"meta\":\"5-7.5.2026\",\"title\":\"Surface Technology \\u00e0 Stuttgart\"}},{\"type\":\"switcher_item\",\"props\":{\"content\":\"\n\n<p><span>lien web : <a href=\\\"https:\\\/\\\/rosemont.com\\\/desconvention\\\/event\\\/sur-fin-2026\\\/\\\">https:\\\/\\\/rosemont.com\\\/desconvention\\\/event\\\/sur-fin-2026\\\/<\\\/a><\\\/span><\\\/p>\",\"meta\":\"2-4.6.2026\",\"title\":\"SUR\\\/FIN show \\u00e0 Rosemont\"}}]}]}],\"props\":{\"divider\":true,\"layout\":\"1-2,1-2\"}}]},{\"type\":\"section\",\"props\":{\"image_position\":\"center-center\",\"style\":\"default\",\"title_breakpoint\":\"xl\",\"title_position\":\"top-left\",\"title_rotation\":\"left\",\"vertical_align\":\"middle\",\"width\":\"default\"},\"children\":[{\"type\":\"row\",\"children\":[{\"type\":\"column\",\"props\":{\"image_position\":\"center-center\",\"position_sticky_breakpoint\":\"m\"},\"children\":[{\"type\":\"image\",\"props\":{\"image\":\"wp-content\\\/uploads\\\/2025\\\/10\\\/logo_sitweb-8.png\",\"image_svg_color\":\"emphasis\",\"margin\":\"large\",\"margin_remove_top\":true,\"text_align\":\"center\"}},{\"type\":\"headline\",\"props\":{\"content\":\"<strong data-start=\\\"123\\\" data-end=\\\"166\\\">50 ans d\\u2019innovation et d\\u2019excellence<\\\/strong>\",\"text_align\":\"center\",\"title_element\":\"h1\",\"title_style\":\"h2\"}},{\"type\":\"text\",\"props\":{\"block_align\":\"center\",\"column_breakpoint\":\"m\",\"content\":\"\n\n<p>Depuis cinq d\\u00e9cennies, STS Industrie s\\u2019engage \\u00e0 repousser les limites de la technologie et \\u00e0 accompagner ses clients dans leur r\\u00e9ussite. Merci \\u00e0 tous ceux qui font partie de cette aventure l\\u2019histoire continue.<\\\/p>\",\"margin\":\"default\",\"maxwidth\":\"xlarge\",\"text_align\":\"center\"}}]}]}]}],\"version\":\"4.3.3\"} --><\/p>\n","protected":false},"excerpt":{"rendered":"<p>News Nos nouveaux produits Vibarrel 101 Vibarrel 203 Vibarrel 303 Vibarrel 453 Nos \u00e9v\u00e9nements Surface Technology \u00e0 Stuttgart 5-7.5.2026 Lien web : https:\/\/www.surface-technology-germany.de\/en\/ SUR\/FIN show \u00e0 Rosemont 2-4.6.2026 lien web : https:\/\/rosemont.com\/desconvention\/event\/sur-fin-2026\/ 50 ans d\u2019innovation et d\u2019excellence Depuis cinq d\u00e9cennies, STS Industrie s\u2019engage \u00e0 repousser les limites de la technologie et \u00e0 accompagner ses clients [&hellip;]<\/p>\n","protected":false},"author":6,"featured_media":0,"parent":1306,"menu_order":0,"comment_status":"closed","ping_status":"closed","template":"","meta":{"footnotes":""},"class_list":["post-686","page","type-page","status-publish","hentry"],"yoast_head":"<!-- This site is optimized with the Yoast SEO plugin v27.4 - https:\/\/yoast.com\/product\/yoast-seo-wordpress\/ -->\n<title>News - stsindustrie.com<\/title>\n<meta name=\"robots\" content=\"index, follow, max-snippet:-1, max-image-preview:large, max-video-preview:-1\" \/>\n<link rel=\"canonical\" href=\"https:\/\/stsindustrie.com\/de\/sts\/news\/\" \/>\n<meta property=\"og:locale\" content=\"de_DE\" \/>\n<meta property=\"og:type\" content=\"article\" \/>\n<meta property=\"og:title\" content=\"News - stsindustrie.com\" \/>\n<meta property=\"og:description\" content=\"News Nos nouveaux produits Vibarrel 101 Vibarrel 203 Vibarrel 303 Vibarrel 453 Nos \u00e9v\u00e9nements Surface Technology \u00e0 Stuttgart 5-7.5.2026 Lien web : https:\/\/www.surface-technology-germany.de\/en\/ SUR\/FIN show \u00e0 Rosemont 2-4.6.2026 lien web : https:\/\/rosemont.com\/desconvention\/event\/sur-fin-2026\/ 50 ans d\u2019innovation et d\u2019excellence Depuis cinq d\u00e9cennies, STS Industrie s\u2019engage \u00e0 repousser les limites de la technologie et \u00e0 accompagner ses clients [&hellip;]\" \/>\n<meta property=\"og:url\" content=\"https:\/\/stsindustrie.com\/de\/sts\/news\/\" \/>\n<meta property=\"og:site_name\" content=\"stsindustrie.com\" \/>\n<meta property=\"article:modified_time\" content=\"2026-01-19T00:19:44+00:00\" \/>\n<meta name=\"twitter:card\" content=\"summary_large_image\" \/>\n<script type=\"application\/ld+json\" class=\"yoast-schema-graph\">{\"@context\":\"https:\\\/\\\/schema.org\",\"@graph\":[{\"@type\":\"WebPage\",\"@id\":\"https:\\\/\\\/stsindustrie.com\\\/sts\\\/news\\\/\",\"url\":\"https:\\\/\\\/stsindustrie.com\\\/sts\\\/news\\\/\",\"name\":\"News - stsindustrie.com\",\"isPartOf\":{\"@id\":\"https:\\\/\\\/stsindustrie.com\\\/#website\"},\"datePublished\":\"2022-03-29T22:22:12+00:00\",\"dateModified\":\"2026-01-19T00:19:44+00:00\",\"breadcrumb\":{\"@id\":\"https:\\\/\\\/stsindustrie.com\\\/sts\\\/news\\\/#breadcrumb\"},\"inLanguage\":\"de\",\"potentialAction\":[{\"@type\":\"ReadAction\",\"target\":[\"https:\\\/\\\/stsindustrie.com\\\/sts\\\/news\\\/\"]}]},{\"@type\":\"BreadcrumbList\",\"@id\":\"https:\\\/\\\/stsindustrie.com\\\/sts\\\/news\\\/#breadcrumb\",\"itemListElement\":[{\"@type\":\"ListItem\",\"position\":1,\"name\":\"Accueil\",\"item\":\"https:\\\/\\\/stsindustrie.com\\\/\"},{\"@type\":\"ListItem\",\"position\":2,\"name\":\"STS\",\"item\":\"https:\\\/\\\/stsindustrie.com\\\/sts\\\/\"},{\"@type\":\"ListItem\",\"position\":3,\"name\":\"News\"}]},{\"@type\":\"WebSite\",\"@id\":\"https:\\\/\\\/stsindustrie.com\\\/#website\",\"url\":\"https:\\\/\\\/stsindustrie.com\\\/\",\"name\":\"stsindustrie.com\",\"description\":\"\",\"publisher\":{\"@id\":\"https:\\\/\\\/stsindustrie.com\\\/#organization\"},\"potentialAction\":[{\"@type\":\"SearchAction\",\"target\":{\"@type\":\"EntryPoint\",\"urlTemplate\":\"https:\\\/\\\/stsindustrie.com\\\/?s={search_term_string}\"},\"query-input\":{\"@type\":\"PropertyValueSpecification\",\"valueRequired\":true,\"valueName\":\"search_term_string\"}}],\"inLanguage\":\"de\"},{\"@type\":\"Organization\",\"@id\":\"https:\\\/\\\/stsindustrie.com\\\/#organization\",\"name\":\"STS Industrie SA\",\"url\":\"https:\\\/\\\/stsindustrie.com\\\/\",\"logo\":{\"@type\":\"ImageObject\",\"inLanguage\":\"de\",\"@id\":\"https:\\\/\\\/stsindustrie.com\\\/#\\\/schema\\\/logo\\\/image\\\/\",\"url\":\"https:\\\/\\\/stsindustrie.com\\\/wp-content\\\/uploads\\\/2022\\\/02\\\/logoflavicon.png\",\"contentUrl\":\"https:\\\/\\\/stsindustrie.com\\\/wp-content\\\/uploads\\\/2022\\\/02\\\/logoflavicon.png\",\"width\":150,\"height\":150,\"caption\":\"STS Industrie SA\"},\"image\":{\"@id\":\"https:\\\/\\\/stsindustrie.com\\\/#\\\/schema\\\/logo\\\/image\\\/\"},\"sameAs\":[\"https:\\\/\\\/www.linkedin.com\\\/company\\\/sts-industrie-sa\\\/\"]}]}<\/script>\n<!-- \/ Yoast SEO plugin. -->","yoast_head_json":{"title":"News - stsindustrie.com","robots":{"index":"index","follow":"follow","max-snippet":"max-snippet:-1","max-image-preview":"max-image-preview:large","max-video-preview":"max-video-preview:-1"},"canonical":"https:\/\/stsindustrie.com\/de\/sts\/news\/","og_locale":"de_DE","og_type":"article","og_title":"News - stsindustrie.com","og_description":"News Nos nouveaux produits Vibarrel 101 Vibarrel 203 Vibarrel 303 Vibarrel 453 Nos \u00e9v\u00e9nements Surface Technology \u00e0 Stuttgart 5-7.5.2026 Lien web : https:\/\/www.surface-technology-germany.de\/en\/ SUR\/FIN show \u00e0 Rosemont 2-4.6.2026 lien web : https:\/\/rosemont.com\/desconvention\/event\/sur-fin-2026\/ 50 ans d\u2019innovation et d\u2019excellence Depuis cinq d\u00e9cennies, STS Industrie s\u2019engage \u00e0 repousser les limites de la technologie et \u00e0 accompagner ses clients [&hellip;]","og_url":"https:\/\/stsindustrie.com\/de\/sts\/news\/","og_site_name":"stsindustrie.com","article_modified_time":"2026-01-19T00:19:44+00:00","twitter_card":"summary_large_image","schema":{"@context":"https:\/\/schema.org","@graph":[{"@type":"WebPage","@id":"https:\/\/stsindustrie.com\/sts\/news\/","url":"https:\/\/stsindustrie.com\/sts\/news\/","name":"News - stsindustrie.com","isPartOf":{"@id":"https:\/\/stsindustrie.com\/#website"},"datePublished":"2022-03-29T22:22:12+00:00","dateModified":"2026-01-19T00:19:44+00:00","breadcrumb":{"@id":"https:\/\/stsindustrie.com\/sts\/news\/#breadcrumb"},"inLanguage":"de","potentialAction":[{"@type":"ReadAction","target":["https:\/\/stsindustrie.com\/sts\/news\/"]}]},{"@type":"BreadcrumbList","@id":"https:\/\/stsindustrie.com\/sts\/news\/#breadcrumb","itemListElement":[{"@type":"ListItem","position":1,"name":"Accueil","item":"https:\/\/stsindustrie.com\/"},{"@type":"ListItem","position":2,"name":"STS","item":"https:\/\/stsindustrie.com\/sts\/"},{"@type":"ListItem","position":3,"name":"News"}]},{"@type":"WebSite","@id":"https:\/\/stsindustrie.com\/#website","url":"https:\/\/stsindustrie.com\/","name":"stsindustrie.com","description":"","publisher":{"@id":"https:\/\/stsindustrie.com\/#organization"},"potentialAction":[{"@type":"SearchAction","target":{"@type":"EntryPoint","urlTemplate":"https:\/\/stsindustrie.com\/?s={search_term_string}"},"query-input":{"@type":"PropertyValueSpecification","valueRequired":true,"valueName":"search_term_string"}}],"inLanguage":"de"},{"@type":"Organization","@id":"https:\/\/stsindustrie.com\/#organization","name":"STS Industrie AG","url":"https:\/\/stsindustrie.com\/","logo":{"@type":"ImageObject","inLanguage":"de","@id":"https:\/\/stsindustrie.com\/#\/schema\/logo\/image\/","url":"https:\/\/stsindustrie.com\/wp-content\/uploads\/2022\/02\/logoflavicon.png","contentUrl":"https:\/\/stsindustrie.com\/wp-content\/uploads\/2022\/02\/logoflavicon.png","width":150,"height":150,"caption":"STS Industrie SA"},"image":{"@id":"https:\/\/stsindustrie.com\/#\/schema\/logo\/image\/"},"sameAs":["https:\/\/www.linkedin.com\/company\/sts-industrie-sa\/"]}]}},"_links":{"self":[{"href":"https:\/\/stsindustrie.com\/de\/wp-json\/wp\/v2\/pages\/686","targetHints":{"allow":["GET"]}}],"collection":[{"href":"https:\/\/stsindustrie.com\/de\/wp-json\/wp\/v2\/pages"}],"about":[{"href":"https:\/\/stsindustrie.com\/de\/wp-json\/wp\/v2\/types\/page"}],"author":[{"embeddable":true,"href":"https:\/\/stsindustrie.com\/de\/wp-json\/wp\/v2\/users\/6"}],"replies":[{"embeddable":true,"href":"https:\/\/stsindustrie.com\/de\/wp-json\/wp\/v2\/comments?post=686"}],"version-history":[{"count":58,"href":"https:\/\/stsindustrie.com\/de\/wp-json\/wp\/v2\/pages\/686\/revisions"}],"predecessor-version":[{"id":2309,"href":"https:\/\/stsindustrie.com\/de\/wp-json\/wp\/v2\/pages\/686\/revisions\/2309"}],"up":[{"embeddable":true,"href":"https:\/\/stsindustrie.com\/de\/wp-json\/wp\/v2\/pages\/1306"}],"wp:attachment":[{"href":"https:\/\/stsindustrie.com\/de\/wp-json\/wp\/v2\/media?parent=686"}],"curies":[{"name":"wp","href":"https:\/\/api.w.org\/{rel}","templated":true}]}}