{"id":412,"date":"2022-03-02T11:29:53","date_gmt":"2022-03-02T10:29:53","guid":{"rendered":"https:\/\/new-stsindustrie.com\/?page_id=412"},"modified":"2024-02-21T14:34:08","modified_gmt":"2024-02-21T13:34:08","slug":"produits","status":"publish","type":"page","link":"https:\/\/stsindustrie.com\/de\/produits\/","title":{"rendered":"Produkte"},"content":{"rendered":"<h1>Nos produits<\/h1>\n<h5>Nos Produits<\/h5>\n<div>\n<p>Depuis le d\u00e9but de nos activit\u00e9s, nous avons mis un accent tout particulier au d\u00e9veloppement de nos propres lignes de produits. Afin de garantire une longue vie \u00e0 nos r\u00e9alisation, nous les d\u00e9veloppons sans cesse en y ajoutant les derni\u00e8res technologies. De plus, nos experts imagines r\u00e9guli\u00e8rement de nouveaux proc\u00e9ders afin que nos r\u00e9alisations perdurent dans le temps et vous permettent d&rsquo;en b\u00e9n\u00e9ficier le plus longtemps possible.<\/p>\n<\/div>\n<ul>\n<li>\n<p><a href=\"\/produits\/vibarrel\/\"><\/p>\n<p>Vibarrel<sup>\u00ae<\/sup><\/p>\n<p><\/a><\/p>\n<\/li>\n<li>\n<p><a href=\"\/produits\/robarrel\/\"><\/p>\n<p>Robarrel<\/p>\n<p><\/a><\/p>\n<\/li>\n<li>\n<p><a href=\"\/produits\/rack-tournant\/\"><\/p>\n<p>Racks tournants<\/p>\n<p><\/a><\/p>\n<\/li>\n<\/ul>\n<ul>\n<li>\n<p><a href=\"\/produits\/weber-ultrasonics\/\"><\/p>\n<p>Weber Ultrasonics<\/p>\n<p><\/a><\/p>\n<\/li>\n<li>\n<p><a href=\"\/produits\/vibroset\/\"><\/p>\n<p>Vibroset<\/p>\n<p><\/a><\/p>\n<\/li>\n<\/ul>\n<p><video src=\"\/wp-content\/uploads\/2022\/05\/stsvibarrelfinal.mp4\" poster=\"\"><\/video><\/p>\n<ul>\n<li>\n<p>        <img decoding=\"async\" src=\"\/wp-content\/uploads\/2022\/05\/DSC03567.png\" alt=\"\"><\/p>\n<\/li>\n<li>\n<p>        <img decoding=\"async\" src=\"\/wp-content\/uploads\/2022\/05\/DSC07290.png\" alt=\"\"><\/p>\n<\/li>\n<li>\n<p>        <img decoding=\"async\" src=\"\/wp-content\/uploads\/2022\/05\/DSC09198.png\" alt=\"\"><\/p>\n<\/li>\n<\/ul>\n<div>\n<p>        <img decoding=\"async\" src=\"\/wp-content\/uploads\/2022\/03\/DSC03572.png\" alt=\"\"><\/p>\n<\/div>\n<ul>\n<li>\n<p>        <img decoding=\"async\" src=\"\/wp-content\/uploads\/accommodations-tag-exclusive-architecture-intro.jpg\" alt=\"\"><\/p>\n<h3>Exclusive Architecture<\/h3>\n<p><a href=\"#\">View Houses<\/a><\/p>\n<\/li>\n<li>\n<p>        <img decoding=\"async\" src=\"\/wp-content\/uploads\/accommodations-tag-family-vacation-intro.jpg\" alt=\"\"><\/p>\n<h3>Family Vacation<\/h3>\n<p><a href=\"#\">View Houses<\/a><\/p>\n<\/li>\n<\/ul>\n<div>\n<p>        <img decoding=\"async\" src=\"\/wp-content\/uploads\/2022\/03\/DSC00273.png\" alt=\"\"><\/p>\n<\/div>\n<ul>\n<li>\n<p>        <img decoding=\"async\" src=\"\/wp-content\/uploads\/2022\/05\/stspposts444-13.png\" alt=\"\"><\/p>\n<\/li>\n<li>\n<p>        <img decoding=\"async\" src=\"\/wp-content\/uploads\/2022\/05\/DSC07884.png\" alt=\"\"><\/p>\n<\/li>\n<\/ul>\n<p><video src=\"\/wp-content\/uploads\/2022\/05\/videosts.mp4\" poster=\"\"><\/video><\/p>\n<hr>\n<h1>\n<h2 style=\"text-align: center;\">Une demande sp\u00e9cifique ? Parlons-en.<\/h2>\n<\/h1>\n<div>\n<p>Nous accompagnons des entreprises dans la cr\u00e9ation de leurs lignes de galvanoplastie depuis plus de 40 ans. Nos chefs de projets sauront vous conseiller au mieux afin de cr\u00e9er la machine qu&rsquo;il vous faut pour les ann\u00e9es \u00e0 venir.<\/p>\n<\/div>\n<p>\n    <a href=\"\/contact\/\">contactez-nous<\/a>\n<\/p>\n<p><!--more--><br \/>\n<!-- {\"type\":\"layout\",\"children\":[{\"type\":\"section\",\"props\":{\"height\":\"section\",\"height_offset_top\":true,\"image\":\"wp-content\\\/uploads\\\/2022\\\/05\\\/DSC07290.png\",\"image_position\":\"center-center\",\"image_size\":\"width-1-1\",\"media_overlay\":\"rgba(0, 0, 0, 0.4)\",\"style\":\"default\",\"title_breakpoint\":\"xl\",\"title_position\":\"top-left\",\"title_rotation\":\"left\",\"vertical_align\":\"middle\",\"width\":\"default\"},\"children\":[{\"type\":\"row\",\"children\":[{\"type\":\"column\",\"props\":{\"image_position\":\"center-center\",\"position_sticky_breakpoint\":\"m\"},\"children\":[{\"type\":\"headline\",\"props\":{\"content\":\"Nos produits\",\"text_align\":\"center\",\"title_color\":\"warning\",\"title_element\":\"h1\",\"title_style\":\"h1\"}}]}]}],\"name\":\"HEADER PAGE SECONDAIRE\"},{\"type\":\"section\",\"props\":{\"image_position\":\"center-center\",\"style\":\"default\",\"title_breakpoint\":\"xl\",\"title_position\":\"top-left\",\"title_rotation\":\"left\",\"vertical_align\":\"middle\",\"width\":\"default\"},\"children\":[{\"type\":\"row\",\"children\":[{\"type\":\"column\",\"props\":{\"image_position\":\"center-center\",\"position_sticky_breakpoint\":\"m\"},\"children\":[{\"type\":\"headline\",\"props\":{\"content\":\"Nos Produits\",\"text_align\":\"left\",\"title_element\":\"h5\",\"title_style\":\"h2\"}},{\"type\":\"text\",\"props\":{\"column_breakpoint\":\"m\",\"content\":\"\n\n<p>Depuis le d\\u00e9but de nos activit\\u00e9s, nous avons mis un accent tout particulier au d\\u00e9veloppement de nos propres lignes de produits. Afin de garantire une longue vie \\u00e0 nos r\\u00e9alisation, nous les d\\u00e9veloppons sans cesse en y ajoutant les derni\\u00e8res technologies. De plus, nos experts imagines r\\u00e9guli\\u00e8rement de nouveaux proc\\u00e9ders afin que nos r\\u00e9alisations perdurent dans le temps et vous permettent d'en b\\u00e9n\\u00e9ficier le plus longtemps possible.<\\\/p>\",\"margin\":\"default\",\"text_align\":\"left\"}}]}]},{\"type\":\"row\",\"props\":{\"layout\":\"1-2,1-2\"},\"children\":[{\"type\":\"column\",\"props\":{\"image_position\":\"center-center\",\"position_sticky_breakpoint\":\"m\",\"width_medium\":\"1-2\"},\"children\":[{\"type\":\"list\",\"props\":{\"block_align\":\"right\",\"column_breakpoint\":\"m\",\"content_style\":\"h4\",\"image_align\":\"left\",\"image_svg_color\":\"emphasis\",\"image_vertical_align\":true,\"list_element\":\"ul\",\"list_horizontal_separator\":\", \",\"list_marker\":\"circle\",\"list_type\":\"vertical\",\"show_image\":true,\"show_link\":true},\"children\":[{\"type\":\"list_item\",\"props\":{\"content\":\"\n\n<p>Vibarrel<sup>\\u00ae<\\\/sup><\\\/p>\",\"link\":\"produits\\\/vibarrel\\\/\"}},{\"type\":\"list_item\",\"props\":{\"content\":\"\n\n<p>Robarrel<\\\/p>\",\"link\":\"produits\\\/robarrel\\\/\"}},{\"type\":\"list_item\",\"props\":{\"content\":\"\n\n<p>Racks tournants<\\\/p>\",\"link\":\"produits\\\/rack-tournant\\\/\"}}]}]},{\"type\":\"column\",\"props\":{\"image_position\":\"center-center\",\"position_sticky_breakpoint\":\"m\",\"width_medium\":\"1-2\"},\"children\":[{\"type\":\"list\",\"props\":{\"column_breakpoint\":\"m\",\"content_style\":\"h4\",\"image_align\":\"left\",\"image_svg_color\":\"emphasis\",\"image_vertical_align\":true,\"list_element\":\"ul\",\"list_horizontal_separator\":\", \",\"list_marker\":\"circle\",\"list_type\":\"vertical\",\"show_image\":true,\"show_link\":true},\"children\":[{\"type\":\"list_item\",\"props\":{\"content\":\"\n\n<p>Weber Ultrasonics<\\\/p>\",\"link\":\"produits\\\/weber-ultrasonics\\\/\"}},{\"type\":\"list_item\",\"props\":{\"content\":\"\n\n<p>Vibroset<\\\/p>\",\"link\":\"produits\\\/vibroset\\\/\"}}]}]}]},{\"type\":\"row\",\"children\":[{\"type\":\"column\",\"props\":{\"image_position\":\"center-center\",\"position_sticky_breakpoint\":\"m\"},\"children\":[{\"type\":\"video\",\"props\":{\"margin\":\"default\",\"text_align\":\"center\",\"video\":\"wp-content\\\/uploads\\\/2022\\\/05\\\/stsvibarrelfinal.mp4\",\"video_controls\":true}},{\"type\":\"slideshow\",\"props\":{\"link_style\":\"default\",\"link_text\":\"Read more\",\"margin\":\"default\",\"meta_align\":\"below-title\",\"meta_element\":\"div\",\"meta_style\":\"text-meta\",\"nav\":\"dotnav\",\"nav_align\":\"center\",\"nav_breakpoint\":\"s\",\"nav_position\":\"bottom-center\",\"nav_position_margin\":\"medium\",\"overlay_animation\":\"parallax\",\"overlay_position\":\"center-left\",\"show_content\":true,\"show_link\":true,\"show_meta\":true,\"show_thumbnail\":true,\"show_title\":true,\"slidenav\":\"default\",\"slidenav_breakpoint\":\"s\",\"slidenav_margin\":\"medium\",\"slidenav_outside_breakpoint\":\"xl\",\"slideshow_autoplay\":true,\"slideshow_autoplay_interval\":\"5\",\"slideshow_autoplay_pause\":true,\"slideshow_min_height\":300,\"thumbnav_height\":\"75\",\"thumbnav_svg_color\":\"emphasis\",\"thumbnav_width\":\"100\",\"title_element\":\"h3\"},\"children\":[{\"type\":\"slideshow_item\",\"props\":{\"image\":\"wp-content\\\/uploads\\\/2022\\\/05\\\/DSC03567.png\"}},{\"type\":\"slideshow_item\",\"props\":{\"image\":\"wp-content\\\/uploads\\\/2022\\\/05\\\/DSC07290.png\"}},{\"type\":\"slideshow_item\",\"props\":{\"image\":\"wp-content\\\/uploads\\\/2022\\\/05\\\/DSC09198.png\"}}]}]}]}],\"modified\":\"2022-03-02T13:55:47.959Z\",\"name\":\"texte avec puce\"},{\"type\":\"section\",\"props\":{\"animation_delay\":false,\"image_position\":\"bottom-left\",\"image_size\":\"contain\",\"padding\":\"none\",\"padding_remove_bottom\":false,\"padding_remove_top\":false,\"style\":\"default\",\"title_breakpoint\":\"xl\",\"title_position\":\"top-left\",\"title_rotation\":\"left\",\"vertical_align\":\"middle\",\"width\":\"default\"},\"children\":[{\"type\":\"row\",\"props\":{\"column_gap\":\"small\",\"layout\":\"1-2,1-2\",\"margin\":\"default\",\"margin_remove_bottom\":false,\"margin_remove_top\":false,\"row_gap\":\"collapse\"},\"children\":[{\"type\":\"column\",\"props\":{\"image_position\":\"center-center\",\"position_sticky_breakpoint\":\"m\",\"width_medium\":\"1-2\"},\"children\":[{\"type\":\"overlay\",\"props\":{\"content\":\"\",\"content_margin\":\"small\",\"image\":\"wp-content\\\/uploads\\\/2022\\\/03\\\/DSC03572.png\",\"image_height\":\"900\",\"image_transition\":\"scale-down\",\"image_width\":\"900\",\"link_margin\":\"remove\",\"link_style\":\"\",\"link_text\":\"View Houses\",\"margin\":\"default\",\"margin_remove_bottom\":true,\"meta_align\":\"below-title\",\"meta_element\":\"div\",\"meta_style\":\"text-meta\",\"overlay_hover\":false,\"overlay_link\":true,\"overlay_mode\":\"cover\",\"overlay_position\":\"bottom-left\",\"overlay_style\":\"\",\"overlay_transition\":\"fade\",\"text_align\":\"\",\"text_color\":\"light\",\"title\":\"\",\"title_element\":\"h3\",\"title_hover_style\":\"reset\",\"visibility\":\"m\"},\"modified\":\"2020-11-24T16:30:51.601Z\"},{\"type\":\"gallery\",\"props\":{\"filter_align\":\"left\",\"filter_all\":true,\"filter_grid_breakpoint\":\"m\",\"filter_grid_width\":\"auto\",\"filter_position\":\"top\",\"filter_style\":\"tab\",\"grid_column_gap\":\"small\",\"grid_default\":\"1\",\"grid_medium\":\"\",\"grid_row_gap\":\"small\",\"grid_small\":\"2\",\"image_height\":\"610\",\"image_transition\":\"scale-down\",\"image_width\":\"610\",\"item_animation\":true,\"link_margin\":\"remove\",\"link_style\":\"\",\"link_text\":\"View Houses\",\"margin\":\"\",\"margin_remove_bottom\":false,\"meta_align\":\"below-title\",\"meta_element\":\"div\",\"meta_style\":\"text-meta\",\"overlay_hover\":false,\"overlay_link\":true,\"overlay_mode\":\"cover\",\"overlay_position\":\"bottom-left\",\"overlay_style\":\"\",\"overlay_transition\":\"fade\",\"parallax_easing\":\"1\",\"show_content\":true,\"show_hover_image\":true,\"show_link\":true,\"show_meta\":true,\"show_title\":true,\"text_align\":\"\",\"text_color\":\"light\",\"title_element\":\"h3\",\"title_hover_style\":\"reset\",\"visibility\":\"hidden-m\"},\"children\":[{\"type\":\"gallery_item\",\"props\":{\"image\":\"wp-content\\\/uploads\\\/accommodations-tag-exclusive-architecture-intro.jpg\",\"link\":\"#\",\"title\":\"Exclusive Architecture\"}},{\"type\":\"gallery_item\",\"props\":{\"image\":\"wp-content\\\/uploads\\\/accommodations-tag-family-vacation-intro.jpg\",\"link\":\"#\",\"title\":\"Family Vacation\"}}]}]},{\"type\":\"column\",\"props\":{\"image_position\":\"center-center\",\"position_sticky_breakpoint\":\"m\",\"width_medium\":\"1-2\"},\"children\":[{\"type\":\"overlay\",\"props\":{\"content\":\"\",\"content_margin\":\"small\",\"image\":\"wp-content\\\/uploads\\\/2022\\\/03\\\/DSC00273.png\",\"image_height\":\"440\",\"image_transition\":\"scale-down\",\"image_width\":\"900\",\"link_margin\":\"remove\",\"link_style\":\"\",\"link_text\":\"\",\"margin\":\"default\",\"margin_remove_bottom\":true,\"meta_align\":\"below-title\",\"meta_element\":\"div\",\"meta_style\":\"text-meta\",\"overlay_hover\":false,\"overlay_link\":true,\"overlay_mode\":\"cover\",\"overlay_position\":\"bottom-left\",\"overlay_style\":\"\",\"overlay_transition\":\"fade\",\"text_align\":\"\",\"text_color\":\"light\",\"title\":\"\",\"title_element\":\"h3\",\"title_hover_style\":\"reset\",\"visibility\":\"m\"},\"modified\":\"2020-11-24T16:30:51.601Z\"},{\"type\":\"gallery\",\"props\":{\"class\":\"uk-grid-margin-small\",\"filter_align\":\"left\",\"filter_all\":true,\"filter_grid_breakpoint\":\"m\",\"filter_grid_width\":\"auto\",\"filter_position\":\"top\",\"filter_style\":\"tab\",\"grid_column_gap\":\"small\",\"grid_default\":\"1\",\"grid_medium\":\"\",\"grid_row_gap\":\"small\",\"grid_small\":\"2\",\"image_height\":\"610\",\"image_transition\":\"scale-down\",\"image_width\":\"610\",\"item_animation\":true,\"link_margin\":\"remove\",\"link_style\":\"\",\"link_text\":\"View Houses\",\"margin\":\"\",\"margin_remove_bottom\":false,\"margin_remove_top\":false,\"meta_align\":\"below-title\",\"meta_element\":\"div\",\"meta_style\":\"text-meta\",\"overlay_hover\":false,\"overlay_link\":true,\"overlay_mode\":\"cover\",\"overlay_position\":\"bottom-left\",\"overlay_style\":\"\",\"overlay_transition\":\"fade\",\"parallax_easing\":\"1\",\"show_content\":true,\"show_hover_image\":true,\"show_link\":true,\"show_meta\":true,\"show_title\":true,\"text_align\":\"\",\"text_color\":\"light\",\"title_element\":\"h3\",\"title_hover_style\":\"reset\"},\"children\":[{\"type\":\"gallery_item\",\"props\":{\"image\":\"wp-content\\\/uploads\\\/2022\\\/05\\\/stspposts444-13.png\",\"title\":\"\"}},{\"type\":\"gallery_item\",\"props\":{\"image\":\"wp-content\\\/uploads\\\/2022\\\/05\\\/DSC07884.png\",\"title\":\"\"}}]}]}]},{\"type\":\"row\",\"children\":[{\"type\":\"column\",\"props\":{\"image_position\":\"center-center\",\"position_sticky_breakpoint\":\"m\"},\"children\":[{\"type\":\"video\",\"props\":{\"margin\":\"default\",\"text_align\":\"center\",\"video\":\"wp-content\\\/uploads\\\/2022\\\/05\\\/videosts.mp4\",\"video_controls\":true}}]}]}],\"name\":\"4 images mode styler\",\"modified\":\"2022-03-02T13:52:45.079Z\"},{\"type\":\"section\",\"props\":{\"image_position\":\"center-center\",\"style\":\"default\",\"title_breakpoint\":\"xl\",\"title_position\":\"top-left\",\"title_rotation\":\"left\",\"vertical_align\":\"middle\",\"width\":\"default\"},\"children\":[{\"type\":\"row\",\"children\":[{\"type\":\"column\",\"props\":{\"image_position\":\"center-center\",\"position_sticky_breakpoint\":\"m\"},\"children\":[{\"type\":\"divider\",\"props\":{\"divider_element\":\"hr\",\"divider_style\":\"icon\"}},{\"type\":\"headline\",\"props\":{\"content\":\"\n\n<h2 style=\\\"text-align: center;\\\">Une demande sp\\u00e9cifique ? Parlons-en.<\\\/h2>\",\"text_align\":\"center\",\"title_element\":\"h1\"}},{\"type\":\"text\",\"props\":{\"column_breakpoint\":\"m\",\"content\":\"\n\n<p>Nous accompagnons des entreprises dans la cr\\u00e9ation de leurs lignes de galvanoplastie depuis plus de 40 ans. Nos chefs de projets sauront vous conseiller au mieux afin de cr\\u00e9er la machine qu'il vous faut pour les ann\\u00e9es \\u00e0 venir.<\\\/p>\",\"margin\":\"default\",\"text_align\":\"center\"}},{\"type\":\"button\",\"props\":{\"grid_column_gap\":\"small\",\"grid_row_gap\":\"small\",\"margin\":\"default\",\"text_align\":\"center\"},\"children\":[{\"type\":\"button_item\",\"props\":{\"button_style\":\"default\",\"content\":\"contactez-nous\",\"icon_align\":\"left\",\"link\":\"contact\\\/\"}}]}]}]}],\"name\":\"call to action contact final\"}],\"version\":\"4.3.3\"} --><\/p>\n","protected":false},"excerpt":{"rendered":"<p>Nos produits Nos Produits Depuis le d\u00e9but de nos activit\u00e9s, nous avons mis un accent tout particulier au d\u00e9veloppement de nos propres lignes de produits. Afin de garantire une longue vie \u00e0 nos r\u00e9alisation, nous les d\u00e9veloppons sans cesse en y ajoutant les derni\u00e8res technologies. De plus, nos experts imagines r\u00e9guli\u00e8rement de nouveaux proc\u00e9ders afin [&hellip;]<\/p>\n","protected":false},"author":6,"featured_media":0,"parent":0,"menu_order":0,"comment_status":"closed","ping_status":"closed","template":"","meta":{"footnotes":""},"class_list":["post-412","page","type-page","status-publish","hentry"],"yoast_head":"<!-- This site is optimized with the Yoast SEO plugin v27.4 - https:\/\/yoast.com\/product\/yoast-seo-wordpress\/ -->\n<title>Produits - stsindustrie.com<\/title>\n<meta name=\"robots\" content=\"index, follow, max-snippet:-1, max-image-preview:large, max-video-preview:-1\" \/>\n<link rel=\"canonical\" href=\"https:\/\/stsindustrie.com\/de\/produits\/\" \/>\n<meta property=\"og:locale\" content=\"de_DE\" \/>\n<meta property=\"og:type\" content=\"article\" \/>\n<meta property=\"og:title\" content=\"Produits - stsindustrie.com\" \/>\n<meta property=\"og:description\" content=\"Nos produits Nos Produits Depuis le d\u00e9but de nos activit\u00e9s, nous avons mis un accent tout particulier au d\u00e9veloppement de nos propres lignes de produits. Afin de garantire une longue vie \u00e0 nos r\u00e9alisation, nous les d\u00e9veloppons sans cesse en y ajoutant les derni\u00e8res technologies. De plus, nos experts imagines r\u00e9guli\u00e8rement de nouveaux proc\u00e9ders afin [&hellip;]\" \/>\n<meta property=\"og:url\" content=\"https:\/\/stsindustrie.com\/de\/produits\/\" \/>\n<meta property=\"og:site_name\" content=\"stsindustrie.com\" \/>\n<meta property=\"article:modified_time\" content=\"2024-02-21T13:34:08+00:00\" \/>\n<meta name=\"twitter:card\" content=\"summary_large_image\" \/>\n<script type=\"application\/ld+json\" class=\"yoast-schema-graph\">{\"@context\":\"https:\\\/\\\/schema.org\",\"@graph\":[{\"@type\":\"WebPage\",\"@id\":\"https:\\\/\\\/stsindustrie.com\\\/produits\\\/\",\"url\":\"https:\\\/\\\/stsindustrie.com\\\/produits\\\/\",\"name\":\"Produits - stsindustrie.com\",\"isPartOf\":{\"@id\":\"https:\\\/\\\/stsindustrie.com\\\/#website\"},\"datePublished\":\"2022-03-02T10:29:53+00:00\",\"dateModified\":\"2024-02-21T13:34:08+00:00\",\"breadcrumb\":{\"@id\":\"https:\\\/\\\/stsindustrie.com\\\/produits\\\/#breadcrumb\"},\"inLanguage\":\"de\",\"potentialAction\":[{\"@type\":\"ReadAction\",\"target\":[\"https:\\\/\\\/stsindustrie.com\\\/produits\\\/\"]}]},{\"@type\":\"BreadcrumbList\",\"@id\":\"https:\\\/\\\/stsindustrie.com\\\/produits\\\/#breadcrumb\",\"itemListElement\":[{\"@type\":\"ListItem\",\"position\":1,\"name\":\"Accueil\",\"item\":\"https:\\\/\\\/stsindustrie.com\\\/\"},{\"@type\":\"ListItem\",\"position\":2,\"name\":\"Produits\"}]},{\"@type\":\"WebSite\",\"@id\":\"https:\\\/\\\/stsindustrie.com\\\/#website\",\"url\":\"https:\\\/\\\/stsindustrie.com\\\/\",\"name\":\"stsindustrie.com\",\"description\":\"\",\"publisher\":{\"@id\":\"https:\\\/\\\/stsindustrie.com\\\/#organization\"},\"potentialAction\":[{\"@type\":\"SearchAction\",\"target\":{\"@type\":\"EntryPoint\",\"urlTemplate\":\"https:\\\/\\\/stsindustrie.com\\\/?s={search_term_string}\"},\"query-input\":{\"@type\":\"PropertyValueSpecification\",\"valueRequired\":true,\"valueName\":\"search_term_string\"}}],\"inLanguage\":\"de\"},{\"@type\":\"Organization\",\"@id\":\"https:\\\/\\\/stsindustrie.com\\\/#organization\",\"name\":\"STS Industrie SA\",\"url\":\"https:\\\/\\\/stsindustrie.com\\\/\",\"logo\":{\"@type\":\"ImageObject\",\"inLanguage\":\"de\",\"@id\":\"https:\\\/\\\/stsindustrie.com\\\/#\\\/schema\\\/logo\\\/image\\\/\",\"url\":\"https:\\\/\\\/stsindustrie.com\\\/wp-content\\\/uploads\\\/2022\\\/02\\\/logoflavicon.png\",\"contentUrl\":\"https:\\\/\\\/stsindustrie.com\\\/wp-content\\\/uploads\\\/2022\\\/02\\\/logoflavicon.png\",\"width\":150,\"height\":150,\"caption\":\"STS Industrie SA\"},\"image\":{\"@id\":\"https:\\\/\\\/stsindustrie.com\\\/#\\\/schema\\\/logo\\\/image\\\/\"},\"sameAs\":[\"https:\\\/\\\/www.linkedin.com\\\/company\\\/sts-industrie-sa\\\/\"]}]}<\/script>\n<!-- \/ Yoast SEO plugin. -->","yoast_head_json":{"title":"Produits - stsindustrie.com","robots":{"index":"index","follow":"follow","max-snippet":"max-snippet:-1","max-image-preview":"max-image-preview:large","max-video-preview":"max-video-preview:-1"},"canonical":"https:\/\/stsindustrie.com\/de\/produits\/","og_locale":"de_DE","og_type":"article","og_title":"Produits - stsindustrie.com","og_description":"Nos produits Nos Produits Depuis le d\u00e9but de nos activit\u00e9s, nous avons mis un accent tout particulier au d\u00e9veloppement de nos propres lignes de produits. Afin de garantire une longue vie \u00e0 nos r\u00e9alisation, nous les d\u00e9veloppons sans cesse en y ajoutant les derni\u00e8res technologies. De plus, nos experts imagines r\u00e9guli\u00e8rement de nouveaux proc\u00e9ders afin [&hellip;]","og_url":"https:\/\/stsindustrie.com\/de\/produits\/","og_site_name":"stsindustrie.com","article_modified_time":"2024-02-21T13:34:08+00:00","twitter_card":"summary_large_image","schema":{"@context":"https:\/\/schema.org","@graph":[{"@type":"WebPage","@id":"https:\/\/stsindustrie.com\/produits\/","url":"https:\/\/stsindustrie.com\/produits\/","name":"Produits - stsindustrie.com","isPartOf":{"@id":"https:\/\/stsindustrie.com\/#website"},"datePublished":"2022-03-02T10:29:53+00:00","dateModified":"2024-02-21T13:34:08+00:00","breadcrumb":{"@id":"https:\/\/stsindustrie.com\/produits\/#breadcrumb"},"inLanguage":"de","potentialAction":[{"@type":"ReadAction","target":["https:\/\/stsindustrie.com\/produits\/"]}]},{"@type":"BreadcrumbList","@id":"https:\/\/stsindustrie.com\/produits\/#breadcrumb","itemListElement":[{"@type":"ListItem","position":1,"name":"Accueil","item":"https:\/\/stsindustrie.com\/"},{"@type":"ListItem","position":2,"name":"Produits"}]},{"@type":"WebSite","@id":"https:\/\/stsindustrie.com\/#website","url":"https:\/\/stsindustrie.com\/","name":"stsindustrie.com","description":"","publisher":{"@id":"https:\/\/stsindustrie.com\/#organization"},"potentialAction":[{"@type":"SearchAction","target":{"@type":"EntryPoint","urlTemplate":"https:\/\/stsindustrie.com\/?s={search_term_string}"},"query-input":{"@type":"PropertyValueSpecification","valueRequired":true,"valueName":"search_term_string"}}],"inLanguage":"de"},{"@type":"Organization","@id":"https:\/\/stsindustrie.com\/#organization","name":"STS Industrie AG","url":"https:\/\/stsindustrie.com\/","logo":{"@type":"ImageObject","inLanguage":"de","@id":"https:\/\/stsindustrie.com\/#\/schema\/logo\/image\/","url":"https:\/\/stsindustrie.com\/wp-content\/uploads\/2022\/02\/logoflavicon.png","contentUrl":"https:\/\/stsindustrie.com\/wp-content\/uploads\/2022\/02\/logoflavicon.png","width":150,"height":150,"caption":"STS Industrie SA"},"image":{"@id":"https:\/\/stsindustrie.com\/#\/schema\/logo\/image\/"},"sameAs":["https:\/\/www.linkedin.com\/company\/sts-industrie-sa\/"]}]}},"_links":{"self":[{"href":"https:\/\/stsindustrie.com\/de\/wp-json\/wp\/v2\/pages\/412","targetHints":{"allow":["GET"]}}],"collection":[{"href":"https:\/\/stsindustrie.com\/de\/wp-json\/wp\/v2\/pages"}],"about":[{"href":"https:\/\/stsindustrie.com\/de\/wp-json\/wp\/v2\/types\/page"}],"author":[{"embeddable":true,"href":"https:\/\/stsindustrie.com\/de\/wp-json\/wp\/v2\/users\/6"}],"replies":[{"embeddable":true,"href":"https:\/\/stsindustrie.com\/de\/wp-json\/wp\/v2\/comments?post=412"}],"version-history":[{"count":22,"href":"https:\/\/stsindustrie.com\/de\/wp-json\/wp\/v2\/pages\/412\/revisions"}],"predecessor-version":[{"id":1850,"href":"https:\/\/stsindustrie.com\/de\/wp-json\/wp\/v2\/pages\/412\/revisions\/1850"}],"wp:attachment":[{"href":"https:\/\/stsindustrie.com\/de\/wp-json\/wp\/v2\/media?parent=412"}],"curies":[{"name":"wp","href":"https:\/\/api.w.org\/{rel}","templated":true}]}}