{"id":383,"date":"2022-02-09T16:15:28","date_gmt":"2022-02-09T15:15:28","guid":{"rendered":"https:\/\/new-stsindustrie.com\/?page_id=383"},"modified":"2024-04-05T16:17:15","modified_gmt":"2024-04-05T14:17:15","slug":"medical","status":"publish","type":"page","link":"https:\/\/stsindustrie.com\/de\/secteurs\/medical\/","title":{"rendered":"Medizinisch"},"content":{"rendered":"<h1>M\u00e9dical<\/h1>\n<h1>\n<p>Traitements de surfaces pour implants m\u00e9dicaux<\/p>\n<\/h1>\n<div>\n<p style=\"text-align: left;\">STS Industrie SA con\u00e7oit et r\u00e9alise des solutions sp\u00e9cifiques pour les applications de production de l\u2019industrie de technique m\u00e9dicale sur des implants chirurgicaux en Titane ou en acier inoxydable.<\/p>\n<\/div>\n<p>\n    <a href=\"\/contact\/\">Contact<\/a>\n<\/p>\n<p><img decoding=\"async\" src=\"\/wp-content\/uploads\/2023\/08\/1-e1692184123711.jpg\" alt=\"\"><br \/>\n<video src=\"\/wp-content\/uploads\/2022\/03\/stsxstryker_1-1.mp4\" poster=\"\"><\/video><\/p>\n<ul>\n<li>\n<p>        <img decoding=\"async\" src=\"\/wp-content\/uploads\/2023\/12\/DSC07827-scaled.jpg\" alt=\"\"><\/p>\n<\/li>\n<li>\n<p>        <img decoding=\"async\" src=\"\/wp-content\/uploads\/2023\/12\/DSC07834-scaled.jpg\" alt=\"\"><\/p>\n<\/li>\n<li>\n<p>        <img decoding=\"async\" src=\"\/wp-content\/uploads\/2023\/12\/DSC06036-scaled.jpg\" alt=\"\"><\/p>\n<\/li>\n<\/ul>\n<h2>\n<h2>Installations propos\u00e9es<\/h2>\n<\/h2>\n<hr>\n<ul>\n<li>\n<div>\n<p>Attaque acide (D\u00e9capage)<\/p>\n<\/div>\n<\/li>\n<li>\n<div>\n<p>Passivation<\/p>\n<\/div>\n<\/li>\n<li>\n<div>\n<p>Anodisation Type II et\u00a0Type III<\/p>\n<\/div>\n<\/li>\n<li>\n<div>\n<p>Electro-polissage<\/p>\n<\/div>\n<\/li>\n<\/ul>\n<ul>\n<li>\n<div>\n<p>Polissage au Plasma<\/p>\n<\/div>\n<\/li>\n<li>\n<div>\n<p>Nettoyage<\/p>\n<\/div>\n<\/li>\n<li>\n<p><a href=\"\/produits\/vibarrel\/\"><\/p>\n<p class=\"p1\">Traitement en vrac par Vibarrel\u00ae<\/p>\n<p><\/a><\/p>\n<\/li>\n<\/ul>\n<ul>\n<li>\n<p>        <img decoding=\"async\" src=\"\/wp-content\/uploads\/2022\/05\/DSC07290.png\" alt=\"\"><\/p>\n<h3>Vibarrel\u00ae<\/h3>\n<div>\n<h3>Vibrarrel\u00ae<\/h3>\n<\/div>\n<p><a href=\"\/produits\/vibarrel\/\">D\u00e9couvrir<\/a><\/p>\n<\/li>\n<li>\n<p>        <img decoding=\"async\" src=\"\/wp-content\/uploads\/2023\/08\/MEDICAL1-scaled.jpg\" alt=\"\"><\/p>\n<h3>Robarrel<\/h3>\n<div>\n<h3>Robarrel<\/h3>\n<\/div>\n<p><a href=\"\/produits\/robarrel\/\">D\u00e9couvrir<\/a><\/p>\n<\/li>\n<li>\n<p>        <img decoding=\"async\" src=\"\/wp-content\/uploads\/2022\/11\/DSC08621.jpg\" alt=\"\"><\/p>\n<h3>Osciline<\/h3>\n<div>\n<h3>OSCILINE\u00ae<\/h3>\n<\/div>\n<p><a href=\"\/installations-et-services\/installations\/osciline\/\">D\u00e9couvrir<\/a><\/p>\n<\/li>\n<li>\n<p>        <img decoding=\"async\" src=\"\/wp-content\/uploads\/2022\/10\/Capture-de%CC%81cran-2022-10-05-a%CC%80-19.04.14-scaled.jpg\" alt=\"\"><\/p>\n<h3>Reel to Reel<\/h3>\n<div>\n<h3>Reel-to-reel<\/h3>\n<\/div>\n<p><a href=\"\/installations-et-services\/installations\/reel-to-reel\/\">D\u00e9couvrir<\/a><\/p>\n<\/li>\n<\/ul>\n<hr>\n<hr>\n<hr>\n<hr>\n<h1>\n<h2 style=\"text-align: center;\">Une demande sp\u00e9cifique ? Parlons-en.<\/h2>\n<\/h1>\n<div>\n<p>Nous accompagnons les entreprises dans la cr\u00e9ation de leurs \u00e9quipements de production depuis 1975. Nos sp\u00e9cialistes sauront vous conseiller au mieux afin de cr\u00e9er la machine qu\u2019il vous faut pour les ann\u00e9es \u00e0 venir.<\/p>\n<\/div>\n<p>\n    <a href=\"\/contact\/\">contactez-nous<\/a>\n<\/p>\n<p><!--more--><br \/>\n<!-- {\"type\":\"layout\",\"children\":[{\"type\":\"section\",\"props\":{\"height\":\"section\",\"height_offset_top\":true,\"image\":\"wp-content\\\/uploads\\\/2022\\\/04\\\/stspposts444-5.png\",\"image_position\":\"center-center\",\"image_size\":\"width-1-1\",\"media_background\":\"rgba(255, 255, 255, 0)\",\"media_overlay\":\"rgba(139, 94, 94, 0)\",\"style\":\"default\",\"title_breakpoint\":\"xl\",\"title_position\":\"top-left\",\"title_rotation\":\"left\",\"vertical_align\":\"middle\",\"width\":\"default\"},\"children\":[{\"type\":\"row\",\"children\":[{\"type\":\"column\",\"props\":{\"image_position\":\"center-center\",\"position_sticky_breakpoint\":\"m\"},\"children\":[{\"type\":\"headline\",\"props\":{\"content\":\"M\\u00e9dical\",\"text_align\":\"center\",\"title_color\":\"warning\",\"title_element\":\"h1\"}}]}]}],\"name\":\"HEADER PAGE SECONDAIRE\"},{\"type\":\"section\",\"props\":{\"image_position\":\"center-center\",\"style\":\"default\",\"title_breakpoint\":\"xl\",\"title_position\":\"top-left\",\"title_rotation\":\"left\",\"vertical_align\":\"middle\",\"width\":\"default\"},\"children\":[{\"type\":\"row\",\"children\":[{\"type\":\"column\",\"props\":{\"image_position\":\"center-center\",\"position_sticky_breakpoint\":\"m\",\"width_medium\":\"1-2\"},\"children\":[{\"type\":\"headline\",\"props\":{\"content\":\"\n\n<p>Traitements de surfaces pour implants m\\u00e9dicaux<\\\/p>\",\"title_element\":\"h1\",\"title_style\":\"h2\"}},{\"type\":\"text\",\"props\":{\"column_breakpoint\":\"m\",\"content\":\"\n\n<p style=\\\"text-align: left;\\\">STS Industrie SA con\\u00e7oit et r\\u00e9alise des solutions sp\\u00e9cifiques pour les applications de production de l\\u2019industrie de technique m\\u00e9dicale sur des implants chirurgicaux en Titane ou en acier inoxydable.<\\\/p>\",\"margin\":\"default\"}},{\"type\":\"button\",\"props\":{\"animation\":\"slide-bottom-small\",\"grid_column_gap\":\"small\",\"grid_row_gap\":\"small\",\"margin\":\"medium\",\"text_align\":\"left\"},\"children\":[{\"type\":\"button_item\",\"props\":{\"button_style\":\"primary\",\"content\":\"Contact\",\"icon_align\":\"left\",\"link\":\"contact\\\/\",\"link_title\":\"Contact\"}}]}]},{\"type\":\"column\",\"props\":{\"image_position\":\"center-center\",\"position_sticky_breakpoint\":\"m\",\"width_medium\":\"1-2\"},\"children\":[{\"type\":\"image\",\"props\":{\"image\":\"wp-content\\\/uploads\\\/2023\\\/08\\\/1-e1692184123711.jpg\",\"image_svg_color\":\"emphasis\",\"margin\":\"default\"}}]}],\"props\":{\"layout\":\"1-2,1-2\"}}],\"modified\":\"2022-02-08T11:14:26.953Z\",\"name\":\"photo \\u00e0 droite\"},{\"type\":\"section\",\"props\":{\"image_position\":\"center-center\",\"style\":\"primary\",\"title_breakpoint\":\"xl\",\"title_position\":\"top-left\",\"title_rotation\":\"left\",\"vertical_align\":\"middle\",\"width\":\"default\"},\"children\":[{\"type\":\"row\",\"children\":[{\"type\":\"column\",\"props\":{\"image_position\":\"center-center\",\"position_sticky_breakpoint\":\"m\"},\"children\":[{\"type\":\"video\",\"props\":{\"margin\":\"default\",\"video\":\"wp-content\\\/uploads\\\/2022\\\/03\\\/stsxstryker_1-1.mp4\",\"video_controls\":true,\"video_loop\":true,\"video_playsinline\":true}}]}]},{\"type\":\"row\",\"children\":[{\"type\":\"column\",\"props\":{\"image_position\":\"center-center\",\"position_sticky_breakpoint\":\"m\"},\"children\":[{\"type\":\"slideshow\",\"props\":{\"link_style\":\"default\",\"link_text\":\"Read more\",\"margin\":\"default\",\"meta_align\":\"below-title\",\"meta_element\":\"div\",\"meta_style\":\"text-meta\",\"nav\":\"dotnav\",\"nav_align\":\"center\",\"nav_breakpoint\":\"s\",\"nav_position\":\"bottom-center\",\"nav_position_margin\":\"medium\",\"overlay_animation\":\"parallax\",\"overlay_position\":\"center-left\",\"show_content\":true,\"show_link\":true,\"show_meta\":true,\"show_thumbnail\":true,\"show_title\":true,\"slidenav\":\"default\",\"slidenav_breakpoint\":\"s\",\"slidenav_margin\":\"medium\",\"slidenav_outside_breakpoint\":\"xl\",\"slideshow_autoplay_pause\":true,\"slideshow_min_height\":300,\"thumbnav_height\":\"75\",\"thumbnav_svg_color\":\"emphasis\",\"thumbnav_width\":\"100\",\"title_element\":\"h3\"},\"children\":[{\"type\":\"slideshow_item\",\"props\":{\"image\":\"wp-content\\\/uploads\\\/2023\\\/12\\\/DSC07827-scaled.jpg\"}},{\"type\":\"slideshow_item\",\"props\":{\"image\":\"wp-content\\\/uploads\\\/2023\\\/12\\\/DSC07834-scaled.jpg\"}},{\"type\":\"slideshow_item\",\"props\":{\"image\":\"wp-content\\\/uploads\\\/2023\\\/12\\\/DSC06036-scaled.jpg\"}}]}]}]}]},{\"type\":\"section\",\"props\":{\"image_position\":\"center-center\",\"padding\":\"small\",\"padding_remove_bottom\":false,\"padding_remove_top\":false,\"style\":\"default\",\"title_breakpoint\":\"xl\",\"title_position\":\"top-left\",\"title_rotation\":\"left\",\"vertical_align\":\"middle\",\"width\":\"default\"},\"children\":[{\"type\":\"row\",\"children\":[{\"type\":\"column\",\"props\":{\"image_position\":\"center-center\",\"position_sticky_breakpoint\":\"m\"},\"children\":[{\"type\":\"headline\",\"props\":{\"block_align\":\"center\",\"content\":\"\n\n<h2>Installations propos\\u00e9es<\\\/h2>\",\"text_align_fallback\":\"center\",\"title_element\":\"h2\",\"title_style\":\"h3\"}}]}]},{\"type\":\"row\",\"children\":[{\"type\":\"column\",\"props\":{\"image_position\":\"center-center\",\"position_sticky_breakpoint\":\"m\"},\"children\":[{\"type\":\"divider\",\"props\":{\"divider_element\":\"hr\",\"divider_style\":\"icon\"}}]}]},{\"type\":\"row\",\"children\":[{\"type\":\"column\",\"props\":{\"image_position\":\"center-center\",\"position_sticky_breakpoint\":\"m\",\"vertical_align\":\"middle\",\"width_medium\":\"1-2\"},\"children\":[{\"type\":\"list\",\"props\":{\"block_align\":\"right\",\"column_breakpoint\":\"m\",\"content_style\":\"h4\",\"image_align\":\"left\",\"image_svg_color\":\"emphasis\",\"image_vertical_align\":true,\"list_element\":\"ul\",\"list_horizontal_separator\":\", \",\"list_marker\":\"circle\",\"list_type\":\"vertical\",\"margin\":\"default\",\"show_image\":true,\"show_link\":true},\"children\":[{\"type\":\"list_item\",\"props\":{\"content\":\"\n\n<p>Attaque acide (D\\u00e9capage)<\\\/p>\"}},{\"type\":\"list_item\",\"props\":{\"content\":\"\n\n<p>Passivation<\\\/p>\"}},{\"type\":\"list_item\",\"props\":{\"content\":\"\n\n<p>Anodisation Type II et\\u00a0Type III<\\\/p>\"}},{\"type\":\"list_item\",\"props\":{\"content\":\"\n\n<p>Electro-polissage<\\\/p>\"}}]}]},{\"type\":\"column\",\"props\":{\"image_position\":\"center-center\",\"position_sticky_breakpoint\":\"m\",\"width_medium\":\"1-2\"},\"children\":[{\"type\":\"list\",\"props\":{\"block_align\":\"right\",\"column_breakpoint\":\"m\",\"content_style\":\"h4\",\"image_align\":\"left\",\"image_svg_color\":\"emphasis\",\"image_vertical_align\":true,\"list_element\":\"ul\",\"list_horizontal_separator\":\", \",\"list_marker\":\"circle\",\"list_type\":\"vertical\",\"show_image\":true,\"show_link\":true},\"children\":[{\"type\":\"list_item\",\"props\":{\"content\":\"\n\n<p>Polissage au Plasma<\\\/p>\"}},{\"type\":\"list_item\",\"props\":{\"content\":\"\n\n<p>Nettoyage<\\\/p>\"}},{\"type\":\"list_item\",\"props\":{\"content\":\"\n\n<p class=\\\"p1\\\">Traitement en vrac par Vibarrel\\u00ae<\\\/p>\",\"link\":\"produits\\\/vibarrel\\\/\"}}]}]}],\"props\":{\"layout\":\"1-2,1-2\",\"margin\":\"remove-vertical\",\"width\":\"large\"}},{\"type\":\"row\",\"children\":[{\"type\":\"column\",\"props\":{\"image_position\":\"center-center\",\"position_sticky_breakpoint\":\"m\"},\"children\":[{\"type\":\"gallery\",\"props\":{\"class\":\"uk-grid-margin-small\",\"filter_align\":\"left\",\"filter_all\":true,\"filter_grid_breakpoint\":\"m\",\"filter_grid_width\":\"auto\",\"filter_position\":\"top\",\"filter_style\":\"tab\",\"grid_column_gap\":\"small\",\"grid_default\":\"1\",\"grid_medium\":\"4\",\"grid_row_gap\":\"small\",\"image_box_decoration\":\"shadow\",\"image_height\":\"460\",\"image_hover_box_shadow\":\"medium\",\"image_transition\":\"scale-down\",\"image_width\":\"460\",\"item_animation\":true,\"lightbox\":false,\"link_style\":\"default\",\"link_text\":\"D\\u00e9couvrir\",\"margin\":\"\",\"meta_align\":\"below-title\",\"meta_element\":\"div\",\"meta_style\":\"text-meta\",\"overlay_hover\":false,\"overlay_link\":true,\"overlay_mode\":\"cover\",\"overlay_position\":\"bottom-center\",\"overlay_style\":\"\",\"overlay_transition\":\"fade\",\"overlay_transition_background\":false,\"parallax_easing\":\"1\",\"show_content\":true,\"show_hover_image\":true,\"show_link\":true,\"show_meta\":true,\"show_title\":false,\"text_align\":\"center\",\"text_color\":\"light\",\"title_element\":\"h3\",\"title_hover_style\":\"reset\"},\"children\":[{\"type\":\"gallery_item\",\"props\":{\"content\":\"\n\n<h3>Vibrarrel\\u00ae<\\\/h3>\",\"image\":\"wp-content\\\/uploads\\\/2022\\\/05\\\/DSC07290.png\",\"link\":\"produits\\\/vibarrel\\\/\",\"media_overlay\":\"rgba(0, 0, 0, 0.25)\",\"text_color_hover\":false,\"title\":\"Vibarrel\\u00ae\"}},{\"type\":\"gallery_item\",\"props\":{\"content\":\"\n\n<h3>Robarrel<\\\/h3>\",\"image\":\"wp-content\\\/uploads\\\/2023\\\/08\\\/MEDICAL1-scaled.jpg\",\"link\":\"produits\\\/robarrel\\\/\",\"media_overlay\":\"rgba(0, 0, 0, 0.25)\",\"title\":\"Robarrel\"}},{\"type\":\"gallery_item\",\"props\":{\"content\":\"\n\n<h3>OSCILINE\\u00ae<\\\/h3>\",\"image\":\"wp-content\\\/uploads\\\/2022\\\/11\\\/DSC08621.jpg\",\"link\":\"installations-et-services\\\/installations\\\/osciline\\\/\",\"media_overlay\":\"rgba(0, 0, 0, 0.25)\",\"title\":\"Osciline\"}},{\"type\":\"gallery_item\",\"props\":{\"content\":\"\n\n<h3>Reel-to-reel<\\\/h3>\",\"image\":\"wp-content\\\/uploads\\\/2022\\\/10\\\/Capture-de\\u0301cran-2022-10-05-a\\u0300-19.04.14-scaled.jpg\",\"link\":\"installations-et-services\\\/installations\\\/reel-to-reel\\\/\",\"media_overlay\":\"rgba(0, 0, 0, 0.25)\",\"title\":\"Reel to Reel\"}}],\"name\":\"Gallery Services NEW\"}]}]}],\"name\":\"Get Inspired\"},{\"type\":\"section\",\"props\":{\"image\":\"wp-content\\\/uploads\\\/2023\\\/12\\\/DSC07834-scaled.jpg\",\"image_effect\":\"parallax\",\"image_height\":\"700\",\"image_parallax_bgx\":\"0,0\",\"image_parallax_bgy\":\"300,0\",\"image_parallax_easing\":\"0.6\",\"image_position\":\"center-center\",\"image_size\":\"cover\",\"media_overlay\":\"rgba(0, 0, 0, 0.25)\",\"style\":\"default\",\"title_breakpoint\":\"xl\",\"title_position\":\"top-left\",\"title_rotation\":\"left\",\"vertical_align\":\"middle\",\"width\":\"default\"},\"children\":[{\"type\":\"row\",\"children\":[{\"type\":\"column\",\"props\":{\"image_position\":\"center-center\",\"position_sticky_breakpoint\":\"m\"},\"children\":[{\"type\":\"divider\",\"props\":{\"divider_element\":\"hr\",\"divider_style\":\"vertical\"}},{\"type\":\"divider\",\"props\":{\"divider_element\":\"hr\",\"divider_style\":\"vertical\"}},{\"type\":\"divider\",\"props\":{\"divider_element\":\"hr\",\"divider_style\":\"vertical\"}}]}]}],\"modified\":\"2022-02-09T15:17:30.504Z\",\"name\":\"parralax fixed\"},{\"type\":\"section\",\"props\":{\"image_position\":\"center-center\",\"style\":\"default\",\"title_breakpoint\":\"xl\",\"title_position\":\"top-left\",\"title_rotation\":\"left\",\"vertical_align\":\"middle\",\"width\":\"default\"},\"children\":[{\"type\":\"row\",\"children\":[{\"type\":\"column\",\"props\":{\"image_position\":\"center-center\",\"position_sticky_breakpoint\":\"m\"},\"children\":[{\"type\":\"divider\",\"props\":{\"divider_element\":\"hr\",\"divider_style\":\"icon\"}},{\"type\":\"headline\",\"props\":{\"content\":\"\n\n<h2 style=\\\"text-align: center;\\\">Une demande sp\\u00e9cifique ? Parlons-en.<\\\/h2>\",\"text_align\":\"center\",\"title_element\":\"h1\"}},{\"type\":\"text\",\"props\":{\"column_breakpoint\":\"m\",\"content\":\"\n\n<p>Nous accompagnons les entreprises dans la cr\\u00e9ation de leurs \\u00e9quipements de production depuis 1975. Nos sp\\u00e9cialistes sauront vous conseiller au mieux afin de cr\\u00e9er la machine qu\\u2019il vous faut pour les ann\\u00e9es \\u00e0 venir.<\\\/p>\",\"margin\":\"default\",\"text_align\":\"center\"}},{\"type\":\"button\",\"props\":{\"grid_column_gap\":\"small\",\"grid_row_gap\":\"small\",\"margin\":\"default\",\"text_align\":\"center\"},\"children\":[{\"type\":\"button_item\",\"props\":{\"button_style\":\"default\",\"content\":\"contactez-nous\",\"icon_align\":\"left\",\"link\":\"contact\\\/\"}}]}]}]}],\"name\":\"call to action contact final\"}],\"version\":\"4.3.3\"} --><\/p>\n","protected":false},"excerpt":{"rendered":"<p>M\u00e9dical Traitements de surfaces pour implants m\u00e9dicaux STS Industrie SA con\u00e7oit et r\u00e9alise des solutions sp\u00e9cifiques pour les applications de production de l\u2019industrie de technique m\u00e9dicale sur des implants chirurgicaux en Titane ou en acier inoxydable. Contact Installations propos\u00e9es Attaque acide (D\u00e9capage) Passivation Anodisation Type II et\u00a0Type III Electro-polissage Polissage au Plasma Nettoyage Traitement en [&hellip;]<\/p>\n","protected":false},"author":6,"featured_media":0,"parent":335,"menu_order":0,"comment_status":"closed","ping_status":"closed","template":"","meta":{"footnotes":""},"class_list":["post-383","page","type-page","status-publish","hentry"],"yoast_head":"<!-- This site is optimized with the Yoast SEO plugin v27.3 - https:\/\/yoast.com\/product\/yoast-seo-wordpress\/ -->\n<title>M\u00e9dical - stsindustrie.com<\/title>\n<meta name=\"robots\" content=\"index, follow, max-snippet:-1, max-image-preview:large, max-video-preview:-1\" \/>\n<link rel=\"canonical\" href=\"https:\/\/stsindustrie.com\/de\/secteurs\/medical\/\" \/>\n<meta property=\"og:locale\" content=\"de_DE\" \/>\n<meta property=\"og:type\" content=\"article\" \/>\n<meta property=\"og:title\" content=\"M\u00e9dical - stsindustrie.com\" \/>\n<meta property=\"og:description\" content=\"M\u00e9dical Traitements de surfaces pour implants m\u00e9dicaux STS Industrie SA con\u00e7oit et r\u00e9alise des solutions sp\u00e9cifiques pour les applications de production de l\u2019industrie de technique m\u00e9dicale sur des implants chirurgicaux en Titane ou en acier inoxydable. Contact Installations propos\u00e9es Attaque acide (D\u00e9capage) Passivation Anodisation Type II et\u00a0Type III Electro-polissage Polissage au Plasma Nettoyage Traitement en [&hellip;]\" \/>\n<meta property=\"og:url\" content=\"https:\/\/stsindustrie.com\/de\/secteurs\/medical\/\" \/>\n<meta property=\"og:site_name\" content=\"stsindustrie.com\" \/>\n<meta property=\"article:modified_time\" content=\"2024-04-05T14:17:15+00:00\" \/>\n<meta name=\"twitter:card\" content=\"summary_large_image\" \/>\n<script type=\"application\/ld+json\" class=\"yoast-schema-graph\">{\"@context\":\"https:\\\/\\\/schema.org\",\"@graph\":[{\"@type\":\"WebPage\",\"@id\":\"https:\\\/\\\/stsindustrie.com\\\/secteurs\\\/medical\\\/\",\"url\":\"https:\\\/\\\/stsindustrie.com\\\/secteurs\\\/medical\\\/\",\"name\":\"M\u00e9dical - stsindustrie.com\",\"isPartOf\":{\"@id\":\"https:\\\/\\\/stsindustrie.com\\\/#website\"},\"datePublished\":\"2022-02-09T15:15:28+00:00\",\"dateModified\":\"2024-04-05T14:17:15+00:00\",\"breadcrumb\":{\"@id\":\"https:\\\/\\\/stsindustrie.com\\\/secteurs\\\/medical\\\/#breadcrumb\"},\"inLanguage\":\"de\",\"potentialAction\":[{\"@type\":\"ReadAction\",\"target\":[\"https:\\\/\\\/stsindustrie.com\\\/secteurs\\\/medical\\\/\"]}]},{\"@type\":\"BreadcrumbList\",\"@id\":\"https:\\\/\\\/stsindustrie.com\\\/secteurs\\\/medical\\\/#breadcrumb\",\"itemListElement\":[{\"@type\":\"ListItem\",\"position\":1,\"name\":\"Accueil\",\"item\":\"https:\\\/\\\/stsindustrie.com\\\/\"},{\"@type\":\"ListItem\",\"position\":2,\"name\":\"Secteurs\",\"item\":\"https:\\\/\\\/stsindustrie.com\\\/secteurs\\\/\"},{\"@type\":\"ListItem\",\"position\":3,\"name\":\"M\u00e9dical\"}]},{\"@type\":\"WebSite\",\"@id\":\"https:\\\/\\\/stsindustrie.com\\\/#website\",\"url\":\"https:\\\/\\\/stsindustrie.com\\\/\",\"name\":\"stsindustrie.com\",\"description\":\"\",\"publisher\":{\"@id\":\"https:\\\/\\\/stsindustrie.com\\\/#organization\"},\"potentialAction\":[{\"@type\":\"SearchAction\",\"target\":{\"@type\":\"EntryPoint\",\"urlTemplate\":\"https:\\\/\\\/stsindustrie.com\\\/?s={search_term_string}\"},\"query-input\":{\"@type\":\"PropertyValueSpecification\",\"valueRequired\":true,\"valueName\":\"search_term_string\"}}],\"inLanguage\":\"de\"},{\"@type\":\"Organization\",\"@id\":\"https:\\\/\\\/stsindustrie.com\\\/#organization\",\"name\":\"STS Industrie SA\",\"url\":\"https:\\\/\\\/stsindustrie.com\\\/\",\"logo\":{\"@type\":\"ImageObject\",\"inLanguage\":\"de\",\"@id\":\"https:\\\/\\\/stsindustrie.com\\\/#\\\/schema\\\/logo\\\/image\\\/\",\"url\":\"https:\\\/\\\/stsindustrie.com\\\/wp-content\\\/uploads\\\/2022\\\/02\\\/logoflavicon.png\",\"contentUrl\":\"https:\\\/\\\/stsindustrie.com\\\/wp-content\\\/uploads\\\/2022\\\/02\\\/logoflavicon.png\",\"width\":150,\"height\":150,\"caption\":\"STS Industrie SA\"},\"image\":{\"@id\":\"https:\\\/\\\/stsindustrie.com\\\/#\\\/schema\\\/logo\\\/image\\\/\"},\"sameAs\":[\"https:\\\/\\\/www.linkedin.com\\\/company\\\/sts-industrie-sa\\\/\"]}]}<\/script>\n<!-- \/ Yoast SEO plugin. -->","yoast_head_json":{"title":"M\u00e9dical - stsindustrie.com","robots":{"index":"index","follow":"follow","max-snippet":"max-snippet:-1","max-image-preview":"max-image-preview:large","max-video-preview":"max-video-preview:-1"},"canonical":"https:\/\/stsindustrie.com\/de\/secteurs\/medical\/","og_locale":"de_DE","og_type":"article","og_title":"M\u00e9dical - stsindustrie.com","og_description":"M\u00e9dical Traitements de surfaces pour implants m\u00e9dicaux STS Industrie SA con\u00e7oit et r\u00e9alise des solutions sp\u00e9cifiques pour les applications de production de l\u2019industrie de technique m\u00e9dicale sur des implants chirurgicaux en Titane ou en acier inoxydable. Contact Installations propos\u00e9es Attaque acide (D\u00e9capage) Passivation Anodisation Type II et\u00a0Type III Electro-polissage Polissage au Plasma Nettoyage Traitement en [&hellip;]","og_url":"https:\/\/stsindustrie.com\/de\/secteurs\/medical\/","og_site_name":"stsindustrie.com","article_modified_time":"2024-04-05T14:17:15+00:00","twitter_card":"summary_large_image","schema":{"@context":"https:\/\/schema.org","@graph":[{"@type":"WebPage","@id":"https:\/\/stsindustrie.com\/secteurs\/medical\/","url":"https:\/\/stsindustrie.com\/secteurs\/medical\/","name":"M\u00e9dical - stsindustrie.com","isPartOf":{"@id":"https:\/\/stsindustrie.com\/#website"},"datePublished":"2022-02-09T15:15:28+00:00","dateModified":"2024-04-05T14:17:15+00:00","breadcrumb":{"@id":"https:\/\/stsindustrie.com\/secteurs\/medical\/#breadcrumb"},"inLanguage":"de","potentialAction":[{"@type":"ReadAction","target":["https:\/\/stsindustrie.com\/secteurs\/medical\/"]}]},{"@type":"BreadcrumbList","@id":"https:\/\/stsindustrie.com\/secteurs\/medical\/#breadcrumb","itemListElement":[{"@type":"ListItem","position":1,"name":"Accueil","item":"https:\/\/stsindustrie.com\/"},{"@type":"ListItem","position":2,"name":"Secteurs","item":"https:\/\/stsindustrie.com\/secteurs\/"},{"@type":"ListItem","position":3,"name":"M\u00e9dical"}]},{"@type":"WebSite","@id":"https:\/\/stsindustrie.com\/#website","url":"https:\/\/stsindustrie.com\/","name":"stsindustrie.com","description":"","publisher":{"@id":"https:\/\/stsindustrie.com\/#organization"},"potentialAction":[{"@type":"SearchAction","target":{"@type":"EntryPoint","urlTemplate":"https:\/\/stsindustrie.com\/?s={search_term_string}"},"query-input":{"@type":"PropertyValueSpecification","valueRequired":true,"valueName":"search_term_string"}}],"inLanguage":"de"},{"@type":"Organization","@id":"https:\/\/stsindustrie.com\/#organization","name":"STS Industrie AG","url":"https:\/\/stsindustrie.com\/","logo":{"@type":"ImageObject","inLanguage":"de","@id":"https:\/\/stsindustrie.com\/#\/schema\/logo\/image\/","url":"https:\/\/stsindustrie.com\/wp-content\/uploads\/2022\/02\/logoflavicon.png","contentUrl":"https:\/\/stsindustrie.com\/wp-content\/uploads\/2022\/02\/logoflavicon.png","width":150,"height":150,"caption":"STS Industrie SA"},"image":{"@id":"https:\/\/stsindustrie.com\/#\/schema\/logo\/image\/"},"sameAs":["https:\/\/www.linkedin.com\/company\/sts-industrie-sa\/"]}]}},"_links":{"self":[{"href":"https:\/\/stsindustrie.com\/de\/wp-json\/wp\/v2\/pages\/383","targetHints":{"allow":["GET"]}}],"collection":[{"href":"https:\/\/stsindustrie.com\/de\/wp-json\/wp\/v2\/pages"}],"about":[{"href":"https:\/\/stsindustrie.com\/de\/wp-json\/wp\/v2\/types\/page"}],"author":[{"embeddable":true,"href":"https:\/\/stsindustrie.com\/de\/wp-json\/wp\/v2\/users\/6"}],"replies":[{"embeddable":true,"href":"https:\/\/stsindustrie.com\/de\/wp-json\/wp\/v2\/comments?post=383"}],"version-history":[{"count":49,"href":"https:\/\/stsindustrie.com\/de\/wp-json\/wp\/v2\/pages\/383\/revisions"}],"predecessor-version":[{"id":2135,"href":"https:\/\/stsindustrie.com\/de\/wp-json\/wp\/v2\/pages\/383\/revisions\/2135"}],"up":[{"embeddable":true,"href":"https:\/\/stsindustrie.com\/de\/wp-json\/wp\/v2\/pages\/335"}],"wp:attachment":[{"href":"https:\/\/stsindustrie.com\/de\/wp-json\/wp\/v2\/media?parent=383"}],"curies":[{"name":"wp","href":"https:\/\/api.w.org\/{rel}","templated":true}]}}