{"id":2048,"date":"2024-04-02T11:32:10","date_gmt":"2024-04-02T09:32:10","guid":{"rendered":"https:\/\/new-stsindustrie.com\/?page_id=2048"},"modified":"2024-04-05T16:20:03","modified_gmt":"2024-04-05T14:20:03","slug":"vibroset-523","status":"publish","type":"page","link":"https:\/\/stsindustrie.com\/de\/vibroset-523\/","title":{"rendered":"Vibroset 523"},"content":{"rendered":"<h1>\n<p class=\"jeremy\"><strong>VIBROSET 523<\/strong><\/p>\n<\/h1>\n<h5>\n<h2 class=\"jeremy\">Vibroset 523<\/h2>\n<\/h5>\n<div>\n<p>Le Vibroset 523 est une unit\u00e9 de vibration destin\u00e9e aux lignes de traitement de surface pour des paniers de 250mm \u00e0 500mm de diam\u00e8tre et des charges jusqu\u2019\u00e0 15 kilos.<\/p>\n<p>Con\u00e7u par VIBROBOT SA, le syst\u00e8me VIBROSET est compos\u00e9 d\u2019un vibreur et d\u2019un panier permettant de traiter des pi\u00e8ces d\u00e9licates sans les endommager gr\u00e2ce \u00e0 un mouvement de vibration.<\/p>\n<p>Le VIBROSET 523 est un appareil compact dot\u00e9 d\u2019une technologie de r\u00e9gulation automatique de la vibration d\u00e9velopp\u00e9 par VIBROBOT SA. Ce syst\u00e8me analyse et compense la puissance de vibration en fonction de la charge, du diam\u00e8tre du panier et de la densit\u00e9 des bains, afin d\u2019avoir, une vibration parfaite et stable tout au long du cycle.<\/p>\n<p>Cet appareil est facilement adaptable au syst\u00e8me de transfert et de contact de ligne d\u00e9j\u00e0 existante.<\/p>\n<p>Nous pensons qu\u2019il est important que les machines b\u00e9n\u00e9ficient des derni\u00e8res avanc\u00e9es technologiques. C\u2019est pourquoi nous proposons un kit de retrofit pour les anciennes unit\u00e9s.<\/p>\n<\/div>\n<ul>\n<li>\n<p>        <img decoding=\"async\" src=\"\/wp-content\/uploads\/2024\/04\/DSC06680.jpg\" alt=\"\"><\/p>\n<\/li>\n<li>\n<p>        <img decoding=\"async\" src=\"\/wp-content\/uploads\/2024\/04\/DSC08882.jpg\" alt=\"\"><\/p>\n<\/li>\n<li>\n<p>        <img decoding=\"async\" src=\"\/wp-content\/uploads\/2024\/04\/DSC06691.jpg\" alt=\"\"><\/p>\n<\/li>\n<\/ul>\n<hr>\n<h1>\n<h2 style=\"text-align: center;\">Une demande sp\u00e9cifique ? Parlons-en.<\/h2>\n<\/h1>\n<div>\n<p class=\"p1\">Nous accompagnons les entreprises dans la cr\u00e9ation de leurs \u00e9quipements de production depuis 1975. Nos sp\u00e9cialistes sauront vous conseiller au mieux afin de cr\u00e9er la machine qu\u2019il vous faut pour les ann\u00e9es \u00e0 venir.<\/p>\n<\/div>\n<p>\n    <a href=\"\/contact\/\">contactez-nous<\/a>\n<\/p>\n<p><!--more--><br \/>\n<!-- {\"type\":\"layout\",\"children\":[{\"type\":\"section\",\"props\":{\"height\":\"section\",\"height_offset_top\":true,\"image\":\"wp-content\\\/uploads\\\/2024\\\/04\\\/DSC08882.jpg\",\"image_position\":\"center-center\",\"image_size\":\"width-1-1\",\"media_overlay\":\"rgba(0, 0, 0, 0.4)\",\"style\":\"default\",\"title_breakpoint\":\"xl\",\"title_position\":\"top-left\",\"title_rotation\":\"left\",\"vertical_align\":\"middle\",\"width\":\"default\"},\"children\":[{\"type\":\"row\",\"children\":[{\"type\":\"column\",\"props\":{\"image_position\":\"center-center\",\"position_sticky_breakpoint\":\"m\"},\"children\":[{\"type\":\"headline\",\"props\":{\"content\":\"\n\n<p class=\\\"jeremy\\\"><strong>VIBROSET 523<\\\/strong><\\\/p>\",\"text_align\":\"center\",\"title_color\":\"warning\",\"title_element\":\"h1\"}}]}]}],\"name\":\"HEADER PAGE SECONDAIRE\"},{\"type\":\"section\",\"props\":{\"image_position\":\"center-center\",\"padding\":\"small\",\"padding_remove_top\":false,\"style\":\"default\",\"title_breakpoint\":\"xl\",\"title_position\":\"top-left\",\"title_rotation\":\"left\",\"vertical_align\":\"middle\",\"width\":\"default\"},\"children\":[{\"type\":\"row\",\"children\":[{\"type\":\"column\",\"props\":{\"image_position\":\"center-center\",\"position_sticky_breakpoint\":\"m\"},\"children\":[{\"type\":\"headline\",\"props\":{\"content\":\"\n\n<h2 class=\\\"jeremy\\\">Vibroset 523<\\\/h2>\",\"text_align\":\"left\",\"title_element\":\"h5\",\"title_style\":\"h4\"}},{\"type\":\"text\",\"props\":{\"column_breakpoint\":\"m\",\"content\":\"\n\n<p>Le Vibroset 523 est une unit\\u00e9 de vibration destin\\u00e9e aux lignes de traitement de surface pour des paniers de 250mm \\u00e0 500mm de diam\\u00e8tre et des charges jusqu\\u2019\\u00e0 15 kilos.<\\\/p>\\n\n\n<p>Con\\u00e7u par VIBROBOT SA, le syst\\u00e8me VIBROSET est compos\\u00e9 d\\u2019un vibreur et d\\u2019un panier permettant de traiter des pi\\u00e8ces d\\u00e9licates sans les endommager gr\\u00e2ce \\u00e0 un mouvement de vibration.<\\\/p>\\n\n\n<p>Le VIBROSET 523 est un appareil compact dot\\u00e9 d\\u2019une technologie de r\\u00e9gulation automatique de la vibration d\\u00e9velopp\\u00e9 par VIBROBOT SA. Ce syst\\u00e8me analyse et compense la puissance de vibration en fonction de la charge, du diam\\u00e8tre du panier et de la densit\\u00e9 des bains, afin d\\u2019avoir, une vibration parfaite et stable tout au long du cycle.<\\\/p>\\n\n\n<p>Cet appareil est facilement adaptable au syst\\u00e8me de transfert et de contact de ligne d\\u00e9j\\u00e0 existante.<\\\/p>\\n\n\n<p>Nous pensons qu\\u2019il est important que les machines b\\u00e9n\\u00e9ficient des derni\\u00e8res avanc\\u00e9es technologiques. C\\u2019est pourquoi nous proposons un kit de retrofit pour les anciennes unit\\u00e9s.<\\\/p>\",\"margin\":\"default\",\"text_align\":\"justify\"}}]}]},{\"type\":\"row\",\"children\":[{\"type\":\"column\",\"props\":{\"image_position\":\"center-center\",\"position_sticky_breakpoint\":\"m\"},\"children\":[{\"type\":\"slideshow\",\"props\":{\"link_style\":\"default\",\"link_text\":\"Read more\",\"margin\":\"default\",\"meta_align\":\"below-title\",\"meta_element\":\"div\",\"meta_style\":\"text-meta\",\"nav\":\"dotnav\",\"nav_align\":\"center\",\"nav_breakpoint\":\"s\",\"nav_position\":\"bottom-center\",\"nav_position_margin\":\"medium\",\"overlay_animation\":\"parallax\",\"overlay_position\":\"center-left\",\"show_content\":true,\"show_link\":true,\"show_meta\":true,\"show_thumbnail\":true,\"show_title\":true,\"slidenav\":\"default\",\"slidenav_breakpoint\":\"s\",\"slidenav_margin\":\"medium\",\"slidenav_outside_breakpoint\":\"xl\",\"slideshow_autoplay_pause\":true,\"slideshow_min_height\":300,\"thumbnav_height\":\"75\",\"thumbnav_svg_color\":\"emphasis\",\"thumbnav_width\":\"100\",\"title_element\":\"h3\"},\"children\":[{\"type\":\"slideshow_item\",\"props\":{\"image\":\"wp-content\\\/uploads\\\/2024\\\/04\\\/DSC06680.jpg\"}},{\"type\":\"slideshow_item\",\"props\":{\"image\":\"wp-content\\\/uploads\\\/2024\\\/04\\\/DSC08882.jpg\"}},{\"type\":\"slideshow_item\",\"props\":{\"image\":\"wp-content\\\/uploads\\\/2024\\\/04\\\/DSC06691.jpg\"}}]}]}]}],\"modified\":\"2022-03-02T13:55:47.959Z\",\"name\":\"texte avec puce\"},{\"type\":\"section\",\"props\":{\"image_position\":\"center-center\",\"style\":\"default\",\"title_breakpoint\":\"xl\",\"title_position\":\"top-left\",\"title_rotation\":\"left\",\"vertical_align\":\"middle\",\"width\":\"default\"},\"children\":[{\"type\":\"row\",\"children\":[{\"type\":\"column\",\"props\":{\"image_position\":\"center-center\",\"position_sticky_breakpoint\":\"m\"},\"children\":[{\"type\":\"divider\",\"props\":{\"divider_element\":\"hr\",\"divider_style\":\"icon\"}},{\"type\":\"headline\",\"props\":{\"content\":\"\n\n<h2 style=\\\"text-align: center;\\\">Une demande sp\\u00e9cifique ? Parlons-en.<\\\/h2>\",\"text_align\":\"center\",\"title_element\":\"h1\"}},{\"type\":\"text\",\"props\":{\"column_breakpoint\":\"m\",\"content\":\"\n\n<p class=\\\"p1\\\">Nous accompagnons les entreprises dans la cr\\u00e9ation de leurs \\u00e9quipements de production depuis 1975. Nos sp\\u00e9cialistes sauront vous conseiller au mieux afin de cr\\u00e9er la machine qu\\u2019il vous faut pour les ann\\u00e9es \\u00e0 venir.<\\\/p>\",\"margin\":\"default\",\"text_align\":\"center\"}},{\"type\":\"button\",\"props\":{\"grid_column_gap\":\"small\",\"grid_row_gap\":\"small\",\"margin\":\"default\",\"text_align\":\"center\"},\"children\":[{\"type\":\"button_item\",\"props\":{\"button_style\":\"default\",\"content\":\"contactez-nous\",\"icon_align\":\"left\",\"link\":\"contact\\\/\"}}]}]}]}],\"name\":\"call to action contact final\"}],\"version\":\"4.3.3\"} --><\/p>\n","protected":false},"excerpt":{"rendered":"<p>VIBROSET 523 Vibroset 523 Le Vibroset 523 est une unit\u00e9 de vibration destin\u00e9e aux lignes de traitement de surface pour des paniers de 250mm \u00e0 500mm de diam\u00e8tre et des charges jusqu\u2019\u00e0 15 kilos. Con\u00e7u par VIBROBOT SA, le syst\u00e8me VIBROSET est compos\u00e9 d\u2019un vibreur et d\u2019un panier permettant de traiter des pi\u00e8ces d\u00e9licates sans [&hellip;]<\/p>\n","protected":false},"author":6,"featured_media":0,"parent":0,"menu_order":0,"comment_status":"closed","ping_status":"closed","template":"","meta":{"footnotes":""},"class_list":["post-2048","page","type-page","status-publish","hentry"],"yoast_head":"<!-- This site is optimized with the Yoast SEO plugin v27.4 - https:\/\/yoast.com\/product\/yoast-seo-wordpress\/ -->\n<title>Vibroset 523 - stsindustrie.com<\/title>\n<meta name=\"robots\" content=\"index, follow, max-snippet:-1, max-image-preview:large, max-video-preview:-1\" \/>\n<link rel=\"canonical\" href=\"https:\/\/stsindustrie.com\/de\/vibroset-523\/\" \/>\n<meta property=\"og:locale\" content=\"de_DE\" \/>\n<meta property=\"og:type\" content=\"article\" \/>\n<meta property=\"og:title\" content=\"Vibroset 523 - stsindustrie.com\" \/>\n<meta property=\"og:description\" content=\"VIBROSET 523 Vibroset 523 Le Vibroset 523 est une unit\u00e9 de vibration destin\u00e9e aux lignes de traitement de surface pour des paniers de 250mm \u00e0 500mm de diam\u00e8tre et des charges jusqu\u2019\u00e0 15 kilos. Con\u00e7u par VIBROBOT SA, le syst\u00e8me VIBROSET est compos\u00e9 d\u2019un vibreur et d\u2019un panier permettant de traiter des pi\u00e8ces d\u00e9licates sans [&hellip;]\" \/>\n<meta property=\"og:url\" content=\"https:\/\/stsindustrie.com\/de\/vibroset-523\/\" \/>\n<meta property=\"og:site_name\" content=\"stsindustrie.com\" \/>\n<meta property=\"article:modified_time\" content=\"2024-04-05T14:20:03+00:00\" \/>\n<meta name=\"twitter:card\" content=\"summary_large_image\" \/>\n<meta name=\"twitter:label1\" content=\"Gesch\u00e4tzte Lesezeit\" \/>\n\t<meta name=\"twitter:data1\" content=\"1\u00a0Minute\" \/>\n<script type=\"application\/ld+json\" class=\"yoast-schema-graph\">{\"@context\":\"https:\\\/\\\/schema.org\",\"@graph\":[{\"@type\":\"WebPage\",\"@id\":\"https:\\\/\\\/stsindustrie.com\\\/vibroset-523\\\/\",\"url\":\"https:\\\/\\\/stsindustrie.com\\\/vibroset-523\\\/\",\"name\":\"Vibroset 523 - stsindustrie.com\",\"isPartOf\":{\"@id\":\"https:\\\/\\\/stsindustrie.com\\\/#website\"},\"datePublished\":\"2024-04-02T09:32:10+00:00\",\"dateModified\":\"2024-04-05T14:20:03+00:00\",\"breadcrumb\":{\"@id\":\"https:\\\/\\\/stsindustrie.com\\\/vibroset-523\\\/#breadcrumb\"},\"inLanguage\":\"de\",\"potentialAction\":[{\"@type\":\"ReadAction\",\"target\":[\"https:\\\/\\\/stsindustrie.com\\\/vibroset-523\\\/\"]}]},{\"@type\":\"BreadcrumbList\",\"@id\":\"https:\\\/\\\/stsindustrie.com\\\/vibroset-523\\\/#breadcrumb\",\"itemListElement\":[{\"@type\":\"ListItem\",\"position\":1,\"name\":\"Accueil\",\"item\":\"https:\\\/\\\/stsindustrie.com\\\/\"},{\"@type\":\"ListItem\",\"position\":2,\"name\":\"Vibroset 523\"}]},{\"@type\":\"WebSite\",\"@id\":\"https:\\\/\\\/stsindustrie.com\\\/#website\",\"url\":\"https:\\\/\\\/stsindustrie.com\\\/\",\"name\":\"stsindustrie.com\",\"description\":\"\",\"publisher\":{\"@id\":\"https:\\\/\\\/stsindustrie.com\\\/#organization\"},\"potentialAction\":[{\"@type\":\"SearchAction\",\"target\":{\"@type\":\"EntryPoint\",\"urlTemplate\":\"https:\\\/\\\/stsindustrie.com\\\/?s={search_term_string}\"},\"query-input\":{\"@type\":\"PropertyValueSpecification\",\"valueRequired\":true,\"valueName\":\"search_term_string\"}}],\"inLanguage\":\"de\"},{\"@type\":\"Organization\",\"@id\":\"https:\\\/\\\/stsindustrie.com\\\/#organization\",\"name\":\"STS Industrie SA\",\"url\":\"https:\\\/\\\/stsindustrie.com\\\/\",\"logo\":{\"@type\":\"ImageObject\",\"inLanguage\":\"de\",\"@id\":\"https:\\\/\\\/stsindustrie.com\\\/#\\\/schema\\\/logo\\\/image\\\/\",\"url\":\"https:\\\/\\\/stsindustrie.com\\\/wp-content\\\/uploads\\\/2022\\\/02\\\/logoflavicon.png\",\"contentUrl\":\"https:\\\/\\\/stsindustrie.com\\\/wp-content\\\/uploads\\\/2022\\\/02\\\/logoflavicon.png\",\"width\":150,\"height\":150,\"caption\":\"STS Industrie SA\"},\"image\":{\"@id\":\"https:\\\/\\\/stsindustrie.com\\\/#\\\/schema\\\/logo\\\/image\\\/\"},\"sameAs\":[\"https:\\\/\\\/www.linkedin.com\\\/company\\\/sts-industrie-sa\\\/\"]}]}<\/script>\n<!-- \/ Yoast SEO plugin. -->","yoast_head_json":{"title":"Vibroset 523 - stsindustrie.com","robots":{"index":"index","follow":"follow","max-snippet":"max-snippet:-1","max-image-preview":"max-image-preview:large","max-video-preview":"max-video-preview:-1"},"canonical":"https:\/\/stsindustrie.com\/de\/vibroset-523\/","og_locale":"de_DE","og_type":"article","og_title":"Vibroset 523 - stsindustrie.com","og_description":"VIBROSET 523 Vibroset 523 Le Vibroset 523 est une unit\u00e9 de vibration destin\u00e9e aux lignes de traitement de surface pour des paniers de 250mm \u00e0 500mm de diam\u00e8tre et des charges jusqu\u2019\u00e0 15 kilos. Con\u00e7u par VIBROBOT SA, le syst\u00e8me VIBROSET est compos\u00e9 d\u2019un vibreur et d\u2019un panier permettant de traiter des pi\u00e8ces d\u00e9licates sans [&hellip;]","og_url":"https:\/\/stsindustrie.com\/de\/vibroset-523\/","og_site_name":"stsindustrie.com","article_modified_time":"2024-04-05T14:20:03+00:00","twitter_card":"summary_large_image","twitter_misc":{"Gesch\u00e4tzte Lesezeit":"1\u00a0Minute"},"schema":{"@context":"https:\/\/schema.org","@graph":[{"@type":"WebPage","@id":"https:\/\/stsindustrie.com\/vibroset-523\/","url":"https:\/\/stsindustrie.com\/vibroset-523\/","name":"Vibroset 523 - stsindustrie.com","isPartOf":{"@id":"https:\/\/stsindustrie.com\/#website"},"datePublished":"2024-04-02T09:32:10+00:00","dateModified":"2024-04-05T14:20:03+00:00","breadcrumb":{"@id":"https:\/\/stsindustrie.com\/vibroset-523\/#breadcrumb"},"inLanguage":"de","potentialAction":[{"@type":"ReadAction","target":["https:\/\/stsindustrie.com\/vibroset-523\/"]}]},{"@type":"BreadcrumbList","@id":"https:\/\/stsindustrie.com\/vibroset-523\/#breadcrumb","itemListElement":[{"@type":"ListItem","position":1,"name":"Accueil","item":"https:\/\/stsindustrie.com\/"},{"@type":"ListItem","position":2,"name":"Vibroset 523"}]},{"@type":"WebSite","@id":"https:\/\/stsindustrie.com\/#website","url":"https:\/\/stsindustrie.com\/","name":"stsindustrie.com","description":"","publisher":{"@id":"https:\/\/stsindustrie.com\/#organization"},"potentialAction":[{"@type":"SearchAction","target":{"@type":"EntryPoint","urlTemplate":"https:\/\/stsindustrie.com\/?s={search_term_string}"},"query-input":{"@type":"PropertyValueSpecification","valueRequired":true,"valueName":"search_term_string"}}],"inLanguage":"de"},{"@type":"Organization","@id":"https:\/\/stsindustrie.com\/#organization","name":"STS Industrie AG","url":"https:\/\/stsindustrie.com\/","logo":{"@type":"ImageObject","inLanguage":"de","@id":"https:\/\/stsindustrie.com\/#\/schema\/logo\/image\/","url":"https:\/\/stsindustrie.com\/wp-content\/uploads\/2022\/02\/logoflavicon.png","contentUrl":"https:\/\/stsindustrie.com\/wp-content\/uploads\/2022\/02\/logoflavicon.png","width":150,"height":150,"caption":"STS Industrie SA"},"image":{"@id":"https:\/\/stsindustrie.com\/#\/schema\/logo\/image\/"},"sameAs":["https:\/\/www.linkedin.com\/company\/sts-industrie-sa\/"]}]}},"_links":{"self":[{"href":"https:\/\/stsindustrie.com\/de\/wp-json\/wp\/v2\/pages\/2048","targetHints":{"allow":["GET"]}}],"collection":[{"href":"https:\/\/stsindustrie.com\/de\/wp-json\/wp\/v2\/pages"}],"about":[{"href":"https:\/\/stsindustrie.com\/de\/wp-json\/wp\/v2\/types\/page"}],"author":[{"embeddable":true,"href":"https:\/\/stsindustrie.com\/de\/wp-json\/wp\/v2\/users\/6"}],"replies":[{"embeddable":true,"href":"https:\/\/stsindustrie.com\/de\/wp-json\/wp\/v2\/comments?post=2048"}],"version-history":[{"count":7,"href":"https:\/\/stsindustrie.com\/de\/wp-json\/wp\/v2\/pages\/2048\/revisions"}],"predecessor-version":[{"id":2144,"href":"https:\/\/stsindustrie.com\/de\/wp-json\/wp\/v2\/pages\/2048\/revisions\/2144"}],"wp:attachment":[{"href":"https:\/\/stsindustrie.com\/de\/wp-json\/wp\/v2\/media?parent=2048"}],"curies":[{"name":"wp","href":"https:\/\/api.w.org\/{rel}","templated":true}]}}