{"id":1921,"date":"2024-03-21T20:56:51","date_gmt":"2024-03-21T19:56:51","guid":{"rendered":"https:\/\/new-stsindustrie.com\/?page_id=1921"},"modified":"2024-04-05T17:16:57","modified_gmt":"2024-04-05T15:16:57","slug":"striper-vt","status":"publish","type":"page","link":"https:\/\/stsindustrie.com\/de\/striper-vt\/","title":{"rendered":"STRIPER-VT"},"content":{"rendered":"<h1>STRIPER-VT<\/h1>\n<h5>\n<p class=\"jeremy\">STRIPER-VT<\/p>\n<\/h5>\n<div>\n<div>\n<p>750mm plating cell<\/p>\n<p>150mm max band width<\/p>\n<p>Multi stripe on 2 faces<\/p>\n<\/div>\n<\/div>\n<div>\n<div>\n<p>Minimum plating strip 2 mm each 2mm, to be defined<\/p>\n<p>Maximum speed 20m\/min<\/p>\n<p>Ag plating (~24.0 \u00b5m \/ min. @ ~40 A\/dm2)<\/p>\n<\/div>\n<\/div>\n<p>\n    <a href=\"\/wp-content\/uploads\/2024\/04\/Presentation-Striper-VT-Technic_01.pdf\">STRIPER-VT PDF<\/a>\n<\/p>\n<div>\n<p>        <img decoding=\"async\" src=\"\/wp-content\/uploads\/2024\/03\/Image1.jpg\" alt=\"\"><\/p>\n<\/div>\n<div>\n<p>        <img decoding=\"async\" src=\"\/wp-content\/uploads\/2024\/03\/Image2.jpg\" alt=\"\"><\/p>\n<\/div>\n<ul>\n<li>\n<p>        <img decoding=\"async\" src=\"\/wp-content\/uploads\/2024\/03\/Image4.png\" alt=\"\"><\/p>\n<\/li>\n<li>\n<p>        <img decoding=\"async\" src=\"\/wp-content\/uploads\/2024\/03\/Image6.png\" alt=\"\"><\/p>\n<\/li>\n<\/ul>\n<p><img decoding=\"async\" src=\"\/wp-content\/uploads\/2024\/03\/Image10-scaled.jpg\" alt=\"\"><\/p>\n<hr>\n<h1>\n<h2 style=\"text-align: center;\">Une demande sp\u00e9cifique ? Parlons-en.<\/h2>\n<\/h1>\n<div>\n<p>Nous accompagnons des entreprises dans la cr\u00e9ation de leurs lignes de galvanoplastie depuis plus de 40 ans. Nos chefs de projets sauront vous conseiller au mieux afin de cr\u00e9er la machine qu&rsquo;il vous faut pour les ann\u00e9es \u00e0 venir.<\/p>\n<\/div>\n<p>\n    <a href=\"\/contact\/\">contactez-nous<\/a>\n<\/p>\n<p><!--more--><br \/>\n<!-- {\"type\":\"layout\",\"children\":[{\"type\":\"section\",\"props\":{\"height\":\"page\",\"height_offset_top\":true,\"image\":\"wp-content\\\/uploads\\\/2024\\\/03\\\/DJI_0395.jpg\",\"image_position\":\"center-center\",\"image_size\":\"width-1-1\",\"media_overlay\":\"rgba(0, 0, 0, 0.4)\",\"padding_remove_bottom\":false,\"padding_remove_horizontal\":false,\"padding_remove_top\":false,\"style\":\"default\",\"title_breakpoint\":\"xl\",\"title_position\":\"top-left\",\"title_rotation\":\"left\",\"vertical_align\":\"middle\",\"width\":\"default\"},\"children\":[{\"type\":\"row\",\"children\":[{\"type\":\"column\",\"props\":{\"image_position\":\"center-center\",\"position_sticky_breakpoint\":\"m\"},\"children\":[{\"type\":\"headline\",\"props\":{\"content\":\"STRIPER-VT\",\"text_align\":\"center\",\"title_color\":\"warning\",\"title_element\":\"h1\"}}]}]}],\"name\":\"HEADER PAGE SECONDAIRE\"},{\"type\":\"section\",\"props\":{\"image_position\":\"center-center\",\"style\":\"default\",\"title_breakpoint\":\"xl\",\"title_position\":\"top-left\",\"title_rotation\":\"left\",\"vertical_align\":\"middle\",\"width\":\"default\"},\"children\":[{\"type\":\"row\",\"children\":[{\"type\":\"column\",\"props\":{\"image_position\":\"center-center\",\"position_sticky_breakpoint\":\"m\"},\"children\":[{\"type\":\"headline\",\"props\":{\"content\":\"\n\n<p class=\\\"jeremy\\\">STRIPER-VT<\\\/p>\",\"text_align\":\"left\",\"title_element\":\"h5\",\"title_style\":\"h2\"}}]}]},{\"type\":\"row\",\"props\":{\"layout\":\"1-2,1-2\"},\"children\":[{\"type\":\"column\",\"props\":{\"image_position\":\"center-center\",\"position_sticky_breakpoint\":\"m\",\"width_medium\":\"1-2\"},\"children\":[{\"type\":\"list\",\"props\":{\"column_breakpoint\":\"m\",\"image_align\":\"left\",\"image_svg_color\":\"emphasis\",\"image_vertical_align\":true,\"list_element\":\"ul\",\"list_horizontal_separator\":\", \",\"list_type\":\"vertical\",\"show_image\":true,\"show_link\":true},\"children\":[{\"type\":\"list_item\",\"props\":{\"content\":\"\n\n<p>750mm plating cell<\\\/p>\\n\n\n<p>150mm max band width<\\\/p>\\n\n\n<p>Multi stripe on 2 faces<\\\/p>\"}}]}]},{\"type\":\"column\",\"props\":{\"image_position\":\"center-center\",\"position_sticky_breakpoint\":\"m\",\"width_medium\":\"1-2\"},\"children\":[{\"type\":\"list\",\"props\":{\"column_breakpoint\":\"m\",\"image_align\":\"left\",\"image_svg_color\":\"emphasis\",\"image_vertical_align\":true,\"list_element\":\"ul\",\"list_horizontal_separator\":\", \",\"list_type\":\"vertical\",\"show_image\":true,\"show_link\":true},\"children\":[{\"type\":\"list_item\",\"props\":{\"content\":\"\n\n<p>Minimum plating strip 2 mm each 2mm, to be defined<\\\/p>\\n\n\n<p>Maximum speed 20m\\\/min<\\\/p>\\n\n\n<p>Ag plating (~24.0 \\u00b5m \\\/ min. @ ~40 A\\\/dm2)<\\\/p>\"}}]}]}]}],\"modified\":\"2022-03-02T13:55:47.959Z\",\"name\":\"texte avec puce\"},{\"type\":\"section\",\"props\":{\"image_position\":\"center-center\",\"style\":\"default\",\"title_breakpoint\":\"xl\",\"title_position\":\"top-left\",\"title_rotation\":\"left\",\"vertical_align\":\"middle\",\"width\":\"large\"},\"children\":[{\"type\":\"row\",\"children\":[{\"type\":\"column\",\"props\":{\"image_position\":\"center-center\",\"position_sticky_breakpoint\":\"m\"},\"children\":[{\"type\":\"button\",\"props\":{\"block_align\":\"center\",\"fullwidth\":true,\"grid_column_gap\":\"small\",\"grid_row_gap\":\"small\",\"margin\":\"default\",\"maxwidth\":\"medium\",\"text_align\":\"center\"},\"children\":[{\"type\":\"button_item\",\"props\":{\"button_style\":\"primary\",\"content\":\"STRIPER-VT PDF\",\"icon_align\":\"left\",\"link\":\"wp-content\\\/uploads\\\/2024\\\/04\\\/Presentation-Striper-VT-Technic_01.pdf\"}}],\"name\":\"button\"}]}]}]},{\"type\":\"section\",\"props\":{\"animation_delay\":false,\"image_position\":\"bottom-left\",\"image_size\":\"contain\",\"padding\":\"none\",\"padding_remove_bottom\":false,\"padding_remove_top\":false,\"style\":\"default\",\"title_breakpoint\":\"xl\",\"title_position\":\"top-left\",\"title_rotation\":\"left\",\"vertical_align\":\"middle\",\"width\":\"default\"},\"children\":[{\"type\":\"row\",\"props\":{\"column_gap\":\"small\",\"layout\":\"1-2,1-2\",\"margin\":\"default\",\"margin_remove_bottom\":false,\"margin_remove_top\":false,\"row_gap\":\"collapse\"},\"children\":[{\"type\":\"column\",\"props\":{\"image_position\":\"center-center\",\"position_sticky_breakpoint\":\"m\",\"width_medium\":\"1-2\"},\"children\":[{\"type\":\"overlay\",\"props\":{\"content\":\"\",\"content_margin\":\"small\",\"image\":\"wp-content\\\/uploads\\\/2024\\\/03\\\/Image1.jpg\",\"image_height\":\"900\",\"image_transition\":\"scale-down\",\"image_width\":\"900\",\"link_margin\":\"remove\",\"link_style\":\"\",\"link_text\":\"View Houses\",\"margin\":\"default\",\"margin_remove_bottom\":true,\"meta_align\":\"below-title\",\"meta_element\":\"div\",\"meta_style\":\"text-meta\",\"overlay_hover\":false,\"overlay_link\":true,\"overlay_mode\":\"cover\",\"overlay_position\":\"bottom-left\",\"overlay_style\":\"\",\"overlay_transition\":\"fade\",\"text_align\":\"\",\"text_color\":\"light\",\"title\":\"\",\"title_element\":\"h3\",\"title_hover_style\":\"reset\",\"visibility\":\"m\"},\"modified\":\"2020-11-24T16:30:51.601Z\"}]},{\"type\":\"column\",\"props\":{\"image_position\":\"center-center\",\"position_sticky_breakpoint\":\"m\",\"width_medium\":\"1-2\"},\"children\":[{\"type\":\"overlay\",\"props\":{\"content\":\"\",\"content_margin\":\"small\",\"image\":\"wp-content\\\/uploads\\\/2024\\\/03\\\/Image2.jpg\",\"image_height\":\"440\",\"image_transition\":\"scale-down\",\"image_width\":\"900\",\"link_margin\":\"remove\",\"link_style\":\"\",\"link_text\":\"View Houses\",\"margin\":\"default\",\"margin_remove_bottom\":true,\"meta_align\":\"below-title\",\"meta_element\":\"div\",\"meta_style\":\"text-meta\",\"overlay_hover\":false,\"overlay_link\":true,\"overlay_mode\":\"cover\",\"overlay_position\":\"bottom-left\",\"overlay_style\":\"\",\"overlay_transition\":\"fade\",\"text_align\":\"\",\"text_color\":\"light\",\"title\":\"\",\"title_element\":\"h3\",\"title_hover_style\":\"reset\",\"visibility\":\"m\"},\"modified\":\"2020-11-24T16:30:51.601Z\"},{\"type\":\"gallery\",\"props\":{\"class\":\"uk-grid-margin-small\",\"filter_align\":\"left\",\"filter_all\":true,\"filter_grid_breakpoint\":\"m\",\"filter_grid_width\":\"auto\",\"filter_position\":\"top\",\"filter_style\":\"tab\",\"grid_column_gap\":\"small\",\"grid_default\":\"1\",\"grid_medium\":\"\",\"grid_row_gap\":\"small\",\"grid_small\":\"2\",\"image_height\":\"610\",\"image_transition\":\"scale-down\",\"image_width\":\"610\",\"item_animation\":true,\"link_margin\":\"remove\",\"link_style\":\"\",\"link_text\":\"View Houses\",\"margin\":\"\",\"margin_remove_bottom\":false,\"margin_remove_top\":false,\"meta_align\":\"below-title\",\"meta_element\":\"div\",\"meta_style\":\"text-meta\",\"overlay_hover\":false,\"overlay_link\":true,\"overlay_mode\":\"cover\",\"overlay_position\":\"bottom-left\",\"overlay_style\":\"\",\"overlay_transition\":\"fade\",\"parallax_easing\":\"1\",\"show_content\":true,\"show_hover_image\":true,\"show_link\":true,\"show_meta\":true,\"show_title\":true,\"text_align\":\"\",\"text_color\":\"light\",\"title_element\":\"h3\",\"title_hover_style\":\"reset\"},\"children\":[{\"type\":\"gallery_item\",\"props\":{\"image\":\"wp-content\\\/uploads\\\/2024\\\/03\\\/Image4.png\",\"title\":\"\"}},{\"type\":\"gallery_item\",\"props\":{\"image\":\"wp-content\\\/uploads\\\/2024\\\/03\\\/Image6.png\",\"title\":\"\"}}]}]}]},{\"type\":\"row\",\"children\":[{\"type\":\"column\",\"props\":{\"image_position\":\"center-center\",\"position_sticky_breakpoint\":\"m\"},\"children\":[{\"type\":\"image\",\"props\":{\"image\":\"wp-content\\\/uploads\\\/2024\\\/03\\\/Image10-scaled.jpg\",\"image_svg_color\":\"emphasis\",\"margin\":\"default\"}}]}]}],\"name\":\"4 images mode styler\",\"modified\":\"2022-03-02T13:52:45.079Z\"},{\"type\":\"section\",\"props\":{\"image_position\":\"center-center\",\"style\":\"default\",\"title_breakpoint\":\"xl\",\"title_position\":\"top-left\",\"title_rotation\":\"left\",\"vertical_align\":\"middle\",\"width\":\"default\"},\"children\":[{\"type\":\"row\",\"children\":[{\"type\":\"column\",\"props\":{\"image_position\":\"center-center\",\"position_sticky_breakpoint\":\"m\"},\"children\":[{\"type\":\"divider\",\"props\":{\"divider_element\":\"hr\",\"divider_style\":\"icon\"}},{\"type\":\"headline\",\"props\":{\"content\":\"\n\n<h2 style=\\\"text-align: center;\\\">Une demande sp\\u00e9cifique ? Parlons-en.<\\\/h2>\",\"text_align\":\"center\",\"title_element\":\"h1\"}},{\"type\":\"text\",\"props\":{\"column_breakpoint\":\"m\",\"content\":\"\n\n<p>Nous accompagnons des entreprises dans la cr\\u00e9ation de leurs lignes de galvanoplastie depuis plus de 40 ans. Nos chefs de projets sauront vous conseiller au mieux afin de cr\\u00e9er la machine qu'il vous faut pour les ann\\u00e9es \\u00e0 venir.<\\\/p>\",\"margin\":\"default\",\"text_align\":\"center\"}},{\"type\":\"button\",\"props\":{\"grid_column_gap\":\"small\",\"grid_row_gap\":\"small\",\"margin\":\"default\",\"text_align\":\"center\"},\"children\":[{\"type\":\"button_item\",\"props\":{\"button_style\":\"default\",\"content\":\"contactez-nous\",\"icon_align\":\"left\",\"link\":\"contact\\\/\"}}]}]}]}],\"name\":\"call to action contact final\"}],\"version\":\"4.3.3\"} --><\/p>\n","protected":false},"excerpt":{"rendered":"<p>STRIPER-VT STRIPER-VT 750mm plating cell 150mm max band width Multi stripe on 2 faces Minimum plating strip 2 mm each 2mm, to be defined Maximum speed 20m\/min Ag plating (~24.0 \u00b5m \/ min. @ ~40 A\/dm2) STRIPER-VT PDF Une demande sp\u00e9cifique ? Parlons-en. Nous accompagnons des entreprises dans la cr\u00e9ation de leurs lignes de galvanoplastie [&hellip;]<\/p>\n","protected":false},"author":6,"featured_media":0,"parent":0,"menu_order":0,"comment_status":"closed","ping_status":"closed","template":"","meta":{"footnotes":""},"class_list":["post-1921","page","type-page","status-publish","hentry"],"yoast_head":"<!-- This site is optimized with the Yoast SEO plugin v27.3 - https:\/\/yoast.com\/product\/yoast-seo-wordpress\/ -->\n<title>STRIPER-VT - stsindustrie.com<\/title>\n<meta name=\"robots\" content=\"index, follow, max-snippet:-1, max-image-preview:large, max-video-preview:-1\" \/>\n<link rel=\"canonical\" href=\"https:\/\/stsindustrie.com\/de\/striper-vt\/\" \/>\n<meta property=\"og:locale\" content=\"de_DE\" \/>\n<meta property=\"og:type\" content=\"article\" \/>\n<meta property=\"og:title\" content=\"STRIPER-VT - stsindustrie.com\" \/>\n<meta property=\"og:description\" content=\"STRIPER-VT STRIPER-VT 750mm plating cell 150mm max band width Multi stripe on 2 faces Minimum plating strip 2 mm each 2mm, to be defined Maximum speed 20m\/min Ag plating (~24.0 \u00b5m \/ min. @ ~40 A\/dm2) STRIPER-VT PDF Une demande sp\u00e9cifique ? Parlons-en. Nous accompagnons des entreprises dans la cr\u00e9ation de leurs lignes de galvanoplastie [&hellip;]\" \/>\n<meta property=\"og:url\" content=\"https:\/\/stsindustrie.com\/de\/striper-vt\/\" \/>\n<meta property=\"og:site_name\" content=\"stsindustrie.com\" \/>\n<meta property=\"article:modified_time\" content=\"2024-04-05T15:16:57+00:00\" \/>\n<meta name=\"twitter:card\" content=\"summary_large_image\" \/>\n<script type=\"application\/ld+json\" class=\"yoast-schema-graph\">{\"@context\":\"https:\\\/\\\/schema.org\",\"@graph\":[{\"@type\":\"WebPage\",\"@id\":\"https:\\\/\\\/stsindustrie.com\\\/striper-vt\\\/\",\"url\":\"https:\\\/\\\/stsindustrie.com\\\/striper-vt\\\/\",\"name\":\"STRIPER-VT - stsindustrie.com\",\"isPartOf\":{\"@id\":\"https:\\\/\\\/stsindustrie.com\\\/#website\"},\"datePublished\":\"2024-03-21T19:56:51+00:00\",\"dateModified\":\"2024-04-05T15:16:57+00:00\",\"breadcrumb\":{\"@id\":\"https:\\\/\\\/stsindustrie.com\\\/striper-vt\\\/#breadcrumb\"},\"inLanguage\":\"de\",\"potentialAction\":[{\"@type\":\"ReadAction\",\"target\":[\"https:\\\/\\\/stsindustrie.com\\\/striper-vt\\\/\"]}]},{\"@type\":\"BreadcrumbList\",\"@id\":\"https:\\\/\\\/stsindustrie.com\\\/striper-vt\\\/#breadcrumb\",\"itemListElement\":[{\"@type\":\"ListItem\",\"position\":1,\"name\":\"Accueil\",\"item\":\"https:\\\/\\\/stsindustrie.com\\\/\"},{\"@type\":\"ListItem\",\"position\":2,\"name\":\"STRIPER-VT\"}]},{\"@type\":\"WebSite\",\"@id\":\"https:\\\/\\\/stsindustrie.com\\\/#website\",\"url\":\"https:\\\/\\\/stsindustrie.com\\\/\",\"name\":\"stsindustrie.com\",\"description\":\"\",\"publisher\":{\"@id\":\"https:\\\/\\\/stsindustrie.com\\\/#organization\"},\"potentialAction\":[{\"@type\":\"SearchAction\",\"target\":{\"@type\":\"EntryPoint\",\"urlTemplate\":\"https:\\\/\\\/stsindustrie.com\\\/?s={search_term_string}\"},\"query-input\":{\"@type\":\"PropertyValueSpecification\",\"valueRequired\":true,\"valueName\":\"search_term_string\"}}],\"inLanguage\":\"de\"},{\"@type\":\"Organization\",\"@id\":\"https:\\\/\\\/stsindustrie.com\\\/#organization\",\"name\":\"STS Industrie SA\",\"url\":\"https:\\\/\\\/stsindustrie.com\\\/\",\"logo\":{\"@type\":\"ImageObject\",\"inLanguage\":\"de\",\"@id\":\"https:\\\/\\\/stsindustrie.com\\\/#\\\/schema\\\/logo\\\/image\\\/\",\"url\":\"https:\\\/\\\/stsindustrie.com\\\/wp-content\\\/uploads\\\/2022\\\/02\\\/logoflavicon.png\",\"contentUrl\":\"https:\\\/\\\/stsindustrie.com\\\/wp-content\\\/uploads\\\/2022\\\/02\\\/logoflavicon.png\",\"width\":150,\"height\":150,\"caption\":\"STS Industrie SA\"},\"image\":{\"@id\":\"https:\\\/\\\/stsindustrie.com\\\/#\\\/schema\\\/logo\\\/image\\\/\"},\"sameAs\":[\"https:\\\/\\\/www.linkedin.com\\\/company\\\/sts-industrie-sa\\\/\"]}]}<\/script>\n<!-- \/ Yoast SEO plugin. -->","yoast_head_json":{"title":"STRIPER-VT - stsindustrie.com","robots":{"index":"index","follow":"follow","max-snippet":"max-snippet:-1","max-image-preview":"max-image-preview:large","max-video-preview":"max-video-preview:-1"},"canonical":"https:\/\/stsindustrie.com\/de\/striper-vt\/","og_locale":"de_DE","og_type":"article","og_title":"STRIPER-VT - stsindustrie.com","og_description":"STRIPER-VT STRIPER-VT 750mm plating cell 150mm max band width Multi stripe on 2 faces Minimum plating strip 2 mm each 2mm, to be defined Maximum speed 20m\/min Ag plating (~24.0 \u00b5m \/ min. @ ~40 A\/dm2) STRIPER-VT PDF Une demande sp\u00e9cifique ? Parlons-en. Nous accompagnons des entreprises dans la cr\u00e9ation de leurs lignes de galvanoplastie [&hellip;]","og_url":"https:\/\/stsindustrie.com\/de\/striper-vt\/","og_site_name":"stsindustrie.com","article_modified_time":"2024-04-05T15:16:57+00:00","twitter_card":"summary_large_image","schema":{"@context":"https:\/\/schema.org","@graph":[{"@type":"WebPage","@id":"https:\/\/stsindustrie.com\/striper-vt\/","url":"https:\/\/stsindustrie.com\/striper-vt\/","name":"STRIPER-VT - stsindustrie.com","isPartOf":{"@id":"https:\/\/stsindustrie.com\/#website"},"datePublished":"2024-03-21T19:56:51+00:00","dateModified":"2024-04-05T15:16:57+00:00","breadcrumb":{"@id":"https:\/\/stsindustrie.com\/striper-vt\/#breadcrumb"},"inLanguage":"de","potentialAction":[{"@type":"ReadAction","target":["https:\/\/stsindustrie.com\/striper-vt\/"]}]},{"@type":"BreadcrumbList","@id":"https:\/\/stsindustrie.com\/striper-vt\/#breadcrumb","itemListElement":[{"@type":"ListItem","position":1,"name":"Accueil","item":"https:\/\/stsindustrie.com\/"},{"@type":"ListItem","position":2,"name":"STRIPER-VT"}]},{"@type":"WebSite","@id":"https:\/\/stsindustrie.com\/#website","url":"https:\/\/stsindustrie.com\/","name":"stsindustrie.com","description":"","publisher":{"@id":"https:\/\/stsindustrie.com\/#organization"},"potentialAction":[{"@type":"SearchAction","target":{"@type":"EntryPoint","urlTemplate":"https:\/\/stsindustrie.com\/?s={search_term_string}"},"query-input":{"@type":"PropertyValueSpecification","valueRequired":true,"valueName":"search_term_string"}}],"inLanguage":"de"},{"@type":"Organization","@id":"https:\/\/stsindustrie.com\/#organization","name":"STS Industrie AG","url":"https:\/\/stsindustrie.com\/","logo":{"@type":"ImageObject","inLanguage":"de","@id":"https:\/\/stsindustrie.com\/#\/schema\/logo\/image\/","url":"https:\/\/stsindustrie.com\/wp-content\/uploads\/2022\/02\/logoflavicon.png","contentUrl":"https:\/\/stsindustrie.com\/wp-content\/uploads\/2022\/02\/logoflavicon.png","width":150,"height":150,"caption":"STS Industrie SA"},"image":{"@id":"https:\/\/stsindustrie.com\/#\/schema\/logo\/image\/"},"sameAs":["https:\/\/www.linkedin.com\/company\/sts-industrie-sa\/"]}]}},"_links":{"self":[{"href":"https:\/\/stsindustrie.com\/de\/wp-json\/wp\/v2\/pages\/1921","targetHints":{"allow":["GET"]}}],"collection":[{"href":"https:\/\/stsindustrie.com\/de\/wp-json\/wp\/v2\/pages"}],"about":[{"href":"https:\/\/stsindustrie.com\/de\/wp-json\/wp\/v2\/types\/page"}],"author":[{"embeddable":true,"href":"https:\/\/stsindustrie.com\/de\/wp-json\/wp\/v2\/users\/6"}],"replies":[{"embeddable":true,"href":"https:\/\/stsindustrie.com\/de\/wp-json\/wp\/v2\/comments?post=1921"}],"version-history":[{"count":12,"href":"https:\/\/stsindustrie.com\/de\/wp-json\/wp\/v2\/pages\/1921\/revisions"}],"predecessor-version":[{"id":2224,"href":"https:\/\/stsindustrie.com\/de\/wp-json\/wp\/v2\/pages\/1921\/revisions\/2224"}],"wp:attachment":[{"href":"https:\/\/stsindustrie.com\/de\/wp-json\/wp\/v2\/media?parent=1921"}],"curies":[{"name":"wp","href":"https:\/\/api.w.org\/{rel}","templated":true}]}}