{"id":1397,"date":"2022-10-20T11:41:28","date_gmt":"2022-10-20T09:41:28","guid":{"rendered":"https:\/\/new-stsindustrie.com\/?page_id=1397"},"modified":"2024-02-21T14:39:34","modified_gmt":"2024-02-21T13:39:34","slug":"formulaire-de-contact","status":"publish","type":"page","link":"https:\/\/stsindustrie.com\/de\/contact\/formulaire-de-contact\/","title":{"rendered":"Kontaktformular"},"content":{"rendered":"<h1>Formulaire de contact<\/h1>\n<h4>Contactez-nous<\/h4>\n<div>\n<div id=\"quform-fcf3d1\" class=\"quform quform-1 quform-support-page-caching\"><form id=\"quform-form-fcf3d1\" class=\"quform-form quform-form-1\" action=\"\/de\/wp-json\/wp\/v2\/pages\/1397#quform-fcf3d1\" method=\"post\" enctype=\"multipart\/form-data\" novalidate=\"novalidate\" data-options=\"{&quot;id&quot;:1,&quot;uniqueId&quot;:&quot;fcf3d1&quot;,&quot;theme&quot;:&quot;&quot;,&quot;ajax&quot;:true,&quot;logic&quot;:{&quot;logic&quot;:[],&quot;dependents&quot;:[],&quot;elementIds&quot;:[],&quot;dependentElementIds&quot;:[],&quot;animate&quot;:true},&quot;currentPageId&quot;:1,&quot;errorsIcon&quot;:&quot;&quot;,&quot;updateFancybox&quot;:true,&quot;hasPages&quot;:false,&quot;pages&quot;:[1],&quot;pageProgressType&quot;:&quot;numbers&quot;,&quot;tooltipsEnabled&quot;:true,&quot;tooltipClasses&quot;:&quot;qtip-quform-dark qtip-shadow&quot;,&quot;tooltipMy&quot;:&quot;left center&quot;,&quot;tooltipAt&quot;:&quot;right center&quot;,&quot;isRtl&quot;:false,&quot;scrollOffset&quot;:-50,&quot;scrollSpeed&quot;:800}\"><button class=\"quform-default-submit\" name=\"quform_submit\" type=\"submit\" value=\"submit\" aria-hidden=\"true\" tabindex=\"-1\"><\/button><div class=\"quform-form-inner quform-form-inner-1\"><input type=\"hidden\" name=\"quform_form_id\" value=\"1\" \/><input type=\"hidden\" name=\"quform_form_uid\" value=\"fcf3d1\" \/><input type=\"hidden\" name=\"quform_count\" value=\"1\" \/><input type=\"hidden\" name=\"form_url\" value=\"https:\/\/stsindustrie.com\/de\/wp-json\/wp\/v2\/pages\/1397\" \/><input type=\"hidden\" name=\"referring_url\" value=\"\" \/><input type=\"hidden\" name=\"post_id\" value=\"\" \/><input type=\"hidden\" name=\"post_title\" value=\"\" \/><input type=\"hidden\" name=\"quform_current_page_id\" value=\"1\" \/><input type=\"hidden\" name=\"quform_csrf_token\" value=\"OSjfG5SgR6yHHQ9FvLpmNChyWb0KmUIzrHGfx4hS\" \/><div class=\"quform-elements quform-elements-1 quform-cf quform-responsive-elements-phone-landscape\"><div class=\"quform-element quform-element-page quform-page-1 quform-page-1_1 quform-cf quform-group-style-plain quform-first-page quform-last-page quform-current-page\"><div class=\"quform-child-elements\"><div class=\"quform-element quform-element-text quform-element-1_5 quform-cf quform-element-required\"><div class=\"quform-spacer\"><div class=\"quform-label quform-label-1_5\"><label class=\"quform-label-text\" for=\"quform_1_5_fcf3d1\">Nom \/ Pr\u00e9nom<span class=\"quform-required\">*<\/span><\/label><\/div><div class=\"quform-inner quform-inner-text quform-inner-1_5\"><div class=\"quform-input quform-input-text quform-input-1_5 quform-cf\"><input type=\"text\" id=\"quform_1_5_fcf3d1\" name=\"quform_1_5\" class=\"quform-field quform-field-text quform-field-1_5\" \/><\/div><\/div><\/div><\/div><div class=\"quform-element quform-element-text quform-element-1_18 quform-cf quform-element-required\"><div class=\"quform-spacer\"><div class=\"quform-label quform-label-1_18\"><label class=\"quform-label-text\" for=\"quform_1_18_fcf3d1\">Entreprise<span class=\"quform-required\">*<\/span><\/label><\/div><div class=\"quform-inner quform-inner-text quform-inner-1_18\"><div class=\"quform-input quform-input-text quform-input-1_18 quform-cf\"><input type=\"text\" id=\"quform_1_18_fcf3d1\" name=\"quform_1_18\" class=\"quform-field quform-field-text quform-field-1_18\" \/><\/div><\/div><\/div><\/div><div class=\"quform-element quform-element-text quform-element-1_21 quform-cf quform-element-optional\"><div class=\"quform-spacer\"><div class=\"quform-label quform-label-1_21\"><label class=\"quform-label-text\" for=\"quform_1_21_fcf3d1\">N\u00b0 de projet<\/label><\/div><div class=\"quform-inner quform-inner-text quform-inner-1_21\"><div class=\"quform-input quform-input-text quform-input-1_21 quform-cf\"><input type=\"text\" id=\"quform_1_21_fcf3d1\" name=\"quform_1_21\" class=\"quform-field quform-field-text quform-field-1_21\" \/><\/div><\/div><\/div><\/div><div class=\"quform-element quform-element-text quform-element-1_6 quform-cf quform-element-required\"><div class=\"quform-spacer\"><div class=\"quform-label quform-label-1_6\"><label class=\"quform-label-text\" for=\"quform_1_6_fcf3d1\">Email<span class=\"quform-required\">*<\/span><\/label><\/div><div class=\"quform-inner quform-inner-text quform-inner-1_6\"><div class=\"quform-input quform-input-text quform-input-1_6 quform-cf\"><input type=\"text\" id=\"quform_1_6_fcf3d1\" name=\"quform_1_6\" class=\"quform-field quform-field-text quform-field-1_6\" \/><\/div><\/div><\/div><\/div><div class=\"quform-element quform-element-text quform-element-1_7 quform-cf quform-element-required\"><div class=\"quform-spacer\"><div class=\"quform-label quform-label-1_7\"><label class=\"quform-label-text\" for=\"quform_1_7_fcf3d1\">T\u00e9l\u00e9phone <span class=\"quform-required\">*<\/span><\/label><\/div><div class=\"quform-inner quform-inner-text quform-inner-1_7\"><div class=\"quform-input quform-input-text quform-input-1_7 quform-cf\"><input type=\"text\" id=\"quform_1_7_fcf3d1\" name=\"quform_1_7\" class=\"quform-field quform-field-text quform-field-1_7\" \/><\/div><\/div><\/div><\/div><div class=\"quform-element quform-element-radio quform-element-1_11 quform-cf quform-element-optional\"><div class=\"quform-spacer\"><div class=\"quform-inner quform-inner-radio quform-inner-1_11\"><div class=\"quform-input quform-input-radio quform-input-1_11 quform-cf\"><div class=\"quform-options quform-cf quform-options-block quform-options-simple\"><div class=\"quform-option\"><input type=\"radio\" name=\"quform_1_11\" id=\"quform_1_11_fcf3d1_1\" class=\"quform-field quform-field-radio quform-field-1_11 quform-field-1_11_1\" value=\"J&#039;ai un projet\" \/><label for=\"quform_1_11_fcf3d1_1\" class=\"quform-option-label quform-option-label-1_11_1\"><span class=\"quform-option-text\">J'ai un projet<\/span><\/label><\/div><div class=\"quform-option\"><input type=\"radio\" name=\"quform_1_11\" id=\"quform_1_11_fcf3d1_2\" class=\"quform-field quform-field-radio quform-field-1_11 quform-field-1_11_2\" value=\"J&#039;ai besoin de pi\u00e8ces d\u00e9tach\u00e9es\" \/><label for=\"quform_1_11_fcf3d1_2\" class=\"quform-option-label quform-option-label-1_11_2\"><span class=\"quform-option-text\">J'ai besoin de pi\u00e8ces d\u00e9tach\u00e9es<\/span><\/label><\/div><div class=\"quform-option\"><input type=\"radio\" name=\"quform_1_11\" id=\"quform_1_11_fcf3d1_4\" class=\"quform-field quform-field-radio quform-field-1_11 quform-field-1_11_4\" value=\"J&#039;ai besoin de documentation technique (Vibarrel, Vibroset...)\" \/><label for=\"quform_1_11_fcf3d1_4\" class=\"quform-option-label quform-option-label-1_11_4\"><span class=\"quform-option-text\">J'ai besoin de documentation technique (Vibarrel, Vibroset...)<\/span><\/label><\/div><\/div><\/div><\/div><\/div><\/div><div class=\"quform-element quform-element-textarea quform-element-1_19 quform-cf quform-element-optional\"><div class=\"quform-spacer\"><div class=\"quform-label quform-label-1_19\"><label class=\"quform-label-text\" for=\"quform_1_19_fcf3d1\">Commentaire<\/label><\/div><div class=\"quform-inner quform-inner-textarea quform-inner-1_19\"><div class=\"quform-input quform-input-textarea quform-input-1_19 quform-cf\"><textarea id=\"quform_1_19_fcf3d1\" name=\"quform_1_19\" class=\"quform-field quform-field-textarea quform-field-1_19\"><\/textarea><\/div><\/div><\/div><\/div><div class=\"quform-element quform-element-checkbox quform-element-1_12 quform-cf quform-element-optional\"><div class=\"quform-spacer\"><div class=\"quform-inner quform-inner-checkbox quform-inner-1_12\"><div class=\"quform-input quform-input-checkbox quform-input-1_12 quform-cf\"><div class=\"quform-options quform-cf quform-options-block quform-options-simple\"><div class=\"quform-option\"><input type=\"checkbox\" name=\"quform_1_12[]\" id=\"quform_1_12_fcf3d1_1\" class=\"quform-field quform-field-checkbox quform-field-1_12 quform-field-1_12_1\" value=\"En cliquant sur \u00ab Envoyer \u00bb, vous confirmez que vous acceptez notre politique de confidentialit\u00e9 qui vous informe des modalit\u00e9s de traitement de vos donn\u00e9es personnelles ainsi que de vos droits sur ces donn\u00e9es.\" \/><label for=\"quform_1_12_fcf3d1_1\" class=\"quform-option-label quform-option-label-1_12_1\"><span class=\"quform-option-text\">En cliquant sur \u00ab Envoyer \u00bb, vous confirmez que vous acceptez notre politique de confidentialit\u00e9 qui vous informe des modalit\u00e9s de traitement de vos donn\u00e9es personnelles ainsi que de vos droits sur ces donn\u00e9es.<\/span><\/label><\/div><\/div><\/div><\/div><\/div><\/div><div class=\"quform-element quform-element-captcha quform-element-1_22 quform-cf quform-element-required\"><div class=\"quform-spacer\"><div class=\"quform-label quform-label-1_22\"><label class=\"quform-label-text\" for=\"quform_1_22_fcf3d1\">Veuillez saisir les caract\u00e8res<span class=\"quform-required\">*<\/span><\/label><\/div><div class=\"quform-inner quform-inner-captcha quform-inner-1_22\"><div class=\"quform-input quform-input-captcha quform-input-1_22 quform-cf\"><input type=\"text\" id=\"quform_1_22_fcf3d1\" name=\"quform_1_22\" class=\"quform-field quform-field-captcha quform-field-1_22\" \/><\/div><div class=\"quform-captcha quform-cf\"><div class=\"quform-captcha-image quform-captcha-image-1_22\"><img loading=\"lazy\" decoding=\"async\" class=\"quform-captcha-image-img\" src=\"data:image\/png;base64,iVBORw0KGgoAAAANSUhEUgAAAOYAAABQBAMAAAD\/1xTgAAAAG1BMVEX\/\/\/8iIiKQkJBZWVl0dHSsrKzj4+PHx8c9PT2RWULlAAAACXBIWXMAAA7EAAAOxAGVKw4bAAADrElEQVRoge1YzVPTQBTfJu2mR7ctmmPTKXIlCI5HUhE9msqHxxSVciRoGY9EZ4Q\/27fZ7yZkS9Uw4+Q346Smu\/t7H7\/33haEGjRo0KBBg\/8GzovdyUnNnDEBJPVyhpTz8hE4k3o5Lx6BE80DQmqmRGj2KJx+7Zwp6SO8OK2bs5MR0n9fI2dM\/IyK10\/q5OR4Vh9nIDhlmZ5tXv9jzgjY9s6vIL436o1\/iJOKPfdjfny8wkZg6MGjzR4U1Od+Rvzdh8vqAxXG0LoMOu4+e4o6lcFeYbeJ72ybdWaEPJEzOV9CJmTqbcIXHT1fhbLDt\/VsCzMyyJ9t7i\/kJAmFp9vsjUPIm+n4YAfpWR4VjkrBygO615YUQjaEkdviHezzt86PCDcHudyEYdSHWMyvmR3LIcTMQyiEp9WUWKzwlHAR9zAV9SM4X8K\/u4wlvl3wps36iidNvQ+w4okg1zjz3Y4It0jUIX9e5nYs+9nibSWwTeSOoNI4sZCBfPVlyiRVyRnz5LQgCZWcTgmnJ+IdqsyEpDdP0Ne7nJO+6BacCTiVqymjFG1B5amV0vdINeEARh77ajB+Cx8+hmRyarJGPMOuTUSuOF8mT\/sYcE2jvHwpQ1d8lftrHq1xVs+LrtBQV5VVW3yMFKfLkiT1ERVHUcDN6RK1rRQtsSBW9yJXtKRQnerkoceyDnDsjw+GxlEx9zu1cULM8kRh\/uSGMmcyxcnq2FHxTAvXqBa3J7NxpoQF7UKLVItzYhF3dtJGbqHwLe2jJYBBh4g1+mpOek3on6AzoglctPuO1iaYcCNV7nGx2YCDO6N3xMqprgnqQpRycbp6ccNL1SzKOS\/kWdW6DUrWxTxrsd7EqK5B0L\/kxh6UtNmKMJuBvchSn\/B9phqatINOTrNZ01mnpZNyOss9jl5aySDJNBmUISb7n9jM0O0g5EfimUOJDoNIu\/NHG4XRgi\/xdHRKV+5XcnoThL7BeNrS3smRbcQOgqaLAziX2jwOmSRc+9CmODf+J64mpvzyznOjDBuAvhN9gcv9i9f5BSQo5XUIsaOMW0dEJpl59oxxerZSKQNUxO309Z2\/Y1DSTqE7MCuUIStrHOnRWBVe+fxzTRIvXJYKLOhvTsO1fvp0ynXnEdMBb7RVXJDj9qGMn\/ece+4Wsc2BlFEOqleVICLQMYeLkm\/wwnJBx7m0Bw\/\/009enD\/XkAHF1Xiyzi92HiDLtfgvYzF+RdaR+x8CL47rpmzQoEGDBg0aNKgTvwG8y5reaxHqfgAAAABJRU5ErkJggg==\" alt=\"CAPTCHA image\" data-element-id=\"22\" width=\"115\" height=\"40\" \/><\/div><\/div><p class=\"quform-description quform-description-below\">Cela nous aide \u00e0 \u00e9viter les spams, merci.<\/p><\/div><\/div><\/div><div class=\"quform-element quform-element-submit quform-element-1_15 quform-cf\"><div class=\"quform-button-submit quform-button-submit-default quform-button-submit-1_15 quform-button-icon-right\"><button name=\"quform_submit\" type=\"submit\" class=\"quform-submit\" value=\"submit\"><span class=\"quform-button-text quform-button-submit-text\">Envoyer<\/span><span class=\"quform-button-icon quform-button-submit-icon\"><i class=\"fa fa-location-arrow\"><\/i><\/span><\/button><\/div><div class=\"quform-loading quform-loading-position-left quform-loading-type-spinner-1\"><div class=\"quform-loading-inner\"><div class=\"quform-loading-spinner\"><div class=\"quform-loading-spinner-inner\"><\/div><\/div><\/div><\/div><\/div><div class=\"quform-element-tree\"><label for=\"quform_1_0_fcf3d1\">This field should be left blank<\/label><input type=\"text\" id=\"quform_1_0_fcf3d1\" name=\"quform_1_0\" class=\"quform-field quform-field-tree quform-field-1_0\" tabindex=\"-1\" autocomplete=\"off\" \/><\/div><\/div><\/div><\/div><\/div><\/form><\/div><\/div>\n<p><!--more--><br \/>\n<!-- {\"type\":\"layout\",\"children\":[{\"type\":\"section\",\"props\":{\"height\":\"section\",\"height_offset_top\":true,\"image\":\"wp-content\\\/uploads\\\/2022\\\/03\\\/DJI_0026-1.png\",\"image_position\":\"center-center\",\"image_size\":\"width-1-1\",\"media_overlay\":\"rgba(0, 0, 0, 0.4)\",\"style\":\"default\",\"title_breakpoint\":\"xl\",\"title_position\":\"top-left\",\"title_rotation\":\"left\",\"vertical_align\":\"middle\",\"width\":\"default\"},\"children\":[{\"type\":\"row\",\"children\":[{\"type\":\"column\",\"props\":{\"image_position\":\"center-center\",\"position_sticky_breakpoint\":\"m\"},\"children\":[{\"type\":\"headline\",\"props\":{\"content\":\"Formulaire de contact\",\"text_align\":\"center\",\"title_color\":\"warning\",\"title_element\":\"h1\",\"title_style\":\"h1\"}}]}]}],\"name\":\"HEADER PAGE SECONDAIRE\"},{\"type\":\"section\",\"props\":{\"image_position\":\"center-center\",\"style\":\"default\",\"title_breakpoint\":\"xl\",\"title_position\":\"top-left\",\"title_rotation\":\"left\",\"vertical_align\":\"middle\",\"width\":\"default\"},\"children\":[{\"type\":\"row\",\"children\":[{\"type\":\"column\",\"props\":{\"image_position\":\"center-center\",\"position_sticky_breakpoint\":\"m\"},\"children\":[{\"type\":\"headline\",\"props\":{\"content\":\"Contactez-nous\",\"title_element\":\"h4\",\"title_style\":\"h2\"}},{\"type\":\"html\",\"props\":{\"content\":\"[quform id=\\\"1\\\" name=\\\"Contact formulaire\\\"]\"}}]}]}]}],\"version\":\"4.3.3\"} --><\/p>\n","protected":false},"excerpt":{"rendered":"<p>Kontaktformular Kontaktieren Sie uns<\/p>","protected":false},"author":6,"featured_media":0,"parent":656,"menu_order":0,"comment_status":"closed","ping_status":"closed","template":"","meta":{"footnotes":""},"class_list":["post-1397","page","type-page","status-publish","hentry"],"yoast_head":"<!-- This site is optimized with the Yoast SEO plugin v27.3 - https:\/\/yoast.com\/product\/yoast-seo-wordpress\/ -->\n<title>Formulaire de contact - stsindustrie.com<\/title>\n<meta name=\"robots\" content=\"index, follow, max-snippet:-1, max-image-preview:large, max-video-preview:-1\" \/>\n<link rel=\"canonical\" href=\"https:\/\/stsindustrie.com\/de\/contact\/formulaire-de-contact\/\" \/>\n<meta property=\"og:locale\" content=\"de_DE\" \/>\n<meta property=\"og:type\" content=\"article\" \/>\n<meta property=\"og:title\" content=\"Formulaire de contact - stsindustrie.com\" \/>\n<meta property=\"og:description\" content=\"Formulaire de contact Contactez-nous\" \/>\n<meta property=\"og:url\" content=\"https:\/\/stsindustrie.com\/de\/contact\/formulaire-de-contact\/\" \/>\n<meta property=\"og:site_name\" content=\"stsindustrie.com\" \/>\n<meta property=\"article:modified_time\" content=\"2024-02-21T13:39:34+00:00\" \/>\n<meta name=\"twitter:card\" content=\"summary_large_image\" \/>\n<meta name=\"twitter:label1\" content=\"Gesch\u00e4tzte Lesezeit\" \/>\n\t<meta name=\"twitter:data1\" content=\"1\u00a0Minute\" \/>\n<script type=\"application\/ld+json\" class=\"yoast-schema-graph\">{\"@context\":\"https:\\\/\\\/schema.org\",\"@graph\":[{\"@type\":\"WebPage\",\"@id\":\"https:\\\/\\\/stsindustrie.com\\\/contact\\\/formulaire-de-contact\\\/\",\"url\":\"https:\\\/\\\/stsindustrie.com\\\/contact\\\/formulaire-de-contact\\\/\",\"name\":\"Formulaire de contact - stsindustrie.com\",\"isPartOf\":{\"@id\":\"https:\\\/\\\/stsindustrie.com\\\/#website\"},\"datePublished\":\"2022-10-20T09:41:28+00:00\",\"dateModified\":\"2024-02-21T13:39:34+00:00\",\"breadcrumb\":{\"@id\":\"https:\\\/\\\/stsindustrie.com\\\/contact\\\/formulaire-de-contact\\\/#breadcrumb\"},\"inLanguage\":\"de\",\"potentialAction\":[{\"@type\":\"ReadAction\",\"target\":[\"https:\\\/\\\/stsindustrie.com\\\/contact\\\/formulaire-de-contact\\\/\"]}]},{\"@type\":\"BreadcrumbList\",\"@id\":\"https:\\\/\\\/stsindustrie.com\\\/contact\\\/formulaire-de-contact\\\/#breadcrumb\",\"itemListElement\":[{\"@type\":\"ListItem\",\"position\":1,\"name\":\"Accueil\",\"item\":\"https:\\\/\\\/stsindustrie.com\\\/\"},{\"@type\":\"ListItem\",\"position\":2,\"name\":\"Contact\",\"item\":\"https:\\\/\\\/stsindustrie.com\\\/contact\\\/\"},{\"@type\":\"ListItem\",\"position\":3,\"name\":\"Formulaire de contact\"}]},{\"@type\":\"WebSite\",\"@id\":\"https:\\\/\\\/stsindustrie.com\\\/#website\",\"url\":\"https:\\\/\\\/stsindustrie.com\\\/\",\"name\":\"stsindustrie.com\",\"description\":\"\",\"publisher\":{\"@id\":\"https:\\\/\\\/stsindustrie.com\\\/#organization\"},\"potentialAction\":[{\"@type\":\"SearchAction\",\"target\":{\"@type\":\"EntryPoint\",\"urlTemplate\":\"https:\\\/\\\/stsindustrie.com\\\/?s={search_term_string}\"},\"query-input\":{\"@type\":\"PropertyValueSpecification\",\"valueRequired\":true,\"valueName\":\"search_term_string\"}}],\"inLanguage\":\"de\"},{\"@type\":\"Organization\",\"@id\":\"https:\\\/\\\/stsindustrie.com\\\/#organization\",\"name\":\"STS Industrie SA\",\"url\":\"https:\\\/\\\/stsindustrie.com\\\/\",\"logo\":{\"@type\":\"ImageObject\",\"inLanguage\":\"de\",\"@id\":\"https:\\\/\\\/stsindustrie.com\\\/#\\\/schema\\\/logo\\\/image\\\/\",\"url\":\"https:\\\/\\\/stsindustrie.com\\\/wp-content\\\/uploads\\\/2022\\\/02\\\/logoflavicon.png\",\"contentUrl\":\"https:\\\/\\\/stsindustrie.com\\\/wp-content\\\/uploads\\\/2022\\\/02\\\/logoflavicon.png\",\"width\":150,\"height\":150,\"caption\":\"STS Industrie SA\"},\"image\":{\"@id\":\"https:\\\/\\\/stsindustrie.com\\\/#\\\/schema\\\/logo\\\/image\\\/\"},\"sameAs\":[\"https:\\\/\\\/www.linkedin.com\\\/company\\\/sts-industrie-sa\\\/\"]}]}<\/script>\n<!-- \/ Yoast SEO plugin. -->","yoast_head_json":{"title":"Formulaire de contact - stsindustrie.com","robots":{"index":"index","follow":"follow","max-snippet":"max-snippet:-1","max-image-preview":"max-image-preview:large","max-video-preview":"max-video-preview:-1"},"canonical":"https:\/\/stsindustrie.com\/de\/contact\/formulaire-de-contact\/","og_locale":"de_DE","og_type":"article","og_title":"Formulaire de contact - stsindustrie.com","og_description":"Formulaire de contact Contactez-nous","og_url":"https:\/\/stsindustrie.com\/de\/contact\/formulaire-de-contact\/","og_site_name":"stsindustrie.com","article_modified_time":"2024-02-21T13:39:34+00:00","twitter_card":"summary_large_image","twitter_misc":{"Gesch\u00e4tzte Lesezeit":"1\u00a0Minute"},"schema":{"@context":"https:\/\/schema.org","@graph":[{"@type":"WebPage","@id":"https:\/\/stsindustrie.com\/contact\/formulaire-de-contact\/","url":"https:\/\/stsindustrie.com\/contact\/formulaire-de-contact\/","name":"Formulaire de contact - stsindustrie.com","isPartOf":{"@id":"https:\/\/stsindustrie.com\/#website"},"datePublished":"2022-10-20T09:41:28+00:00","dateModified":"2024-02-21T13:39:34+00:00","breadcrumb":{"@id":"https:\/\/stsindustrie.com\/contact\/formulaire-de-contact\/#breadcrumb"},"inLanguage":"de","potentialAction":[{"@type":"ReadAction","target":["https:\/\/stsindustrie.com\/contact\/formulaire-de-contact\/"]}]},{"@type":"BreadcrumbList","@id":"https:\/\/stsindustrie.com\/contact\/formulaire-de-contact\/#breadcrumb","itemListElement":[{"@type":"ListItem","position":1,"name":"Accueil","item":"https:\/\/stsindustrie.com\/"},{"@type":"ListItem","position":2,"name":"Contact","item":"https:\/\/stsindustrie.com\/contact\/"},{"@type":"ListItem","position":3,"name":"Formulaire de contact"}]},{"@type":"WebSite","@id":"https:\/\/stsindustrie.com\/#website","url":"https:\/\/stsindustrie.com\/","name":"stsindustrie.com","description":"","publisher":{"@id":"https:\/\/stsindustrie.com\/#organization"},"potentialAction":[{"@type":"SearchAction","target":{"@type":"EntryPoint","urlTemplate":"https:\/\/stsindustrie.com\/?s={search_term_string}"},"query-input":{"@type":"PropertyValueSpecification","valueRequired":true,"valueName":"search_term_string"}}],"inLanguage":"de"},{"@type":"Organization","@id":"https:\/\/stsindustrie.com\/#organization","name":"STS Industrie AG","url":"https:\/\/stsindustrie.com\/","logo":{"@type":"ImageObject","inLanguage":"de","@id":"https:\/\/stsindustrie.com\/#\/schema\/logo\/image\/","url":"https:\/\/stsindustrie.com\/wp-content\/uploads\/2022\/02\/logoflavicon.png","contentUrl":"https:\/\/stsindustrie.com\/wp-content\/uploads\/2022\/02\/logoflavicon.png","width":150,"height":150,"caption":"STS Industrie SA"},"image":{"@id":"https:\/\/stsindustrie.com\/#\/schema\/logo\/image\/"},"sameAs":["https:\/\/www.linkedin.com\/company\/sts-industrie-sa\/"]}]}},"_links":{"self":[{"href":"https:\/\/stsindustrie.com\/de\/wp-json\/wp\/v2\/pages\/1397","targetHints":{"allow":["GET"]}}],"collection":[{"href":"https:\/\/stsindustrie.com\/de\/wp-json\/wp\/v2\/pages"}],"about":[{"href":"https:\/\/stsindustrie.com\/de\/wp-json\/wp\/v2\/types\/page"}],"author":[{"embeddable":true,"href":"https:\/\/stsindustrie.com\/de\/wp-json\/wp\/v2\/users\/6"}],"replies":[{"embeddable":true,"href":"https:\/\/stsindustrie.com\/de\/wp-json\/wp\/v2\/comments?post=1397"}],"version-history":[{"count":3,"href":"https:\/\/stsindustrie.com\/de\/wp-json\/wp\/v2\/pages\/1397\/revisions"}],"predecessor-version":[{"id":1867,"href":"https:\/\/stsindustrie.com\/de\/wp-json\/wp\/v2\/pages\/1397\/revisions\/1867"}],"up":[{"embeddable":true,"href":"https:\/\/stsindustrie.com\/de\/wp-json\/wp\/v2\/pages\/656"}],"wp:attachment":[{"href":"https:\/\/stsindustrie.com\/de\/wp-json\/wp\/v2\/media?parent=1397"}],"curies":[{"name":"wp","href":"https:\/\/api.w.org\/{rel}","templated":true}]}}