{"id":1351,"date":"2022-10-20T11:07:47","date_gmt":"2022-10-20T09:07:47","guid":{"rendered":"https:\/\/new-stsindustrie.com\/?page_id=1351"},"modified":"2024-04-05T16:41:27","modified_gmt":"2024-04-05T14:41:27","slug":"retrofit","status":"publish","type":"page","link":"https:\/\/stsindustrie.com\/de\/installations-et-services\/services\/retrofit\/","title":{"rendered":"Retrofit"},"content":{"rendered":"<h1>RETROFIT<\/h1>\n<h5>\n<p class=\"jeremy\">Retrofit<\/p>\n<\/h5>\n<div>\n<p>Nos installations \u00e9tant con\u00e7ues pour durer quelques d\u00e9cennies, celles-ci peuvent facilement \u00eatre remises \u00e0 jour en effectuant un retrofit sur la partie \u00e9lectrique, software et s\u00e9curit\u00e9.<\/p>\n<p><span>Nous pensons qu\u2019il est important que les machines b\u00e9n\u00e9ficient des derni\u00e8res avanc\u00e9es technologiques. C\u2019est pourquoi nous proposons un kit de retrofit pour les anciennes unit\u00e9s (<a href=\"https:\/\/new-stsindustrie.com\/produits\/vibarrel\/\">VIBARREL\u00ae<\/a> et <\/span><a href=\"https:\/\/new-stsindustrie.com\/produits\/vibroset\/?customize_changeset_uuid=e04cf8e9-ae63-4697-9592-d8849ec6d280&amp;customize_autosaved=on&amp;customize_messenger_channel=preview-74\">VIBROSET<\/a>)<span>.<\/span><\/p>\n<p>Ce retrofit vous assure une p\u00e9rennit\u00e9 de votre outil de production et\u00a0 un fonctionnement efficace pour les ann\u00e9es \u00e0 venir.<\/p>\n<p>N\u2019h\u00e9sitez pas \u00e0 nous consulter pour d\u00e9finir les possibilit\u00e9s de remise \u00e0 niveau.<\/p>\n<\/div>\n<ul>\n<li>\n<p>        <img decoding=\"async\" src=\"\/wp-content\/uploads\/2022\/11\/Armoire_AV.jpg\" alt=\"\"><\/p>\n<h3>Avant<\/h3>\n<\/li>\n<li>\n<p>        <img decoding=\"async\" src=\"\/wp-content\/uploads\/2022\/11\/Armoire_AP.jpg\" alt=\"\"><\/p>\n<h3>Apr\u00e8s<\/h3>\n<\/li>\n<li>\n<p>        <img decoding=\"async\" src=\"\/wp-content\/uploads\/2022\/11\/positionnement_AV.jpg\" alt=\"\"><\/p>\n<h3>Avant<\/h3>\n<\/li>\n<li>\n<p>        <img decoding=\"async\" src=\"\/wp-content\/uploads\/2022\/11\/positionnement_AP.jpg\" alt=\"\"><\/p>\n<h3>Apr\u00e8s<\/h3>\n<\/li>\n<li>\n<p>        <img decoding=\"async\" src=\"\/wp-content\/uploads\/2022\/11\/Contact_AV.jpg\" alt=\"\"><\/p>\n<h3>Avant<\/h3>\n<\/li>\n<li>\n<p>        <img decoding=\"async\" src=\"\/wp-content\/uploads\/2022\/11\/Contact_AP.jpg\" alt=\"\"><\/p>\n<h3>Apr\u00e8s<\/h3>\n<\/li>\n<\/ul>\n<p><img decoding=\"async\" src=\"\/wp-content\/uploads\/2023\/08\/retrifit1.jpg\" alt=\"\"><br \/>\n<img decoding=\"async\" src=\"\/wp-content\/uploads\/2023\/08\/Retrofit2.jpg\" alt=\"\"><br \/>\n<img decoding=\"async\" src=\"\/wp-content\/uploads\/2023\/08\/Retrofit3.jpg\" alt=\"\"><br \/>\n<video src=\"\/wp-content\/uploads\/2022\/05\/videovibrobotsts.mp4\" poster=\"\"><\/video><\/p>\n<hr>\n<h1>\n<h2 style=\"text-align: center;\">Une demande sp\u00e9cifique ? Parlons-en.<\/h2>\n<\/h1>\n<div>\n<p class=\"p1\">Nous accompagnons les entreprises dans la cr\u00e9ation de leurs \u00e9quipements de production depuis 1975. Nos sp\u00e9cialistes sauront vous conseiller au mieux afin de cr\u00e9er la machine qu\u2019il vous faut pour les ann\u00e9es \u00e0 venir.<\/p>\n<\/div>\n<p>\n    <a href=\"\/contact\/\">contactez-nous<\/a>\n<\/p>\n<p><!--more--><br \/>\n<!-- {\"type\":\"layout\",\"children\":[{\"type\":\"section\",\"props\":{\"height\":\"section\",\"height_offset_top\":true,\"image\":\"wp-content\\\/uploads\\\/2022\\\/05\\\/DSC08293.png\",\"image_position\":\"center-center\",\"image_size\":\"width-1-1\",\"media_overlay\":\"rgba(0, 0, 0, 0.4)\",\"style\":\"default\",\"title_breakpoint\":\"xl\",\"title_position\":\"top-left\",\"title_rotation\":\"left\",\"vertical_align\":\"middle\",\"width\":\"default\"},\"children\":[{\"type\":\"row\",\"children\":[{\"type\":\"column\",\"props\":{\"image_position\":\"center-center\",\"position_sticky_breakpoint\":\"m\"},\"children\":[{\"type\":\"headline\",\"props\":{\"content\":\"RETROFIT\",\"text_align\":\"center\",\"title_color\":\"warning\",\"title_element\":\"h1\",\"title_style\":\"h1\"}}]}]}],\"name\":\"HEADER PAGE SECONDAIRE\"},{\"type\":\"section\",\"props\":{\"image_position\":\"center-center\",\"style\":\"default\",\"title_breakpoint\":\"xl\",\"title_position\":\"top-left\",\"title_rotation\":\"left\",\"vertical_align\":\"middle\",\"width\":\"default\"},\"children\":[{\"type\":\"row\",\"props\":{\"layout\":\"1-2,1-2\"},\"children\":[{\"type\":\"column\",\"props\":{\"image_position\":\"center-center\",\"position_sticky_breakpoint\":\"m\",\"width_medium\":\"1-2\"},\"children\":[{\"type\":\"headline\",\"props\":{\"content\":\"\n\n<p class=\\\"jeremy\\\">Retrofit<\\\/p>\",\"text_align\":\"left\",\"title_element\":\"h5\",\"title_style\":\"h2\"}},{\"type\":\"text\",\"props\":{\"column_breakpoint\":\"m\",\"content\":\"\n\n<p>Nos installations \\u00e9tant con\\u00e7ues pour durer quelques d\\u00e9cennies, celles-ci peuvent facilement \\u00eatre remises \\u00e0 jour en effectuant un retrofit sur la partie \\u00e9lectrique, software et s\\u00e9curit\\u00e9.<\\\/p>\\n\n\n<p><span>Nous pensons qu\\u2019il est important que les machines b\\u00e9n\\u00e9ficient des derni\\u00e8res avanc\\u00e9es technologiques. C\\u2019est pourquoi nous proposons un kit de retrofit pour les anciennes unit\\u00e9s (<a href=\\\"https:\\\/\\\/new-stsindustrie.com\\\/produits\\\/vibarrel\\\/\\\">VIBARREL\\u00ae<\\\/a> et <\\\/span><a href=\\\"https:\\\/\\\/new-stsindustrie.com\\\/produits\\\/vibroset\\\/?customize_changeset_uuid=e04cf8e9-ae63-4697-9592-d8849ec6d280&amp;customize_autosaved=on&amp;customize_messenger_channel=preview-74\\\">VIBROSET<\\\/a>)<span>.<\\\/span><\\\/p>\\n\n\n<p>Ce retrofit vous assure une p\\u00e9rennit\\u00e9 de votre outil de production et\\u00a0 un fonctionnement efficace pour les ann\\u00e9es \\u00e0 venir.<\\\/p>\\n\n\n<p>N\\u2019h\\u00e9sitez pas \\u00e0 nous consulter pour d\\u00e9finir les possibilit\\u00e9s de remise \\u00e0 niveau.<\\\/p>\",\"margin\":\"default\",\"text_align\":\"left\"}}]},{\"type\":\"column\",\"props\":{\"image_position\":\"center-center\",\"position_sticky_breakpoint\":\"m\",\"width_medium\":\"1-2\"},\"children\":[{\"type\":\"slideshow\",\"props\":{\"content_style\":\"h4\",\"link_style\":\"default\",\"link_text\":\"Read more\",\"margin\":\"default\",\"meta_align\":\"below-title\",\"meta_element\":\"div\",\"meta_style\":\"text-meta\",\"nav\":\"\",\"nav_align\":\"center\",\"nav_breakpoint\":\"s\",\"nav_position\":\"bottom-center\",\"nav_position_margin\":\"medium\",\"overlay_animation\":\"parallax\",\"overlay_position\":\"top-center\",\"show_content\":true,\"show_link\":true,\"show_meta\":true,\"show_thumbnail\":true,\"show_title\":true,\"slidenav\":\"bottom-center\",\"slidenav_breakpoint\":\"s\",\"slidenav_margin\":\"medium\",\"slidenav_outside_breakpoint\":\"xl\",\"slideshow_autoplay\":true,\"slideshow_autoplay_pause\":true,\"slideshow_min_height\":300,\"text_align\":\"center\",\"thumbnav_height\":\"75\",\"thumbnav_svg_color\":\"emphasis\",\"thumbnav_width\":\"100\",\"title_color\":\"warning\",\"title_element\":\"h3\",\"title_font_family\":\"secondary\",\"title_style\":\"h4\"},\"children\":[{\"type\":\"slideshow_item\",\"props\":{\"content\":\"\",\"image\":\"wp-content\\\/uploads\\\/2022\\\/11\\\/Armoire_AV.jpg\",\"title\":\"Avant\"}},{\"type\":\"slideshow_item\",\"props\":{\"content\":\"\",\"image\":\"wp-content\\\/uploads\\\/2022\\\/11\\\/Armoire_AP.jpg\",\"title\":\"Apr\\u00e8s\"}},{\"type\":\"slideshow_item\",\"props\":{\"content\":\"\",\"image\":\"wp-content\\\/uploads\\\/2022\\\/11\\\/positionnement_AV.jpg\",\"title\":\"Avant\"}},{\"type\":\"slideshow_item\",\"props\":{\"content\":\"\",\"image\":\"wp-content\\\/uploads\\\/2022\\\/11\\\/positionnement_AP.jpg\",\"title\":\"Apr\\u00e8s\"}},{\"type\":\"slideshow_item\",\"props\":{\"content\":\"\",\"image\":\"wp-content\\\/uploads\\\/2022\\\/11\\\/Contact_AV.jpg\",\"title\":\"Avant\"}},{\"type\":\"slideshow_item\",\"props\":{\"content\":\"\",\"image\":\"wp-content\\\/uploads\\\/2022\\\/11\\\/Contact_AP.jpg\",\"title\":\"Apr\\u00e8s\"}}]}]}]},{\"type\":\"row\",\"props\":{\"layout\":\"1-3,1-3,1-3\"},\"children\":[{\"type\":\"column\",\"props\":{\"image_position\":\"center-center\",\"position_sticky_breakpoint\":\"m\",\"width_medium\":\"1-3\"},\"children\":[{\"type\":\"image\",\"props\":{\"image\":\"wp-content\\\/uploads\\\/2023\\\/08\\\/retrifit1.jpg\",\"image_svg_color\":\"emphasis\",\"margin\":\"default\"}}]},{\"type\":\"column\",\"props\":{\"image_position\":\"center-center\",\"position_sticky_breakpoint\":\"m\",\"width_medium\":\"1-3\"},\"children\":[{\"type\":\"image\",\"props\":{\"image\":\"wp-content\\\/uploads\\\/2023\\\/08\\\/Retrofit2.jpg\",\"image_svg_color\":\"emphasis\",\"margin\":\"default\"}}]},{\"type\":\"column\",\"props\":{\"image_position\":\"center-center\",\"position_sticky_breakpoint\":\"m\",\"width_medium\":\"1-3\"},\"children\":[{\"type\":\"image\",\"props\":{\"image\":\"wp-content\\\/uploads\\\/2023\\\/08\\\/Retrofit3.jpg\",\"image_svg_color\":\"emphasis\",\"margin\":\"default\"}}]}]},{\"type\":\"row\",\"children\":[{\"type\":\"column\",\"props\":{\"image_position\":\"center-center\",\"position_sticky_breakpoint\":\"m\"},\"children\":[{\"type\":\"video\",\"props\":{\"margin\":\"default\",\"text_align\":\"center\",\"video\":\"wp-content\\\/uploads\\\/2022\\\/05\\\/videovibrobotsts.mp4\",\"video_controls\":true}}]}]}],\"modified\":\"2022-03-02T13:55:47.959Z\",\"name\":\"texte avec puce\"},{\"type\":\"section\",\"props\":{\"image_position\":\"center-center\",\"style\":\"default\",\"title_breakpoint\":\"xl\",\"title_position\":\"top-left\",\"title_rotation\":\"left\",\"vertical_align\":\"middle\",\"width\":\"default\"},\"children\":[{\"type\":\"row\",\"children\":[{\"type\":\"column\",\"props\":{\"image_position\":\"center-center\",\"position_sticky_breakpoint\":\"m\"},\"children\":[{\"type\":\"divider\",\"props\":{\"divider_element\":\"hr\",\"divider_style\":\"icon\"}},{\"type\":\"headline\",\"props\":{\"content\":\"\n\n<h2 style=\\\"text-align: center;\\\">Une demande sp\\u00e9cifique ? Parlons-en.<\\\/h2>\",\"text_align\":\"center\",\"title_element\":\"h1\"}},{\"type\":\"text\",\"props\":{\"column_breakpoint\":\"m\",\"content\":\"\n\n<p class=\\\"p1\\\">Nous accompagnons les entreprises dans la cr\\u00e9ation de leurs \\u00e9quipements de production depuis 1975. Nos sp\\u00e9cialistes sauront vous conseiller au mieux afin de cr\\u00e9er la machine qu\\u2019il vous faut pour les ann\\u00e9es \\u00e0 venir.<\\\/p>\",\"margin\":\"default\",\"text_align\":\"center\"}},{\"type\":\"button\",\"props\":{\"grid_column_gap\":\"small\",\"grid_row_gap\":\"small\",\"margin\":\"default\",\"text_align\":\"center\"},\"children\":[{\"type\":\"button_item\",\"props\":{\"button_style\":\"default\",\"content\":\"contactez-nous\",\"icon_align\":\"left\",\"link\":\"contact\\\/\"}}]}]}]}],\"name\":\"call to action contact final\"}],\"version\":\"4.3.3\"} --><\/p>\n","protected":false},"excerpt":{"rendered":"<p>RETROFIT Retrofit Nos installations \u00e9tant con\u00e7ues pour durer quelques d\u00e9cennies, celles-ci peuvent facilement \u00eatre remises \u00e0 jour en effectuant un retrofit sur la partie \u00e9lectrique, software et s\u00e9curit\u00e9. Nous pensons qu\u2019il est important que les machines b\u00e9n\u00e9ficient des derni\u00e8res avanc\u00e9es technologiques. C\u2019est pourquoi nous proposons un kit de retrofit pour les anciennes unit\u00e9s (VIBARREL\u00ae et [&hellip;]<\/p>\n","protected":false},"author":6,"featured_media":0,"parent":447,"menu_order":0,"comment_status":"closed","ping_status":"closed","template":"","meta":{"footnotes":""},"class_list":["post-1351","page","type-page","status-publish","hentry"],"yoast_head":"<!-- This site is optimized with the Yoast SEO plugin v27.4 - https:\/\/yoast.com\/product\/yoast-seo-wordpress\/ -->\n<title>Retrofit - stsindustrie.com<\/title>\n<meta name=\"robots\" content=\"index, follow, max-snippet:-1, max-image-preview:large, max-video-preview:-1\" \/>\n<link rel=\"canonical\" href=\"https:\/\/stsindustrie.com\/de\/installations-et-services\/services\/retrofit\/\" \/>\n<meta property=\"og:locale\" content=\"de_DE\" \/>\n<meta property=\"og:type\" content=\"article\" \/>\n<meta property=\"og:title\" content=\"Retrofit - stsindustrie.com\" \/>\n<meta property=\"og:description\" content=\"RETROFIT Retrofit Nos installations \u00e9tant con\u00e7ues pour durer quelques d\u00e9cennies, celles-ci peuvent facilement \u00eatre remises \u00e0 jour en effectuant un retrofit sur la partie \u00e9lectrique, software et s\u00e9curit\u00e9. Nous pensons qu\u2019il est important que les machines b\u00e9n\u00e9ficient des derni\u00e8res avanc\u00e9es technologiques. C\u2019est pourquoi nous proposons un kit de retrofit pour les anciennes unit\u00e9s (VIBARREL\u00ae et [&hellip;]\" \/>\n<meta property=\"og:url\" content=\"https:\/\/stsindustrie.com\/de\/installations-et-services\/services\/retrofit\/\" \/>\n<meta property=\"og:site_name\" content=\"stsindustrie.com\" \/>\n<meta property=\"article:modified_time\" content=\"2024-04-05T14:41:27+00:00\" \/>\n<meta name=\"twitter:card\" content=\"summary_large_image\" \/>\n<script type=\"application\/ld+json\" class=\"yoast-schema-graph\">{\"@context\":\"https:\\\/\\\/schema.org\",\"@graph\":[{\"@type\":\"WebPage\",\"@id\":\"https:\\\/\\\/stsindustrie.com\\\/installations-et-services\\\/services\\\/retrofit\\\/\",\"url\":\"https:\\\/\\\/stsindustrie.com\\\/installations-et-services\\\/services\\\/retrofit\\\/\",\"name\":\"Retrofit - stsindustrie.com\",\"isPartOf\":{\"@id\":\"https:\\\/\\\/stsindustrie.com\\\/#website\"},\"datePublished\":\"2022-10-20T09:07:47+00:00\",\"dateModified\":\"2024-04-05T14:41:27+00:00\",\"breadcrumb\":{\"@id\":\"https:\\\/\\\/stsindustrie.com\\\/installations-et-services\\\/services\\\/retrofit\\\/#breadcrumb\"},\"inLanguage\":\"de\",\"potentialAction\":[{\"@type\":\"ReadAction\",\"target\":[\"https:\\\/\\\/stsindustrie.com\\\/installations-et-services\\\/services\\\/retrofit\\\/\"]}]},{\"@type\":\"BreadcrumbList\",\"@id\":\"https:\\\/\\\/stsindustrie.com\\\/installations-et-services\\\/services\\\/retrofit\\\/#breadcrumb\",\"itemListElement\":[{\"@type\":\"ListItem\",\"position\":1,\"name\":\"Accueil\",\"item\":\"https:\\\/\\\/stsindustrie.com\\\/\"},{\"@type\":\"ListItem\",\"position\":2,\"name\":\"Installations et services\",\"item\":\"https:\\\/\\\/stsindustrie.com\\\/installations-et-services\\\/\"},{\"@type\":\"ListItem\",\"position\":3,\"name\":\"Services\",\"item\":\"https:\\\/\\\/stsindustrie.com\\\/installations-et-services\\\/services\\\/\"},{\"@type\":\"ListItem\",\"position\":4,\"name\":\"Retrofit\"}]},{\"@type\":\"WebSite\",\"@id\":\"https:\\\/\\\/stsindustrie.com\\\/#website\",\"url\":\"https:\\\/\\\/stsindustrie.com\\\/\",\"name\":\"stsindustrie.com\",\"description\":\"\",\"publisher\":{\"@id\":\"https:\\\/\\\/stsindustrie.com\\\/#organization\"},\"potentialAction\":[{\"@type\":\"SearchAction\",\"target\":{\"@type\":\"EntryPoint\",\"urlTemplate\":\"https:\\\/\\\/stsindustrie.com\\\/?s={search_term_string}\"},\"query-input\":{\"@type\":\"PropertyValueSpecification\",\"valueRequired\":true,\"valueName\":\"search_term_string\"}}],\"inLanguage\":\"de\"},{\"@type\":\"Organization\",\"@id\":\"https:\\\/\\\/stsindustrie.com\\\/#organization\",\"name\":\"STS Industrie SA\",\"url\":\"https:\\\/\\\/stsindustrie.com\\\/\",\"logo\":{\"@type\":\"ImageObject\",\"inLanguage\":\"de\",\"@id\":\"https:\\\/\\\/stsindustrie.com\\\/#\\\/schema\\\/logo\\\/image\\\/\",\"url\":\"https:\\\/\\\/stsindustrie.com\\\/wp-content\\\/uploads\\\/2022\\\/02\\\/logoflavicon.png\",\"contentUrl\":\"https:\\\/\\\/stsindustrie.com\\\/wp-content\\\/uploads\\\/2022\\\/02\\\/logoflavicon.png\",\"width\":150,\"height\":150,\"caption\":\"STS Industrie SA\"},\"image\":{\"@id\":\"https:\\\/\\\/stsindustrie.com\\\/#\\\/schema\\\/logo\\\/image\\\/\"},\"sameAs\":[\"https:\\\/\\\/www.linkedin.com\\\/company\\\/sts-industrie-sa\\\/\"]}]}<\/script>\n<!-- \/ Yoast SEO plugin. -->","yoast_head_json":{"title":"Retrofit - stsindustrie.com","robots":{"index":"index","follow":"follow","max-snippet":"max-snippet:-1","max-image-preview":"max-image-preview:large","max-video-preview":"max-video-preview:-1"},"canonical":"https:\/\/stsindustrie.com\/de\/installations-et-services\/services\/retrofit\/","og_locale":"de_DE","og_type":"article","og_title":"Retrofit - stsindustrie.com","og_description":"RETROFIT Retrofit Nos installations \u00e9tant con\u00e7ues pour durer quelques d\u00e9cennies, celles-ci peuvent facilement \u00eatre remises \u00e0 jour en effectuant un retrofit sur la partie \u00e9lectrique, software et s\u00e9curit\u00e9. Nous pensons qu\u2019il est important que les machines b\u00e9n\u00e9ficient des derni\u00e8res avanc\u00e9es technologiques. C\u2019est pourquoi nous proposons un kit de retrofit pour les anciennes unit\u00e9s (VIBARREL\u00ae et [&hellip;]","og_url":"https:\/\/stsindustrie.com\/de\/installations-et-services\/services\/retrofit\/","og_site_name":"stsindustrie.com","article_modified_time":"2024-04-05T14:41:27+00:00","twitter_card":"summary_large_image","schema":{"@context":"https:\/\/schema.org","@graph":[{"@type":"WebPage","@id":"https:\/\/stsindustrie.com\/installations-et-services\/services\/retrofit\/","url":"https:\/\/stsindustrie.com\/installations-et-services\/services\/retrofit\/","name":"Retrofit - stsindustrie.com","isPartOf":{"@id":"https:\/\/stsindustrie.com\/#website"},"datePublished":"2022-10-20T09:07:47+00:00","dateModified":"2024-04-05T14:41:27+00:00","breadcrumb":{"@id":"https:\/\/stsindustrie.com\/installations-et-services\/services\/retrofit\/#breadcrumb"},"inLanguage":"de","potentialAction":[{"@type":"ReadAction","target":["https:\/\/stsindustrie.com\/installations-et-services\/services\/retrofit\/"]}]},{"@type":"BreadcrumbList","@id":"https:\/\/stsindustrie.com\/installations-et-services\/services\/retrofit\/#breadcrumb","itemListElement":[{"@type":"ListItem","position":1,"name":"Accueil","item":"https:\/\/stsindustrie.com\/"},{"@type":"ListItem","position":2,"name":"Installations et services","item":"https:\/\/stsindustrie.com\/installations-et-services\/"},{"@type":"ListItem","position":3,"name":"Services","item":"https:\/\/stsindustrie.com\/installations-et-services\/services\/"},{"@type":"ListItem","position":4,"name":"Retrofit"}]},{"@type":"WebSite","@id":"https:\/\/stsindustrie.com\/#website","url":"https:\/\/stsindustrie.com\/","name":"stsindustrie.com","description":"","publisher":{"@id":"https:\/\/stsindustrie.com\/#organization"},"potentialAction":[{"@type":"SearchAction","target":{"@type":"EntryPoint","urlTemplate":"https:\/\/stsindustrie.com\/?s={search_term_string}"},"query-input":{"@type":"PropertyValueSpecification","valueRequired":true,"valueName":"search_term_string"}}],"inLanguage":"de"},{"@type":"Organization","@id":"https:\/\/stsindustrie.com\/#organization","name":"STS Industrie AG","url":"https:\/\/stsindustrie.com\/","logo":{"@type":"ImageObject","inLanguage":"de","@id":"https:\/\/stsindustrie.com\/#\/schema\/logo\/image\/","url":"https:\/\/stsindustrie.com\/wp-content\/uploads\/2022\/02\/logoflavicon.png","contentUrl":"https:\/\/stsindustrie.com\/wp-content\/uploads\/2022\/02\/logoflavicon.png","width":150,"height":150,"caption":"STS Industrie SA"},"image":{"@id":"https:\/\/stsindustrie.com\/#\/schema\/logo\/image\/"},"sameAs":["https:\/\/www.linkedin.com\/company\/sts-industrie-sa\/"]}]}},"_links":{"self":[{"href":"https:\/\/stsindustrie.com\/de\/wp-json\/wp\/v2\/pages\/1351","targetHints":{"allow":["GET"]}}],"collection":[{"href":"https:\/\/stsindustrie.com\/de\/wp-json\/wp\/v2\/pages"}],"about":[{"href":"https:\/\/stsindustrie.com\/de\/wp-json\/wp\/v2\/types\/page"}],"author":[{"embeddable":true,"href":"https:\/\/stsindustrie.com\/de\/wp-json\/wp\/v2\/users\/6"}],"replies":[{"embeddable":true,"href":"https:\/\/stsindustrie.com\/de\/wp-json\/wp\/v2\/comments?post=1351"}],"version-history":[{"count":13,"href":"https:\/\/stsindustrie.com\/de\/wp-json\/wp\/v2\/pages\/1351\/revisions"}],"predecessor-version":[{"id":2164,"href":"https:\/\/stsindustrie.com\/de\/wp-json\/wp\/v2\/pages\/1351\/revisions\/2164"}],"up":[{"embeddable":true,"href":"https:\/\/stsindustrie.com\/de\/wp-json\/wp\/v2\/pages\/447"}],"wp:attachment":[{"href":"https:\/\/stsindustrie.com\/de\/wp-json\/wp\/v2\/media?parent=1351"}],"curies":[{"name":"wp","href":"https:\/\/api.w.org\/{rel}","templated":true}]}}