{"id":1284,"date":"2022-10-05T19:39:15","date_gmt":"2022-10-05T17:39:15","guid":{"rendered":"https:\/\/new-stsindustrie.com\/?page_id=1284"},"modified":"2024-04-05T16:38:38","modified_gmt":"2024-04-05T14:38:38","slug":"traitement-pour-micro-composants","status":"publish","type":"page","link":"https:\/\/stsindustrie.com\/de\/installations-et-services\/installations\/technic\/traitement-pour-micro-composants\/","title":{"rendered":"- Behandlung f\u00fcr Mikrokomponenten"},"content":{"rendered":"<h1>\n<p class=\"jeremy\"><strong>SBE TECHNOLOGY<\/strong><\/p>\n<\/h1>\n<h5>\n<h2 class=\"jeremy\">Traitement pour micro composants<\/h2>\n<ul><\/ul>\n<\/h5>\n<div>\n<h4>SBE Technology<\/h4>\n<p>L&rsquo;\u00e9lectrode \u00e0 lit fluidis\u00e9 (SBE) de Technic est une nouvelle m\u00e9thode brevet\u00e9e de galvanisation de petits composants tels que :<\/p>\n<ul>\n<li>\n<p>Les connecteurs \u00e9lectroniques<\/p>\n<\/li>\n<li>\n<p>Broches<\/p>\n<\/li>\n<li>\n<p>Condensateurs \u00e0 puce<\/p>\n<\/li>\n<li>\n<p>R\u00e9sistances \u00e0 puce<\/p>\n<\/li>\n<\/ul>\n<p>Le syst\u00e8me de m\u00e9tallisation SBE remplace un tonneau de 4 x 6 pouces par une chambre SBE brevet\u00e9e. La taille de la charge est de 50 \u00e0 500 ml et utilise beaucoup moins de milieu conducteur.<\/p>\n<h4>Les avantages de Technic SBE<\/h4>\n<p>Le syst\u00e8me SBE permet de m\u00e9talliser une grande vari\u00e9t\u00e9 de pi\u00e8ces dont les dimensions ne d\u00e9passent pas 6,35 mm dans un sens ou dans l&rsquo;autre, et ce avec une quantit\u00e9 consid\u00e9rablement r\u00e9duite de milieu conducteur, ce qui r\u00e9duit les co\u00fbts et augmente la production.<\/p>\n<ul>\n<li>\n<p>Pas de pi\u00e8ces mobiles<\/p>\n<\/li>\n<li>\n<p>Meilleure r\u00e9partition de l&rsquo;\u00e9paisseur pi\u00e8ce \u00e0 pi\u00e8ce<\/p>\n<\/li>\n<li>\n<p>Co\u00fbts d&rsquo;exploitation et de mat\u00e9riaux r\u00e9duits<\/p>\n<\/li>\n<li>\n<p>R\u00e9duction de l&rsquo;accouplement<\/p>\n<\/li>\n<li>\n<p>Augmentation des vitesses de production<\/p>\n<\/li>\n<li>\n<p>R\u00e9duction de la maintenance<\/p>\n<\/li>\n<\/ul>\n<h4>Comment cela fonctionne<\/h4>\n<p>La conception unique de la chambre de placage SBE permet une circulation rapide des pi\u00e8ces sur l&rsquo;alimentation en courant cathodique sans aucun mouvement m\u00e9canique. Le d\u00e9bit de la solution de placage transportant les pi\u00e8ces \u00e0 travers la chambre est exceptionnellement \u00e9lev\u00e9 (jusqu&rsquo;\u00e0 60 litres par minute), ce qui garantit que les pi\u00e8ces sont toujours plaqu\u00e9es dans une \u00ab\u00a0solution fra\u00eeche\u00a0\u00bb, quelles que soient leur configuration et leur taille. Ces deux caract\u00e9ristiques permettent d&rsquo;am\u00e9liorer consid\u00e9rablement la r\u00e9partition de l&rsquo;\u00e9paisseur entre les pi\u00e8ces et de r\u00e9duire consid\u00e9rablement le couplage entre les pi\u00e8ces.<\/p>\n<p>La courbe de distribution d&rsquo;\u00e9paisseur plus \u00e9troite du SBE permet au fabricant de CMS de cibler l&rsquo;\u00e9paisseur moyenne de placage d&rsquo;une charge donn\u00e9e beaucoup plus pr\u00e8s des exigences d&rsquo;\u00e9paisseur minimale du client que ne le permettent les \u00e9quipements de placage au tonneau standard. L&rsquo;approche unique du traitement SBE permet d&rsquo;augmenter consid\u00e9rablement les vitesses de production tout en satisfaisant aux normes de contr\u00f4le de qualit\u00e9 les plus strictes. Un autre avantage de la chambre de placage SBE est l&rsquo;\u00e9limination des d\u00e9p\u00f4ts d&rsquo;\u00e9tain et\/ou de nickel dans la zone tamis\u00e9e de la chambre. Contrairement \u00e0 un tonneau, o\u00f9 la m\u00e9tallisation a lieu lorsque les pi\u00e8ces sont sur les tamis du tonneau, les tamis SBE sont situ\u00e9s dans une zone sans m\u00e9tallisation. Cela r\u00e9duit consid\u00e9rablement l&rsquo;entretien de la chambre de galvanisation.<\/p>\n<h4>Mod\u00e8les SBE<\/h4>\n<p><strong>SBE 1-6<\/strong><\/p>\n<p>Notre mod\u00e8le 1-6 se compose de deux cuves de placage (une de nickel, une d&rsquo;\u00e9tain) avec un rin\u00e7age \u00e0 deux stations apr\u00e8s chaque processus. L&rsquo;unit\u00e9 est construite en polypropyl\u00e8ne, mont\u00e9e sur une base en acier inoxydable avec des pieds niveleurs. Le SBE est livr\u00e9 complet avec pompes, filtres, redresseurs, tuyauterie et sortie d&rsquo;\u00e9chappement et est \u00e9quip\u00e9 de deux chambres SBE.<\/p>\n<p><strong>SBE 2-6<\/strong><\/p>\n<p>Notre module 2-6 permet de doubler la capacit\u00e9 de production en fournissant une deuxi\u00e8me rang\u00e9e de stations dans chaque r\u00e9servoir. Le mod\u00e8le 2-6 est \u00e9quip\u00e9 de quatre chambres SBE.<\/p>\n<h4>Syst\u00e8mes Automatiques SBE<\/h4>\n<p>Les syst\u00e8mes SBE sont disponibles en version semi-automatique et enti\u00e8rement automatique. Le syst\u00e8me \u00e0 deux treuils pr\u00e9sent\u00e9 ici comprend six stations de nickel, entra\u00eenement, rin\u00e7age en cascade, six stations d&rsquo;\u00e9tain, entra\u00eenement et rin\u00e7age en cascade. Dans les syst\u00e8mes SBE automatiques et semi-automatiques, l&rsquo;\u00e9l\u00e9vateur d\u00e9place une barre de vol contenant deux chambres SBE.<\/p>\n<\/div>\n<div>\n<h4><a href=\"https:\/\/www.technic.com\/\">Pour plus d&rsquo;informations, cliquez ici:<\/a><\/h4>\n<\/div>\n<p><a href=\"https:\/\/www.technic.com\/\"><img decoding=\"async\" src=\"\/wp-content\/uploads\/2022\/10\/logo.gif\" alt=\"\"><\/a><br \/>\n<img decoding=\"async\" src=\"\/wp-content\/uploads\/2022\/10\/SBE-014-sm.jpg\" alt=\"\"><br \/>\n<img decoding=\"async\" src=\"\/wp-content\/uploads\/2022\/10\/SBE-006-sm.jpg\" alt=\"\"><br \/>\n<iframe src=\"https:\/\/vimeo.com\/180592349\"><\/iframe><\/p>\n<hr>\n<h1>\n<h2 style=\"text-align: center;\">Une demande sp\u00e9cifique ? Parlons-en.<\/h2>\n<\/h1>\n<div>\n<p class=\"p1\">Nous accompagnons les entreprises dans la cr\u00e9ation de leurs \u00e9quipements de production depuis 1975. Nos sp\u00e9cialistes sauront vous conseiller au mieux afin de cr\u00e9er la machine qu\u2019il vous faut pour les ann\u00e9es \u00e0 venir.<\/p>\n<\/div>\n<p>\n    <a href=\"\/contact\/\">contactez-nous<\/a>\n<\/p>\n<p><!--more--><br \/>\n<!-- {\"type\":\"layout\",\"children\":[{\"type\":\"section\",\"props\":{\"height\":\"section\",\"height_offset_top\":true,\"image\":\"wp-content\\\/uploads\\\/2022\\\/10\\\/logo.gif\",\"image_position\":\"center-center\",\"image_size\":\"width-1-1\",\"media_overlay\":\"rgba(0, 0, 0, 0.4)\",\"style\":\"default\",\"title_breakpoint\":\"xl\",\"title_position\":\"top-left\",\"title_rotation\":\"left\",\"vertical_align\":\"middle\",\"width\":\"default\"},\"children\":[{\"type\":\"row\",\"children\":[{\"type\":\"column\",\"props\":{\"image_position\":\"center-center\",\"position_sticky_breakpoint\":\"m\"},\"children\":[{\"type\":\"headline\",\"props\":{\"content\":\"\n\n<p class=\\\"jeremy\\\"><strong>SBE TECHNOLOGY<\\\/strong><\\\/p>\",\"text_align\":\"center\",\"title_color\":\"warning\",\"title_element\":\"h1\"}}]}]}],\"name\":\"HEADER PAGE SECONDAIRE\"},{\"type\":\"section\",\"props\":{\"image_position\":\"center-center\",\"padding\":\"small\",\"padding_remove_top\":false,\"style\":\"default\",\"title_breakpoint\":\"xl\",\"title_position\":\"top-left\",\"title_rotation\":\"left\",\"vertical_align\":\"middle\",\"width\":\"default\"},\"children\":[{\"type\":\"row\",\"children\":[{\"type\":\"column\",\"props\":{\"image_position\":\"center-center\",\"position_sticky_breakpoint\":\"m\"},\"children\":[{\"type\":\"headline\",\"props\":{\"content\":\"\n\n<h2 class=\\\"jeremy\\\">Traitement pour micro composants<\\\/h2>\\n\n\n<ul><\\\/ul>\",\"text_align\":\"left\",\"title_element\":\"h5\",\"title_style\":\"h4\"}}]}]},{\"type\":\"row\",\"children\":[{\"type\":\"column\",\"props\":{\"image_position\":\"center-center\",\"position_sticky_breakpoint\":\"m\",\"width_medium\":\"3-5\"},\"children\":[{\"type\":\"text\",\"props\":{\"column_breakpoint\":\"m\",\"content\":\"\n\n<h4>SBE Technology<\\\/h4>\\n\n\n<p>L'\\u00e9lectrode \\u00e0 lit fluidis\\u00e9 (SBE) de Technic est une nouvelle m\\u00e9thode brevet\\u00e9e de galvanisation de petits composants tels que :<\\\/p>\\n\n\n<ul>\\n\n\n<li>\\n\n\n<p>Les connecteurs \\u00e9lectroniques<\\\/p>\\n<\\\/li>\\n\n\n<li>\\n\n\n<p>Broches<\\\/p>\\n<\\\/li>\\n\n\n<li>\\n\n\n<p>Condensateurs \\u00e0 puce<\\\/p>\\n<\\\/li>\\n\n\n<li>\\n\n\n<p>R\\u00e9sistances \\u00e0 puce<\\\/p>\\n<\\\/li>\\n<\\\/ul>\\n\n\n<p>Le syst\\u00e8me de m\\u00e9tallisation SBE remplace un tonneau de 4 x 6 pouces par une chambre SBE brevet\\u00e9e. La taille de la charge est de 50 \\u00e0 500 ml et utilise beaucoup moins de milieu conducteur.<\\\/p>\\n\n\n<h4>Les avantages de Technic SBE<\\\/h4>\\n\n\n<p>Le syst\\u00e8me SBE permet de m\\u00e9talliser une grande vari\\u00e9t\\u00e9 de pi\\u00e8ces dont les dimensions ne d\\u00e9passent pas 6,35 mm dans un sens ou dans l'autre, et ce avec une quantit\\u00e9 consid\\u00e9rablement r\\u00e9duite de milieu conducteur, ce qui r\\u00e9duit les co\\u00fbts et augmente la production.<\\\/p>\\n\n\n<ul>\\n\n\n<li>\\n\n\n<p>Pas de pi\\u00e8ces mobiles<\\\/p>\\n<\\\/li>\\n\n\n<li>\\n\n\n<p>Meilleure r\\u00e9partition de l'\\u00e9paisseur pi\\u00e8ce \\u00e0 pi\\u00e8ce<\\\/p>\\n<\\\/li>\\n\n\n<li>\\n\n\n<p>Co\\u00fbts d'exploitation et de mat\\u00e9riaux r\\u00e9duits<\\\/p>\\n<\\\/li>\\n\n\n<li>\\n\n\n<p>R\\u00e9duction de l'accouplement<\\\/p>\\n<\\\/li>\\n\n\n<li>\\n\n\n<p>Augmentation des vitesses de production<\\\/p>\\n<\\\/li>\\n\n\n<li>\\n\n\n<p>R\\u00e9duction de la maintenance<\\\/p>\\n<\\\/li>\\n<\\\/ul>\\n\n\n<h4>Comment cela fonctionne<\\\/h4>\\n\n\n<p>La conception unique de la chambre de placage SBE permet une circulation rapide des pi\\u00e8ces sur l'alimentation en courant cathodique sans aucun mouvement m\\u00e9canique. Le d\\u00e9bit de la solution de placage transportant les pi\\u00e8ces \\u00e0 travers la chambre est exceptionnellement \\u00e9lev\\u00e9 (jusqu'\\u00e0 60 litres par minute), ce qui garantit que les pi\\u00e8ces sont toujours plaqu\\u00e9es dans une \\\"solution fra\\u00eeche\\\", quelles que soient leur configuration et leur taille. Ces deux caract\\u00e9ristiques permettent d'am\\u00e9liorer consid\\u00e9rablement la r\\u00e9partition de l'\\u00e9paisseur entre les pi\\u00e8ces et de r\\u00e9duire consid\\u00e9rablement le couplage entre les pi\\u00e8ces.<\\\/p>\\n\n\n<p>La courbe de distribution d'\\u00e9paisseur plus \\u00e9troite du SBE permet au fabricant de CMS de cibler l'\\u00e9paisseur moyenne de placage d'une charge donn\\u00e9e beaucoup plus pr\\u00e8s des exigences d'\\u00e9paisseur minimale du client que ne le permettent les \\u00e9quipements de placage au tonneau standard. L'approche unique du traitement SBE permet d'augmenter consid\\u00e9rablement les vitesses de production tout en satisfaisant aux normes de contr\\u00f4le de qualit\\u00e9 les plus strictes. Un autre avantage de la chambre de placage SBE est l'\\u00e9limination des d\\u00e9p\\u00f4ts d'\\u00e9tain et\\\/ou de nickel dans la zone tamis\\u00e9e de la chambre. Contrairement \\u00e0 un tonneau, o\\u00f9 la m\\u00e9tallisation a lieu lorsque les pi\\u00e8ces sont sur les tamis du tonneau, les tamis SBE sont situ\\u00e9s dans une zone sans m\\u00e9tallisation. Cela r\\u00e9duit consid\\u00e9rablement l'entretien de la chambre de galvanisation.<\\\/p>\\n\n\n<h4>Mod\\u00e8les SBE<\\\/h4>\\n\n\n<p><strong>SBE 1-6<\\\/strong><\\\/p>\\n\n\n<p>Notre mod\\u00e8le 1-6 se compose de deux cuves de placage (une de nickel, une d'\\u00e9tain) avec un rin\\u00e7age \\u00e0 deux stations apr\\u00e8s chaque processus. L'unit\\u00e9 est construite en polypropyl\\u00e8ne, mont\\u00e9e sur une base en acier inoxydable avec des pieds niveleurs. Le SBE est livr\\u00e9 complet avec pompes, filtres, redresseurs, tuyauterie et sortie d'\\u00e9chappement et est \\u00e9quip\\u00e9 de deux chambres SBE.<\\\/p>\\n\n\n<p><strong>SBE 2-6<\\\/strong><\\\/p>\\n\n\n<p>Notre module 2-6 permet de doubler la capacit\\u00e9 de production en fournissant une deuxi\\u00e8me rang\\u00e9e de stations dans chaque r\\u00e9servoir. Le mod\\u00e8le 2-6 est \\u00e9quip\\u00e9 de quatre chambres SBE.<\\\/p>\\n\n\n<h4>Syst\\u00e8mes Automatiques SBE<\\\/h4>\\n\n\n<p>Les syst\\u00e8mes SBE sont disponibles en version semi-automatique et enti\\u00e8rement automatique. Le syst\\u00e8me \\u00e0 deux treuils pr\\u00e9sent\\u00e9 ici comprend six stations de nickel, entra\\u00eenement, rin\\u00e7age en cascade, six stations d'\\u00e9tain, entra\\u00eenement et rin\\u00e7age en cascade. Dans les syst\\u00e8mes SBE automatiques et semi-automatiques, l'\\u00e9l\\u00e9vateur d\\u00e9place une barre de vol contenant deux chambres SBE.<\\\/p>\",\"margin\":\"default\",\"text_align\":\"left\"}}]},{\"type\":\"column\",\"props\":{\"image_position\":\"center-center\",\"position_sticky_breakpoint\":\"m\",\"width_medium\":\"2-5\"},\"children\":[{\"type\":\"text\",\"props\":{\"column_breakpoint\":\"m\",\"content\":\"\n\n<h4><a href=\\\"https:\\\/\\\/www.technic.com\\\/\\\">Pour plus d'informations, cliquez ici:<\\\/a><\\\/h4>\",\"margin\":\"default\",\"text_align\":\"left\"}},{\"type\":\"image\",\"props\":{\"image\":\"wp-content\\\/uploads\\\/2022\\\/10\\\/logo.gif\",\"image_svg_color\":\"emphasis\",\"link\":\"https:\\\/\\\/www.technic.com\\\/\",\"margin\":\"default\"}},{\"type\":\"image\",\"props\":{\"image\":\"wp-content\\\/uploads\\\/2022\\\/10\\\/SBE-014-sm.jpg\",\"image_svg_color\":\"emphasis\",\"margin\":\"default\"}},{\"type\":\"image\",\"props\":{\"image\":\"wp-content\\\/uploads\\\/2022\\\/10\\\/SBE-006-sm.jpg\",\"image_svg_color\":\"emphasis\",\"margin\":\"default\"}},{\"type\":\"video\",\"props\":{\"margin\":\"default\",\"video\":\"https:\\\/\\\/vimeo.com\\\/180592349\",\"video_controls\":true,\"video_width\":\"720\"}}]}],\"props\":{\"layout\":\"3-5,2-5\"}}],\"modified\":\"2022-03-02T13:55:47.959Z\",\"name\":\"texte avec puce\"},{\"type\":\"section\",\"props\":{\"image\":\"wp-content\\\/uploads\\\/2022\\\/05\\\/DSC05131-1.png\",\"image_effect\":\"fixed\",\"image_position\":\"center-center\",\"media_overlay\":\"rgba(0, 0, 0, 0.25)\",\"style\":\"default\",\"title_breakpoint\":\"xl\",\"title_position\":\"top-left\",\"title_rotation\":\"left\",\"vertical_align\":\"middle\",\"width\":\"default\"},\"children\":[{\"type\":\"row\",\"children\":[{\"type\":\"column\",\"props\":{\"image_position\":\"center-center\",\"position_sticky_breakpoint\":\"m\"}}]}]},{\"type\":\"section\",\"props\":{\"image_position\":\"center-center\",\"style\":\"default\",\"title_breakpoint\":\"xl\",\"title_position\":\"top-left\",\"title_rotation\":\"left\",\"vertical_align\":\"middle\",\"width\":\"default\"},\"children\":[{\"type\":\"row\",\"children\":[{\"type\":\"column\",\"props\":{\"image_position\":\"center-center\",\"position_sticky_breakpoint\":\"m\"},\"children\":[{\"type\":\"divider\",\"props\":{\"divider_element\":\"hr\",\"divider_style\":\"icon\"}},{\"type\":\"headline\",\"props\":{\"content\":\"\n\n<h2 style=\\\"text-align: center;\\\">Une demande sp\\u00e9cifique ? Parlons-en.<\\\/h2>\",\"text_align\":\"center\",\"title_element\":\"h1\"}},{\"type\":\"text\",\"props\":{\"column_breakpoint\":\"m\",\"content\":\"\n\n<p class=\\\"p1\\\">Nous accompagnons les entreprises dans la cr\\u00e9ation de leurs \\u00e9quipements de production depuis 1975. Nos sp\\u00e9cialistes sauront vous conseiller au mieux afin de cr\\u00e9er la machine qu\\u2019il vous faut pour les ann\\u00e9es \\u00e0 venir.<\\\/p>\",\"margin\":\"default\",\"text_align\":\"center\"}},{\"type\":\"button\",\"props\":{\"grid_column_gap\":\"small\",\"grid_row_gap\":\"small\",\"margin\":\"default\",\"text_align\":\"center\"},\"children\":[{\"type\":\"button_item\",\"props\":{\"button_style\":\"default\",\"content\":\"contactez-nous\",\"icon_align\":\"left\",\"link\":\"contact\\\/\"}}]}]}]}],\"name\":\"call to action contact final\"}],\"version\":\"4.3.3\"} --><\/p>\n","protected":false},"excerpt":{"rendered":"<p>SBE TECHNOLOGY Traitement pour micro composants SBE Technology L&rsquo;\u00e9lectrode \u00e0 lit fluidis\u00e9 (SBE) de Technic est une nouvelle m\u00e9thode brevet\u00e9e de galvanisation de petits composants tels que : Les connecteurs \u00e9lectroniques Broches Condensateurs \u00e0 puce R\u00e9sistances \u00e0 puce Le syst\u00e8me de m\u00e9tallisation SBE remplace un tonneau de 4 x 6 pouces par une chambre SBE [&hellip;]<\/p>\n","protected":false},"author":6,"featured_media":0,"parent":1260,"menu_order":0,"comment_status":"closed","ping_status":"closed","template":"","meta":{"footnotes":""},"class_list":["post-1284","page","type-page","status-publish","hentry"],"yoast_head":"<!-- This site is optimized with the Yoast SEO plugin v27.4 - https:\/\/yoast.com\/product\/yoast-seo-wordpress\/ -->\n<title>\u2013 Traitement pour micro composants - stsindustrie.com<\/title>\n<meta name=\"robots\" content=\"index, follow, max-snippet:-1, max-image-preview:large, max-video-preview:-1\" \/>\n<link rel=\"canonical\" href=\"https:\/\/stsindustrie.com\/de\/installations-et-services\/installations\/technic\/traitement-pour-micro-composants\/\" \/>\n<meta property=\"og:locale\" content=\"de_DE\" \/>\n<meta property=\"og:type\" content=\"article\" \/>\n<meta property=\"og:title\" content=\"\u2013 Traitement pour micro composants - stsindustrie.com\" \/>\n<meta property=\"og:description\" content=\"SBE TECHNOLOGY Traitement pour micro composants SBE Technology L&rsquo;\u00e9lectrode \u00e0 lit fluidis\u00e9 (SBE) de Technic est une nouvelle m\u00e9thode brevet\u00e9e de galvanisation de petits composants tels que : Les connecteurs \u00e9lectroniques Broches Condensateurs \u00e0 puce R\u00e9sistances \u00e0 puce Le syst\u00e8me de m\u00e9tallisation SBE remplace un tonneau de 4 x 6 pouces par une chambre SBE [&hellip;]\" \/>\n<meta property=\"og:url\" content=\"https:\/\/stsindustrie.com\/de\/installations-et-services\/installations\/technic\/traitement-pour-micro-composants\/\" \/>\n<meta property=\"og:site_name\" content=\"stsindustrie.com\" \/>\n<meta property=\"article:modified_time\" content=\"2024-04-05T14:38:38+00:00\" \/>\n<meta name=\"twitter:card\" content=\"summary_large_image\" \/>\n<script type=\"application\/ld+json\" class=\"yoast-schema-graph\">{\"@context\":\"https:\\\/\\\/schema.org\",\"@graph\":[{\"@type\":\"WebPage\",\"@id\":\"https:\\\/\\\/stsindustrie.com\\\/installations-et-services\\\/installations\\\/technic\\\/traitement-pour-micro-composants\\\/\",\"url\":\"https:\\\/\\\/stsindustrie.com\\\/installations-et-services\\\/installations\\\/technic\\\/traitement-pour-micro-composants\\\/\",\"name\":\"\u2013 Traitement pour micro composants - stsindustrie.com\",\"isPartOf\":{\"@id\":\"https:\\\/\\\/stsindustrie.com\\\/#website\"},\"datePublished\":\"2022-10-05T17:39:15+00:00\",\"dateModified\":\"2024-04-05T14:38:38+00:00\",\"breadcrumb\":{\"@id\":\"https:\\\/\\\/stsindustrie.com\\\/installations-et-services\\\/installations\\\/technic\\\/traitement-pour-micro-composants\\\/#breadcrumb\"},\"inLanguage\":\"de\",\"potentialAction\":[{\"@type\":\"ReadAction\",\"target\":[\"https:\\\/\\\/stsindustrie.com\\\/installations-et-services\\\/installations\\\/technic\\\/traitement-pour-micro-composants\\\/\"]}]},{\"@type\":\"BreadcrumbList\",\"@id\":\"https:\\\/\\\/stsindustrie.com\\\/installations-et-services\\\/installations\\\/technic\\\/traitement-pour-micro-composants\\\/#breadcrumb\",\"itemListElement\":[{\"@type\":\"ListItem\",\"position\":1,\"name\":\"Accueil\",\"item\":\"https:\\\/\\\/stsindustrie.com\\\/\"},{\"@type\":\"ListItem\",\"position\":2,\"name\":\"Installations et services\",\"item\":\"https:\\\/\\\/stsindustrie.com\\\/installations-et-services\\\/\"},{\"@type\":\"ListItem\",\"position\":3,\"name\":\"Installations\",\"item\":\"https:\\\/\\\/stsindustrie.com\\\/installations-et-services\\\/installations\\\/\"},{\"@type\":\"ListItem\",\"position\":4,\"name\":\"Technic\",\"item\":\"https:\\\/\\\/stsindustrie.com\\\/installations-et-services\\\/installations\\\/technic\\\/\"},{\"@type\":\"ListItem\",\"position\":5,\"name\":\"\u2013 Traitement pour micro composants\"}]},{\"@type\":\"WebSite\",\"@id\":\"https:\\\/\\\/stsindustrie.com\\\/#website\",\"url\":\"https:\\\/\\\/stsindustrie.com\\\/\",\"name\":\"stsindustrie.com\",\"description\":\"\",\"publisher\":{\"@id\":\"https:\\\/\\\/stsindustrie.com\\\/#organization\"},\"potentialAction\":[{\"@type\":\"SearchAction\",\"target\":{\"@type\":\"EntryPoint\",\"urlTemplate\":\"https:\\\/\\\/stsindustrie.com\\\/?s={search_term_string}\"},\"query-input\":{\"@type\":\"PropertyValueSpecification\",\"valueRequired\":true,\"valueName\":\"search_term_string\"}}],\"inLanguage\":\"de\"},{\"@type\":\"Organization\",\"@id\":\"https:\\\/\\\/stsindustrie.com\\\/#organization\",\"name\":\"STS Industrie SA\",\"url\":\"https:\\\/\\\/stsindustrie.com\\\/\",\"logo\":{\"@type\":\"ImageObject\",\"inLanguage\":\"de\",\"@id\":\"https:\\\/\\\/stsindustrie.com\\\/#\\\/schema\\\/logo\\\/image\\\/\",\"url\":\"https:\\\/\\\/stsindustrie.com\\\/wp-content\\\/uploads\\\/2022\\\/02\\\/logoflavicon.png\",\"contentUrl\":\"https:\\\/\\\/stsindustrie.com\\\/wp-content\\\/uploads\\\/2022\\\/02\\\/logoflavicon.png\",\"width\":150,\"height\":150,\"caption\":\"STS Industrie SA\"},\"image\":{\"@id\":\"https:\\\/\\\/stsindustrie.com\\\/#\\\/schema\\\/logo\\\/image\\\/\"},\"sameAs\":[\"https:\\\/\\\/www.linkedin.com\\\/company\\\/sts-industrie-sa\\\/\"]}]}<\/script>\n<!-- \/ Yoast SEO plugin. -->","yoast_head_json":{"title":"\u2013 Traitement pour micro composants - stsindustrie.com","robots":{"index":"index","follow":"follow","max-snippet":"max-snippet:-1","max-image-preview":"max-image-preview:large","max-video-preview":"max-video-preview:-1"},"canonical":"https:\/\/stsindustrie.com\/de\/installations-et-services\/installations\/technic\/traitement-pour-micro-composants\/","og_locale":"de_DE","og_type":"article","og_title":"\u2013 Traitement pour micro composants - stsindustrie.com","og_description":"SBE TECHNOLOGY Traitement pour micro composants SBE Technology L&rsquo;\u00e9lectrode \u00e0 lit fluidis\u00e9 (SBE) de Technic est une nouvelle m\u00e9thode brevet\u00e9e de galvanisation de petits composants tels que : Les connecteurs \u00e9lectroniques Broches Condensateurs \u00e0 puce R\u00e9sistances \u00e0 puce Le syst\u00e8me de m\u00e9tallisation SBE remplace un tonneau de 4 x 6 pouces par une chambre SBE [&hellip;]","og_url":"https:\/\/stsindustrie.com\/de\/installations-et-services\/installations\/technic\/traitement-pour-micro-composants\/","og_site_name":"stsindustrie.com","article_modified_time":"2024-04-05T14:38:38+00:00","twitter_card":"summary_large_image","schema":{"@context":"https:\/\/schema.org","@graph":[{"@type":"WebPage","@id":"https:\/\/stsindustrie.com\/installations-et-services\/installations\/technic\/traitement-pour-micro-composants\/","url":"https:\/\/stsindustrie.com\/installations-et-services\/installations\/technic\/traitement-pour-micro-composants\/","name":"\u2013 Traitement pour micro composants - stsindustrie.com","isPartOf":{"@id":"https:\/\/stsindustrie.com\/#website"},"datePublished":"2022-10-05T17:39:15+00:00","dateModified":"2024-04-05T14:38:38+00:00","breadcrumb":{"@id":"https:\/\/stsindustrie.com\/installations-et-services\/installations\/technic\/traitement-pour-micro-composants\/#breadcrumb"},"inLanguage":"de","potentialAction":[{"@type":"ReadAction","target":["https:\/\/stsindustrie.com\/installations-et-services\/installations\/technic\/traitement-pour-micro-composants\/"]}]},{"@type":"BreadcrumbList","@id":"https:\/\/stsindustrie.com\/installations-et-services\/installations\/technic\/traitement-pour-micro-composants\/#breadcrumb","itemListElement":[{"@type":"ListItem","position":1,"name":"Accueil","item":"https:\/\/stsindustrie.com\/"},{"@type":"ListItem","position":2,"name":"Installations et services","item":"https:\/\/stsindustrie.com\/installations-et-services\/"},{"@type":"ListItem","position":3,"name":"Installations","item":"https:\/\/stsindustrie.com\/installations-et-services\/installations\/"},{"@type":"ListItem","position":4,"name":"Technic","item":"https:\/\/stsindustrie.com\/installations-et-services\/installations\/technic\/"},{"@type":"ListItem","position":5,"name":"\u2013 Traitement pour micro composants"}]},{"@type":"WebSite","@id":"https:\/\/stsindustrie.com\/#website","url":"https:\/\/stsindustrie.com\/","name":"stsindustrie.com","description":"","publisher":{"@id":"https:\/\/stsindustrie.com\/#organization"},"potentialAction":[{"@type":"SearchAction","target":{"@type":"EntryPoint","urlTemplate":"https:\/\/stsindustrie.com\/?s={search_term_string}"},"query-input":{"@type":"PropertyValueSpecification","valueRequired":true,"valueName":"search_term_string"}}],"inLanguage":"de"},{"@type":"Organization","@id":"https:\/\/stsindustrie.com\/#organization","name":"STS Industrie AG","url":"https:\/\/stsindustrie.com\/","logo":{"@type":"ImageObject","inLanguage":"de","@id":"https:\/\/stsindustrie.com\/#\/schema\/logo\/image\/","url":"https:\/\/stsindustrie.com\/wp-content\/uploads\/2022\/02\/logoflavicon.png","contentUrl":"https:\/\/stsindustrie.com\/wp-content\/uploads\/2022\/02\/logoflavicon.png","width":150,"height":150,"caption":"STS Industrie SA"},"image":{"@id":"https:\/\/stsindustrie.com\/#\/schema\/logo\/image\/"},"sameAs":["https:\/\/www.linkedin.com\/company\/sts-industrie-sa\/"]}]}},"_links":{"self":[{"href":"https:\/\/stsindustrie.com\/de\/wp-json\/wp\/v2\/pages\/1284","targetHints":{"allow":["GET"]}}],"collection":[{"href":"https:\/\/stsindustrie.com\/de\/wp-json\/wp\/v2\/pages"}],"about":[{"href":"https:\/\/stsindustrie.com\/de\/wp-json\/wp\/v2\/types\/page"}],"author":[{"embeddable":true,"href":"https:\/\/stsindustrie.com\/de\/wp-json\/wp\/v2\/users\/6"}],"replies":[{"embeddable":true,"href":"https:\/\/stsindustrie.com\/de\/wp-json\/wp\/v2\/comments?post=1284"}],"version-history":[{"count":9,"href":"https:\/\/stsindustrie.com\/de\/wp-json\/wp\/v2\/pages\/1284\/revisions"}],"predecessor-version":[{"id":2161,"href":"https:\/\/stsindustrie.com\/de\/wp-json\/wp\/v2\/pages\/1284\/revisions\/2161"}],"up":[{"embeddable":true,"href":"https:\/\/stsindustrie.com\/de\/wp-json\/wp\/v2\/pages\/1260"}],"wp:attachment":[{"href":"https:\/\/stsindustrie.com\/de\/wp-json\/wp\/v2\/media?parent=1284"}],"curies":[{"name":"wp","href":"https:\/\/api.w.org\/{rel}","templated":true}]}}