{"id":1260,"date":"2022-10-05T19:16:07","date_gmt":"2022-10-05T17:16:07","guid":{"rendered":"https:\/\/new-stsindustrie.com\/?page_id=1260"},"modified":"2024-04-05T16:26:19","modified_gmt":"2024-04-05T14:26:19","slug":"technic","status":"publish","type":"page","link":"https:\/\/stsindustrie.com\/de\/installations-et-services\/installations\/technic\/","title":{"rendered":"Technic"},"content":{"rendered":"<h1>\n<p>TECHNIC<\/p>\n<\/h1>\n<h5>\n<h2 class=\"jeremy\">About Technic<\/h2>\n<ul><\/ul>\n<\/h5>\n<div>\n<h4>Technical Expertise, Service &amp; Innovation<\/h4>\n<p>Depuis sa cr\u00e9ation en 1943, Technic Inc. est rest\u00e9e une soci\u00e9t\u00e9 priv\u00e9e financi\u00e8rement solide et a acquis une r\u00e9putation mondiale d&rsquo;excellence technique dans le domaine de l&rsquo;\u00e9lectrod\u00e9position de m\u00e9taux pr\u00e9cieux.<\/p>\n<p class=\"p1\">&#8211; STS rep\u00e9sente Technic en Europe depuis 2010 pour la partie \u00e9quipement.<\/p>\n<p class=\"p1\">&#8211; Technic repr\u00e9sente STS en Am\u00e9rique du Nord pour la partie Vibarrel.<\/p>\n<p>Suite \u00e0 l&rsquo;expansion de nos lignes de produits par croissance organique, partenariats strat\u00e9giques et acquisitions, Technic est devenu un leader mondial dans les domaines suivants :<\/p>\n<ul>\n<li>\n<p>Produits chimiques sp\u00e9ciaux<\/p>\n<\/li>\n<li>\n<p>Equipements de finition de surface<\/p>\n<\/li>\n<li>\n<p>Poudres et paillettes d&rsquo;ing\u00e9nierie<\/p>\n<\/li>\n<li>\n<p>Outils de contr\u00f4le analytique<\/p>\n<\/li>\n<\/ul>\n<p><strong>Nos principaux march\u00e9s d&rsquo;utilisation finale sont les suivants:<\/strong><\/p>\n<ul>\n<li>\n<p>Semi-conducteurs (fabrication frontale, conditionnement au niveau de la plaquette, et lead frames)<\/p>\n<\/li>\n<li>\n<p>Connecteurs \u00e9lectroniques<\/p>\n<\/li>\n<li>\n<p>Fabrication de cellules photovolta\u00efques<\/p>\n<\/li>\n<li>\n<p>Composants \u00e9lectroniques<\/p>\n<\/li>\n<li>\n<p>Cartes de circuits imprim\u00e9s<\/p>\n<\/li>\n<li>\n<p>Finition industrielle<\/p>\n<\/li>\n<li>\n<p>Applications d\u00e9coratives<\/p>\n<\/li>\n<\/ul>\n<\/div>\n<div>\n<h4><a href=\"https:\/\/www.technic.com\/\">For more information click here:<\/a><\/h4>\n<\/div>\n<p><a href=\"https:\/\/www.technic.com\/\"><img decoding=\"async\" src=\"\/wp-content\/uploads\/2022\/10\/logo.gif\" alt=\"\"><\/a><\/p>\n<hr>\n<h1>\n<h2 style=\"text-align: center;\">Une demande sp\u00e9cifique ? Parlons-en.<\/h2>\n<\/h1>\n<div>\n<p class=\"p1\">Nous accompagnons les entreprises dans la cr\u00e9ation de leurs \u00e9quipements de production depuis 1975. Nos sp\u00e9cialistes sauront vous conseiller au mieux afin de cr\u00e9er la machine qu\u2019il vous faut pour les ann\u00e9es \u00e0 venir.<\/p>\n<\/div>\n<p>\n    <a href=\"\/contact\/\">contactez-nous<\/a>\n<\/p>\n<p><!--more--><br \/>\n<!-- {\"type\":\"layout\",\"children\":[{\"type\":\"section\",\"props\":{\"height\":\"section\",\"height_offset_top\":true,\"image\":\"wp-content\\\/uploads\\\/2022\\\/10\\\/logo.gif\",\"image_position\":\"center-center\",\"image_size\":\"width-1-1\",\"media_overlay\":\"rgba(0, 0, 0, 0.4)\",\"style\":\"default\",\"title_breakpoint\":\"xl\",\"title_position\":\"top-left\",\"title_rotation\":\"left\",\"vertical_align\":\"middle\",\"width\":\"default\"},\"children\":[{\"type\":\"row\",\"children\":[{\"type\":\"column\",\"props\":{\"image_position\":\"center-center\",\"position_sticky_breakpoint\":\"m\"},\"children\":[{\"type\":\"headline\",\"props\":{\"content\":\"\n\n<p>TECHNIC<\\\/p>\",\"text_align\":\"center\",\"title_color\":\"warning\",\"title_element\":\"h1\"}}]}]}],\"name\":\"HEADER PAGE SECONDAIRE\"},{\"type\":\"section\",\"props\":{\"image_position\":\"center-center\",\"padding\":\"small\",\"padding_remove_top\":false,\"style\":\"default\",\"title_breakpoint\":\"xl\",\"title_position\":\"top-left\",\"title_rotation\":\"left\",\"vertical_align\":\"middle\",\"width\":\"default\"},\"children\":[{\"type\":\"row\",\"children\":[{\"type\":\"column\",\"props\":{\"image_position\":\"center-center\",\"position_sticky_breakpoint\":\"m\"},\"children\":[{\"type\":\"headline\",\"props\":{\"content\":\"\n\n<h2 class=\\\"jeremy\\\">About Technic<\\\/h2>\\n\n\n<ul><\\\/ul>\",\"text_align\":\"left\",\"title_element\":\"h5\",\"title_style\":\"h4\"}}]}]},{\"type\":\"row\",\"children\":[{\"type\":\"column\",\"props\":{\"image_position\":\"center-center\",\"position_sticky_breakpoint\":\"m\",\"width_medium\":\"3-5\"},\"children\":[{\"type\":\"text\",\"props\":{\"column_breakpoint\":\"m\",\"content\":\"\n\n<h4>Technical Expertise, Service &amp; Innovation<\\\/h4>\\n\n\n<p>Depuis sa cr\\u00e9ation en 1943, Technic Inc. est rest\\u00e9e une soci\\u00e9t\\u00e9 priv\\u00e9e financi\\u00e8rement solide et a acquis une r\\u00e9putation mondiale d'excellence technique dans le domaine de l'\\u00e9lectrod\\u00e9position de m\\u00e9taux pr\\u00e9cieux.<\\\/p>\\n\n\n<p class=\\\"p1\\\">- STS rep\\u00e9sente Technic en Europe depuis 2010 pour la partie \\u00e9quipement.<\\\/p>\\n\n\n<p class=\\\"p1\\\">- Technic repr\\u00e9sente STS en Am\\u00e9rique du Nord pour la partie Vibarrel.<\\\/p>\\n\n\n<p>Suite \\u00e0 l'expansion de nos lignes de produits par croissance organique, partenariats strat\\u00e9giques et acquisitions, Technic est devenu un leader mondial dans les domaines suivants :<\\\/p>\\n\n\n<ul>\\n\n\n<li>\\n\n\n<p>Produits chimiques sp\\u00e9ciaux<\\\/p>\\n<\\\/li>\\n\n\n<li>\\n\n\n<p>Equipements de finition de surface<\\\/p>\\n<\\\/li>\\n\n\n<li>\\n\n\n<p>Poudres et paillettes d'ing\\u00e9nierie<\\\/p>\\n<\\\/li>\\n\n\n<li>\\n\n\n<p>Outils de contr\\u00f4le analytique<\\\/p>\\n<\\\/li>\\n<\\\/ul>\\n\n\n<p><strong>Nos principaux march\\u00e9s d'utilisation finale sont les suivants:<\\\/strong><\\\/p>\\n\n\n<ul>\\n\n\n<li>\\n\n\n<p>Semi-conducteurs (fabrication frontale, conditionnement au niveau de la plaquette, et lead frames)<\\\/p>\\n<\\\/li>\\n\n\n<li>\\n\n\n<p>Connecteurs \\u00e9lectroniques<\\\/p>\\n<\\\/li>\\n\n\n<li>\\n\n\n<p>Fabrication de cellules photovolta\\u00efques<\\\/p>\\n<\\\/li>\\n\n\n<li>\\n\n\n<p>Composants \\u00e9lectroniques<\\\/p>\\n<\\\/li>\\n\n\n<li>\\n\n\n<p>Cartes de circuits imprim\\u00e9s<\\\/p>\\n<\\\/li>\\n\n\n<li>\\n\n\n<p>Finition industrielle<\\\/p>\\n<\\\/li>\\n\n\n<li>\\n\n\n<p>Applications d\\u00e9coratives<\\\/p>\\n<\\\/li>\\n<\\\/ul>\",\"margin\":\"default\",\"text_align\":\"left\"}}]},{\"type\":\"column\",\"props\":{\"image_position\":\"center-center\",\"position_sticky_breakpoint\":\"m\",\"width_medium\":\"2-5\"},\"children\":[{\"type\":\"text\",\"props\":{\"column_breakpoint\":\"m\",\"content\":\"\n\n<h4><a href=\\\"https:\\\/\\\/www.technic.com\\\/\\\">For more information click here:<\\\/a><\\\/h4>\",\"margin\":\"default\",\"text_align\":\"left\"}},{\"type\":\"image\",\"props\":{\"image\":\"wp-content\\\/uploads\\\/2022\\\/10\\\/logo.gif\",\"image_svg_color\":\"emphasis\",\"link\":\"https:\\\/\\\/www.technic.com\\\/\",\"margin\":\"default\"}}]}],\"props\":{\"layout\":\"3-5,2-5\"}}],\"modified\":\"2022-03-02T13:55:47.959Z\",\"name\":\"texte avec puce\"},{\"type\":\"section\",\"props\":{\"image\":\"wp-content\\\/uploads\\\/2022\\\/05\\\/DSC05131-1.png\",\"image_effect\":\"fixed\",\"image_position\":\"center-center\",\"media_overlay\":\"rgba(0, 0, 0, 0.25)\",\"style\":\"default\",\"title_breakpoint\":\"xl\",\"title_position\":\"top-left\",\"title_rotation\":\"left\",\"vertical_align\":\"middle\",\"width\":\"default\"},\"children\":[{\"type\":\"row\",\"children\":[{\"type\":\"column\",\"props\":{\"image_position\":\"center-center\",\"position_sticky_breakpoint\":\"m\"}}]}]},{\"type\":\"section\",\"props\":{\"image_position\":\"center-center\",\"style\":\"default\",\"title_breakpoint\":\"xl\",\"title_position\":\"top-left\",\"title_rotation\":\"left\",\"vertical_align\":\"middle\",\"width\":\"default\"},\"children\":[{\"type\":\"row\",\"children\":[{\"type\":\"column\",\"props\":{\"image_position\":\"center-center\",\"position_sticky_breakpoint\":\"m\"},\"children\":[{\"type\":\"divider\",\"props\":{\"divider_element\":\"hr\",\"divider_style\":\"icon\"}},{\"type\":\"headline\",\"props\":{\"content\":\"\n\n<h2 style=\\\"text-align: center;\\\">Une demande sp\\u00e9cifique ? Parlons-en.<\\\/h2>\",\"text_align\":\"center\",\"title_element\":\"h1\"}},{\"type\":\"text\",\"props\":{\"column_breakpoint\":\"m\",\"content\":\"\n\n<p class=\\\"p1\\\">Nous accompagnons les entreprises dans la cr\\u00e9ation de leurs \\u00e9quipements de production depuis 1975. Nos sp\\u00e9cialistes sauront vous conseiller au mieux afin de cr\\u00e9er la machine qu\\u2019il vous faut pour les ann\\u00e9es \\u00e0 venir.<\\\/p>\",\"margin\":\"default\",\"text_align\":\"center\"}},{\"type\":\"button\",\"props\":{\"grid_column_gap\":\"small\",\"grid_row_gap\":\"small\",\"margin\":\"default\",\"text_align\":\"center\"},\"children\":[{\"type\":\"button_item\",\"props\":{\"button_style\":\"default\",\"content\":\"contactez-nous\",\"icon_align\":\"left\",\"link\":\"contact\\\/\"}}]}]}]}],\"name\":\"call to action contact final\"}],\"version\":\"4.3.3\"} --><\/p>\n","protected":false},"excerpt":{"rendered":"<p>TECHNIC About Technic Technical Expertise, Service &amp; Innovation Depuis sa cr\u00e9ation en 1943, Technic Inc. est rest\u00e9e une soci\u00e9t\u00e9 priv\u00e9e financi\u00e8rement solide et a acquis une r\u00e9putation mondiale d&rsquo;excellence technique dans le domaine de l&rsquo;\u00e9lectrod\u00e9position de m\u00e9taux pr\u00e9cieux. &#8211; STS rep\u00e9sente Technic en Europe depuis 2010 pour la partie \u00e9quipement. &#8211; Technic repr\u00e9sente STS en [&hellip;]<\/p>\n","protected":false},"author":6,"featured_media":0,"parent":396,"menu_order":0,"comment_status":"closed","ping_status":"closed","template":"","meta":{"footnotes":""},"class_list":["post-1260","page","type-page","status-publish","hentry"],"yoast_head":"<!-- This site is optimized with the Yoast SEO plugin v27.4 - https:\/\/yoast.com\/product\/yoast-seo-wordpress\/ -->\n<title>Technic - stsindustrie.com<\/title>\n<meta name=\"robots\" content=\"index, follow, max-snippet:-1, max-image-preview:large, max-video-preview:-1\" \/>\n<link rel=\"canonical\" href=\"https:\/\/stsindustrie.com\/de\/installations-et-services\/installations\/technic\/\" \/>\n<meta property=\"og:locale\" content=\"de_DE\" \/>\n<meta property=\"og:type\" content=\"article\" \/>\n<meta property=\"og:title\" content=\"Technic - stsindustrie.com\" \/>\n<meta property=\"og:description\" content=\"TECHNIC About Technic Technical Expertise, Service &amp; Innovation Depuis sa cr\u00e9ation en 1943, Technic Inc. est rest\u00e9e une soci\u00e9t\u00e9 priv\u00e9e financi\u00e8rement solide et a acquis une r\u00e9putation mondiale d&rsquo;excellence technique dans le domaine de l&rsquo;\u00e9lectrod\u00e9position de m\u00e9taux pr\u00e9cieux. &#8211; STS rep\u00e9sente Technic en Europe depuis 2010 pour la partie \u00e9quipement. &#8211; Technic repr\u00e9sente STS en [&hellip;]\" \/>\n<meta property=\"og:url\" content=\"https:\/\/stsindustrie.com\/de\/installations-et-services\/installations\/technic\/\" \/>\n<meta property=\"og:site_name\" content=\"stsindustrie.com\" \/>\n<meta property=\"article:modified_time\" content=\"2024-04-05T14:26:19+00:00\" \/>\n<meta name=\"twitter:card\" content=\"summary_large_image\" \/>\n<script type=\"application\/ld+json\" class=\"yoast-schema-graph\">{\"@context\":\"https:\\\/\\\/schema.org\",\"@graph\":[{\"@type\":\"WebPage\",\"@id\":\"https:\\\/\\\/stsindustrie.com\\\/installations-et-services\\\/installations\\\/technic\\\/\",\"url\":\"https:\\\/\\\/stsindustrie.com\\\/installations-et-services\\\/installations\\\/technic\\\/\",\"name\":\"Technic - stsindustrie.com\",\"isPartOf\":{\"@id\":\"https:\\\/\\\/stsindustrie.com\\\/#website\"},\"datePublished\":\"2022-10-05T17:16:07+00:00\",\"dateModified\":\"2024-04-05T14:26:19+00:00\",\"breadcrumb\":{\"@id\":\"https:\\\/\\\/stsindustrie.com\\\/installations-et-services\\\/installations\\\/technic\\\/#breadcrumb\"},\"inLanguage\":\"de\",\"potentialAction\":[{\"@type\":\"ReadAction\",\"target\":[\"https:\\\/\\\/stsindustrie.com\\\/installations-et-services\\\/installations\\\/technic\\\/\"]}]},{\"@type\":\"BreadcrumbList\",\"@id\":\"https:\\\/\\\/stsindustrie.com\\\/installations-et-services\\\/installations\\\/technic\\\/#breadcrumb\",\"itemListElement\":[{\"@type\":\"ListItem\",\"position\":1,\"name\":\"Accueil\",\"item\":\"https:\\\/\\\/stsindustrie.com\\\/\"},{\"@type\":\"ListItem\",\"position\":2,\"name\":\"Installations et services\",\"item\":\"https:\\\/\\\/stsindustrie.com\\\/installations-et-services\\\/\"},{\"@type\":\"ListItem\",\"position\":3,\"name\":\"Installations\",\"item\":\"https:\\\/\\\/stsindustrie.com\\\/installations-et-services\\\/installations\\\/\"},{\"@type\":\"ListItem\",\"position\":4,\"name\":\"Technic\"}]},{\"@type\":\"WebSite\",\"@id\":\"https:\\\/\\\/stsindustrie.com\\\/#website\",\"url\":\"https:\\\/\\\/stsindustrie.com\\\/\",\"name\":\"stsindustrie.com\",\"description\":\"\",\"publisher\":{\"@id\":\"https:\\\/\\\/stsindustrie.com\\\/#organization\"},\"potentialAction\":[{\"@type\":\"SearchAction\",\"target\":{\"@type\":\"EntryPoint\",\"urlTemplate\":\"https:\\\/\\\/stsindustrie.com\\\/?s={search_term_string}\"},\"query-input\":{\"@type\":\"PropertyValueSpecification\",\"valueRequired\":true,\"valueName\":\"search_term_string\"}}],\"inLanguage\":\"de\"},{\"@type\":\"Organization\",\"@id\":\"https:\\\/\\\/stsindustrie.com\\\/#organization\",\"name\":\"STS Industrie SA\",\"url\":\"https:\\\/\\\/stsindustrie.com\\\/\",\"logo\":{\"@type\":\"ImageObject\",\"inLanguage\":\"de\",\"@id\":\"https:\\\/\\\/stsindustrie.com\\\/#\\\/schema\\\/logo\\\/image\\\/\",\"url\":\"https:\\\/\\\/stsindustrie.com\\\/wp-content\\\/uploads\\\/2022\\\/02\\\/logoflavicon.png\",\"contentUrl\":\"https:\\\/\\\/stsindustrie.com\\\/wp-content\\\/uploads\\\/2022\\\/02\\\/logoflavicon.png\",\"width\":150,\"height\":150,\"caption\":\"STS Industrie SA\"},\"image\":{\"@id\":\"https:\\\/\\\/stsindustrie.com\\\/#\\\/schema\\\/logo\\\/image\\\/\"},\"sameAs\":[\"https:\\\/\\\/www.linkedin.com\\\/company\\\/sts-industrie-sa\\\/\"]}]}<\/script>\n<!-- \/ Yoast SEO plugin. -->","yoast_head_json":{"title":"Technic - stsindustrie.com","robots":{"index":"index","follow":"follow","max-snippet":"max-snippet:-1","max-image-preview":"max-image-preview:large","max-video-preview":"max-video-preview:-1"},"canonical":"https:\/\/stsindustrie.com\/de\/installations-et-services\/installations\/technic\/","og_locale":"de_DE","og_type":"article","og_title":"Technic - stsindustrie.com","og_description":"TECHNIC About Technic Technical Expertise, Service &amp; Innovation Depuis sa cr\u00e9ation en 1943, Technic Inc. est rest\u00e9e une soci\u00e9t\u00e9 priv\u00e9e financi\u00e8rement solide et a acquis une r\u00e9putation mondiale d&rsquo;excellence technique dans le domaine de l&rsquo;\u00e9lectrod\u00e9position de m\u00e9taux pr\u00e9cieux. &#8211; STS rep\u00e9sente Technic en Europe depuis 2010 pour la partie \u00e9quipement. &#8211; Technic repr\u00e9sente STS en [&hellip;]","og_url":"https:\/\/stsindustrie.com\/de\/installations-et-services\/installations\/technic\/","og_site_name":"stsindustrie.com","article_modified_time":"2024-04-05T14:26:19+00:00","twitter_card":"summary_large_image","schema":{"@context":"https:\/\/schema.org","@graph":[{"@type":"WebPage","@id":"https:\/\/stsindustrie.com\/installations-et-services\/installations\/technic\/","url":"https:\/\/stsindustrie.com\/installations-et-services\/installations\/technic\/","name":"Technic - stsindustrie.com","isPartOf":{"@id":"https:\/\/stsindustrie.com\/#website"},"datePublished":"2022-10-05T17:16:07+00:00","dateModified":"2024-04-05T14:26:19+00:00","breadcrumb":{"@id":"https:\/\/stsindustrie.com\/installations-et-services\/installations\/technic\/#breadcrumb"},"inLanguage":"de","potentialAction":[{"@type":"ReadAction","target":["https:\/\/stsindustrie.com\/installations-et-services\/installations\/technic\/"]}]},{"@type":"BreadcrumbList","@id":"https:\/\/stsindustrie.com\/installations-et-services\/installations\/technic\/#breadcrumb","itemListElement":[{"@type":"ListItem","position":1,"name":"Accueil","item":"https:\/\/stsindustrie.com\/"},{"@type":"ListItem","position":2,"name":"Installations et services","item":"https:\/\/stsindustrie.com\/installations-et-services\/"},{"@type":"ListItem","position":3,"name":"Installations","item":"https:\/\/stsindustrie.com\/installations-et-services\/installations\/"},{"@type":"ListItem","position":4,"name":"Technic"}]},{"@type":"WebSite","@id":"https:\/\/stsindustrie.com\/#website","url":"https:\/\/stsindustrie.com\/","name":"stsindustrie.com","description":"","publisher":{"@id":"https:\/\/stsindustrie.com\/#organization"},"potentialAction":[{"@type":"SearchAction","target":{"@type":"EntryPoint","urlTemplate":"https:\/\/stsindustrie.com\/?s={search_term_string}"},"query-input":{"@type":"PropertyValueSpecification","valueRequired":true,"valueName":"search_term_string"}}],"inLanguage":"de"},{"@type":"Organization","@id":"https:\/\/stsindustrie.com\/#organization","name":"STS Industrie AG","url":"https:\/\/stsindustrie.com\/","logo":{"@type":"ImageObject","inLanguage":"de","@id":"https:\/\/stsindustrie.com\/#\/schema\/logo\/image\/","url":"https:\/\/stsindustrie.com\/wp-content\/uploads\/2022\/02\/logoflavicon.png","contentUrl":"https:\/\/stsindustrie.com\/wp-content\/uploads\/2022\/02\/logoflavicon.png","width":150,"height":150,"caption":"STS Industrie SA"},"image":{"@id":"https:\/\/stsindustrie.com\/#\/schema\/logo\/image\/"},"sameAs":["https:\/\/www.linkedin.com\/company\/sts-industrie-sa\/"]}]}},"_links":{"self":[{"href":"https:\/\/stsindustrie.com\/de\/wp-json\/wp\/v2\/pages\/1260","targetHints":{"allow":["GET"]}}],"collection":[{"href":"https:\/\/stsindustrie.com\/de\/wp-json\/wp\/v2\/pages"}],"about":[{"href":"https:\/\/stsindustrie.com\/de\/wp-json\/wp\/v2\/types\/page"}],"author":[{"embeddable":true,"href":"https:\/\/stsindustrie.com\/de\/wp-json\/wp\/v2\/users\/6"}],"replies":[{"embeddable":true,"href":"https:\/\/stsindustrie.com\/de\/wp-json\/wp\/v2\/comments?post=1260"}],"version-history":[{"count":13,"href":"https:\/\/stsindustrie.com\/de\/wp-json\/wp\/v2\/pages\/1260\/revisions"}],"predecessor-version":[{"id":2152,"href":"https:\/\/stsindustrie.com\/de\/wp-json\/wp\/v2\/pages\/1260\/revisions\/2152"}],"up":[{"embeddable":true,"href":"https:\/\/stsindustrie.com\/de\/wp-json\/wp\/v2\/pages\/396"}],"wp:attachment":[{"href":"https:\/\/stsindustrie.com\/de\/wp-json\/wp\/v2\/media?parent=1260"}],"curies":[{"name":"wp","href":"https:\/\/api.w.org\/{rel}","templated":true}]}}