{"id":1253,"date":"2022-10-05T19:12:31","date_gmt":"2022-10-05T17:12:31","guid":{"rendered":"https:\/\/new-stsindustrie.com\/?page_id=1253"},"modified":"2024-04-05T16:34:47","modified_gmt":"2024-04-05T14:34:47","slug":"automatique","status":"publish","type":"page","link":"https:\/\/stsindustrie.com\/de\/installations-et-services\/installations\/standard\/automatique\/","title":{"rendered":"- Automatisch"},"content":{"rendered":"<h1>\n<p><strong>Installation Automatique<\/strong><\/p>\n<\/h1>\n<h3>\n<p><strong>Installation Automatique<\/strong><\/p>\n<\/h3>\n<h2>\n<p>Installations de traitements de surfaces automatiques<\/p>\n<\/h2>\n<h5>\n<p>Installations de traitements de surfaces automatiques<\/p>\n<ul><\/ul>\n<\/h5>\n<div>\n<p>STS Industrie SA planifie et r\u00e9alise des installations de traitements de surfaces totalement automatiques sur mesure dans le domaine de la galvanoplastie.<br \/>Nous travaillons en partenariat avec nos clients pour r\u00e9aliser des solutions modulaires, \u00e9volutives et parfaitement adapt\u00e9es aux exigences des produits et de la chimie : g\u00e9om\u00e9trie des bains, \u00e9quipements, automate programmable, visualisation et software.<\/p>\n<p>Notre logiciel de supervision vous permet de ma\u00eetriser chaque param\u00e8tre de votre installation :<\/p>\n<ul>\n<li>Temps de traitements<\/li>\n<li>Visualisation de chaque param\u00e8tre des bains<\/li>\n<li>Suivi de production<\/li>\n<li>Protocoles de production<\/li>\n<li>Exportation des donn\u00e9es<\/li>\n<li>Importation des donn\u00e9es de production<\/li>\n<li>Suivi, maintenance et analyse des bains<\/li>\n<\/ul>\n<p><em>Pour de plus amples informations,<span>\u00a0<\/span><a href=\"https:\/\/www.stsindustrie.com\/fr\/process-automation-software-fr\/\">visitez la page automation\/software<\/a><\/em><\/p>\n<\/div>\n<h5>\n<p>Comp\u00e9tences sp\u00e9cifiques d\u2019une ligne automatique<\/p>\n<ul><\/ul>\n<\/h5>\n<div>\n<ul>\n<li>Toutes les variantes de transporteurs sont possibles :\n<ul>\n<li>Transporteurs en porte-\u00e0-faux<\/li>\n<li>Transporteurs en pont<\/li>\n<li>\u00a0Transporteurs suspendus<\/li>\n<\/ul>\n<\/li>\n<li>Syst\u00e8me de pinces de fixation pour circuits imprim\u00e9s ;<\/li>\n<li>Syst\u00e8mes de chargement\/d\u00e9chargement enti\u00e8rement automatiques<\/li>\n<li>Int\u00e9gration de robots multiaxes pour chargement\/d\u00e9chargement automatiques<\/li>\n<\/ul>\n<\/div>\n<p><video src=\"\/wp-content\/uploads\/2024\/01\/stsvideofinal2.mp4\" poster=\"\"><\/video><\/p>\n<hr>\n<hr>\n<hr>\n<h1>\n<h2 style=\"text-align: center;\">Une demande sp\u00e9cifique ? Parlons-en.<\/h2>\n<\/h1>\n<div>\n<p class=\"p1\">Nous accompagnons les entreprises dans la cr\u00e9ation de leurs \u00e9quipements de production depuis 1975. Nos sp\u00e9cialistes sauront vous conseiller au mieux afin de cr\u00e9er la machine qu\u2019il vous faut pour les ann\u00e9es \u00e0 venir.<\/p>\n<\/div>\n<p>\n    <a href=\"\/contact\/\">contactez-nous<\/a>\n<\/p>\n<p><!--more--><br \/>\n<!-- {\"type\":\"layout\",\"children\":[{\"type\":\"section\",\"props\":{\"height\":\"section\",\"height_offset_top\":true,\"image\":\"wp-content\\\/uploads\\\/2022\\\/05\\\/DSC05124.png\",\"image_position\":\"center-center\",\"image_size\":\"width-1-1\",\"media_overlay\":\"rgba(0, 0, 0, 0.4)\",\"style\":\"default\",\"title_breakpoint\":\"xl\",\"title_position\":\"top-left\",\"title_rotation\":\"left\",\"vertical_align\":\"middle\",\"width\":\"default\"},\"children\":[{\"type\":\"row\",\"children\":[{\"type\":\"column\",\"props\":{\"image_position\":\"center-center\",\"position_sticky_breakpoint\":\"m\"},\"children\":[{\"type\":\"headline\",\"props\":{\"content\":\"\n\n<p><strong>Installation Automatique<\\\/strong><\\\/p>\",\"text_align\":\"center\",\"title_color\":\"warning\",\"title_element\":\"h1\",\"visibility\":\"m\"}},{\"type\":\"headline\",\"props\":{\"content\":\"\n\n<p><strong>Installation Automatique<\\\/strong><\\\/p>\",\"text_align\":\"center\",\"title_color\":\"warning\",\"title_element\":\"h3\",\"visibility\":\"hidden-m\"}}]}]}],\"name\":\"HEADER PAGE SECONDAIRE\"},{\"type\":\"section\",\"props\":{\"image_position\":\"center-center\",\"padding\":\"small\",\"padding_remove_top\":false,\"style\":\"default\",\"title_breakpoint\":\"xl\",\"title_position\":\"top-left\",\"title_rotation\":\"left\",\"vertical_align\":\"middle\",\"width\":\"default\"},\"children\":[{\"type\":\"row\",\"children\":[{\"type\":\"column\",\"props\":{\"image_position\":\"center-center\",\"position_sticky_breakpoint\":\"m\"},\"children\":[{\"type\":\"headline\",\"props\":{\"content\":\"\n\n<p>Installations de traitements de surfaces automatiques<\\\/p>\",\"text_align\":\"left\",\"title_element\":\"h2\",\"title_style\":\"h2\"}}]}]},{\"type\":\"row\",\"children\":[{\"type\":\"column\",\"props\":{\"image_position\":\"center-center\",\"position_sticky_breakpoint\":\"m\"},\"children\":[{\"type\":\"headline\",\"props\":{\"content\":\"\n\n<p>Installations de traitements de surfaces automatiques<\\\/p>\\n\n\n<ul><\\\/ul>\",\"text_align\":\"left\",\"title_element\":\"h5\",\"title_style\":\"h4\"}},{\"type\":\"text\",\"props\":{\"column_breakpoint\":\"m\",\"content\":\"\n\n<p>STS Industrie SA planifie et r\\u00e9alise des installations de traitements de surfaces totalement automatiques sur mesure dans le domaine de la galvanoplastie.<br \\\/>Nous travaillons en partenariat avec nos clients pour r\\u00e9aliser des solutions modulaires, \\u00e9volutives et parfaitement adapt\\u00e9es aux exigences des produits et de la chimie : g\\u00e9om\\u00e9trie des bains, \\u00e9quipements, automate programmable, visualisation et software.<\\\/p>\\n\n\n<p>Notre logiciel de supervision vous permet de ma\\u00eetriser chaque param\\u00e8tre de votre installation :<\\\/p>\\n\n\n<ul>\\n\n\n<li>Temps de traitements<\\\/li>\\n\n\n<li>Visualisation de chaque param\\u00e8tre des bains<\\\/li>\\n\n\n<li>Suivi de production<\\\/li>\\n\n\n<li>Protocoles de production<\\\/li>\\n\n\n<li>Exportation des donn\\u00e9es<\\\/li>\\n\n\n<li>Importation des donn\\u00e9es de production<\\\/li>\\n\n\n<li>Suivi, maintenance et analyse des bains<\\\/li>\\n<\\\/ul>\\n\n\n<p><em>Pour de plus amples informations,<span>\\u00a0<\\\/span><a href=\\\"https:\\\/\\\/www.stsindustrie.com\\\/fr\\\/process-automation-software-fr\\\/\\\">visitez la page automation\\\/software<\\\/a><\\\/em><\\\/p>\",\"margin\":\"default\",\"text_align\":\"left\"}},{\"type\":\"headline\",\"props\":{\"content\":\"\n\n<p>Comp\\u00e9tences sp\\u00e9cifiques d\\u2019une ligne automatique<\\\/p>\\n\n\n<ul><\\\/ul>\",\"text_align\":\"left\",\"title_element\":\"h5\",\"title_style\":\"h4\"}},{\"type\":\"text\",\"props\":{\"column_breakpoint\":\"m\",\"content\":\"\n\n<ul>\\n\n\n<li>Toutes les variantes de transporteurs sont possibles :\\n\n\n<ul>\\n\n\n<li>Transporteurs en porte-\\u00e0-faux<\\\/li>\\n\n\n<li>Transporteurs en pont<\\\/li>\\n\n\n<li>\\u00a0Transporteurs suspendus<\\\/li>\\n<\\\/ul>\\n<\\\/li>\\n\n\n<li>Syst\\u00e8me de pinces de fixation pour circuits imprim\\u00e9s ;<\\\/li>\\n\n\n<li>Syst\\u00e8mes de chargement\\\/d\\u00e9chargement enti\\u00e8rement automatiques<\\\/li>\\n\n\n<li>Int\\u00e9gration de robots multiaxes pour chargement\\\/d\\u00e9chargement automatiques<\\\/li>\\n<\\\/ul>\\n\n\n<p><\\\/p>\",\"margin\":\"default\",\"text_align\":\"left\"}}]}]},{\"type\":\"row\",\"children\":[{\"type\":\"column\",\"props\":{\"image_position\":\"center-center\",\"position_sticky_breakpoint\":\"m\"},\"children\":[{\"type\":\"video\",\"props\":{\"margin\":\"default\",\"video\":\"wp-content\\\/uploads\\\/2024\\\/01\\\/stsvideofinal2.mp4\",\"video_controls\":true}}]}]}],\"modified\":\"2022-03-02T13:55:47.959Z\",\"name\":\"texte avec puce\"},{\"type\":\"section\",\"props\":{\"image\":\"wp-content\\\/uploads\\\/2022\\\/06\\\/DSC08646.jpg\",\"image_effect\":\"fixed\",\"image_position\":\"center-center\",\"media_overlay\":\"rgba(0, 0, 0, 0.25)\",\"style\":\"default\",\"title_breakpoint\":\"xl\",\"title_position\":\"top-left\",\"title_rotation\":\"left\",\"vertical_align\":\"middle\",\"width\":\"default\"},\"children\":[{\"type\":\"row\",\"children\":[{\"type\":\"column\",\"props\":{\"image_position\":\"center-center\",\"position_sticky_breakpoint\":\"m\"},\"children\":[{\"type\":\"divider\",\"props\":{\"divider_element\":\"hr\",\"divider_style\":\"vertical\"}},{\"type\":\"divider\",\"props\":{\"divider_element\":\"hr\",\"divider_style\":\"vertical\"}}]}]}]},{\"type\":\"section\",\"props\":{\"image_position\":\"center-center\",\"style\":\"default\",\"title_breakpoint\":\"xl\",\"title_position\":\"top-left\",\"title_rotation\":\"left\",\"vertical_align\":\"middle\",\"width\":\"default\"},\"children\":[{\"type\":\"row\",\"children\":[{\"type\":\"column\",\"props\":{\"image_position\":\"center-center\",\"position_sticky_breakpoint\":\"m\"},\"children\":[{\"type\":\"divider\",\"props\":{\"divider_element\":\"hr\",\"divider_style\":\"icon\"}},{\"type\":\"headline\",\"props\":{\"content\":\"\n\n<h2 style=\\\"text-align: center;\\\">Une demande sp\\u00e9cifique ? Parlons-en.<\\\/h2>\",\"text_align\":\"center\",\"title_element\":\"h1\"}},{\"type\":\"text\",\"props\":{\"column_breakpoint\":\"m\",\"content\":\"\n\n<p class=\\\"p1\\\">Nous accompagnons les entreprises dans la cr\\u00e9ation de leurs \\u00e9quipements de production depuis 1975. Nos sp\\u00e9cialistes sauront vous conseiller au mieux afin de cr\\u00e9er la machine qu\\u2019il vous faut pour les ann\\u00e9es \\u00e0 venir.<\\\/p>\",\"margin\":\"default\",\"text_align\":\"center\"}},{\"type\":\"button\",\"props\":{\"grid_column_gap\":\"small\",\"grid_row_gap\":\"small\",\"margin\":\"default\",\"text_align\":\"center\"},\"children\":[{\"type\":\"button_item\",\"props\":{\"button_style\":\"default\",\"content\":\"contactez-nous\",\"icon_align\":\"left\",\"link\":\"contact\\\/\"}}]}]}]}],\"name\":\"call to action contact final\"}],\"version\":\"4.3.3\"} --><\/p>\n","protected":false},"excerpt":{"rendered":"<p>Installation Automatique Installation Automatique Installations de traitements de surfaces automatiques Installations de traitements de surfaces automatiques STS Industrie SA planifie et r\u00e9alise des installations de traitements de surfaces totalement automatiques sur mesure dans le domaine de la galvanoplastie.Nous travaillons en partenariat avec nos clients pour r\u00e9aliser des solutions modulaires, \u00e9volutives et parfaitement adapt\u00e9es aux exigences [&hellip;]<\/p>\n","protected":false},"author":6,"featured_media":0,"parent":1226,"menu_order":0,"comment_status":"closed","ping_status":"closed","template":"","meta":{"footnotes":""},"class_list":["post-1253","page","type-page","status-publish","hentry"],"yoast_head":"<!-- This site is optimized with the Yoast SEO plugin v27.3 - https:\/\/yoast.com\/product\/yoast-seo-wordpress\/ -->\n<title>- Automatique - stsindustrie.com<\/title>\n<meta name=\"robots\" content=\"index, follow, max-snippet:-1, max-image-preview:large, max-video-preview:-1\" \/>\n<link rel=\"canonical\" href=\"https:\/\/stsindustrie.com\/de\/installations-et-services\/installations\/standard\/automatique\/\" \/>\n<meta property=\"og:locale\" content=\"de_DE\" \/>\n<meta property=\"og:type\" content=\"article\" \/>\n<meta property=\"og:title\" content=\"- Automatique - stsindustrie.com\" \/>\n<meta property=\"og:description\" content=\"Installation Automatique Installation Automatique Installations de traitements de surfaces automatiques Installations de traitements de surfaces automatiques STS Industrie SA planifie et r\u00e9alise des installations de traitements de surfaces totalement automatiques sur mesure dans le domaine de la galvanoplastie.Nous travaillons en partenariat avec nos clients pour r\u00e9aliser des solutions modulaires, \u00e9volutives et parfaitement adapt\u00e9es aux exigences [&hellip;]\" \/>\n<meta property=\"og:url\" content=\"https:\/\/stsindustrie.com\/de\/installations-et-services\/installations\/standard\/automatique\/\" \/>\n<meta property=\"og:site_name\" content=\"stsindustrie.com\" \/>\n<meta property=\"article:modified_time\" content=\"2024-04-05T14:34:47+00:00\" \/>\n<meta name=\"twitter:card\" content=\"summary_large_image\" \/>\n<script type=\"application\/ld+json\" class=\"yoast-schema-graph\">{\"@context\":\"https:\\\/\\\/schema.org\",\"@graph\":[{\"@type\":\"WebPage\",\"@id\":\"https:\\\/\\\/stsindustrie.com\\\/installations-et-services\\\/installations\\\/standard\\\/automatique\\\/\",\"url\":\"https:\\\/\\\/stsindustrie.com\\\/installations-et-services\\\/installations\\\/standard\\\/automatique\\\/\",\"name\":\"- Automatique - stsindustrie.com\",\"isPartOf\":{\"@id\":\"https:\\\/\\\/stsindustrie.com\\\/#website\"},\"datePublished\":\"2022-10-05T17:12:31+00:00\",\"dateModified\":\"2024-04-05T14:34:47+00:00\",\"breadcrumb\":{\"@id\":\"https:\\\/\\\/stsindustrie.com\\\/installations-et-services\\\/installations\\\/standard\\\/automatique\\\/#breadcrumb\"},\"inLanguage\":\"de\",\"potentialAction\":[{\"@type\":\"ReadAction\",\"target\":[\"https:\\\/\\\/stsindustrie.com\\\/installations-et-services\\\/installations\\\/standard\\\/automatique\\\/\"]}]},{\"@type\":\"BreadcrumbList\",\"@id\":\"https:\\\/\\\/stsindustrie.com\\\/installations-et-services\\\/installations\\\/standard\\\/automatique\\\/#breadcrumb\",\"itemListElement\":[{\"@type\":\"ListItem\",\"position\":1,\"name\":\"Accueil\",\"item\":\"https:\\\/\\\/stsindustrie.com\\\/\"},{\"@type\":\"ListItem\",\"position\":2,\"name\":\"Installations et services\",\"item\":\"https:\\\/\\\/stsindustrie.com\\\/installations-et-services\\\/\"},{\"@type\":\"ListItem\",\"position\":3,\"name\":\"Installations\",\"item\":\"https:\\\/\\\/stsindustrie.com\\\/installations-et-services\\\/installations\\\/\"},{\"@type\":\"ListItem\",\"position\":4,\"name\":\"Standard\",\"item\":\"https:\\\/\\\/stsindustrie.com\\\/installations-et-services\\\/installations\\\/standard\\\/\"},{\"@type\":\"ListItem\",\"position\":5,\"name\":\"&#8211; Automatique\"}]},{\"@type\":\"WebSite\",\"@id\":\"https:\\\/\\\/stsindustrie.com\\\/#website\",\"url\":\"https:\\\/\\\/stsindustrie.com\\\/\",\"name\":\"stsindustrie.com\",\"description\":\"\",\"publisher\":{\"@id\":\"https:\\\/\\\/stsindustrie.com\\\/#organization\"},\"potentialAction\":[{\"@type\":\"SearchAction\",\"target\":{\"@type\":\"EntryPoint\",\"urlTemplate\":\"https:\\\/\\\/stsindustrie.com\\\/?s={search_term_string}\"},\"query-input\":{\"@type\":\"PropertyValueSpecification\",\"valueRequired\":true,\"valueName\":\"search_term_string\"}}],\"inLanguage\":\"de\"},{\"@type\":\"Organization\",\"@id\":\"https:\\\/\\\/stsindustrie.com\\\/#organization\",\"name\":\"STS Industrie SA\",\"url\":\"https:\\\/\\\/stsindustrie.com\\\/\",\"logo\":{\"@type\":\"ImageObject\",\"inLanguage\":\"de\",\"@id\":\"https:\\\/\\\/stsindustrie.com\\\/#\\\/schema\\\/logo\\\/image\\\/\",\"url\":\"https:\\\/\\\/stsindustrie.com\\\/wp-content\\\/uploads\\\/2022\\\/02\\\/logoflavicon.png\",\"contentUrl\":\"https:\\\/\\\/stsindustrie.com\\\/wp-content\\\/uploads\\\/2022\\\/02\\\/logoflavicon.png\",\"width\":150,\"height\":150,\"caption\":\"STS Industrie SA\"},\"image\":{\"@id\":\"https:\\\/\\\/stsindustrie.com\\\/#\\\/schema\\\/logo\\\/image\\\/\"},\"sameAs\":[\"https:\\\/\\\/www.linkedin.com\\\/company\\\/sts-industrie-sa\\\/\"]}]}<\/script>\n<!-- \/ Yoast SEO plugin. -->","yoast_head_json":{"title":"- Automatique - stsindustrie.com","robots":{"index":"index","follow":"follow","max-snippet":"max-snippet:-1","max-image-preview":"max-image-preview:large","max-video-preview":"max-video-preview:-1"},"canonical":"https:\/\/stsindustrie.com\/de\/installations-et-services\/installations\/standard\/automatique\/","og_locale":"de_DE","og_type":"article","og_title":"- Automatique - stsindustrie.com","og_description":"Installation Automatique Installation Automatique Installations de traitements de surfaces automatiques Installations de traitements de surfaces automatiques STS Industrie SA planifie et r\u00e9alise des installations de traitements de surfaces totalement automatiques sur mesure dans le domaine de la galvanoplastie.Nous travaillons en partenariat avec nos clients pour r\u00e9aliser des solutions modulaires, \u00e9volutives et parfaitement adapt\u00e9es aux exigences [&hellip;]","og_url":"https:\/\/stsindustrie.com\/de\/installations-et-services\/installations\/standard\/automatique\/","og_site_name":"stsindustrie.com","article_modified_time":"2024-04-05T14:34:47+00:00","twitter_card":"summary_large_image","schema":{"@context":"https:\/\/schema.org","@graph":[{"@type":"WebPage","@id":"https:\/\/stsindustrie.com\/installations-et-services\/installations\/standard\/automatique\/","url":"https:\/\/stsindustrie.com\/installations-et-services\/installations\/standard\/automatique\/","name":"- Automatique - stsindustrie.com","isPartOf":{"@id":"https:\/\/stsindustrie.com\/#website"},"datePublished":"2022-10-05T17:12:31+00:00","dateModified":"2024-04-05T14:34:47+00:00","breadcrumb":{"@id":"https:\/\/stsindustrie.com\/installations-et-services\/installations\/standard\/automatique\/#breadcrumb"},"inLanguage":"de","potentialAction":[{"@type":"ReadAction","target":["https:\/\/stsindustrie.com\/installations-et-services\/installations\/standard\/automatique\/"]}]},{"@type":"BreadcrumbList","@id":"https:\/\/stsindustrie.com\/installations-et-services\/installations\/standard\/automatique\/#breadcrumb","itemListElement":[{"@type":"ListItem","position":1,"name":"Accueil","item":"https:\/\/stsindustrie.com\/"},{"@type":"ListItem","position":2,"name":"Installations et services","item":"https:\/\/stsindustrie.com\/installations-et-services\/"},{"@type":"ListItem","position":3,"name":"Installations","item":"https:\/\/stsindustrie.com\/installations-et-services\/installations\/"},{"@type":"ListItem","position":4,"name":"Standard","item":"https:\/\/stsindustrie.com\/installations-et-services\/installations\/standard\/"},{"@type":"ListItem","position":5,"name":"&#8211; Automatique"}]},{"@type":"WebSite","@id":"https:\/\/stsindustrie.com\/#website","url":"https:\/\/stsindustrie.com\/","name":"stsindustrie.com","description":"","publisher":{"@id":"https:\/\/stsindustrie.com\/#organization"},"potentialAction":[{"@type":"SearchAction","target":{"@type":"EntryPoint","urlTemplate":"https:\/\/stsindustrie.com\/?s={search_term_string}"},"query-input":{"@type":"PropertyValueSpecification","valueRequired":true,"valueName":"search_term_string"}}],"inLanguage":"de"},{"@type":"Organization","@id":"https:\/\/stsindustrie.com\/#organization","name":"STS Industrie AG","url":"https:\/\/stsindustrie.com\/","logo":{"@type":"ImageObject","inLanguage":"de","@id":"https:\/\/stsindustrie.com\/#\/schema\/logo\/image\/","url":"https:\/\/stsindustrie.com\/wp-content\/uploads\/2022\/02\/logoflavicon.png","contentUrl":"https:\/\/stsindustrie.com\/wp-content\/uploads\/2022\/02\/logoflavicon.png","width":150,"height":150,"caption":"STS Industrie SA"},"image":{"@id":"https:\/\/stsindustrie.com\/#\/schema\/logo\/image\/"},"sameAs":["https:\/\/www.linkedin.com\/company\/sts-industrie-sa\/"]}]}},"_links":{"self":[{"href":"https:\/\/stsindustrie.com\/de\/wp-json\/wp\/v2\/pages\/1253","targetHints":{"allow":["GET"]}}],"collection":[{"href":"https:\/\/stsindustrie.com\/de\/wp-json\/wp\/v2\/pages"}],"about":[{"href":"https:\/\/stsindustrie.com\/de\/wp-json\/wp\/v2\/types\/page"}],"author":[{"embeddable":true,"href":"https:\/\/stsindustrie.com\/de\/wp-json\/wp\/v2\/users\/6"}],"replies":[{"embeddable":true,"href":"https:\/\/stsindustrie.com\/de\/wp-json\/wp\/v2\/comments?post=1253"}],"version-history":[{"count":14,"href":"https:\/\/stsindustrie.com\/de\/wp-json\/wp\/v2\/pages\/1253\/revisions"}],"predecessor-version":[{"id":2157,"href":"https:\/\/stsindustrie.com\/de\/wp-json\/wp\/v2\/pages\/1253\/revisions\/2157"}],"up":[{"embeddable":true,"href":"https:\/\/stsindustrie.com\/de\/wp-json\/wp\/v2\/pages\/1226"}],"wp:attachment":[{"href":"https:\/\/stsindustrie.com\/de\/wp-json\/wp\/v2\/media?parent=1253"}],"curies":[{"name":"wp","href":"https:\/\/api.w.org\/{rel}","templated":true}]}}