{"id":1217,"date":"2022-10-05T18:34:13","date_gmt":"2022-10-05T16:34:13","guid":{"rendered":"https:\/\/new-stsindustrie.com\/?page_id=1217"},"modified":"2024-04-05T16:20:47","modified_gmt":"2024-04-05T14:20:47","slug":"osciline","status":"publish","type":"page","link":"https:\/\/stsindustrie.com\/de\/installations-et-services\/installations\/osciline\/","title":{"rendered":"OSCILINE\u00ae"},"content":{"rendered":"<h1>\n<p><strong>OSCILINE<sup>\u00ae<\/sup><\/strong><\/p>\n<\/h1>\n<h2>\n<p>OSCILINE<sup>\u00ae<\/sup>\u00a0pour une meilleure efficacit\u00e9 en traitements de surfaces<\/p>\n<\/h2>\n<h5>\n<p>Avantages de la technologie <span>OSCILINE<\/span><sup>\u00ae<\/sup><\/p>\n<ul><\/ul>\n<\/h5>\n<div>\n<p class=\"bodytext\">La technologie Osciline<sup><span>\u00ae<\/span><\/sup><span>\u00a0<\/span>\u00e9conomise de la place et de l\u2018eau sans r\u00e9duire la productivit\u00e9. Elle permet d\u2018obtenir des r\u00e9sultats de rin\u00e7age optimums avec des cascades triples, sans sacrifier de l\u2019espace de production.<\/p>\n<p class=\"p1\">Les rin\u00e7ages, peuvent \u00eatre adapt\u00e9s:<\/p>\n<ul>\n<li class=\"p1\">Rin\u00e7ages cascade<\/li>\n<li class=\"p1\">Rin\u00e7age mort et rin\u00e7age cascade<\/li>\n<li class=\"p1\">et sur mesure<\/li>\n<\/ul>\n<p class=\"bodytext\">Sur un automate de galvano OSCILINE, les cuves sont r\u00e9parties sur 2 niveaux; les bains actifs sont situ\u00e9s au niveau sup\u00e9rieur. Chaque bain actif est suivi d\u2018une cuve de rin\u00e7age \u00e0 transfert de bain. Les r\u00e9servoirs pour la cascade triple sont situ\u00e9s \u00e0 l\u2018\u00e9tage inf\u00e9rieur. L\u2018eau de rin\u00e7age circule d\u2018un \u00e9tage \u00e0 l\u2018autre par l\u2019interm\u00e9diaire d\u2018une pompe de transfert \u00e0 haut d\u00e9bit. Temps de transfert moyen: 30 \u00e0 45 secondes.<\/p>\n<p class=\"bodytext\">La r\u00e9partition des cuves sur 2 niveaux s\u00e9par\u00e9s permet d\u2019int\u00e9grer plus de bains actifs dans une ligne de production, sans avoir \u00e0 utiliser d\u2019espace suppl\u00e9mentaire. Les produits sont transport\u00e9s de bain en bain avec un transporteur en porte-\u00e0-faux ou en pont.<\/p>\n<p class=\"bodytext\">Ce type de machine est adapt\u00e9 pour des pi\u00e8ces transport\u00e9es par des unit\u00e9s de vibration VIBARREL<sup>\u00ae<\/sup>, des bouclards, des petits paniers ou des tonneaux.\u00a0<\/p>\n<\/div>\n<p><img decoding=\"async\" src=\"\/wp-content\/uploads\/2022\/09\/Capture-de%CC%81cran-2022-09-29-a%CC%80-15.46.25-scaled.jpg\" alt=\"\"><br \/>\n<img decoding=\"async\" src=\"\/wp-content\/uploads\/2022\/09\/Capture-de%CC%81cran-2022-09-29-a%CC%80-15.46-scaled.jpeg\" alt=\"\"><br \/>\n<img decoding=\"async\" src=\"\/wp-content\/uploads\/2022\/10\/Cuves_Br-1024x288-1.png\" alt=\"\"><br \/>\n<img decoding=\"async\" src=\"\/wp-content\/uploads\/2024\/03\/DJI_0667-scaled.jpg\" alt=\"\"><br \/>\n<img decoding=\"async\" src=\"\/wp-content\/uploads\/2023\/08\/Harting08718.jpg\" alt=\"\"><br \/>\n<img decoding=\"async\" src=\"\/wp-content\/uploads\/2024\/03\/DSC00373.jpg\" alt=\"\"><br \/>\n<img decoding=\"async\" src=\"\/wp-content\/uploads\/2023\/08\/Harting08648.jpg\" alt=\"\"><br \/>\n<video src=\"\/wp-content\/uploads\/2022\/06\/stsoscilineentier.mp4\" poster=\"\"><\/video><\/p>\n<hr>\n<h1>\n<h2 style=\"text-align: center;\">Une demande sp\u00e9cifique ? Parlons-en.<\/h2>\n<\/h1>\n<div>\n<p class=\"p1\">Nous accompagnons les entreprises dans la cr\u00e9ation de leurs \u00e9quipements de production depuis 1975. Nos sp\u00e9cialistes sauront vous conseiller au mieux afin de cr\u00e9er la machine qu\u2019il vous faut pour les ann\u00e9es \u00e0 venir.<\/p>\n<\/div>\n<p>\n    <a href=\"\/contact\/\">contactez-nous<\/a>\n<\/p>\n<p><!--more--><br \/>\n<!-- {\"type\":\"layout\",\"children\":[{\"type\":\"section\",\"props\":{\"height\":\"section\",\"height_offset_top\":true,\"image\":\"wp-content\\\/uploads\\\/2022\\\/05\\\/DSC05124.png\",\"image_position\":\"center-center\",\"image_size\":\"width-1-1\",\"media_overlay\":\"rgba(0, 0, 0, 0.4)\",\"style\":\"default\",\"title_breakpoint\":\"xl\",\"title_position\":\"top-left\",\"title_rotation\":\"left\",\"vertical_align\":\"middle\",\"width\":\"default\"},\"children\":[{\"type\":\"row\",\"children\":[{\"type\":\"column\",\"props\":{\"image_position\":\"center-center\",\"position_sticky_breakpoint\":\"m\"},\"children\":[{\"type\":\"headline\",\"props\":{\"content\":\"\n\n<p><strong>OSCILINE<sup>\\u00ae<\\\/sup><\\\/strong><\\\/p>\",\"text_align\":\"center\",\"title_color\":\"warning\",\"title_element\":\"h1\"}}]}]}],\"name\":\"HEADER PAGE SECONDAIRE\"},{\"type\":\"section\",\"props\":{\"image_position\":\"center-center\",\"padding\":\"small\",\"padding_remove_top\":false,\"style\":\"default\",\"title_breakpoint\":\"xl\",\"title_position\":\"top-left\",\"title_rotation\":\"left\",\"vertical_align\":\"middle\",\"width\":\"default\"},\"children\":[{\"type\":\"row\",\"children\":[{\"type\":\"column\",\"props\":{\"image_position\":\"center-center\",\"position_sticky_breakpoint\":\"m\"},\"children\":[{\"type\":\"headline\",\"props\":{\"content\":\"\n\n<p>OSCILINE<sup>\\u00ae<\\\/sup>\\u00a0pour une meilleure efficacit\\u00e9 en traitements de surfaces<\\\/p>\",\"text_align\":\"left\",\"title_element\":\"h2\",\"title_style\":\"h2\"}}]}]},{\"type\":\"row\",\"children\":[{\"type\":\"column\",\"props\":{\"image_position\":\"center-center\",\"position_sticky_breakpoint\":\"m\",\"width_medium\":\"2-3\"},\"children\":[{\"type\":\"headline\",\"props\":{\"content\":\"\n\n<p>Avantages de la technologie <span>OSCILINE<\\\/span><sup>\\u00ae<\\\/sup><\\\/p>\\n\n\n<ul><\\\/ul>\",\"text_align\":\"left\",\"title_element\":\"h5\",\"title_style\":\"h4\"}},{\"type\":\"text\",\"props\":{\"column_breakpoint\":\"m\",\"content\":\"\n\n<p class=\\\"bodytext\\\">La technologie Osciline<sup><span>\\u00ae<\\\/span><\\\/sup><span>\\u00a0<\\\/span>\\u00e9conomise de la place et de l\\u2018eau sans r\\u00e9duire la productivit\\u00e9. Elle permet d\\u2018obtenir des r\\u00e9sultats de rin\\u00e7age optimums avec des cascades triples, sans sacrifier de l\\u2019espace de production.<\\\/p>\\n\n\n<p class=\\\"p1\\\">Les rin\\u00e7ages, peuvent \\u00eatre adapt\\u00e9s:<\\\/p>\\n\n\n<ul>\\n\n\n<li class=\\\"p1\\\">Rin\\u00e7ages cascade<\\\/li>\\n\n\n<li class=\\\"p1\\\">Rin\\u00e7age mort et rin\\u00e7age cascade<\\\/li>\\n\n\n<li class=\\\"p1\\\">et sur mesure<\\\/li>\\n<\\\/ul>\\n\n\n<p class=\\\"bodytext\\\">Sur un automate de galvano OSCILINE, les cuves sont r\\u00e9parties sur 2 niveaux; les bains actifs sont situ\\u00e9s au niveau sup\\u00e9rieur. Chaque bain actif est suivi d\\u2018une cuve de rin\\u00e7age \\u00e0 transfert de bain. Les r\\u00e9servoirs pour la cascade triple sont situ\\u00e9s \\u00e0 l\\u2018\\u00e9tage inf\\u00e9rieur. L\\u2018eau de rin\\u00e7age circule d\\u2018un \\u00e9tage \\u00e0 l\\u2018autre par l\\u2019interm\\u00e9diaire d\\u2018une pompe de transfert \\u00e0 haut d\\u00e9bit. Temps de transfert moyen: 30 \\u00e0 45 secondes.<\\\/p>\\n\n\n<p class=\\\"bodytext\\\">La r\\u00e9partition des cuves sur 2 niveaux s\\u00e9par\\u00e9s permet d\\u2019int\\u00e9grer plus de bains actifs dans une ligne de production, sans avoir \\u00e0 utiliser d\\u2019espace suppl\\u00e9mentaire. Les produits sont transport\\u00e9s de bain en bain avec un transporteur en porte-\\u00e0-faux ou en pont.<\\\/p>\\n\n\n<p class=\\\"bodytext\\\">Ce type de machine est adapt\\u00e9 pour des pi\\u00e8ces transport\\u00e9es par des unit\\u00e9s de vibration VIBARREL<sup>\\u00ae<\\\/sup>, des bouclards, des petits paniers ou des tonneaux.\\u00a0<\\\/p>\",\"margin\":\"default\",\"text_align\":\"left\"}}]},{\"type\":\"column\",\"props\":{\"image_position\":\"center-center\",\"position_sticky_breakpoint\":\"m\",\"width_medium\":\"1-3\"},\"children\":[{\"type\":\"image\",\"props\":{\"image\":\"wp-content\\\/uploads\\\/2022\\\/09\\\/Capture-de\\u0301cran-2022-09-29-a\\u0300-15.46.25-scaled.jpg\",\"image_svg_color\":\"emphasis\",\"margin\":\"default\"}},{\"type\":\"image\",\"props\":{\"image\":\"wp-content\\\/uploads\\\/2022\\\/09\\\/Capture-de\\u0301cran-2022-09-29-a\\u0300-15.46-scaled.jpeg\",\"image_svg_color\":\"emphasis\",\"margin\":\"default\"}},{\"type\":\"image\",\"props\":{\"image\":\"wp-content\\\/uploads\\\/2022\\\/10\\\/Cuves_Br-1024x288-1.png\",\"image_svg_color\":\"emphasis\",\"margin\":\"default\"}}]}],\"props\":{\"layout\":\"2-3,1-3\"}},{\"type\":\"row\",\"props\":{\"layout\":\"1-2,1-2\"},\"children\":[{\"type\":\"column\",\"props\":{\"image_position\":\"center-center\",\"position_sticky_breakpoint\":\"m\",\"width_medium\":\"1-2\"},\"children\":[{\"type\":\"image\",\"props\":{\"image\":\"wp-content\\\/uploads\\\/2024\\\/03\\\/DJI_0667-scaled.jpg\",\"image_svg_color\":\"emphasis\",\"margin\":\"default\"}},{\"type\":\"image\",\"props\":{\"image\":\"wp-content\\\/uploads\\\/2023\\\/08\\\/Harting08718.jpg\",\"image_svg_color\":\"emphasis\",\"margin\":\"default\"}}]},{\"type\":\"column\",\"props\":{\"image_position\":\"center-center\",\"position_sticky_breakpoint\":\"m\",\"width_medium\":\"1-2\"},\"children\":[{\"type\":\"image\",\"props\":{\"image\":\"wp-content\\\/uploads\\\/2024\\\/03\\\/DSC00373.jpg\",\"image_svg_color\":\"emphasis\",\"margin\":\"default\"}},{\"type\":\"image\",\"props\":{\"image\":\"wp-content\\\/uploads\\\/2023\\\/08\\\/Harting08648.jpg\",\"image_svg_color\":\"emphasis\",\"margin\":\"default\"}}]}]},{\"type\":\"row\",\"children\":[{\"type\":\"column\",\"props\":{\"image_position\":\"center-center\",\"position_sticky_breakpoint\":\"m\"},\"children\":[{\"type\":\"video\",\"props\":{\"margin\":\"default\",\"text_align\":\"center\",\"video\":\"wp-content\\\/uploads\\\/2022\\\/06\\\/stsoscilineentier.mp4\",\"video_controls\":true}}]}]}],\"modified\":\"2022-03-02T13:55:47.959Z\",\"name\":\"texte avec puce\"},{\"type\":\"section\",\"props\":{\"image_position\":\"center-center\",\"style\":\"default\",\"title_breakpoint\":\"xl\",\"title_position\":\"top-left\",\"title_rotation\":\"left\",\"vertical_align\":\"middle\",\"width\":\"default\"},\"children\":[{\"type\":\"row\",\"children\":[{\"type\":\"column\",\"props\":{\"image_position\":\"center-center\",\"position_sticky_breakpoint\":\"m\"},\"children\":[{\"type\":\"divider\",\"props\":{\"divider_element\":\"hr\",\"divider_style\":\"icon\"}},{\"type\":\"headline\",\"props\":{\"content\":\"\n\n<h2 style=\\\"text-align: center;\\\">Une demande sp\\u00e9cifique ? Parlons-en.<\\\/h2>\",\"text_align\":\"center\",\"title_element\":\"h1\"}},{\"type\":\"text\",\"props\":{\"column_breakpoint\":\"m\",\"content\":\"\n\n<p class=\\\"p1\\\">Nous accompagnons les entreprises dans la cr\\u00e9ation de leurs \\u00e9quipements de production depuis 1975. Nos sp\\u00e9cialistes sauront vous conseiller au mieux afin de cr\\u00e9er la machine qu\\u2019il vous faut pour les ann\\u00e9es \\u00e0 venir.<\\\/p>\",\"margin\":\"default\",\"text_align\":\"center\"}},{\"type\":\"button\",\"props\":{\"grid_column_gap\":\"small\",\"grid_row_gap\":\"small\",\"margin\":\"default\",\"text_align\":\"center\"},\"children\":[{\"type\":\"button_item\",\"props\":{\"button_style\":\"default\",\"content\":\"contactez-nous\",\"icon_align\":\"left\",\"link\":\"contact\\\/\"}}]}]}]}],\"name\":\"call to action contact final\"}],\"version\":\"4.3.3\"} --><\/p>\n","protected":false},"excerpt":{"rendered":"<p>OSCILINE\u00ae OSCILINE\u00ae\u00a0pour une meilleure efficacit\u00e9 en traitements de surfaces Avantages de la technologie OSCILINE\u00ae La technologie Osciline\u00ae\u00a0\u00e9conomise de la place et de l\u2018eau sans r\u00e9duire la productivit\u00e9. Elle permet d\u2018obtenir des r\u00e9sultats de rin\u00e7age optimums avec des cascades triples, sans sacrifier de l\u2019espace de production. Les rin\u00e7ages, peuvent \u00eatre adapt\u00e9s: Rin\u00e7ages cascade Rin\u00e7age mort et [&hellip;]<\/p>\n","protected":false},"author":6,"featured_media":0,"parent":396,"menu_order":0,"comment_status":"closed","ping_status":"closed","template":"","meta":{"footnotes":""},"class_list":["post-1217","page","type-page","status-publish","hentry"],"yoast_head":"<!-- This site is optimized with the Yoast SEO plugin v27.3 - https:\/\/yoast.com\/product\/yoast-seo-wordpress\/ -->\n<title>OSCILINE\u00ae - stsindustrie.com<\/title>\n<meta name=\"robots\" content=\"index, follow, max-snippet:-1, max-image-preview:large, max-video-preview:-1\" \/>\n<link rel=\"canonical\" href=\"https:\/\/stsindustrie.com\/de\/installations-et-services\/installations\/osciline\/\" \/>\n<meta property=\"og:locale\" content=\"de_DE\" \/>\n<meta property=\"og:type\" content=\"article\" \/>\n<meta property=\"og:title\" content=\"OSCILINE\u00ae - stsindustrie.com\" \/>\n<meta property=\"og:description\" content=\"OSCILINE\u00ae OSCILINE\u00ae\u00a0pour une meilleure efficacit\u00e9 en traitements de surfaces Avantages de la technologie OSCILINE\u00ae La technologie Osciline\u00ae\u00a0\u00e9conomise de la place et de l\u2018eau sans r\u00e9duire la productivit\u00e9. Elle permet d\u2018obtenir des r\u00e9sultats de rin\u00e7age optimums avec des cascades triples, sans sacrifier de l\u2019espace de production. Les rin\u00e7ages, peuvent \u00eatre adapt\u00e9s: Rin\u00e7ages cascade Rin\u00e7age mort et [&hellip;]\" \/>\n<meta property=\"og:url\" content=\"https:\/\/stsindustrie.com\/de\/installations-et-services\/installations\/osciline\/\" \/>\n<meta property=\"og:site_name\" content=\"stsindustrie.com\" \/>\n<meta property=\"article:modified_time\" content=\"2024-04-05T14:20:47+00:00\" \/>\n<meta name=\"twitter:card\" content=\"summary_large_image\" \/>\n<script type=\"application\/ld+json\" class=\"yoast-schema-graph\">{\"@context\":\"https:\\\/\\\/schema.org\",\"@graph\":[{\"@type\":\"WebPage\",\"@id\":\"https:\\\/\\\/stsindustrie.com\\\/installations-et-services\\\/installations\\\/osciline\\\/\",\"url\":\"https:\\\/\\\/stsindustrie.com\\\/installations-et-services\\\/installations\\\/osciline\\\/\",\"name\":\"OSCILINE\u00ae - stsindustrie.com\",\"isPartOf\":{\"@id\":\"https:\\\/\\\/stsindustrie.com\\\/#website\"},\"datePublished\":\"2022-10-05T16:34:13+00:00\",\"dateModified\":\"2024-04-05T14:20:47+00:00\",\"breadcrumb\":{\"@id\":\"https:\\\/\\\/stsindustrie.com\\\/installations-et-services\\\/installations\\\/osciline\\\/#breadcrumb\"},\"inLanguage\":\"de\",\"potentialAction\":[{\"@type\":\"ReadAction\",\"target\":[\"https:\\\/\\\/stsindustrie.com\\\/installations-et-services\\\/installations\\\/osciline\\\/\"]}]},{\"@type\":\"BreadcrumbList\",\"@id\":\"https:\\\/\\\/stsindustrie.com\\\/installations-et-services\\\/installations\\\/osciline\\\/#breadcrumb\",\"itemListElement\":[{\"@type\":\"ListItem\",\"position\":1,\"name\":\"Accueil\",\"item\":\"https:\\\/\\\/stsindustrie.com\\\/\"},{\"@type\":\"ListItem\",\"position\":2,\"name\":\"Installations et services\",\"item\":\"https:\\\/\\\/stsindustrie.com\\\/installations-et-services\\\/\"},{\"@type\":\"ListItem\",\"position\":3,\"name\":\"Installations\",\"item\":\"https:\\\/\\\/stsindustrie.com\\\/installations-et-services\\\/installations\\\/\"},{\"@type\":\"ListItem\",\"position\":4,\"name\":\"OSCILINE\u00ae\"}]},{\"@type\":\"WebSite\",\"@id\":\"https:\\\/\\\/stsindustrie.com\\\/#website\",\"url\":\"https:\\\/\\\/stsindustrie.com\\\/\",\"name\":\"stsindustrie.com\",\"description\":\"\",\"publisher\":{\"@id\":\"https:\\\/\\\/stsindustrie.com\\\/#organization\"},\"potentialAction\":[{\"@type\":\"SearchAction\",\"target\":{\"@type\":\"EntryPoint\",\"urlTemplate\":\"https:\\\/\\\/stsindustrie.com\\\/?s={search_term_string}\"},\"query-input\":{\"@type\":\"PropertyValueSpecification\",\"valueRequired\":true,\"valueName\":\"search_term_string\"}}],\"inLanguage\":\"de\"},{\"@type\":\"Organization\",\"@id\":\"https:\\\/\\\/stsindustrie.com\\\/#organization\",\"name\":\"STS Industrie SA\",\"url\":\"https:\\\/\\\/stsindustrie.com\\\/\",\"logo\":{\"@type\":\"ImageObject\",\"inLanguage\":\"de\",\"@id\":\"https:\\\/\\\/stsindustrie.com\\\/#\\\/schema\\\/logo\\\/image\\\/\",\"url\":\"https:\\\/\\\/stsindustrie.com\\\/wp-content\\\/uploads\\\/2022\\\/02\\\/logoflavicon.png\",\"contentUrl\":\"https:\\\/\\\/stsindustrie.com\\\/wp-content\\\/uploads\\\/2022\\\/02\\\/logoflavicon.png\",\"width\":150,\"height\":150,\"caption\":\"STS Industrie SA\"},\"image\":{\"@id\":\"https:\\\/\\\/stsindustrie.com\\\/#\\\/schema\\\/logo\\\/image\\\/\"},\"sameAs\":[\"https:\\\/\\\/www.linkedin.com\\\/company\\\/sts-industrie-sa\\\/\"]}]}<\/script>\n<!-- \/ Yoast SEO plugin. -->","yoast_head_json":{"title":"OSCILINE\u00ae - stsindustrie.com","robots":{"index":"index","follow":"follow","max-snippet":"max-snippet:-1","max-image-preview":"max-image-preview:large","max-video-preview":"max-video-preview:-1"},"canonical":"https:\/\/stsindustrie.com\/de\/installations-et-services\/installations\/osciline\/","og_locale":"de_DE","og_type":"article","og_title":"OSCILINE\u00ae - stsindustrie.com","og_description":"OSCILINE\u00ae OSCILINE\u00ae\u00a0pour une meilleure efficacit\u00e9 en traitements de surfaces Avantages de la technologie OSCILINE\u00ae La technologie Osciline\u00ae\u00a0\u00e9conomise de la place et de l\u2018eau sans r\u00e9duire la productivit\u00e9. Elle permet d\u2018obtenir des r\u00e9sultats de rin\u00e7age optimums avec des cascades triples, sans sacrifier de l\u2019espace de production. Les rin\u00e7ages, peuvent \u00eatre adapt\u00e9s: Rin\u00e7ages cascade Rin\u00e7age mort et [&hellip;]","og_url":"https:\/\/stsindustrie.com\/de\/installations-et-services\/installations\/osciline\/","og_site_name":"stsindustrie.com","article_modified_time":"2024-04-05T14:20:47+00:00","twitter_card":"summary_large_image","schema":{"@context":"https:\/\/schema.org","@graph":[{"@type":"WebPage","@id":"https:\/\/stsindustrie.com\/installations-et-services\/installations\/osciline\/","url":"https:\/\/stsindustrie.com\/installations-et-services\/installations\/osciline\/","name":"OSCILINE\u00ae - stsindustrie.com","isPartOf":{"@id":"https:\/\/stsindustrie.com\/#website"},"datePublished":"2022-10-05T16:34:13+00:00","dateModified":"2024-04-05T14:20:47+00:00","breadcrumb":{"@id":"https:\/\/stsindustrie.com\/installations-et-services\/installations\/osciline\/#breadcrumb"},"inLanguage":"de","potentialAction":[{"@type":"ReadAction","target":["https:\/\/stsindustrie.com\/installations-et-services\/installations\/osciline\/"]}]},{"@type":"BreadcrumbList","@id":"https:\/\/stsindustrie.com\/installations-et-services\/installations\/osciline\/#breadcrumb","itemListElement":[{"@type":"ListItem","position":1,"name":"Accueil","item":"https:\/\/stsindustrie.com\/"},{"@type":"ListItem","position":2,"name":"Installations et services","item":"https:\/\/stsindustrie.com\/installations-et-services\/"},{"@type":"ListItem","position":3,"name":"Installations","item":"https:\/\/stsindustrie.com\/installations-et-services\/installations\/"},{"@type":"ListItem","position":4,"name":"OSCILINE\u00ae"}]},{"@type":"WebSite","@id":"https:\/\/stsindustrie.com\/#website","url":"https:\/\/stsindustrie.com\/","name":"stsindustrie.com","description":"","publisher":{"@id":"https:\/\/stsindustrie.com\/#organization"},"potentialAction":[{"@type":"SearchAction","target":{"@type":"EntryPoint","urlTemplate":"https:\/\/stsindustrie.com\/?s={search_term_string}"},"query-input":{"@type":"PropertyValueSpecification","valueRequired":true,"valueName":"search_term_string"}}],"inLanguage":"de"},{"@type":"Organization","@id":"https:\/\/stsindustrie.com\/#organization","name":"STS Industrie AG","url":"https:\/\/stsindustrie.com\/","logo":{"@type":"ImageObject","inLanguage":"de","@id":"https:\/\/stsindustrie.com\/#\/schema\/logo\/image\/","url":"https:\/\/stsindustrie.com\/wp-content\/uploads\/2022\/02\/logoflavicon.png","contentUrl":"https:\/\/stsindustrie.com\/wp-content\/uploads\/2022\/02\/logoflavicon.png","width":150,"height":150,"caption":"STS Industrie SA"},"image":{"@id":"https:\/\/stsindustrie.com\/#\/schema\/logo\/image\/"},"sameAs":["https:\/\/www.linkedin.com\/company\/sts-industrie-sa\/"]}]}},"_links":{"self":[{"href":"https:\/\/stsindustrie.com\/de\/wp-json\/wp\/v2\/pages\/1217","targetHints":{"allow":["GET"]}}],"collection":[{"href":"https:\/\/stsindustrie.com\/de\/wp-json\/wp\/v2\/pages"}],"about":[{"href":"https:\/\/stsindustrie.com\/de\/wp-json\/wp\/v2\/types\/page"}],"author":[{"embeddable":true,"href":"https:\/\/stsindustrie.com\/de\/wp-json\/wp\/v2\/users\/6"}],"replies":[{"embeddable":true,"href":"https:\/\/stsindustrie.com\/de\/wp-json\/wp\/v2\/comments?post=1217"}],"version-history":[{"count":14,"href":"https:\/\/stsindustrie.com\/de\/wp-json\/wp\/v2\/pages\/1217\/revisions"}],"predecessor-version":[{"id":2148,"href":"https:\/\/stsindustrie.com\/de\/wp-json\/wp\/v2\/pages\/1217\/revisions\/2148"}],"up":[{"embeddable":true,"href":"https:\/\/stsindustrie.com\/de\/wp-json\/wp\/v2\/pages\/396"}],"wp:attachment":[{"href":"https:\/\/stsindustrie.com\/de\/wp-json\/wp\/v2\/media?parent=1217"}],"curies":[{"name":"wp","href":"https:\/\/api.w.org\/{rel}","templated":true}]}}