{"id":1183,"date":"2022-09-29T16:47:34","date_gmt":"2022-09-29T14:47:34","guid":{"rendered":"https:\/\/new-stsindustrie.com\/?page_id=1183"},"modified":"2024-04-05T17:21:56","modified_gmt":"2024-04-05T15:21:56","slug":"weber-ultrasonics","status":"publish","type":"page","link":"https:\/\/stsindustrie.com\/de\/produits\/weber-ultrasonics\/","title":{"rendered":"WEBER ULTRASONICS"},"content":{"rendered":"<h1>\n<p>WEBER ULTRASONICS<\/p>\n<\/h1>\n<h2>\n<h2 class=\"jeremy\">Applications ultrasons<\/h2>\n<\/h2>\n<h5>\n<p>STS Industrie SA distribue la technologie Weber Ultrasonics en Suisse<\/p>\n<\/h5>\n<div>\n<ul>\n<li>Weber Ultrasonics compte parmi les grands constructeurs mondiaux de syst\u00e8mes pour le nettoyage industriel de pi\u00e8ces par ultrasons, le soudage aux ultrasons et les applications sp\u00e9ciales.<\/li>\n<li>Les produits sont d\u00e9velopp\u00e9s et fabriqu\u00e9s selon la norme EN ISO 9001:2008.<\/li>\n<li>Que ce soit pour une application classique ou des applications sp\u00e9ciales, la gamme de produits compl\u00e8te, le savoir-faire et les conseils adapt\u00e9s \u00e0 chaque branche d\u2019activit\u00e9 sont les garants de la satisfaction de nos clients.<\/li>\n<li>Vous trouverez des informations d\u00e9taill\u00e9es sur Weber Ultrasonics par ce lien:\u00a0<a href=\"http:\/\/www.weber-ultrasonics.de\/\" target=\"_blank\" rel=\"noopener\">www.weber-ultrasonics.de<\/a>.<\/li>\n<\/ul>\n<\/div>\n<h5>\n<h4>La technologie des ultrasons \u2013 aper\u00e7u de la gamme des produits<\/h4>\n<ul><\/ul>\n<\/h5>\n<div>\n<ul>\n<li><strong>SONOPUSH MONO<sup>\u00ae<\/sup>:<\/strong>\u00a0transducteur tubulaire \u00e0 long\u00e9vit\u00e9 maximale gr\u00e2ce \u00e0 un tube r\u00e9sonateur plein en alliage sp\u00e9cial de titane. Champ ultrasonore tr\u00e8s homog\u00e8ne gr\u00e2ce au rayonnement circulaire; encombrement tr\u00e8s faible; rendement \u00e9lev\u00e9 de plus de 95 %; disponible pour les fr\u00e9quences 25, 30 et 40 kHz. Les transducteurs tubulaires Sonopush sont particuli\u00e8rment indiqu\u00e9s pour remplacer des installations existantes, car ils offrent une s\u00e9curit\u00e9 d\u2018utilisation optimale et un excellent rendement.<\/li>\n<li><strong>SONOPUSH MONO HD<sup>\u00ae<\/sup>:<\/strong>\u00a0version \u201eHeavy Duty\u201c. Puissance radiante 20% sup\u00e9rieure \u00e0 celles des transducteurs comparables \u00e0 2 t\u00eates pour une longueur radiante identique, excellente durabilit\u00e9 en exploitation continue et r\u00e9sistance \u00e0 des temp\u00e9ratures allant jusqu\u2018\u00e0 95\u00b0C.<\/li>\n<li><strong>SONOSUB<sup>\u00ae<\/sup>:<\/strong>\u00a0transducteur immergeable \u00e0 fixer en fond de cuve ou sur les c\u00f4t\u00e9s. Rendement maximal et r\u00e9duction du temps de traitement. Applications: nettoyage lessiviel, d\u00e9graissage, galvanotechnique, \u00e9lectronique, circuits imprim\u00e9s, optique et maintenance.<\/li>\n<li><strong>SONOSUB Multi-Fr\u00e9quence<sup>\u00ae<\/sup>:<\/strong>\u00a0version multi-fr\u00e9quence de 40, 80 et 120 kHz ainsi que 25 et 50kHz<\/li>\n<li><strong>SONIC DIGITAL :<\/strong>\u00a0g\u00e9n\u00e9rateur d\u2018ultrasons combinant la technique digitale la plus moderne avec une construction robuste et compacte, ainsi qu\u2018une grande facilit\u00e9 d\u2018utilisation. Diff\u00e9rentes versions sont disponibles, depuis la version \u201eStand-Alone\u201c jusqu\u2018\u00e0 l\u2018int\u00e9gration compl\u00e8te dans l\u2018armoire \u00e9lectrique pour des installations complexes.<\/li>\n<\/ul>\n<\/div>\n<p><img decoding=\"async\" src=\"\/wp-content\/uploads\/2022\/09\/SONOPUSH-MONO.png\" alt=\"\"><br \/>\n<img decoding=\"async\" src=\"\/wp-content\/uploads\/2022\/09\/SONOPUSH-Double.png\" alt=\"\"><br \/>\n<img decoding=\"async\" src=\"\/wp-content\/uploads\/2022\/09\/SONOPLATE.png\" alt=\"\"><br \/>\n<img decoding=\"async\" src=\"\/wp-content\/uploads\/2022\/09\/SONOMULTI.png\" alt=\"\"><\/p>\n<h5>Une demande sp\u00e9cifique ? Parlons-en.<\/h5>\n<p>\n    <a href=\"\/contact-2\/\">Contact<\/a>\n<\/p>\n<p><!--more--><br \/>\n<!-- {\"type\":\"layout\",\"children\":[{\"type\":\"section\",\"props\":{\"height\":\"section\",\"height_offset_top\":true,\"image\":\"wp-content\\\/uploads\\\/2022\\\/09\\\/SONOPUSH-MONO.png\",\"image_position\":\"center-center\",\"image_size\":\"width-1-1\",\"media_overlay\":\"rgba(0, 0, 0, 0.4)\",\"style\":\"default\",\"title_breakpoint\":\"xl\",\"title_position\":\"top-left\",\"title_rotation\":\"left\",\"vertical_align\":\"middle\",\"width\":\"default\"},\"children\":[{\"type\":\"row\",\"children\":[{\"type\":\"column\",\"props\":{\"image_position\":\"center-center\",\"position_sticky_breakpoint\":\"m\"},\"children\":[{\"type\":\"headline\",\"props\":{\"content\":\"\n\n<p>WEBER ULTRASONICS<\\\/p>\",\"text_align\":\"center\",\"title_color\":\"warning\",\"title_element\":\"h1\",\"title_style\":\"h1\"}}]}]}],\"name\":\"HEADER PAGE SECONDAIRE\"},{\"type\":\"section\",\"props\":{\"image_position\":\"center-center\",\"padding\":\"small\",\"padding_remove_top\":false,\"style\":\"default\",\"title_breakpoint\":\"xl\",\"title_position\":\"top-left\",\"title_rotation\":\"left\",\"vertical_align\":\"middle\",\"width\":\"default\"},\"children\":[{\"type\":\"row\",\"children\":[{\"type\":\"column\",\"props\":{\"image_position\":\"center-center\",\"position_sticky_breakpoint\":\"m\"},\"children\":[{\"type\":\"headline\",\"props\":{\"content\":\"\n\n<h2 class=\\\"jeremy\\\">Applications ultrasons<\\\/h2>\",\"text_align\":\"left\",\"title_element\":\"h2\",\"title_style\":\"h2\"}}]}]},{\"type\":\"row\",\"children\":[{\"type\":\"column\",\"props\":{\"image_position\":\"center-center\",\"position_sticky_breakpoint\":\"m\",\"width_medium\":\"2-3\"},\"children\":[{\"type\":\"headline\",\"props\":{\"content\":\"\n\n<p>STS Industrie SA distribue la technologie Weber Ultrasonics en Suisse<\\\/p>\",\"text_align\":\"left\",\"title_element\":\"h5\",\"title_style\":\"h4\"}},{\"type\":\"text\",\"props\":{\"column_breakpoint\":\"m\",\"content\":\"\n\n<ul>\\n\n\n<li>Weber Ultrasonics compte parmi les grands constructeurs mondiaux de syst\\u00e8mes pour le nettoyage industriel de pi\\u00e8ces par ultrasons, le soudage aux ultrasons et les applications sp\\u00e9ciales.<\\\/li>\\n\n\n<li>Les produits sont d\\u00e9velopp\\u00e9s et fabriqu\\u00e9s selon la norme EN ISO 9001:2008.<\\\/li>\\n\n\n<li>Que ce soit pour une application classique ou des applications sp\\u00e9ciales, la gamme de produits compl\\u00e8te, le savoir-faire et les conseils adapt\\u00e9s \\u00e0 chaque branche d\\u2019activit\\u00e9 sont les garants de la satisfaction de nos clients.<\\\/li>\\n\n\n<li>Vous trouverez des informations d\\u00e9taill\\u00e9es sur Weber Ultrasonics par ce lien:\\u00a0<a href=\\\"http:\\\/\\\/www.weber-ultrasonics.de\\\/\\\" target=\\\"_blank\\\" rel=\\\"noopener\\\">www.weber-ultrasonics.de<\\\/a>.<\\\/li>\\n<\\\/ul>\",\"margin\":\"default\",\"text_align\":\"left\"}},{\"type\":\"headline\",\"props\":{\"content\":\"\n\n<h4>La technologie des ultrasons \\u2013 aper\\u00e7u de la gamme des produits<\\\/h4>\\n\n\n<ul><\\\/ul>\",\"text_align\":\"left\",\"title_element\":\"h5\",\"title_style\":\"h4\"}},{\"type\":\"text\",\"props\":{\"column_breakpoint\":\"m\",\"content\":\"\n\n<ul>\\n\n\n<li><strong>SONOPUSH MONO<sup>\\u00ae<\\\/sup>:<\\\/strong>\\u00a0transducteur tubulaire \\u00e0 long\\u00e9vit\\u00e9 maximale gr\\u00e2ce \\u00e0 un tube r\\u00e9sonateur plein en alliage sp\\u00e9cial de titane. Champ ultrasonore tr\\u00e8s homog\\u00e8ne gr\\u00e2ce au rayonnement circulaire; encombrement tr\\u00e8s faible; rendement \\u00e9lev\\u00e9 de plus de 95 %; disponible pour les fr\\u00e9quences 25, 30 et 40 kHz. Les transducteurs tubulaires Sonopush sont particuli\\u00e8rment indiqu\\u00e9s pour remplacer des installations existantes, car ils offrent une s\\u00e9curit\\u00e9 d\\u2018utilisation optimale et un excellent rendement.<\\\/li>\\n\n\n<li><strong>SONOPUSH MONO HD<sup>\\u00ae<\\\/sup>:<\\\/strong>\\u00a0version \\u201eHeavy Duty\\u201c. Puissance radiante 20% sup\\u00e9rieure \\u00e0 celles des transducteurs comparables \\u00e0 2 t\\u00eates pour une longueur radiante identique, excellente durabilit\\u00e9 en exploitation continue et r\\u00e9sistance \\u00e0 des temp\\u00e9ratures allant jusqu\\u2018\\u00e0 95\\u00b0C.<\\\/li>\\n\n\n<li><strong>SONOSUB<sup>\\u00ae<\\\/sup>:<\\\/strong>\\u00a0transducteur immergeable \\u00e0 fixer en fond de cuve ou sur les c\\u00f4t\\u00e9s. Rendement maximal et r\\u00e9duction du temps de traitement. Applications: nettoyage lessiviel, d\\u00e9graissage, galvanotechnique, \\u00e9lectronique, circuits imprim\\u00e9s, optique et maintenance.<\\\/li>\\n\n\n<li><strong>SONOSUB Multi-Fr\\u00e9quence<sup>\\u00ae<\\\/sup>:<\\\/strong>\\u00a0version multi-fr\\u00e9quence de 40, 80 et 120 kHz ainsi que 25 et 50kHz<\\\/li>\\n\n\n<li><strong>SONIC DIGITAL :<\\\/strong>\\u00a0g\\u00e9n\\u00e9rateur d\\u2018ultrasons combinant la technique digitale la plus moderne avec une construction robuste et compacte, ainsi qu\\u2018une grande facilit\\u00e9 d\\u2018utilisation. Diff\\u00e9rentes versions sont disponibles, depuis la version \\u201eStand-Alone\\u201c jusqu\\u2018\\u00e0 l\\u2018int\\u00e9gration compl\\u00e8te dans l\\u2018armoire \\u00e9lectrique pour des installations complexes.<\\\/li>\\n<\\\/ul>\",\"margin\":\"default\",\"text_align\":\"left\"}}]},{\"type\":\"column\",\"props\":{\"image_position\":\"center-center\",\"position_sticky_breakpoint\":\"m\",\"width_medium\":\"1-3\"},\"children\":[{\"type\":\"image\",\"props\":{\"image\":\"wp-content\\\/uploads\\\/2022\\\/09\\\/SONOPUSH-MONO.png\",\"image_svg_color\":\"emphasis\",\"margin\":\"default\"}},{\"type\":\"image\",\"props\":{\"image\":\"wp-content\\\/uploads\\\/2022\\\/09\\\/SONOPUSH-Double.png\",\"image_svg_color\":\"emphasis\",\"margin\":\"default\"}},{\"type\":\"image\",\"props\":{\"image\":\"wp-content\\\/uploads\\\/2022\\\/09\\\/SONOPLATE.png\",\"image_svg_color\":\"emphasis\",\"margin\":\"default\"}},{\"type\":\"image\",\"props\":{\"image\":\"wp-content\\\/uploads\\\/2022\\\/09\\\/SONOMULTI.png\",\"image_svg_color\":\"emphasis\",\"margin\":\"default\"}}]}],\"props\":{\"layout\":\"2-3,1-3\"}},{\"type\":\"row\",\"children\":[{\"type\":\"column\",\"props\":{\"image_position\":\"center-center\",\"position_sticky_breakpoint\":\"m\"}}]}],\"modified\":\"2022-03-02T13:55:47.959Z\",\"name\":\"texte avec puce\"},{\"type\":\"section\",\"props\":{\"image_position\":\"center-center\",\"padding\":\"large\",\"style\":\"default\",\"title_breakpoint\":\"xl\",\"title_position\":\"top-left\",\"title_rotation\":\"left\",\"vertical_align\":\"middle\",\"width\":\"default\"},\"children\":[{\"type\":\"row\",\"children\":[{\"type\":\"column\",\"props\":{\"image_position\":\"center-center\",\"position_sticky_breakpoint\":\"m\"},\"children\":[{\"type\":\"headline\",\"props\":{\"content\":\"Une demande sp\\u00e9cifique ? Parlons-en.\",\"text_align\":\"center\",\"title_element\":\"h5\",\"title_style\":\"h2\"}},{\"type\":\"text\",\"props\":{\"column_breakpoint\":\"m\",\"margin\":\"default\",\"text_align\":\"center\"}},{\"type\":\"button\",\"props\":{\"grid_column_gap\":\"small\",\"grid_row_gap\":\"small\",\"margin\":\"default\",\"text_align\":\"center\"},\"children\":[{\"type\":\"button_item\",\"props\":{\"button_style\":\"primary\",\"content\":\"Contact\",\"icon_align\":\"left\",\"link\":\"contact-2\\\/\"}}]}]}]}],\"modified\":\"2022-03-02T13:43:56.251Z\",\"name\":\"une demande specifique\"}],\"version\":\"4.3.3\"} --><\/p>\n","protected":false},"excerpt":{"rendered":"<p>WEBER ULTRASONICS Applications ultrasons STS Industrie SA distribue la technologie Weber Ultrasonics en Suisse Weber Ultrasonics compte parmi les grands constructeurs mondiaux de syst\u00e8mes pour le nettoyage industriel de pi\u00e8ces par ultrasons, le soudage aux ultrasons et les applications sp\u00e9ciales. Les produits sont d\u00e9velopp\u00e9s et fabriqu\u00e9s selon la norme EN ISO 9001:2008. Que ce soit [&hellip;]<\/p>\n","protected":false},"author":6,"featured_media":0,"parent":412,"menu_order":0,"comment_status":"closed","ping_status":"closed","template":"","meta":{"footnotes":""},"class_list":["post-1183","page","type-page","status-publish","hentry"],"yoast_head":"<!-- This site is optimized with the Yoast SEO plugin v27.4 - https:\/\/yoast.com\/product\/yoast-seo-wordpress\/ -->\n<title>WEBER ULTRASONICS - stsindustrie.com<\/title>\n<meta name=\"robots\" content=\"index, follow, max-snippet:-1, max-image-preview:large, max-video-preview:-1\" \/>\n<link rel=\"canonical\" href=\"https:\/\/stsindustrie.com\/de\/produits\/weber-ultrasonics\/\" \/>\n<meta property=\"og:locale\" content=\"de_DE\" \/>\n<meta property=\"og:type\" content=\"article\" \/>\n<meta property=\"og:title\" content=\"WEBER ULTRASONICS - stsindustrie.com\" \/>\n<meta property=\"og:description\" content=\"WEBER ULTRASONICS Applications ultrasons STS Industrie SA distribue la technologie Weber Ultrasonics en Suisse Weber Ultrasonics compte parmi les grands constructeurs mondiaux de syst\u00e8mes pour le nettoyage industriel de pi\u00e8ces par ultrasons, le soudage aux ultrasons et les applications sp\u00e9ciales. Les produits sont d\u00e9velopp\u00e9s et fabriqu\u00e9s selon la norme EN ISO 9001:2008. Que ce soit [&hellip;]\" \/>\n<meta property=\"og:url\" content=\"https:\/\/stsindustrie.com\/de\/produits\/weber-ultrasonics\/\" \/>\n<meta property=\"og:site_name\" content=\"stsindustrie.com\" \/>\n<meta property=\"article:modified_time\" content=\"2024-04-05T15:21:56+00:00\" \/>\n<meta name=\"twitter:card\" content=\"summary_large_image\" \/>\n<script type=\"application\/ld+json\" class=\"yoast-schema-graph\">{\"@context\":\"https:\\\/\\\/schema.org\",\"@graph\":[{\"@type\":\"WebPage\",\"@id\":\"https:\\\/\\\/stsindustrie.com\\\/produits\\\/weber-ultrasonics\\\/\",\"url\":\"https:\\\/\\\/stsindustrie.com\\\/produits\\\/weber-ultrasonics\\\/\",\"name\":\"WEBER ULTRASONICS - stsindustrie.com\",\"isPartOf\":{\"@id\":\"https:\\\/\\\/stsindustrie.com\\\/#website\"},\"datePublished\":\"2022-09-29T14:47:34+00:00\",\"dateModified\":\"2024-04-05T15:21:56+00:00\",\"breadcrumb\":{\"@id\":\"https:\\\/\\\/stsindustrie.com\\\/produits\\\/weber-ultrasonics\\\/#breadcrumb\"},\"inLanguage\":\"de\",\"potentialAction\":[{\"@type\":\"ReadAction\",\"target\":[\"https:\\\/\\\/stsindustrie.com\\\/produits\\\/weber-ultrasonics\\\/\"]}]},{\"@type\":\"BreadcrumbList\",\"@id\":\"https:\\\/\\\/stsindustrie.com\\\/produits\\\/weber-ultrasonics\\\/#breadcrumb\",\"itemListElement\":[{\"@type\":\"ListItem\",\"position\":1,\"name\":\"Accueil\",\"item\":\"https:\\\/\\\/stsindustrie.com\\\/\"},{\"@type\":\"ListItem\",\"position\":2,\"name\":\"Produits\",\"item\":\"https:\\\/\\\/stsindustrie.com\\\/produits\\\/\"},{\"@type\":\"ListItem\",\"position\":3,\"name\":\"WEBER ULTRASONICS\"}]},{\"@type\":\"WebSite\",\"@id\":\"https:\\\/\\\/stsindustrie.com\\\/#website\",\"url\":\"https:\\\/\\\/stsindustrie.com\\\/\",\"name\":\"stsindustrie.com\",\"description\":\"\",\"publisher\":{\"@id\":\"https:\\\/\\\/stsindustrie.com\\\/#organization\"},\"potentialAction\":[{\"@type\":\"SearchAction\",\"target\":{\"@type\":\"EntryPoint\",\"urlTemplate\":\"https:\\\/\\\/stsindustrie.com\\\/?s={search_term_string}\"},\"query-input\":{\"@type\":\"PropertyValueSpecification\",\"valueRequired\":true,\"valueName\":\"search_term_string\"}}],\"inLanguage\":\"de\"},{\"@type\":\"Organization\",\"@id\":\"https:\\\/\\\/stsindustrie.com\\\/#organization\",\"name\":\"STS Industrie SA\",\"url\":\"https:\\\/\\\/stsindustrie.com\\\/\",\"logo\":{\"@type\":\"ImageObject\",\"inLanguage\":\"de\",\"@id\":\"https:\\\/\\\/stsindustrie.com\\\/#\\\/schema\\\/logo\\\/image\\\/\",\"url\":\"https:\\\/\\\/stsindustrie.com\\\/wp-content\\\/uploads\\\/2022\\\/02\\\/logoflavicon.png\",\"contentUrl\":\"https:\\\/\\\/stsindustrie.com\\\/wp-content\\\/uploads\\\/2022\\\/02\\\/logoflavicon.png\",\"width\":150,\"height\":150,\"caption\":\"STS Industrie SA\"},\"image\":{\"@id\":\"https:\\\/\\\/stsindustrie.com\\\/#\\\/schema\\\/logo\\\/image\\\/\"},\"sameAs\":[\"https:\\\/\\\/www.linkedin.com\\\/company\\\/sts-industrie-sa\\\/\"]}]}<\/script>\n<!-- \/ Yoast SEO plugin. -->","yoast_head_json":{"title":"WEBER ULTRASONICS - stsindustrie.com","robots":{"index":"index","follow":"follow","max-snippet":"max-snippet:-1","max-image-preview":"max-image-preview:large","max-video-preview":"max-video-preview:-1"},"canonical":"https:\/\/stsindustrie.com\/de\/produits\/weber-ultrasonics\/","og_locale":"de_DE","og_type":"article","og_title":"WEBER ULTRASONICS - stsindustrie.com","og_description":"WEBER ULTRASONICS Applications ultrasons STS Industrie SA distribue la technologie Weber Ultrasonics en Suisse Weber Ultrasonics compte parmi les grands constructeurs mondiaux de syst\u00e8mes pour le nettoyage industriel de pi\u00e8ces par ultrasons, le soudage aux ultrasons et les applications sp\u00e9ciales. Les produits sont d\u00e9velopp\u00e9s et fabriqu\u00e9s selon la norme EN ISO 9001:2008. Que ce soit [&hellip;]","og_url":"https:\/\/stsindustrie.com\/de\/produits\/weber-ultrasonics\/","og_site_name":"stsindustrie.com","article_modified_time":"2024-04-05T15:21:56+00:00","twitter_card":"summary_large_image","schema":{"@context":"https:\/\/schema.org","@graph":[{"@type":"WebPage","@id":"https:\/\/stsindustrie.com\/produits\/weber-ultrasonics\/","url":"https:\/\/stsindustrie.com\/produits\/weber-ultrasonics\/","name":"WEBER ULTRASONICS - stsindustrie.com","isPartOf":{"@id":"https:\/\/stsindustrie.com\/#website"},"datePublished":"2022-09-29T14:47:34+00:00","dateModified":"2024-04-05T15:21:56+00:00","breadcrumb":{"@id":"https:\/\/stsindustrie.com\/produits\/weber-ultrasonics\/#breadcrumb"},"inLanguage":"de","potentialAction":[{"@type":"ReadAction","target":["https:\/\/stsindustrie.com\/produits\/weber-ultrasonics\/"]}]},{"@type":"BreadcrumbList","@id":"https:\/\/stsindustrie.com\/produits\/weber-ultrasonics\/#breadcrumb","itemListElement":[{"@type":"ListItem","position":1,"name":"Accueil","item":"https:\/\/stsindustrie.com\/"},{"@type":"ListItem","position":2,"name":"Produits","item":"https:\/\/stsindustrie.com\/produits\/"},{"@type":"ListItem","position":3,"name":"WEBER ULTRASONICS"}]},{"@type":"WebSite","@id":"https:\/\/stsindustrie.com\/#website","url":"https:\/\/stsindustrie.com\/","name":"stsindustrie.com","description":"","publisher":{"@id":"https:\/\/stsindustrie.com\/#organization"},"potentialAction":[{"@type":"SearchAction","target":{"@type":"EntryPoint","urlTemplate":"https:\/\/stsindustrie.com\/?s={search_term_string}"},"query-input":{"@type":"PropertyValueSpecification","valueRequired":true,"valueName":"search_term_string"}}],"inLanguage":"de"},{"@type":"Organization","@id":"https:\/\/stsindustrie.com\/#organization","name":"STS Industrie AG","url":"https:\/\/stsindustrie.com\/","logo":{"@type":"ImageObject","inLanguage":"de","@id":"https:\/\/stsindustrie.com\/#\/schema\/logo\/image\/","url":"https:\/\/stsindustrie.com\/wp-content\/uploads\/2022\/02\/logoflavicon.png","contentUrl":"https:\/\/stsindustrie.com\/wp-content\/uploads\/2022\/02\/logoflavicon.png","width":150,"height":150,"caption":"STS Industrie SA"},"image":{"@id":"https:\/\/stsindustrie.com\/#\/schema\/logo\/image\/"},"sameAs":["https:\/\/www.linkedin.com\/company\/sts-industrie-sa\/"]}]}},"_links":{"self":[{"href":"https:\/\/stsindustrie.com\/de\/wp-json\/wp\/v2\/pages\/1183","targetHints":{"allow":["GET"]}}],"collection":[{"href":"https:\/\/stsindustrie.com\/de\/wp-json\/wp\/v2\/pages"}],"about":[{"href":"https:\/\/stsindustrie.com\/de\/wp-json\/wp\/v2\/types\/page"}],"author":[{"embeddable":true,"href":"https:\/\/stsindustrie.com\/de\/wp-json\/wp\/v2\/users\/6"}],"replies":[{"embeddable":true,"href":"https:\/\/stsindustrie.com\/de\/wp-json\/wp\/v2\/comments?post=1183"}],"version-history":[{"count":5,"href":"https:\/\/stsindustrie.com\/de\/wp-json\/wp\/v2\/pages\/1183\/revisions"}],"predecessor-version":[{"id":2229,"href":"https:\/\/stsindustrie.com\/de\/wp-json\/wp\/v2\/pages\/1183\/revisions\/2229"}],"up":[{"embeddable":true,"href":"https:\/\/stsindustrie.com\/de\/wp-json\/wp\/v2\/pages\/412"}],"wp:attachment":[{"href":"https:\/\/stsindustrie.com\/de\/wp-json\/wp\/v2\/media?parent=1183"}],"curies":[{"name":"wp","href":"https:\/\/api.w.org\/{rel}","templated":true}]}}