{"id":1173,"date":"2022-09-29T16:00:25","date_gmt":"2022-09-29T14:00:25","guid":{"rendered":"https:\/\/new-stsindustrie.com\/?page_id=1173"},"modified":"2024-04-05T16:20:27","modified_gmt":"2024-04-05T14:20:27","slug":"rack-tournant","status":"publish","type":"page","link":"https:\/\/stsindustrie.com\/de\/produits\/rack-tournant\/","title":{"rendered":"DREHBARES RACK"},"content":{"rendered":"<h1>\n<p><strong>RACK TOURNANT<\/strong><\/p>\n<\/h1>\n<h2>\n<h4>Rack tournant pour l\u2018horlogerie, la joaillerie et l\u2019industrie du luxe<\/h4>\n<\/h2>\n<div>\n<p><strong>Traitement de surface pour pi\u00e8ces d\u00e9licates<\/strong><\/p>\n<p>Type de ligne propos\u00e9es:<\/p>\n<ul>\n<li class=\"p1\">Ligne de galvanoplatie<\/li>\n<li class=\"p1\">Ligne de nettoyage<\/li>\n<\/ul>\n<p class=\"p1\">Toute nos lignes peuvent \u00eatre de type:<\/p>\n<ul>\n<li class=\"p1\">Automatique<\/li>\n<li class=\"p1\">Manuelle<\/li>\n<\/ul>\n<ul>\n<li>Les racks tournant sont g\u00e9r\u00e9 par les boitiers VR2020. Ceux-ci sont connect\u00e9 \u00e0 l&rsquo;IHM pour la gestion et le contr\u00f4le de rotation.<\/li>\n<li>Les pi\u00e8ces \u00e0 traiter sont charg\u00e9es d\u00e9licatement sur le rack . Celui-ci sera fix\u00e9 au porte-rack<\/li>\n<li>Le nombre de rotations peut \u00eatre r\u00e9gl\u00e9 entre 0 et 60 rotations par minute.<\/li>\n<li>Le temps de rotation pour une rotation simple peut \u00eatre choisi entre 0.1 et 2.0 secondes.<\/li>\n<li>Le sens des rotations peut \u00eatre r\u00e9gl\u00e9 en fonction des besoins des pi\u00e8ces: rotation altern\u00e9e gauche\/droite ou droite \/gauche, rotation en continu dans un seul sens, rotation avec interruption apr\u00e8s 180\u00b0 et retour en arri\u00e8re.<\/li>\n<\/ul>\n<\/div>\n<p><iframe src=\"https:\/\/vimeo.com\/204028294\"><\/iframe><br \/>\n<img decoding=\"async\" src=\"\/wp-content\/uploads\/2023\/08\/CHH_1.jpg\" alt=\"\"><br \/>\n<video src=\"\/wp-content\/uploads\/2023\/11\/stspostlinkedin.mp4\" poster=\"\"><\/video><br \/>\n<img decoding=\"async\" src=\"\/wp-content\/uploads\/2023\/08\/CHH00249.jpg\" alt=\"\"><br \/>\n<img decoding=\"async\" src=\"\/wp-content\/uploads\/2023\/08\/CHH00248.jpg\" alt=\"\"><br \/>\n<img decoding=\"async\" src=\"\/wp-content\/uploads\/2023\/08\/CHH00233.jpg\" alt=\"\"><\/p>\n<hr>\n<hr>\n<h1>\n<h2 style=\"text-align: center;\">Une demande sp\u00e9cifique ? Parlons-en.<\/h2>\n<\/h1>\n<div>\n<p class=\"p1\">Nous accompagnons les entreprises dans la cr\u00e9ation de leurs \u00e9quipements de production depuis 1975. Nos sp\u00e9cialistes sauront vous conseiller au mieux afin de cr\u00e9er la machine qu\u2019il vous faut pour les ann\u00e9es \u00e0 venir.<\/p>\n<\/div>\n<p>\n    <a href=\"\/contact\/\">contactez-nous<\/a>\n<\/p>\n<p><!--more--><br \/>\n<!-- {\"type\":\"layout\",\"children\":[{\"type\":\"section\",\"props\":{\"height\":\"section\",\"height_offset_top\":true,\"image\":\"wp-content\\\/uploads\\\/2022\\\/06\\\/DSC08646.jpg\",\"image_position\":\"center-center\",\"image_size\":\"width-1-1\",\"media_overlay\":\"rgba(0, 0, 0, 0.4)\",\"style\":\"default\",\"title_breakpoint\":\"xl\",\"title_position\":\"top-left\",\"title_rotation\":\"left\",\"vertical_align\":\"middle\",\"width\":\"default\"},\"children\":[{\"type\":\"row\",\"children\":[{\"type\":\"column\",\"props\":{\"image_position\":\"center-center\",\"position_sticky_breakpoint\":\"m\"},\"children\":[{\"type\":\"headline\",\"props\":{\"content\":\"\n\n<p><strong>RACK TOURNANT<\\\/strong><\\\/p>\",\"text_align\":\"center\",\"title_color\":\"warning\",\"title_element\":\"h1\"}}]}]}],\"name\":\"HEADER PAGE SECONDAIRE\"},{\"type\":\"section\",\"props\":{\"image_position\":\"center-center\",\"padding\":\"small\",\"padding_remove_top\":false,\"style\":\"default\",\"title_breakpoint\":\"xl\",\"title_position\":\"top-left\",\"title_rotation\":\"left\",\"vertical_align\":\"middle\",\"width\":\"default\"},\"children\":[{\"type\":\"row\",\"children\":[{\"type\":\"column\",\"props\":{\"image_position\":\"center-center\",\"position_sticky_breakpoint\":\"m\"},\"children\":[{\"type\":\"headline\",\"props\":{\"content\":\"\n\n<h4>Rack tournant pour l\\u2018horlogerie, la joaillerie et l\\u2019industrie du luxe<\\\/h4>\",\"text_align\":\"left\",\"title_element\":\"h2\",\"title_style\":\"h2\"}}]}]},{\"type\":\"row\",\"children\":[{\"type\":\"column\",\"props\":{\"image_position\":\"center-center\",\"position_sticky_breakpoint\":\"m\",\"width_medium\":\"1-2\"},\"children\":[{\"type\":\"text\",\"props\":{\"column_breakpoint\":\"m\",\"content\":\"\n\n<p><strong>Traitement de surface pour pi\\u00e8ces d\\u00e9licates<\\\/strong><\\\/p>\\n\n\n<p>Type de ligne propos\\u00e9es:<\\\/p>\\n\n\n<ul>\\n\n\n<li class=\\\"p1\\\">Ligne de galvanoplatie<\\\/li>\\n\n\n<li class=\\\"p1\\\">Ligne de nettoyage<\\\/li>\\n<\\\/ul>\\n\n\n<p class=\\\"p1\\\">Toute nos lignes peuvent \\u00eatre de type:<\\\/p>\\n\n\n<ul>\\n\n\n<li class=\\\"p1\\\">Automatique<\\\/li>\\n\n\n<li class=\\\"p1\\\">Manuelle<\\\/li>\\n<\\\/ul>\\n\n\n<p><\\\/p>\\n\n\n<ul>\\n\n\n<li>Les racks tournant sont g\\u00e9r\\u00e9 par les boitiers VR2020. Ceux-ci sont connect\\u00e9 \\u00e0 l'IHM pour la gestion et le contr\\u00f4le de rotation.<\\\/li>\\n\n\n<li>Les pi\\u00e8ces \\u00e0 traiter sont charg\\u00e9es d\\u00e9licatement sur le rack . Celui-ci sera fix\\u00e9 au porte-rack<\\\/li>\\n\n\n<li>Le nombre de rotations peut \\u00eatre r\\u00e9gl\\u00e9 entre 0 et 60 rotations par minute.<\\\/li>\\n\n\n<li>Le temps de rotation pour une rotation simple peut \\u00eatre choisi entre 0.1 et 2.0 secondes.<\\\/li>\\n\n\n<li>Le sens des rotations peut \\u00eatre r\\u00e9gl\\u00e9 en fonction des besoins des pi\\u00e8ces: rotation altern\\u00e9e gauche\\\/droite ou droite \\\/gauche, rotation en continu dans un seul sens, rotation avec interruption apr\\u00e8s 180\\u00b0 et retour en arri\\u00e8re.<\\\/li>\\n<\\\/ul>\",\"margin\":\"default\",\"text_align\":\"left\"}}]},{\"type\":\"column\",\"props\":{\"image_position\":\"center-center\",\"position_sticky_breakpoint\":\"m\",\"width_medium\":\"1-2\"},\"children\":[{\"type\":\"video\",\"props\":{\"margin\":\"default\",\"text_align\":\"center\",\"video\":\"https:\\\/\\\/vimeo.com\\\/204028294\",\"video_controls\":true,\"video_width\":\"1900\"}},{\"type\":\"image\",\"props\":{\"image\":\"wp-content\\\/uploads\\\/2023\\\/08\\\/CHH_1.jpg\",\"image_svg_color\":\"emphasis\",\"margin\":\"default\"}}]}],\"props\":{\"layout\":\"1-2,1-2\"}},{\"type\":\"row\",\"children\":[{\"type\":\"column\",\"props\":{\"image_position\":\"center-center\",\"position_sticky_breakpoint\":\"m\"},\"children\":[{\"type\":\"video\",\"props\":{\"margin\":\"default\",\"video\":\"wp-content\\\/uploads\\\/2023\\\/11\\\/stspostlinkedin.mp4\",\"video_controls\":true}}]}]},{\"type\":\"row\",\"props\":{\"layout\":\"1-3,1-3,1-3\"},\"children\":[{\"type\":\"column\",\"props\":{\"image_position\":\"center-center\",\"position_sticky_breakpoint\":\"m\",\"width_medium\":\"1-3\"},\"children\":[{\"type\":\"image\",\"props\":{\"image\":\"wp-content\\\/uploads\\\/2023\\\/08\\\/CHH00249.jpg\",\"image_svg_color\":\"emphasis\",\"margin\":\"default\"}}]},{\"type\":\"column\",\"props\":{\"image_position\":\"center-center\",\"position_sticky_breakpoint\":\"m\",\"width_medium\":\"1-3\"},\"children\":[{\"type\":\"image\",\"props\":{\"image\":\"wp-content\\\/uploads\\\/2023\\\/08\\\/CHH00248.jpg\",\"image_svg_color\":\"emphasis\",\"margin\":\"default\"}}]},{\"type\":\"column\",\"props\":{\"image_position\":\"center-center\",\"position_sticky_breakpoint\":\"m\",\"width_medium\":\"1-3\"},\"children\":[{\"type\":\"image\",\"props\":{\"image\":\"wp-content\\\/uploads\\\/2023\\\/08\\\/CHH00233.jpg\",\"image_svg_color\":\"emphasis\",\"margin\":\"default\"}}]}]}],\"modified\":\"2022-03-02T13:55:47.959Z\",\"name\":\"texte avec puce\"},{\"type\":\"section\",\"props\":{\"image\":\"wp-content\\\/uploads\\\/2022\\\/06\\\/DSC08646.jpg\",\"image_effect\":\"fixed\",\"image_position\":\"center-center\",\"media_overlay\":\"rgba(0, 0, 0, 0.25)\",\"style\":\"default\",\"title_breakpoint\":\"xl\",\"title_position\":\"top-left\",\"title_rotation\":\"left\",\"vertical_align\":\"middle\",\"width\":\"default\"},\"children\":[{\"type\":\"row\",\"children\":[{\"type\":\"column\",\"props\":{\"image_position\":\"center-center\",\"position_sticky_breakpoint\":\"m\"},\"children\":[{\"type\":\"divider\",\"props\":{\"divider_element\":\"hr\",\"divider_style\":\"vertical\"}}]}]}]},{\"type\":\"section\",\"props\":{\"image_position\":\"center-center\",\"style\":\"default\",\"title_breakpoint\":\"xl\",\"title_position\":\"top-left\",\"title_rotation\":\"left\",\"vertical_align\":\"middle\",\"width\":\"default\"},\"children\":[{\"type\":\"row\",\"children\":[{\"type\":\"column\",\"props\":{\"image_position\":\"center-center\",\"position_sticky_breakpoint\":\"m\"},\"children\":[{\"type\":\"divider\",\"props\":{\"divider_element\":\"hr\",\"divider_style\":\"icon\"}},{\"type\":\"headline\",\"props\":{\"content\":\"\n\n<h2 style=\\\"text-align: center;\\\">Une demande sp\\u00e9cifique ? Parlons-en.<\\\/h2>\",\"text_align\":\"center\",\"title_element\":\"h1\"}},{\"type\":\"text\",\"props\":{\"column_breakpoint\":\"m\",\"content\":\"\n\n<p class=\\\"p1\\\">Nous accompagnons les entreprises dans la cr\\u00e9ation de leurs \\u00e9quipements de production depuis 1975. Nos sp\\u00e9cialistes sauront vous conseiller au mieux afin de cr\\u00e9er la machine qu\\u2019il vous faut pour les ann\\u00e9es \\u00e0 venir.<\\\/p>\",\"margin\":\"default\",\"text_align\":\"center\"}},{\"type\":\"button\",\"props\":{\"grid_column_gap\":\"small\",\"grid_row_gap\":\"small\",\"margin\":\"default\",\"text_align\":\"center\"},\"children\":[{\"type\":\"button_item\",\"props\":{\"button_style\":\"default\",\"content\":\"contactez-nous\",\"icon_align\":\"left\",\"link\":\"contact\\\/\"}}]}]}]}],\"name\":\"call to action contact final\"}],\"version\":\"4.3.3\"} --><\/p>\n","protected":false},"excerpt":{"rendered":"<p>RACK TOURNANT Rack tournant pour l\u2018horlogerie, la joaillerie et l\u2019industrie du luxe Traitement de surface pour pi\u00e8ces d\u00e9licates Type de ligne propos\u00e9es: Ligne de galvanoplatie Ligne de nettoyage Toute nos lignes peuvent \u00eatre de type: Automatique Manuelle Les racks tournant sont g\u00e9r\u00e9 par les boitiers VR2020. Ceux-ci sont connect\u00e9 \u00e0 l&rsquo;IHM pour la gestion et [&hellip;]<\/p>\n","protected":false},"author":6,"featured_media":0,"parent":412,"menu_order":0,"comment_status":"closed","ping_status":"closed","template":"","meta":{"footnotes":""},"class_list":["post-1173","page","type-page","status-publish","hentry"],"yoast_head":"<!-- This site is optimized with the Yoast SEO plugin v27.3 - https:\/\/yoast.com\/product\/yoast-seo-wordpress\/ -->\n<title>RACK TOURNANT - stsindustrie.com<\/title>\n<meta name=\"robots\" content=\"index, follow, max-snippet:-1, max-image-preview:large, max-video-preview:-1\" \/>\n<link rel=\"canonical\" href=\"https:\/\/stsindustrie.com\/de\/produits\/rack-tournant\/\" \/>\n<meta property=\"og:locale\" content=\"de_DE\" \/>\n<meta property=\"og:type\" content=\"article\" \/>\n<meta property=\"og:title\" content=\"RACK TOURNANT - stsindustrie.com\" \/>\n<meta property=\"og:description\" content=\"RACK TOURNANT Rack tournant pour l\u2018horlogerie, la joaillerie et l\u2019industrie du luxe Traitement de surface pour pi\u00e8ces d\u00e9licates Type de ligne propos\u00e9es: Ligne de galvanoplatie Ligne de nettoyage Toute nos lignes peuvent \u00eatre de type: Automatique Manuelle Les racks tournant sont g\u00e9r\u00e9 par les boitiers VR2020. Ceux-ci sont connect\u00e9 \u00e0 l&rsquo;IHM pour la gestion et [&hellip;]\" \/>\n<meta property=\"og:url\" content=\"https:\/\/stsindustrie.com\/de\/produits\/rack-tournant\/\" \/>\n<meta property=\"og:site_name\" content=\"stsindustrie.com\" \/>\n<meta property=\"article:modified_time\" content=\"2024-04-05T14:20:27+00:00\" \/>\n<meta name=\"twitter:card\" content=\"summary_large_image\" \/>\n<script type=\"application\/ld+json\" class=\"yoast-schema-graph\">{\"@context\":\"https:\\\/\\\/schema.org\",\"@graph\":[{\"@type\":\"WebPage\",\"@id\":\"https:\\\/\\\/stsindustrie.com\\\/produits\\\/rack-tournant\\\/\",\"url\":\"https:\\\/\\\/stsindustrie.com\\\/produits\\\/rack-tournant\\\/\",\"name\":\"RACK TOURNANT - stsindustrie.com\",\"isPartOf\":{\"@id\":\"https:\\\/\\\/stsindustrie.com\\\/#website\"},\"datePublished\":\"2022-09-29T14:00:25+00:00\",\"dateModified\":\"2024-04-05T14:20:27+00:00\",\"breadcrumb\":{\"@id\":\"https:\\\/\\\/stsindustrie.com\\\/produits\\\/rack-tournant\\\/#breadcrumb\"},\"inLanguage\":\"de\",\"potentialAction\":[{\"@type\":\"ReadAction\",\"target\":[\"https:\\\/\\\/stsindustrie.com\\\/produits\\\/rack-tournant\\\/\"]}]},{\"@type\":\"BreadcrumbList\",\"@id\":\"https:\\\/\\\/stsindustrie.com\\\/produits\\\/rack-tournant\\\/#breadcrumb\",\"itemListElement\":[{\"@type\":\"ListItem\",\"position\":1,\"name\":\"Accueil\",\"item\":\"https:\\\/\\\/stsindustrie.com\\\/\"},{\"@type\":\"ListItem\",\"position\":2,\"name\":\"Produits\",\"item\":\"https:\\\/\\\/stsindustrie.com\\\/produits\\\/\"},{\"@type\":\"ListItem\",\"position\":3,\"name\":\"RACK TOURNANT\"}]},{\"@type\":\"WebSite\",\"@id\":\"https:\\\/\\\/stsindustrie.com\\\/#website\",\"url\":\"https:\\\/\\\/stsindustrie.com\\\/\",\"name\":\"stsindustrie.com\",\"description\":\"\",\"publisher\":{\"@id\":\"https:\\\/\\\/stsindustrie.com\\\/#organization\"},\"potentialAction\":[{\"@type\":\"SearchAction\",\"target\":{\"@type\":\"EntryPoint\",\"urlTemplate\":\"https:\\\/\\\/stsindustrie.com\\\/?s={search_term_string}\"},\"query-input\":{\"@type\":\"PropertyValueSpecification\",\"valueRequired\":true,\"valueName\":\"search_term_string\"}}],\"inLanguage\":\"de\"},{\"@type\":\"Organization\",\"@id\":\"https:\\\/\\\/stsindustrie.com\\\/#organization\",\"name\":\"STS Industrie SA\",\"url\":\"https:\\\/\\\/stsindustrie.com\\\/\",\"logo\":{\"@type\":\"ImageObject\",\"inLanguage\":\"de\",\"@id\":\"https:\\\/\\\/stsindustrie.com\\\/#\\\/schema\\\/logo\\\/image\\\/\",\"url\":\"https:\\\/\\\/stsindustrie.com\\\/wp-content\\\/uploads\\\/2022\\\/02\\\/logoflavicon.png\",\"contentUrl\":\"https:\\\/\\\/stsindustrie.com\\\/wp-content\\\/uploads\\\/2022\\\/02\\\/logoflavicon.png\",\"width\":150,\"height\":150,\"caption\":\"STS Industrie SA\"},\"image\":{\"@id\":\"https:\\\/\\\/stsindustrie.com\\\/#\\\/schema\\\/logo\\\/image\\\/\"},\"sameAs\":[\"https:\\\/\\\/www.linkedin.com\\\/company\\\/sts-industrie-sa\\\/\"]}]}<\/script>\n<!-- \/ Yoast SEO plugin. -->","yoast_head_json":{"title":"RACK TOURNANT - stsindustrie.com","robots":{"index":"index","follow":"follow","max-snippet":"max-snippet:-1","max-image-preview":"max-image-preview:large","max-video-preview":"max-video-preview:-1"},"canonical":"https:\/\/stsindustrie.com\/de\/produits\/rack-tournant\/","og_locale":"de_DE","og_type":"article","og_title":"RACK TOURNANT - stsindustrie.com","og_description":"RACK TOURNANT Rack tournant pour l\u2018horlogerie, la joaillerie et l\u2019industrie du luxe Traitement de surface pour pi\u00e8ces d\u00e9licates Type de ligne propos\u00e9es: Ligne de galvanoplatie Ligne de nettoyage Toute nos lignes peuvent \u00eatre de type: Automatique Manuelle Les racks tournant sont g\u00e9r\u00e9 par les boitiers VR2020. Ceux-ci sont connect\u00e9 \u00e0 l&rsquo;IHM pour la gestion et [&hellip;]","og_url":"https:\/\/stsindustrie.com\/de\/produits\/rack-tournant\/","og_site_name":"stsindustrie.com","article_modified_time":"2024-04-05T14:20:27+00:00","twitter_card":"summary_large_image","schema":{"@context":"https:\/\/schema.org","@graph":[{"@type":"WebPage","@id":"https:\/\/stsindustrie.com\/produits\/rack-tournant\/","url":"https:\/\/stsindustrie.com\/produits\/rack-tournant\/","name":"RACK TOURNANT - stsindustrie.com","isPartOf":{"@id":"https:\/\/stsindustrie.com\/#website"},"datePublished":"2022-09-29T14:00:25+00:00","dateModified":"2024-04-05T14:20:27+00:00","breadcrumb":{"@id":"https:\/\/stsindustrie.com\/produits\/rack-tournant\/#breadcrumb"},"inLanguage":"de","potentialAction":[{"@type":"ReadAction","target":["https:\/\/stsindustrie.com\/produits\/rack-tournant\/"]}]},{"@type":"BreadcrumbList","@id":"https:\/\/stsindustrie.com\/produits\/rack-tournant\/#breadcrumb","itemListElement":[{"@type":"ListItem","position":1,"name":"Accueil","item":"https:\/\/stsindustrie.com\/"},{"@type":"ListItem","position":2,"name":"Produits","item":"https:\/\/stsindustrie.com\/produits\/"},{"@type":"ListItem","position":3,"name":"RACK TOURNANT"}]},{"@type":"WebSite","@id":"https:\/\/stsindustrie.com\/#website","url":"https:\/\/stsindustrie.com\/","name":"stsindustrie.com","description":"","publisher":{"@id":"https:\/\/stsindustrie.com\/#organization"},"potentialAction":[{"@type":"SearchAction","target":{"@type":"EntryPoint","urlTemplate":"https:\/\/stsindustrie.com\/?s={search_term_string}"},"query-input":{"@type":"PropertyValueSpecification","valueRequired":true,"valueName":"search_term_string"}}],"inLanguage":"de"},{"@type":"Organization","@id":"https:\/\/stsindustrie.com\/#organization","name":"STS Industrie AG","url":"https:\/\/stsindustrie.com\/","logo":{"@type":"ImageObject","inLanguage":"de","@id":"https:\/\/stsindustrie.com\/#\/schema\/logo\/image\/","url":"https:\/\/stsindustrie.com\/wp-content\/uploads\/2022\/02\/logoflavicon.png","contentUrl":"https:\/\/stsindustrie.com\/wp-content\/uploads\/2022\/02\/logoflavicon.png","width":150,"height":150,"caption":"STS Industrie SA"},"image":{"@id":"https:\/\/stsindustrie.com\/#\/schema\/logo\/image\/"},"sameAs":["https:\/\/www.linkedin.com\/company\/sts-industrie-sa\/"]}]}},"_links":{"self":[{"href":"https:\/\/stsindustrie.com\/de\/wp-json\/wp\/v2\/pages\/1173","targetHints":{"allow":["GET"]}}],"collection":[{"href":"https:\/\/stsindustrie.com\/de\/wp-json\/wp\/v2\/pages"}],"about":[{"href":"https:\/\/stsindustrie.com\/de\/wp-json\/wp\/v2\/types\/page"}],"author":[{"embeddable":true,"href":"https:\/\/stsindustrie.com\/de\/wp-json\/wp\/v2\/users\/6"}],"replies":[{"embeddable":true,"href":"https:\/\/stsindustrie.com\/de\/wp-json\/wp\/v2\/comments?post=1173"}],"version-history":[{"count":16,"href":"https:\/\/stsindustrie.com\/de\/wp-json\/wp\/v2\/pages\/1173\/revisions"}],"predecessor-version":[{"id":2146,"href":"https:\/\/stsindustrie.com\/de\/wp-json\/wp\/v2\/pages\/1173\/revisions\/2146"}],"up":[{"embeddable":true,"href":"https:\/\/stsindustrie.com\/de\/wp-json\/wp\/v2\/pages\/412"}],"wp:attachment":[{"href":"https:\/\/stsindustrie.com\/de\/wp-json\/wp\/v2\/media?parent=1173"}],"curies":[{"name":"wp","href":"https:\/\/api.w.org\/{rel}","templated":true}]}}