{"id":1098,"date":"2022-09-29T14:29:43","date_gmt":"2022-09-29T12:29:43","guid":{"rendered":"https:\/\/new-stsindustrie.com\/?page_id=1098"},"modified":"2024-04-05T16:19:01","modified_gmt":"2024-04-05T14:19:01","slug":"vibarrel-101","status":"publish","type":"page","link":"https:\/\/stsindustrie.com\/de\/produits\/vibarrel\/vibarrel-101\/","title":{"rendered":"Vibarrel\u00ae 101"},"content":{"rendered":"<h1>\n<p class=\"jeremy\"><strong>VIBARREL<sup>\u00ae<\/sup> 101<\/strong><\/p>\n<\/h1>\n<p>\n    <a href=\"\/produits\/vibarrel-101\/\">Vibarrel\u00ae 101<\/a>\n<\/p>\n<p>\n    <a href=\"\/produits\/vibarrel-203\/\">Vibarrel\u00ae 203<\/a>\n<\/p>\n<p>\n    <a href=\"\/produits\/vibarrel-303\/\">Vibarrel\u00ae 303<\/a>\n<\/p>\n<p>\n    <a href=\"\/produits\/vibarrel-453\/\">Vibarrel\u00ae 453<\/a>\n<\/p>\n<h2>\n<h2 class=\"jeremy\">VIBARREL<sup>\u00ae <\/sup>101<\/h2>\n<\/h2>\n<h5>\n<p>Donn\u00e9es techniques<\/p>\n<\/h5>\n<div>\n<p>Permet le traitement manuel d\u2019environ 0.3 dm3<\/p>\n<p><b>Les paniers suivants sont disponibles:\u00a0\u00a0<\/b>diam\u00e8tre 60 mm, 90 mm, 120 mm\u00a0et 160 mm.<br \/><b>Suivant les produits chimiques utilis\u00e9s, ex\u00e9cution en:\u00a0<\/b>PP ou PVDF<br \/><b>Courant cathodique maximum:\u00a0<\/b>25 Amp\u00e8res<br \/><b>Raccordement:\u00a0220 Volt \u2013<\/b>50 Hertz, transformateur pour vibration 24 Volt DC<br \/><b>Poids:\u00a0<\/b>3.8 kg<br \/><b>Hauteur totale:\u00a0<\/b>480 mm<\/p>\n<\/div>\n<h5>\n<p>Avantages de la solution STS<\/p>\n<ul><\/ul>\n<\/h5>\n<div>\n<ul>\n<li>Unit\u00e9 vibrante compacte, transport facile d\u2018un bain \u00e0 l\u2018autre.Contr\u00f4le manuel de la vibration (puissance + fr\u00e9quence).<\/li>\n<li>Equip\u00e9 de 2 potentiom\u00e8tres pour r\u00e9gler la puissance et la fr\u00e9quence.<\/li>\n<li>Echange de paniers simple et facile gr\u00e2ce au syst\u00e8me de fixation rapide.<\/li>\n<li>Tr\u00e8s bonne\u00a0r\u00e9partition du courant assurant une\u00a0excellente uniformit\u00e9.<\/li>\n<\/ul>\n<\/div>\n<h5>\n<p>Option<\/p>\n<ul><\/ul>\n<\/h5>\n<div>\n<p><span>Pour le m\u00e9dical, par exemple l&rsquo;anodisation couleur de petites pi\u00e8ce, des paniers en titane peuvent \u00eatre fourni, dia\u00e8tre 90 et 160mm.<\/span><\/p>\n<\/div>\n<ul>\n<li>\n<p>        <img decoding=\"async\" src=\"\/wp-content\/uploads\/2022\/09\/Capture-de%CC%81cran-2022-09-29-a%CC%80-14.39.58.png\" alt=\"\"><\/p>\n<\/li>\n<li>\n<p>        <img decoding=\"async\" src=\"\/wp-content\/uploads\/2022\/09\/Capture-de%CC%81cran-2022-09-29-a%CC%80-14.38.54.png\" alt=\"\"><\/p>\n<\/li>\n<li>\n<p>        <img decoding=\"async\" src=\"\/wp-content\/uploads\/2022\/09\/Capture-de%CC%81cran-2022-09-29-a%CC%80-14.39.17.png\" alt=\"\"><\/p>\n<\/li>\n<li>\n<p>        <img decoding=\"async\" src=\"\/wp-content\/uploads\/2022\/09\/Capture-de%CC%81cran-2022-09-29-a%CC%80-14.39.26.png\" alt=\"\"><\/p>\n<\/li>\n<li>\n<p>        <img decoding=\"async\" src=\"\/wp-content\/uploads\/2022\/09\/Capture-de%CC%81cran-2022-09-29-a%CC%80-14.39.47.png\" alt=\"\"><\/p>\n<\/li>\n<li>\n<p>        <img decoding=\"async\" src=\"\/wp-content\/uploads\/2022\/09\/Capture-de%CC%81cran-2022-09-29-a%CC%80-14.40.08.png\" alt=\"\"><\/p>\n<\/li>\n<li>\n<p>        <img decoding=\"async\" src=\"\/wp-content\/uploads\/2022\/09\/Capture-de%CC%81cran-2022-09-29-a%CC%80-14.39.36.png\" alt=\"\"><\/p>\n<\/li>\n<\/ul>\n<p><img decoding=\"async\" src=\"\/wp-content\/uploads\/2023\/08\/STS_Illu_1.png\" alt=\"\"><\/p>\n<p>\n    <a href=\"\/wp-content\/uploads\/2022\/11\/flyersts101203.pdf\">T\u00e9l\u00e9charger la documentation<\/a>\n<\/p>\n<p>\n    <a href=\"\/pieces-detachees\/\">Pi\u00e8ces d\u00e9tach\u00e9es<\/a>\n<\/p>\n<p><video src=\"\/wp-content\/uploads\/2022\/05\/stsvibarrelfinal.mp4\" poster=\"\"><\/video><\/p>\n<hr>\n<h1>\n<h2 style=\"text-align: center;\">Une demande sp\u00e9cifique ? Parlons-en.<\/h2>\n<\/h1>\n<div>\n<p class=\"p1\">Nous accompagnons les entreprises dans la cr\u00e9ation de leurs \u00e9quipements de production depuis 1975. Nos sp\u00e9cialistes sauront vous conseiller au mieux afin de cr\u00e9er la machine qu\u2019il vous faut pour les ann\u00e9es \u00e0 venir.<\/p>\n<\/div>\n<p>\n    <a href=\"\/contact\/\">contactez-nous<\/a>\n<\/p>\n<p><!--more--><br \/>\n<!-- {\"type\":\"layout\",\"children\":[{\"type\":\"section\",\"props\":{\"height\":\"section\",\"height_offset_top\":true,\"image\":\"wp-content\\\/uploads\\\/2022\\\/05\\\/DSC07290.png\",\"image_position\":\"center-center\",\"image_size\":\"width-1-1\",\"media_overlay\":\"rgba(0, 0, 0, 0.4)\",\"style\":\"default\",\"title_breakpoint\":\"xl\",\"title_position\":\"top-left\",\"title_rotation\":\"left\",\"vertical_align\":\"middle\",\"width\":\"default\"},\"children\":[{\"type\":\"row\",\"children\":[{\"type\":\"column\",\"props\":{\"image_position\":\"center-center\",\"position_sticky_breakpoint\":\"m\"},\"children\":[{\"type\":\"headline\",\"props\":{\"content\":\"\n\n<p class=\\\"jeremy\\\"><strong>VIBARREL<sup>\\u00ae<\\\/sup> 101<\\\/strong><\\\/p>\",\"text_align\":\"center\",\"title_color\":\"warning\",\"title_element\":\"h1\"}}]}]}],\"name\":\"HEADER PAGE SECONDAIRE\"},{\"type\":\"section\",\"props\":{\"image_position\":\"center-center\",\"padding\":\"small\",\"padding_remove_top\":false,\"style\":\"default\",\"title_breakpoint\":\"xl\",\"title_position\":\"top-left\",\"title_rotation\":\"left\",\"vertical_align\":\"middle\",\"width\":\"default\"},\"children\":[{\"type\":\"row\",\"props\":{\"layout\":\"1-4,1-4,1-4,1-4|1-2,1-2,1-2,1-2\"},\"children\":[{\"type\":\"column\",\"props\":{\"image_position\":\"center-center\",\"position_sticky_breakpoint\":\"m\",\"width_medium\":\"1-4\",\"width_small\":\"1-2\"},\"children\":[{\"type\":\"button\",\"props\":{\"fullwidth\":true,\"grid_column_gap\":\"small\",\"grid_row_gap\":\"small\",\"margin\":\"default\",\"text_align\":\"center\"},\"children\":[{\"type\":\"button_item\",\"props\":{\"button_style\":\"primary\",\"content\":\"Vibarrel\\u00ae 101\",\"icon_align\":\"left\",\"link\":\"produits\\\/vibarrel-101\\\/\"}}]}]},{\"type\":\"column\",\"props\":{\"image_position\":\"center-center\",\"position_sticky_breakpoint\":\"m\",\"width_medium\":\"1-4\",\"width_small\":\"1-2\"},\"children\":[{\"type\":\"button\",\"props\":{\"fullwidth\":true,\"grid_column_gap\":\"small\",\"grid_row_gap\":\"small\",\"margin\":\"default\",\"text_align\":\"center\"},\"children\":[{\"type\":\"button_item\",\"props\":{\"button_style\":\"primary\",\"content\":\"Vibarrel\\u00ae 203\",\"icon_align\":\"left\",\"link\":\"produits\\\/vibarrel-203\\\/\"}}]}]},{\"type\":\"column\",\"props\":{\"image_position\":\"center-center\",\"position_sticky_breakpoint\":\"m\",\"width_medium\":\"1-4\",\"width_small\":\"1-2\"},\"children\":[{\"type\":\"button\",\"props\":{\"fullwidth\":true,\"grid_column_gap\":\"small\",\"grid_row_gap\":\"small\",\"margin\":\"default\",\"text_align\":\"center\"},\"children\":[{\"type\":\"button_item\",\"props\":{\"button_style\":\"primary\",\"content\":\"Vibarrel\\u00ae 303\",\"icon_align\":\"left\",\"link\":\"produits\\\/vibarrel-303\\\/\"}}]}]},{\"type\":\"column\",\"props\":{\"image_position\":\"center-center\",\"position_sticky_breakpoint\":\"m\",\"width_medium\":\"1-4\",\"width_small\":\"1-2\"},\"children\":[{\"type\":\"button\",\"props\":{\"fullwidth\":true,\"grid_column_gap\":\"small\",\"grid_row_gap\":\"small\",\"margin\":\"default\",\"text_align\":\"center\"},\"children\":[{\"type\":\"button_item\",\"props\":{\"button_style\":\"primary\",\"content\":\"Vibarrel\\u00ae 453\",\"icon_align\":\"left\",\"link\":\"produits\\\/vibarrel-453\\\/\"}}]}]}]},{\"type\":\"row\",\"children\":[{\"type\":\"column\",\"props\":{\"image_position\":\"center-center\",\"position_sticky_breakpoint\":\"m\"},\"children\":[{\"type\":\"headline\",\"props\":{\"content\":\"\n\n<h2 class=\\\"jeremy\\\">VIBARREL<sup>\\u00ae <\\\/sup>101<\\\/h2>\",\"text_align\":\"left\",\"title_element\":\"h2\",\"title_style\":\"h2\"}}]}]},{\"type\":\"row\",\"children\":[{\"type\":\"column\",\"props\":{\"image_position\":\"center-center\",\"position_sticky_breakpoint\":\"m\",\"width_medium\":\"2-3\"},\"children\":[{\"type\":\"headline\",\"props\":{\"content\":\"\n\n<p>Donn\\u00e9es techniques<\\\/p>\",\"text_align\":\"left\",\"title_element\":\"h5\",\"title_style\":\"h4\"}},{\"type\":\"text\",\"props\":{\"column_breakpoint\":\"m\",\"content\":\"\n\n<p>Permet le traitement manuel d\\u2019environ 0.3 dm3<\\\/p>\\n\n\n<p><b>Les paniers suivants sont disponibles:\\u00a0\\u00a0<\\\/b>diam\\u00e8tre 60 mm, 90 mm, 120 mm\\u00a0et 160 mm.<br \\\/><b>Suivant les produits chimiques utilis\\u00e9s, ex\\u00e9cution en:\\u00a0<\\\/b>PP ou PVDF<br \\\/><b>Courant cathodique maximum:\\u00a0<\\\/b>25 Amp\\u00e8res<br \\\/><b>Raccordement:\\u00a0220 Volt \\u2013<\\\/b>50 Hertz, transformateur pour vibration 24 Volt DC<br \\\/><b>Poids:\\u00a0<\\\/b>3.8 kg<br \\\/><b>Hauteur totale:\\u00a0<\\\/b>480 mm<\\\/p>\",\"margin\":\"default\",\"text_align\":\"left\"}},{\"type\":\"headline\",\"props\":{\"content\":\"\n\n<p>Avantages de la solution STS<\\\/p>\\n\n\n<ul><\\\/ul>\",\"text_align\":\"left\",\"title_element\":\"h5\",\"title_style\":\"h4\"}},{\"type\":\"text\",\"props\":{\"column_breakpoint\":\"m\",\"content\":\"\n\n<ul>\\n\n\n<li>Unit\\u00e9 vibrante compacte, transport facile d\\u2018un bain \\u00e0 l\\u2018autre.Contr\\u00f4le manuel de la vibration (puissance + fr\\u00e9quence).<\\\/li>\\n\n\n<li>Equip\\u00e9 de 2 potentiom\\u00e8tres pour r\\u00e9gler la puissance et la fr\\u00e9quence.<\\\/li>\\n\n\n<li>Echange de paniers simple et facile gr\\u00e2ce au syst\\u00e8me de fixation rapide.<\\\/li>\\n\n\n<li>Tr\\u00e8s bonne\\u00a0r\\u00e9partition du courant assurant une\\u00a0excellente uniformit\\u00e9.<\\\/li>\\n<\\\/ul>\",\"margin\":\"default\",\"text_align\":\"left\"}},{\"type\":\"headline\",\"props\":{\"content\":\"\n\n<p>Option<\\\/p>\\n\n\n<ul><\\\/ul>\",\"text_align\":\"left\",\"title_element\":\"h5\",\"title_style\":\"h4\"}},{\"type\":\"text\",\"props\":{\"column_breakpoint\":\"m\",\"content\":\"\n\n<p><span>Pour le m\\u00e9dical, par exemple l'anodisation couleur de petites pi\\u00e8ce, des paniers en titane peuvent \\u00eatre fourni, dia\\u00e8tre 90 et 160mm.<\\\/span><\\\/p>\",\"margin\":\"default\",\"text_align\":\"left\"}}]},{\"type\":\"column\",\"props\":{\"image_position\":\"center-center\",\"position_sticky_breakpoint\":\"m\",\"width_medium\":\"1-3\"},\"children\":[{\"type\":\"slideshow\",\"props\":{\"link_style\":\"default\",\"link_text\":\"Read more\",\"margin\":\"default\",\"meta_align\":\"below-title\",\"meta_element\":\"div\",\"meta_style\":\"text-meta\",\"nav\":\"dotnav\",\"nav_align\":\"center\",\"nav_breakpoint\":\"s\",\"nav_position\":\"bottom-center\",\"nav_position_margin\":\"medium\",\"overlay_animation\":\"parallax\",\"overlay_position\":\"center-left\",\"show_content\":true,\"show_link\":true,\"show_meta\":true,\"show_thumbnail\":true,\"show_title\":true,\"slidenav\":\"default\",\"slidenav_breakpoint\":\"s\",\"slidenav_margin\":\"medium\",\"slidenav_outside_breakpoint\":\"xl\",\"slideshow_autoplay\":true,\"slideshow_autoplay_interval\":\"6\",\"slideshow_autoplay_pause\":true,\"slideshow_min_height\":\"\",\"slideshow_ratio\":\"9:16\",\"thumbnav_height\":\"75\",\"thumbnav_svg_color\":\"emphasis\",\"thumbnav_width\":\"100\",\"title_element\":\"h3\"},\"children\":[{\"type\":\"slideshow_item\",\"props\":{\"image\":\"wp-content\\\/uploads\\\/2022\\\/09\\\/Capture-de\\u0301cran-2022-09-29-a\\u0300-14.39.58.png\"}},{\"type\":\"slideshow_item\",\"props\":{\"image\":\"wp-content\\\/uploads\\\/2022\\\/09\\\/Capture-de\\u0301cran-2022-09-29-a\\u0300-14.38.54.png\"}},{\"type\":\"slideshow_item\",\"props\":{\"image\":\"wp-content\\\/uploads\\\/2022\\\/09\\\/Capture-de\\u0301cran-2022-09-29-a\\u0300-14.39.17.png\"}},{\"type\":\"slideshow_item\",\"props\":{\"image\":\"wp-content\\\/uploads\\\/2022\\\/09\\\/Capture-de\\u0301cran-2022-09-29-a\\u0300-14.39.26.png\"}},{\"type\":\"slideshow_item\",\"props\":{\"image\":\"wp-content\\\/uploads\\\/2022\\\/09\\\/Capture-de\\u0301cran-2022-09-29-a\\u0300-14.39.47.png\"}},{\"type\":\"slideshow_item\",\"props\":{\"image\":\"wp-content\\\/uploads\\\/2022\\\/09\\\/Capture-de\\u0301cran-2022-09-29-a\\u0300-14.40.08.png\"}},{\"type\":\"slideshow_item\",\"props\":{\"image\":\"wp-content\\\/uploads\\\/2022\\\/09\\\/Capture-de\\u0301cran-2022-09-29-a\\u0300-14.39.36.png\"}}]}]}],\"props\":{\"layout\":\"2-3,1-3\"}},{\"type\":\"row\",\"props\":{\"layout\":\"2-3,1-3\"},\"children\":[{\"type\":\"column\",\"props\":{\"image_position\":\"center-center\",\"position_sticky_breakpoint\":\"m\",\"width_medium\":\"2-3\"},\"children\":[{\"type\":\"image\",\"props\":{\"image\":\"wp-content\\\/uploads\\\/2023\\\/08\\\/STS_Illu_1.png\",\"image_svg_color\":\"emphasis\",\"image_width\":\"500\",\"margin\":\"default\"}}]},{\"type\":\"column\",\"props\":{\"image_position\":\"center-center\",\"position_sticky_breakpoint\":\"m\",\"width_medium\":\"1-3\"},\"children\":[{\"type\":\"button\",\"props\":{\"fullwidth\":true,\"grid_column_gap\":\"small\",\"grid_row_gap\":\"small\",\"margin\":\"default\",\"text_align\":\"center\"},\"children\":[{\"type\":\"button_item\",\"props\":{\"button_style\":\"primary\",\"content\":\"T\\u00e9l\\u00e9charger la documentation\",\"icon_align\":\"left\",\"link\":\"wp-content\\\/uploads\\\/2022\\\/11\\\/flyersts101203.pdf\",\"link_target\":\"blank\"}}]},{\"type\":\"button\",\"props\":{\"fullwidth\":true,\"grid_column_gap\":\"small\",\"grid_row_gap\":\"small\",\"margin\":\"default\",\"text_align\":\"center\"},\"children\":[{\"type\":\"button_item\",\"props\":{\"button_style\":\"primary\",\"content\":\"Pi\\u00e8ces d\\u00e9tach\\u00e9es\",\"icon_align\":\"left\",\"link\":\"pieces-detachees\\\/\",\"link_target\":\"blank\"}}]}]}]},{\"type\":\"row\",\"children\":[{\"type\":\"column\",\"props\":{\"image_position\":\"center-center\",\"position_sticky_breakpoint\":\"m\"},\"children\":[{\"type\":\"video\",\"props\":{\"margin\":\"default\",\"text_align\":\"center\",\"video\":\"wp-content\\\/uploads\\\/2022\\\/05\\\/stsvibarrelfinal.mp4\",\"video_controls\":true}}]}]}],\"modified\":\"2022-03-02T13:55:47.959Z\",\"name\":\"texte avec puce\"},{\"type\":\"section\",\"props\":{\"image_position\":\"center-center\",\"style\":\"default\",\"title_breakpoint\":\"xl\",\"title_position\":\"top-left\",\"title_rotation\":\"left\",\"vertical_align\":\"middle\",\"width\":\"default\"},\"children\":[{\"type\":\"row\",\"children\":[{\"type\":\"column\",\"props\":{\"image_position\":\"center-center\",\"position_sticky_breakpoint\":\"m\"},\"children\":[{\"type\":\"divider\",\"props\":{\"divider_element\":\"hr\",\"divider_style\":\"icon\"}},{\"type\":\"headline\",\"props\":{\"content\":\"\n\n<h2 style=\\\"text-align: center;\\\">Une demande sp\\u00e9cifique ? Parlons-en.<\\\/h2>\",\"text_align\":\"center\",\"title_element\":\"h1\"}},{\"type\":\"text\",\"props\":{\"column_breakpoint\":\"m\",\"content\":\"\n\n<p class=\\\"p1\\\">Nous accompagnons les entreprises dans la cr\\u00e9ation de leurs \\u00e9quipements de production depuis 1975. Nos sp\\u00e9cialistes sauront vous conseiller au mieux afin de cr\\u00e9er la machine qu\\u2019il vous faut pour les ann\\u00e9es \\u00e0 venir.<\\\/p>\",\"margin\":\"default\",\"text_align\":\"center\"}},{\"type\":\"button\",\"props\":{\"grid_column_gap\":\"small\",\"grid_row_gap\":\"small\",\"margin\":\"default\",\"text_align\":\"center\"},\"children\":[{\"type\":\"button_item\",\"props\":{\"button_style\":\"default\",\"content\":\"contactez-nous\",\"icon_align\":\"left\",\"link\":\"contact\\\/\"}}]}]}]}],\"name\":\"call to action contact final\"}],\"version\":\"4.3.3\"} --><\/p>\n","protected":false},"excerpt":{"rendered":"<p>VIBARREL\u00ae 101 Vibarrel\u00ae 101 Vibarrel\u00ae 203 Vibarrel\u00ae 303 Vibarrel\u00ae 453 VIBARREL\u00ae 101 Donn\u00e9es techniques Permet le traitement manuel d\u2019environ 0.3 dm3 Les paniers suivants sont disponibles:\u00a0\u00a0diam\u00e8tre 60 mm, 90 mm, 120 mm\u00a0et 160 mm.Suivant les produits chimiques utilis\u00e9s, ex\u00e9cution en:\u00a0PP ou PVDFCourant cathodique maximum:\u00a025 Amp\u00e8resRaccordement:\u00a0220 Volt \u201350 Hertz, transformateur pour vibration 24 Volt DCPoids:\u00a03.8 kgHauteur [&hellip;]<\/p>\n","protected":false},"author":6,"featured_media":0,"parent":1089,"menu_order":0,"comment_status":"closed","ping_status":"closed","template":"","meta":{"footnotes":""},"class_list":["post-1098","page","type-page","status-publish","hentry"],"yoast_head":"<!-- This site is optimized with the Yoast SEO plugin v27.3 - https:\/\/yoast.com\/product\/yoast-seo-wordpress\/ -->\n<title>Vibarrel\u00ae 101 - stsindustrie.com<\/title>\n<meta name=\"robots\" content=\"index, follow, max-snippet:-1, max-image-preview:large, max-video-preview:-1\" \/>\n<link rel=\"canonical\" href=\"https:\/\/stsindustrie.com\/de\/produits\/vibarrel\/vibarrel-101\/\" \/>\n<meta property=\"og:locale\" content=\"de_DE\" \/>\n<meta property=\"og:type\" content=\"article\" \/>\n<meta property=\"og:title\" content=\"Vibarrel\u00ae 101 - stsindustrie.com\" \/>\n<meta property=\"og:description\" content=\"VIBARREL\u00ae 101 Vibarrel\u00ae 101 Vibarrel\u00ae 203 Vibarrel\u00ae 303 Vibarrel\u00ae 453 VIBARREL\u00ae 101 Donn\u00e9es techniques Permet le traitement manuel d\u2019environ 0.3 dm3 Les paniers suivants sont disponibles:\u00a0\u00a0diam\u00e8tre 60 mm, 90 mm, 120 mm\u00a0et 160 mm.Suivant les produits chimiques utilis\u00e9s, ex\u00e9cution en:\u00a0PP ou PVDFCourant cathodique maximum:\u00a025 Amp\u00e8resRaccordement:\u00a0220 Volt \u201350 Hertz, transformateur pour vibration 24 Volt DCPoids:\u00a03.8 kgHauteur [&hellip;]\" \/>\n<meta property=\"og:url\" content=\"https:\/\/stsindustrie.com\/de\/produits\/vibarrel\/vibarrel-101\/\" \/>\n<meta property=\"og:site_name\" content=\"stsindustrie.com\" \/>\n<meta property=\"article:modified_time\" content=\"2024-04-05T14:19:01+00:00\" \/>\n<meta name=\"twitter:card\" content=\"summary_large_image\" \/>\n<script type=\"application\/ld+json\" class=\"yoast-schema-graph\">{\"@context\":\"https:\\\/\\\/schema.org\",\"@graph\":[{\"@type\":\"WebPage\",\"@id\":\"https:\\\/\\\/stsindustrie.com\\\/produits\\\/vibarrel\\\/vibarrel-101\\\/\",\"url\":\"https:\\\/\\\/stsindustrie.com\\\/produits\\\/vibarrel\\\/vibarrel-101\\\/\",\"name\":\"Vibarrel\u00ae 101 - stsindustrie.com\",\"isPartOf\":{\"@id\":\"https:\\\/\\\/stsindustrie.com\\\/#website\"},\"datePublished\":\"2022-09-29T12:29:43+00:00\",\"dateModified\":\"2024-04-05T14:19:01+00:00\",\"breadcrumb\":{\"@id\":\"https:\\\/\\\/stsindustrie.com\\\/produits\\\/vibarrel\\\/vibarrel-101\\\/#breadcrumb\"},\"inLanguage\":\"de\",\"potentialAction\":[{\"@type\":\"ReadAction\",\"target\":[\"https:\\\/\\\/stsindustrie.com\\\/produits\\\/vibarrel\\\/vibarrel-101\\\/\"]}]},{\"@type\":\"BreadcrumbList\",\"@id\":\"https:\\\/\\\/stsindustrie.com\\\/produits\\\/vibarrel\\\/vibarrel-101\\\/#breadcrumb\",\"itemListElement\":[{\"@type\":\"ListItem\",\"position\":1,\"name\":\"Accueil\",\"item\":\"https:\\\/\\\/stsindustrie.com\\\/\"},{\"@type\":\"ListItem\",\"position\":2,\"name\":\"Produits\",\"item\":\"https:\\\/\\\/stsindustrie.com\\\/produits\\\/\"},{\"@type\":\"ListItem\",\"position\":3,\"name\":\"VIBARREL\u00ae\",\"item\":\"https:\\\/\\\/stsindustrie.com\\\/produits\\\/vibarrel\\\/\"},{\"@type\":\"ListItem\",\"position\":4,\"name\":\"Vibarrel\u00ae 101\"}]},{\"@type\":\"WebSite\",\"@id\":\"https:\\\/\\\/stsindustrie.com\\\/#website\",\"url\":\"https:\\\/\\\/stsindustrie.com\\\/\",\"name\":\"stsindustrie.com\",\"description\":\"\",\"publisher\":{\"@id\":\"https:\\\/\\\/stsindustrie.com\\\/#organization\"},\"potentialAction\":[{\"@type\":\"SearchAction\",\"target\":{\"@type\":\"EntryPoint\",\"urlTemplate\":\"https:\\\/\\\/stsindustrie.com\\\/?s={search_term_string}\"},\"query-input\":{\"@type\":\"PropertyValueSpecification\",\"valueRequired\":true,\"valueName\":\"search_term_string\"}}],\"inLanguage\":\"de\"},{\"@type\":\"Organization\",\"@id\":\"https:\\\/\\\/stsindustrie.com\\\/#organization\",\"name\":\"STS Industrie SA\",\"url\":\"https:\\\/\\\/stsindustrie.com\\\/\",\"logo\":{\"@type\":\"ImageObject\",\"inLanguage\":\"de\",\"@id\":\"https:\\\/\\\/stsindustrie.com\\\/#\\\/schema\\\/logo\\\/image\\\/\",\"url\":\"https:\\\/\\\/stsindustrie.com\\\/wp-content\\\/uploads\\\/2022\\\/02\\\/logoflavicon.png\",\"contentUrl\":\"https:\\\/\\\/stsindustrie.com\\\/wp-content\\\/uploads\\\/2022\\\/02\\\/logoflavicon.png\",\"width\":150,\"height\":150,\"caption\":\"STS Industrie SA\"},\"image\":{\"@id\":\"https:\\\/\\\/stsindustrie.com\\\/#\\\/schema\\\/logo\\\/image\\\/\"},\"sameAs\":[\"https:\\\/\\\/www.linkedin.com\\\/company\\\/sts-industrie-sa\\\/\"]}]}<\/script>\n<!-- \/ Yoast SEO plugin. -->","yoast_head_json":{"title":"Vibarrel\u00ae 101 - stsindustrie.com","robots":{"index":"index","follow":"follow","max-snippet":"max-snippet:-1","max-image-preview":"max-image-preview:large","max-video-preview":"max-video-preview:-1"},"canonical":"https:\/\/stsindustrie.com\/de\/produits\/vibarrel\/vibarrel-101\/","og_locale":"de_DE","og_type":"article","og_title":"Vibarrel\u00ae 101 - stsindustrie.com","og_description":"VIBARREL\u00ae 101 Vibarrel\u00ae 101 Vibarrel\u00ae 203 Vibarrel\u00ae 303 Vibarrel\u00ae 453 VIBARREL\u00ae 101 Donn\u00e9es techniques Permet le traitement manuel d\u2019environ 0.3 dm3 Les paniers suivants sont disponibles:\u00a0\u00a0diam\u00e8tre 60 mm, 90 mm, 120 mm\u00a0et 160 mm.Suivant les produits chimiques utilis\u00e9s, ex\u00e9cution en:\u00a0PP ou PVDFCourant cathodique maximum:\u00a025 Amp\u00e8resRaccordement:\u00a0220 Volt \u201350 Hertz, transformateur pour vibration 24 Volt DCPoids:\u00a03.8 kgHauteur [&hellip;]","og_url":"https:\/\/stsindustrie.com\/de\/produits\/vibarrel\/vibarrel-101\/","og_site_name":"stsindustrie.com","article_modified_time":"2024-04-05T14:19:01+00:00","twitter_card":"summary_large_image","schema":{"@context":"https:\/\/schema.org","@graph":[{"@type":"WebPage","@id":"https:\/\/stsindustrie.com\/produits\/vibarrel\/vibarrel-101\/","url":"https:\/\/stsindustrie.com\/produits\/vibarrel\/vibarrel-101\/","name":"Vibarrel\u00ae 101 - stsindustrie.com","isPartOf":{"@id":"https:\/\/stsindustrie.com\/#website"},"datePublished":"2022-09-29T12:29:43+00:00","dateModified":"2024-04-05T14:19:01+00:00","breadcrumb":{"@id":"https:\/\/stsindustrie.com\/produits\/vibarrel\/vibarrel-101\/#breadcrumb"},"inLanguage":"de","potentialAction":[{"@type":"ReadAction","target":["https:\/\/stsindustrie.com\/produits\/vibarrel\/vibarrel-101\/"]}]},{"@type":"BreadcrumbList","@id":"https:\/\/stsindustrie.com\/produits\/vibarrel\/vibarrel-101\/#breadcrumb","itemListElement":[{"@type":"ListItem","position":1,"name":"Accueil","item":"https:\/\/stsindustrie.com\/"},{"@type":"ListItem","position":2,"name":"Produits","item":"https:\/\/stsindustrie.com\/produits\/"},{"@type":"ListItem","position":3,"name":"VIBARREL\u00ae","item":"https:\/\/stsindustrie.com\/produits\/vibarrel\/"},{"@type":"ListItem","position":4,"name":"Vibarrel\u00ae 101"}]},{"@type":"WebSite","@id":"https:\/\/stsindustrie.com\/#website","url":"https:\/\/stsindustrie.com\/","name":"stsindustrie.com","description":"","publisher":{"@id":"https:\/\/stsindustrie.com\/#organization"},"potentialAction":[{"@type":"SearchAction","target":{"@type":"EntryPoint","urlTemplate":"https:\/\/stsindustrie.com\/?s={search_term_string}"},"query-input":{"@type":"PropertyValueSpecification","valueRequired":true,"valueName":"search_term_string"}}],"inLanguage":"de"},{"@type":"Organization","@id":"https:\/\/stsindustrie.com\/#organization","name":"STS Industrie AG","url":"https:\/\/stsindustrie.com\/","logo":{"@type":"ImageObject","inLanguage":"de","@id":"https:\/\/stsindustrie.com\/#\/schema\/logo\/image\/","url":"https:\/\/stsindustrie.com\/wp-content\/uploads\/2022\/02\/logoflavicon.png","contentUrl":"https:\/\/stsindustrie.com\/wp-content\/uploads\/2022\/02\/logoflavicon.png","width":150,"height":150,"caption":"STS Industrie SA"},"image":{"@id":"https:\/\/stsindustrie.com\/#\/schema\/logo\/image\/"},"sameAs":["https:\/\/www.linkedin.com\/company\/sts-industrie-sa\/"]}]}},"_links":{"self":[{"href":"https:\/\/stsindustrie.com\/de\/wp-json\/wp\/v2\/pages\/1098","targetHints":{"allow":["GET"]}}],"collection":[{"href":"https:\/\/stsindustrie.com\/de\/wp-json\/wp\/v2\/pages"}],"about":[{"href":"https:\/\/stsindustrie.com\/de\/wp-json\/wp\/v2\/types\/page"}],"author":[{"embeddable":true,"href":"https:\/\/stsindustrie.com\/de\/wp-json\/wp\/v2\/users\/6"}],"replies":[{"embeddable":true,"href":"https:\/\/stsindustrie.com\/de\/wp-json\/wp\/v2\/comments?post=1098"}],"version-history":[{"count":28,"href":"https:\/\/stsindustrie.com\/de\/wp-json\/wp\/v2\/pages\/1098\/revisions"}],"predecessor-version":[{"id":2138,"href":"https:\/\/stsindustrie.com\/de\/wp-json\/wp\/v2\/pages\/1098\/revisions\/2138"}],"up":[{"embeddable":true,"href":"https:\/\/stsindustrie.com\/de\/wp-json\/wp\/v2\/pages\/1089"}],"wp:attachment":[{"href":"https:\/\/stsindustrie.com\/de\/wp-json\/wp\/v2\/media?parent=1098"}],"curies":[{"name":"wp","href":"https:\/\/api.w.org\/{rel}","templated":true}]}}