{"id":1089,"date":"2022-09-29T14:03:21","date_gmt":"2022-09-29T12:03:21","guid":{"rendered":"https:\/\/new-stsindustrie.com\/?page_id=1089"},"modified":"2024-04-05T16:18:51","modified_gmt":"2024-04-05T14:18:51","slug":"vibarrel","status":"publish","type":"page","link":"https:\/\/stsindustrie.com\/de\/produits\/vibarrel\/","title":{"rendered":"VIBARREL\u00ae"},"content":{"rendered":"<h1>\n<p class=\"jeremy\">VIBARREL<sup>\u00ae<\/sup><\/p>\n<\/h1>\n<p>\n    <a href=\"\/produits\/vibarrel-101\/\">Vibarrel\u00ae 101<\/a>\n<\/p>\n<p>\n    <a href=\"\/produits\/vibarrel-203\/\">Vibarrel\u00ae 203<\/a>\n<\/p>\n<p>\n    <a href=\"\/produits\/vibarrel-303\/\">Vibarrel\u00ae 303<\/a>\n<\/p>\n<p>\n    <a href=\"\/produits\/vibarrel-453\/\">Vibarrel\u00ae 453<\/a>\n<\/p>\n<h2>\n<p class=\"p1\">Syst\u00e8me de traitement en vrac\u00a0VIBARREL<sup>\u00ae<\/sup><\/p>\n<\/h2>\n<h5>Application<\/h5>\n<div>\n<p><span>Traitement de surface pour pi\u00e8ces en vrac dans un panier vibrant.<\/span><\/p>\n<\/div>\n<h5>\n<h4>Avantages de la technologie VIBARREL<sup>\u00ae<\/sup><\/h4>\n<ul><\/ul>\n<\/h5>\n<div>\n<ul>\n<li>R\u00e9partition uniforme \u00e0 la surface de chaque pi\u00e8ce .<\/li>\n<li>Traitement m\u00e9nageant les pi\u00e9ces, pas de d\u00e9g\u00e2ts sur vos pi\u00e8ces d\u00e9licates.<\/li>\n<li>Am\u00e9lioration de l\u2018\u00e9change d\u2018\u00e9lectrolyte.<\/li>\n<li>Consommation r\u00e9duite de m\u00e9taux pr\u00e9cieux en comparaison avec une solution tonneaux.<\/li>\n<li>R\u00e9duction de l\u2018entra\u00eenement d\u2018une cuve \u00e0 l\u2018autre.<\/li>\n<\/ul>\n<\/div>\n<h5>\n<h4>Comment fonctionne la vibration pendant le traitement de surface?<\/h4>\n<ul><\/ul>\n<\/h5>\n<div>\n<ul>\n<li>L\u2019unit\u00e9 vibrante est compos\u00e9e d\u2019un panier cylindrique, lequel est fix\u00e9 sur le haut d\u2019un oscillateur axial et tangentiel. La fr\u00e9quence et l\u2019amplitude d\u2019agitation sont r\u00e9glables ind\u00e9pendamment l\u2019une de l\u2019autre.<\/li>\n<li>La vibration permet un mouvement des produits uniforme et lent autour de l\u2019axe du panier, ainsi qu\u2019un m\u00e9lange et une agitation en douceur. Durant l\u2019agitation, les produits entrent en contact avec les contacts cathodiques situ\u00e9s sur le fond du panier et maintiennent le contact \u00e9lectrique pendant tout le mouvement.<\/li>\n<li>Les capsules perfor\u00e9es en mati\u00e8re plastique qui se trouvent sur le fond du panier, permettent l&rsquo;\u00e9change de l&rsquo;\u00e9lectrolyte. Ceci permet de garantir une densit\u00e9 de courant constante et un traitement uniforme.<\/li>\n<li>\n<p class=\"p1\">Le Vibarrel peut-\u00eatre d\u00e9plac\u00e9 de bain en bain, soit de mani\u00e8re manuelle, ou semi-automatiquement par un syst\u00e8me de pain, ou alors de mani\u00e8re automatique par un robot.<\/p>\n<\/li>\n<\/ul>\n<\/div>\n<p><img decoding=\"async\" src=\"\/wp-content\/uploads\/2022\/05\/DSC08414.png\" alt=\"\"><\/p>\n<ul>\n<li>\n<p>        <img decoding=\"async\" src=\"\/wp-content\/uploads\/2022\/09\/Capture-de%CC%81cran-2022-09-29-a%CC%80-14.39.58.png\" alt=\"\"><\/p>\n<\/li>\n<li>\n<p>        <img decoding=\"async\" src=\"\/wp-content\/uploads\/2022\/09\/Capture-de%CC%81cran-2022-09-29-a%CC%80-14.38.54.png\" alt=\"\"><\/p>\n<\/li>\n<li>\n<p>        <img decoding=\"async\" src=\"\/wp-content\/uploads\/2022\/09\/Capture-de%CC%81cran-2022-09-29-a%CC%80-14.39.17.png\" alt=\"\"><\/p>\n<\/li>\n<li>\n<p>        <img decoding=\"async\" src=\"\/wp-content\/uploads\/2022\/09\/Capture-de%CC%81cran-2022-09-29-a%CC%80-14.39.26.png\" alt=\"\"><\/p>\n<\/li>\n<li>\n<p>        <img decoding=\"async\" src=\"\/wp-content\/uploads\/2022\/09\/Capture-de%CC%81cran-2022-09-29-a%CC%80-14.39.47.png\" alt=\"\"><\/p>\n<\/li>\n<li>\n<p>        <img decoding=\"async\" src=\"\/wp-content\/uploads\/2022\/09\/Capture-de%CC%81cran-2022-09-29-a%CC%80-14.40.08.png\" alt=\"\"><\/p>\n<\/li>\n<li>\n<p>        <img decoding=\"async\" src=\"\/wp-content\/uploads\/2022\/09\/Capture-de%CC%81cran-2022-09-29-a%CC%80-14.39.36.png\" alt=\"\"><\/p>\n<\/li>\n<\/ul>\n<p><video src=\"\/wp-content\/uploads\/2022\/05\/stsvibarrelfinal.mp4\" poster=\"\"><\/video><\/p>\n<ul>\n<li>\n<p>        <img decoding=\"async\" src=\"\/wp-content\/uploads\/2022\/05\/DSC03567.png\" alt=\"\"><\/p>\n<\/li>\n<li>\n<p>        <img decoding=\"async\" src=\"\/wp-content\/uploads\/2024\/03\/DSC08840.jpg\" alt=\"\"><\/p>\n<\/li>\n<li>\n<p>        <img decoding=\"async\" src=\"\/wp-content\/uploads\/2022\/05\/DSC07290.png\" alt=\"\"><\/p>\n<\/li>\n<li>\n<p>        <img decoding=\"async\" src=\"\/wp-content\/uploads\/2022\/05\/DSC08033.png\" alt=\"\"><\/p>\n<\/li>\n<\/ul>\n<hr>\n<h1>\n<h2 style=\"text-align: center;\">Une demande sp\u00e9cifique ? Parlons-en.<\/h2>\n<\/h1>\n<div>\n<p class=\"p1\">Nous accompagnons les entreprises dans la cr\u00e9ation de leurs \u00e9quipements de production depuis 1975. Nos sp\u00e9cialistes sauront vous conseiller au mieux afin de cr\u00e9er la machine qu\u2019il vous faut pour les ann\u00e9es \u00e0 venir.<\/p>\n<\/div>\n<p>\n    <a href=\"\/contact\/\">contactez-nous<\/a>\n<\/p>\n<p><!--more--><br \/>\n<!-- {\"type\":\"layout\",\"children\":[{\"type\":\"section\",\"props\":{\"height\":\"section\",\"height_offset_top\":true,\"image\":\"wp-content\\\/uploads\\\/2022\\\/05\\\/DSC07290.png\",\"image_position\":\"center-center\",\"image_size\":\"width-1-1\",\"media_overlay\":\"rgba(0, 0, 0, 0.4)\",\"style\":\"default\",\"title_breakpoint\":\"xl\",\"title_position\":\"top-left\",\"title_rotation\":\"left\",\"vertical_align\":\"middle\",\"width\":\"default\"},\"children\":[{\"type\":\"row\",\"children\":[{\"type\":\"column\",\"props\":{\"image_position\":\"center-center\",\"position_sticky_breakpoint\":\"m\"},\"children\":[{\"type\":\"headline\",\"props\":{\"content\":\"\n\n<p class=\\\"jeremy\\\">VIBARREL<sup>\\u00ae<\\\/sup><\\\/p>\",\"text_align\":\"center\",\"title_color\":\"warning\",\"title_element\":\"h1\"}}]}]}],\"name\":\"HEADER PAGE SECONDAIRE\"},{\"type\":\"section\",\"props\":{\"image_position\":\"center-center\",\"padding\":\"small\",\"padding_remove_top\":false,\"style\":\"default\",\"title_breakpoint\":\"xl\",\"title_position\":\"top-left\",\"title_rotation\":\"left\",\"vertical_align\":\"middle\",\"width\":\"default\"},\"children\":[{\"type\":\"row\",\"props\":{\"layout\":\"1-4,1-4,1-4,1-4|1-2,1-2,1-2,1-2\"},\"children\":[{\"type\":\"column\",\"props\":{\"image_position\":\"center-center\",\"position_sticky_breakpoint\":\"m\",\"width_medium\":\"1-4\",\"width_small\":\"1-2\"},\"children\":[{\"type\":\"button\",\"props\":{\"fullwidth\":true,\"grid_column_gap\":\"small\",\"grid_row_gap\":\"small\",\"margin\":\"default\",\"text_align\":\"center\"},\"children\":[{\"type\":\"button_item\",\"props\":{\"button_style\":\"primary\",\"content\":\"Vibarrel\\u00ae 101\",\"icon_align\":\"left\",\"link\":\"produits\\\/vibarrel-101\\\/\"}}]}]},{\"type\":\"column\",\"props\":{\"image_position\":\"center-center\",\"position_sticky_breakpoint\":\"m\",\"width_medium\":\"1-4\",\"width_small\":\"1-2\"},\"children\":[{\"type\":\"button\",\"props\":{\"fullwidth\":true,\"grid_column_gap\":\"small\",\"grid_row_gap\":\"small\",\"margin\":\"default\",\"text_align\":\"center\"},\"children\":[{\"type\":\"button_item\",\"props\":{\"button_style\":\"primary\",\"content\":\"Vibarrel\\u00ae 203\",\"icon_align\":\"left\",\"link\":\"produits\\\/vibarrel-203\\\/\"}}]}]},{\"type\":\"column\",\"props\":{\"image_position\":\"center-center\",\"position_sticky_breakpoint\":\"m\",\"width_medium\":\"1-4\",\"width_small\":\"1-2\"},\"children\":[{\"type\":\"button\",\"props\":{\"fullwidth\":true,\"grid_column_gap\":\"small\",\"grid_row_gap\":\"small\",\"margin\":\"default\",\"text_align\":\"center\"},\"children\":[{\"type\":\"button_item\",\"props\":{\"button_style\":\"primary\",\"content\":\"Vibarrel\\u00ae 303\",\"icon_align\":\"left\",\"link\":\"produits\\\/vibarrel-303\\\/\"}}]}]},{\"type\":\"column\",\"props\":{\"image_position\":\"center-center\",\"position_sticky_breakpoint\":\"m\",\"width_medium\":\"1-4\",\"width_small\":\"1-2\"},\"children\":[{\"type\":\"button\",\"props\":{\"fullwidth\":true,\"grid_column_gap\":\"small\",\"grid_row_gap\":\"small\",\"margin\":\"default\",\"text_align\":\"center\"},\"children\":[{\"type\":\"button_item\",\"props\":{\"button_style\":\"primary\",\"content\":\"Vibarrel\\u00ae 453\",\"icon_align\":\"left\",\"link\":\"produits\\\/vibarrel-453\\\/\"}}]}]}]},{\"type\":\"row\",\"children\":[{\"type\":\"column\",\"props\":{\"image_position\":\"center-center\",\"position_sticky_breakpoint\":\"m\"},\"children\":[{\"type\":\"headline\",\"props\":{\"content\":\"\n\n<p class=\\\"p1\\\">Syst\\u00e8me de traitement en vrac\\u00a0VIBARREL<sup>\\u00ae<\\\/sup><\\\/p>\",\"text_align\":\"left\",\"title_element\":\"h2\",\"title_style\":\"h2\"}}]}]},{\"type\":\"row\",\"children\":[{\"type\":\"column\",\"props\":{\"image_position\":\"center-center\",\"position_sticky_breakpoint\":\"m\",\"width_medium\":\"2-3\"},\"children\":[{\"type\":\"headline\",\"props\":{\"content\":\"Application\",\"text_align\":\"left\",\"title_element\":\"h5\",\"title_style\":\"h4\"}},{\"type\":\"text\",\"props\":{\"column_breakpoint\":\"m\",\"content\":\"\n\n<p><span>Traitement de surface pour pi\\u00e8ces en vrac dans un panier vibrant.<\\\/span><\\\/p>\",\"margin\":\"default\",\"text_align\":\"left\"}},{\"type\":\"headline\",\"props\":{\"content\":\"\n\n<h4>Avantages de la technologie VIBARREL<sup>\\u00ae<\\\/sup><\\\/h4>\\n\n\n<ul><\\\/ul>\",\"text_align\":\"left\",\"title_element\":\"h5\",\"title_style\":\"h4\"}},{\"type\":\"text\",\"props\":{\"column_breakpoint\":\"m\",\"content\":\"\n\n<ul>\\n\n\n<li>R\\u00e9partition uniforme \\u00e0 la surface de chaque pi\\u00e8ce .<\\\/li>\\n\n\n<li>Traitement m\\u00e9nageant les pi\\u00e9ces, pas de d\\u00e9g\\u00e2ts sur vos pi\\u00e8ces d\\u00e9licates.<\\\/li>\\n\n\n<li>Am\\u00e9lioration de l\\u2018\\u00e9change d\\u2018\\u00e9lectrolyte.<\\\/li>\\n\n\n<li>Consommation r\\u00e9duite de m\\u00e9taux pr\\u00e9cieux en comparaison avec une solution tonneaux.<\\\/li>\\n\n\n<li>R\\u00e9duction de l\\u2018entra\\u00eenement d\\u2018une cuve \\u00e0 l\\u2018autre.<\\\/li>\\n<\\\/ul>\",\"margin\":\"default\",\"text_align\":\"left\"}},{\"type\":\"headline\",\"props\":{\"content\":\"\n\n<h4>Comment fonctionne la vibration pendant le traitement de surface?<\\\/h4>\\n\n\n<ul><\\\/ul>\",\"text_align\":\"left\",\"title_element\":\"h5\",\"title_style\":\"h4\"}},{\"type\":\"text\",\"props\":{\"column_breakpoint\":\"m\",\"content\":\"\n\n<ul>\\n\n\n<li>L\\u2019unit\\u00e9 vibrante est compos\\u00e9e d\\u2019un panier cylindrique, lequel est fix\\u00e9 sur le haut d\\u2019un oscillateur axial et tangentiel. La fr\\u00e9quence et l\\u2019amplitude d\\u2019agitation sont r\\u00e9glables ind\\u00e9pendamment l\\u2019une de l\\u2019autre.<\\\/li>\\n\n\n<li>La vibration permet un mouvement des produits uniforme et lent autour de l\\u2019axe du panier, ainsi qu\\u2019un m\\u00e9lange et une agitation en douceur. Durant l\\u2019agitation, les produits entrent en contact avec les contacts cathodiques situ\\u00e9s sur le fond du panier et maintiennent le contact \\u00e9lectrique pendant tout le mouvement.<\\\/li>\\n\n\n<li>Les capsules perfor\\u00e9es en mati\\u00e8re plastique qui se trouvent sur le fond du panier, permettent l'\\u00e9change de l'\\u00e9lectrolyte. Ceci permet de garantir une densit\\u00e9 de courant constante et un traitement uniforme.<\\\/li>\\n\n\n<li>\\n\n\n<p class=\\\"p1\\\">Le Vibarrel peut-\\u00eatre d\\u00e9plac\\u00e9 de bain en bain, soit de mani\\u00e8re manuelle, ou semi-automatiquement par un syst\\u00e8me de pain, ou alors de mani\\u00e8re automatique par un robot.<\\\/p>\\n<\\\/li>\\n<\\\/ul>\",\"margin\":\"default\",\"text_align\":\"left\"}}]},{\"type\":\"column\",\"props\":{\"image_position\":\"center-center\",\"position_sticky_breakpoint\":\"m\",\"width_medium\":\"1-3\"},\"children\":[{\"type\":\"image\",\"props\":{\"image\":\"wp-content\\\/uploads\\\/2022\\\/05\\\/DSC08414.png\",\"image_svg_color\":\"emphasis\",\"margin\":\"default\"}},{\"type\":\"slideshow\",\"props\":{\"link_style\":\"default\",\"link_text\":\"Read more\",\"margin\":\"default\",\"meta_align\":\"below-title\",\"meta_element\":\"div\",\"meta_style\":\"text-meta\",\"nav\":\"dotnav\",\"nav_align\":\"center\",\"nav_breakpoint\":\"s\",\"nav_position\":\"bottom-center\",\"nav_position_margin\":\"medium\",\"overlay_animation\":\"parallax\",\"overlay_position\":\"center-left\",\"show_content\":true,\"show_link\":true,\"show_meta\":true,\"show_thumbnail\":true,\"show_title\":true,\"slidenav\":\"default\",\"slidenav_breakpoint\":\"s\",\"slidenav_margin\":\"medium\",\"slidenav_outside_breakpoint\":\"xl\",\"slideshow_autoplay\":true,\"slideshow_autoplay_interval\":\"6\",\"slideshow_autoplay_pause\":true,\"slideshow_min_height\":\"\",\"slideshow_ratio\":\"9:16\",\"thumbnav_height\":\"75\",\"thumbnav_svg_color\":\"emphasis\",\"thumbnav_width\":\"100\",\"title_element\":\"h3\"},\"children\":[{\"type\":\"slideshow_item\",\"props\":{\"image\":\"wp-content\\\/uploads\\\/2022\\\/09\\\/Capture-de\\u0301cran-2022-09-29-a\\u0300-14.39.58.png\"}},{\"type\":\"slideshow_item\",\"props\":{\"image\":\"wp-content\\\/uploads\\\/2022\\\/09\\\/Capture-de\\u0301cran-2022-09-29-a\\u0300-14.38.54.png\"}},{\"type\":\"slideshow_item\",\"props\":{\"image\":\"wp-content\\\/uploads\\\/2022\\\/09\\\/Capture-de\\u0301cran-2022-09-29-a\\u0300-14.39.17.png\"}},{\"type\":\"slideshow_item\",\"props\":{\"image\":\"wp-content\\\/uploads\\\/2022\\\/09\\\/Capture-de\\u0301cran-2022-09-29-a\\u0300-14.39.26.png\"}},{\"type\":\"slideshow_item\",\"props\":{\"image\":\"wp-content\\\/uploads\\\/2022\\\/09\\\/Capture-de\\u0301cran-2022-09-29-a\\u0300-14.39.47.png\"}},{\"type\":\"slideshow_item\",\"props\":{\"image\":\"wp-content\\\/uploads\\\/2022\\\/09\\\/Capture-de\\u0301cran-2022-09-29-a\\u0300-14.40.08.png\"}},{\"type\":\"slideshow_item\",\"props\":{\"image\":\"wp-content\\\/uploads\\\/2022\\\/09\\\/Capture-de\\u0301cran-2022-09-29-a\\u0300-14.39.36.png\"}}]}]}],\"props\":{\"layout\":\"2-3,1-3\"}},{\"type\":\"row\",\"children\":[{\"type\":\"column\",\"props\":{\"image_position\":\"center-center\",\"position_sticky_breakpoint\":\"m\"},\"children\":[{\"type\":\"video\",\"props\":{\"margin\":\"default\",\"text_align\":\"center\",\"video\":\"wp-content\\\/uploads\\\/2022\\\/05\\\/stsvibarrelfinal.mp4\",\"video_controls\":true}},{\"type\":\"slideshow\",\"props\":{\"link_style\":\"default\",\"link_text\":\"Read more\",\"margin\":\"default\",\"meta_align\":\"below-title\",\"meta_element\":\"div\",\"meta_style\":\"text-meta\",\"nav\":\"dotnav\",\"nav_align\":\"center\",\"nav_breakpoint\":\"s\",\"nav_position\":\"bottom-center\",\"nav_position_margin\":\"medium\",\"overlay_animation\":\"parallax\",\"overlay_position\":\"center-left\",\"show_content\":true,\"show_link\":true,\"show_meta\":true,\"show_thumbnail\":true,\"show_title\":true,\"slidenav\":\"default\",\"slidenav_breakpoint\":\"s\",\"slidenav_margin\":\"medium\",\"slidenav_outside_breakpoint\":\"xl\",\"slideshow_autoplay\":true,\"slideshow_autoplay_interval\":\"5\",\"slideshow_autoplay_pause\":true,\"slideshow_min_height\":300,\"thumbnav_height\":\"75\",\"thumbnav_svg_color\":\"emphasis\",\"thumbnav_width\":\"100\",\"title_element\":\"h3\"},\"children\":[{\"type\":\"slideshow_item\",\"props\":{\"image\":\"wp-content\\\/uploads\\\/2022\\\/05\\\/DSC03567.png\"}},{\"type\":\"slideshow_item\",\"props\":{\"image\":\"wp-content\\\/uploads\\\/2024\\\/03\\\/DSC08840.jpg\"}},{\"type\":\"slideshow_item\",\"props\":{\"image\":\"wp-content\\\/uploads\\\/2022\\\/05\\\/DSC07290.png\"}},{\"type\":\"slideshow_item\",\"props\":{\"image\":\"wp-content\\\/uploads\\\/2022\\\/05\\\/DSC08033.png\"}}]}]}]}],\"modified\":\"2022-03-02T13:55:47.959Z\",\"name\":\"texte avec puce\"},{\"type\":\"section\",\"props\":{\"image_position\":\"center-center\",\"style\":\"default\",\"title_breakpoint\":\"xl\",\"title_position\":\"top-left\",\"title_rotation\":\"left\",\"vertical_align\":\"middle\",\"width\":\"default\"},\"children\":[{\"type\":\"row\",\"children\":[{\"type\":\"column\",\"props\":{\"image_position\":\"center-center\",\"position_sticky_breakpoint\":\"m\"},\"children\":[{\"type\":\"divider\",\"props\":{\"divider_element\":\"hr\",\"divider_style\":\"icon\"}},{\"type\":\"headline\",\"props\":{\"content\":\"\n\n<h2 style=\\\"text-align: center;\\\">Une demande sp\\u00e9cifique ? Parlons-en.<\\\/h2>\",\"text_align\":\"center\",\"title_element\":\"h1\"}},{\"type\":\"text\",\"props\":{\"column_breakpoint\":\"m\",\"content\":\"\n\n<p class=\\\"p1\\\">Nous accompagnons les entreprises dans la cr\\u00e9ation de leurs \\u00e9quipements de production depuis 1975. Nos sp\\u00e9cialistes sauront vous conseiller au mieux afin de cr\\u00e9er la machine qu\\u2019il vous faut pour les ann\\u00e9es \\u00e0 venir.<\\\/p>\",\"margin\":\"default\",\"text_align\":\"center\"}},{\"type\":\"button\",\"props\":{\"grid_column_gap\":\"small\",\"grid_row_gap\":\"small\",\"margin\":\"default\",\"text_align\":\"center\"},\"children\":[{\"type\":\"button_item\",\"props\":{\"button_style\":\"default\",\"content\":\"contactez-nous\",\"icon_align\":\"left\",\"link\":\"contact\\\/\"}}]}]}]}],\"name\":\"call to action contact final\"}],\"version\":\"4.3.3\"} --><\/p>\n","protected":false},"excerpt":{"rendered":"<p>VIBARREL\u00ae Vibarrel\u00ae 101 Vibarrel\u00ae 203 Vibarrel\u00ae 303 Vibarrel\u00ae 453 Syst\u00e8me de traitement en vrac\u00a0VIBARREL\u00ae Application Traitement de surface pour pi\u00e8ces en vrac dans un panier vibrant. Avantages de la technologie VIBARREL\u00ae R\u00e9partition uniforme \u00e0 la surface de chaque pi\u00e8ce . Traitement m\u00e9nageant les pi\u00e9ces, pas de d\u00e9g\u00e2ts sur vos pi\u00e8ces d\u00e9licates. Am\u00e9lioration de l\u2018\u00e9change d\u2018\u00e9lectrolyte. [&hellip;]<\/p>\n","protected":false},"author":6,"featured_media":0,"parent":412,"menu_order":0,"comment_status":"closed","ping_status":"closed","template":"","meta":{"footnotes":""},"class_list":["post-1089","page","type-page","status-publish","hentry"],"yoast_head":"<!-- This site is optimized with the Yoast SEO plugin v27.4 - https:\/\/yoast.com\/product\/yoast-seo-wordpress\/ -->\n<title>VIBARREL\u00ae - stsindustrie.com<\/title>\n<meta name=\"robots\" content=\"index, follow, max-snippet:-1, max-image-preview:large, max-video-preview:-1\" \/>\n<link rel=\"canonical\" href=\"https:\/\/stsindustrie.com\/de\/produits\/vibarrel\/\" \/>\n<meta property=\"og:locale\" content=\"de_DE\" \/>\n<meta property=\"og:type\" content=\"article\" \/>\n<meta property=\"og:title\" content=\"VIBARREL\u00ae - stsindustrie.com\" \/>\n<meta property=\"og:description\" content=\"VIBARREL\u00ae Vibarrel\u00ae 101 Vibarrel\u00ae 203 Vibarrel\u00ae 303 Vibarrel\u00ae 453 Syst\u00e8me de traitement en vrac\u00a0VIBARREL\u00ae Application Traitement de surface pour pi\u00e8ces en vrac dans un panier vibrant. Avantages de la technologie VIBARREL\u00ae R\u00e9partition uniforme \u00e0 la surface de chaque pi\u00e8ce . Traitement m\u00e9nageant les pi\u00e9ces, pas de d\u00e9g\u00e2ts sur vos pi\u00e8ces d\u00e9licates. Am\u00e9lioration de l\u2018\u00e9change d\u2018\u00e9lectrolyte. [&hellip;]\" \/>\n<meta property=\"og:url\" content=\"https:\/\/stsindustrie.com\/de\/produits\/vibarrel\/\" \/>\n<meta property=\"og:site_name\" content=\"stsindustrie.com\" \/>\n<meta property=\"article:modified_time\" content=\"2024-04-05T14:18:51+00:00\" \/>\n<meta name=\"twitter:card\" content=\"summary_large_image\" \/>\n<script type=\"application\/ld+json\" class=\"yoast-schema-graph\">{\"@context\":\"https:\\\/\\\/schema.org\",\"@graph\":[{\"@type\":\"WebPage\",\"@id\":\"https:\\\/\\\/stsindustrie.com\\\/produits\\\/vibarrel\\\/\",\"url\":\"https:\\\/\\\/stsindustrie.com\\\/produits\\\/vibarrel\\\/\",\"name\":\"VIBARREL\u00ae - stsindustrie.com\",\"isPartOf\":{\"@id\":\"https:\\\/\\\/stsindustrie.com\\\/#website\"},\"datePublished\":\"2022-09-29T12:03:21+00:00\",\"dateModified\":\"2024-04-05T14:18:51+00:00\",\"breadcrumb\":{\"@id\":\"https:\\\/\\\/stsindustrie.com\\\/produits\\\/vibarrel\\\/#breadcrumb\"},\"inLanguage\":\"de\",\"potentialAction\":[{\"@type\":\"ReadAction\",\"target\":[\"https:\\\/\\\/stsindustrie.com\\\/produits\\\/vibarrel\\\/\"]}]},{\"@type\":\"BreadcrumbList\",\"@id\":\"https:\\\/\\\/stsindustrie.com\\\/produits\\\/vibarrel\\\/#breadcrumb\",\"itemListElement\":[{\"@type\":\"ListItem\",\"position\":1,\"name\":\"Accueil\",\"item\":\"https:\\\/\\\/stsindustrie.com\\\/\"},{\"@type\":\"ListItem\",\"position\":2,\"name\":\"Produits\",\"item\":\"https:\\\/\\\/stsindustrie.com\\\/produits\\\/\"},{\"@type\":\"ListItem\",\"position\":3,\"name\":\"VIBARREL\u00ae\"}]},{\"@type\":\"WebSite\",\"@id\":\"https:\\\/\\\/stsindustrie.com\\\/#website\",\"url\":\"https:\\\/\\\/stsindustrie.com\\\/\",\"name\":\"stsindustrie.com\",\"description\":\"\",\"publisher\":{\"@id\":\"https:\\\/\\\/stsindustrie.com\\\/#organization\"},\"potentialAction\":[{\"@type\":\"SearchAction\",\"target\":{\"@type\":\"EntryPoint\",\"urlTemplate\":\"https:\\\/\\\/stsindustrie.com\\\/?s={search_term_string}\"},\"query-input\":{\"@type\":\"PropertyValueSpecification\",\"valueRequired\":true,\"valueName\":\"search_term_string\"}}],\"inLanguage\":\"de\"},{\"@type\":\"Organization\",\"@id\":\"https:\\\/\\\/stsindustrie.com\\\/#organization\",\"name\":\"STS Industrie SA\",\"url\":\"https:\\\/\\\/stsindustrie.com\\\/\",\"logo\":{\"@type\":\"ImageObject\",\"inLanguage\":\"de\",\"@id\":\"https:\\\/\\\/stsindustrie.com\\\/#\\\/schema\\\/logo\\\/image\\\/\",\"url\":\"https:\\\/\\\/stsindustrie.com\\\/wp-content\\\/uploads\\\/2022\\\/02\\\/logoflavicon.png\",\"contentUrl\":\"https:\\\/\\\/stsindustrie.com\\\/wp-content\\\/uploads\\\/2022\\\/02\\\/logoflavicon.png\",\"width\":150,\"height\":150,\"caption\":\"STS Industrie SA\"},\"image\":{\"@id\":\"https:\\\/\\\/stsindustrie.com\\\/#\\\/schema\\\/logo\\\/image\\\/\"},\"sameAs\":[\"https:\\\/\\\/www.linkedin.com\\\/company\\\/sts-industrie-sa\\\/\"]}]}<\/script>\n<!-- \/ Yoast SEO plugin. -->","yoast_head_json":{"title":"VIBARREL\u00ae - stsindustrie.com","robots":{"index":"index","follow":"follow","max-snippet":"max-snippet:-1","max-image-preview":"max-image-preview:large","max-video-preview":"max-video-preview:-1"},"canonical":"https:\/\/stsindustrie.com\/de\/produits\/vibarrel\/","og_locale":"de_DE","og_type":"article","og_title":"VIBARREL\u00ae - stsindustrie.com","og_description":"VIBARREL\u00ae Vibarrel\u00ae 101 Vibarrel\u00ae 203 Vibarrel\u00ae 303 Vibarrel\u00ae 453 Syst\u00e8me de traitement en vrac\u00a0VIBARREL\u00ae Application Traitement de surface pour pi\u00e8ces en vrac dans un panier vibrant. Avantages de la technologie VIBARREL\u00ae R\u00e9partition uniforme \u00e0 la surface de chaque pi\u00e8ce . Traitement m\u00e9nageant les pi\u00e9ces, pas de d\u00e9g\u00e2ts sur vos pi\u00e8ces d\u00e9licates. Am\u00e9lioration de l\u2018\u00e9change d\u2018\u00e9lectrolyte. [&hellip;]","og_url":"https:\/\/stsindustrie.com\/de\/produits\/vibarrel\/","og_site_name":"stsindustrie.com","article_modified_time":"2024-04-05T14:18:51+00:00","twitter_card":"summary_large_image","schema":{"@context":"https:\/\/schema.org","@graph":[{"@type":"WebPage","@id":"https:\/\/stsindustrie.com\/produits\/vibarrel\/","url":"https:\/\/stsindustrie.com\/produits\/vibarrel\/","name":"VIBARREL\u00ae - stsindustrie.com","isPartOf":{"@id":"https:\/\/stsindustrie.com\/#website"},"datePublished":"2022-09-29T12:03:21+00:00","dateModified":"2024-04-05T14:18:51+00:00","breadcrumb":{"@id":"https:\/\/stsindustrie.com\/produits\/vibarrel\/#breadcrumb"},"inLanguage":"de","potentialAction":[{"@type":"ReadAction","target":["https:\/\/stsindustrie.com\/produits\/vibarrel\/"]}]},{"@type":"BreadcrumbList","@id":"https:\/\/stsindustrie.com\/produits\/vibarrel\/#breadcrumb","itemListElement":[{"@type":"ListItem","position":1,"name":"Accueil","item":"https:\/\/stsindustrie.com\/"},{"@type":"ListItem","position":2,"name":"Produits","item":"https:\/\/stsindustrie.com\/produits\/"},{"@type":"ListItem","position":3,"name":"VIBARREL\u00ae"}]},{"@type":"WebSite","@id":"https:\/\/stsindustrie.com\/#website","url":"https:\/\/stsindustrie.com\/","name":"stsindustrie.com","description":"","publisher":{"@id":"https:\/\/stsindustrie.com\/#organization"},"potentialAction":[{"@type":"SearchAction","target":{"@type":"EntryPoint","urlTemplate":"https:\/\/stsindustrie.com\/?s={search_term_string}"},"query-input":{"@type":"PropertyValueSpecification","valueRequired":true,"valueName":"search_term_string"}}],"inLanguage":"de"},{"@type":"Organization","@id":"https:\/\/stsindustrie.com\/#organization","name":"STS Industrie AG","url":"https:\/\/stsindustrie.com\/","logo":{"@type":"ImageObject","inLanguage":"de","@id":"https:\/\/stsindustrie.com\/#\/schema\/logo\/image\/","url":"https:\/\/stsindustrie.com\/wp-content\/uploads\/2022\/02\/logoflavicon.png","contentUrl":"https:\/\/stsindustrie.com\/wp-content\/uploads\/2022\/02\/logoflavicon.png","width":150,"height":150,"caption":"STS Industrie SA"},"image":{"@id":"https:\/\/stsindustrie.com\/#\/schema\/logo\/image\/"},"sameAs":["https:\/\/www.linkedin.com\/company\/sts-industrie-sa\/"]}]}},"_links":{"self":[{"href":"https:\/\/stsindustrie.com\/de\/wp-json\/wp\/v2\/pages\/1089","targetHints":{"allow":["GET"]}}],"collection":[{"href":"https:\/\/stsindustrie.com\/de\/wp-json\/wp\/v2\/pages"}],"about":[{"href":"https:\/\/stsindustrie.com\/de\/wp-json\/wp\/v2\/types\/page"}],"author":[{"embeddable":true,"href":"https:\/\/stsindustrie.com\/de\/wp-json\/wp\/v2\/users\/6"}],"replies":[{"embeddable":true,"href":"https:\/\/stsindustrie.com\/de\/wp-json\/wp\/v2\/comments?post=1089"}],"version-history":[{"count":23,"href":"https:\/\/stsindustrie.com\/de\/wp-json\/wp\/v2\/pages\/1089\/revisions"}],"predecessor-version":[{"id":2137,"href":"https:\/\/stsindustrie.com\/de\/wp-json\/wp\/v2\/pages\/1089\/revisions\/2137"}],"up":[{"embeddable":true,"href":"https:\/\/stsindustrie.com\/de\/wp-json\/wp\/v2\/pages\/412"}],"wp:attachment":[{"href":"https:\/\/stsindustrie.com\/de\/wp-json\/wp\/v2\/media?parent=1089"}],"curies":[{"name":"wp","href":"https:\/\/api.w.org\/{rel}","templated":true}]}}